{"id":12577,"date":"2025-06-14T04:37:58","date_gmt":"2025-06-14T04:37:58","guid":{"rendered":"https:\/\/www.ywccpackage.com\/?post_type=product&#038;p=12577"},"modified":"2025-08-20T08:45:46","modified_gmt":"2025-08-20T08:45:46","slug":"reusables-colorful-durable-zipper-pouches-secure-seal-factory-direct-sale-plastic-bags-for-hair-bundles","status":"publish","type":"product","link":"https:\/\/www.ywccpackage.com\/es\/producto\/reusables-colorful-durable-zipper-pouches-secure-seal-factory-direct-sale-plastic-bags-for-hair-bundles\/","title":{"rendered":"Reutilizables Bolsas con Cremallera de Colores y Duraderas Cierre Seguro Venta Directa de F\u00e1brica Bolsas de Pl\u00e1stico para Mechones de Pelo"},"content":{"rendered":"<h2>Puntos clave de venta de las bolsas de pl\u00e1stico para mechones de pelo<\/h2>\n<p><a href=\"https:\/\/www.ywccpackage.com\/es\/producto\/reusables-colorful-durable-zipper-pouches-secure-seal-factory-direct-sale-plastic-bags-for-hair-bundles\/\"><strong>Bolsas de pl\u00e1stico para mechones<\/strong><\/a>, bolsa de almacenamiento deslizante<br \/>\nPrecios directos de f\u00e1brica: Valor imbatible, coste-rendimiento elevado.<\/p>\n<p>Stock disponible: Amplio inventario en tama\u00f1os\/colores populares para un env\u00edo r\u00e1pido.<br \/>\nPersonalizaci\u00f3n total: Adapte el tama\u00f1o, el color, el grosor y la impresi\u00f3n (logotipo\/artwork) a su marca. MOQs bajos.<\/p>\n<p>Durabilidad excepcional: Alta resistencia, resistente al desgarro y duradera.<\/p>\n<p>Protecci\u00f3n superior: Sellado herm\u00e9tico a prueba de humedad, polvo y olores.<\/p>\n<p>Materiales de primera calidad: PE\/PP de la mejor calidad, apto para alimentos (especificar), respetuoso con el medio ambiente y conforme a RoHS.<\/p>\n<p>F\u00e1cil de usar: f\u00e1cil de transportar, buena flexibilidad, reutilizable y recerrable.<\/p>\n<p>Rendimiento funcional: Gran capacidad de carga<\/p>\n<h2>Detalles de las bolsas de pl\u00e1stico para mechones de pelo<\/h2>\n<p>bolsa de almacenamiento con cremallera, almacenamiento deslizante <a href=\"https:\/\/www.ywccpackage.com\/es\/category\/zipper-bag\/\"><strong>bolsa con cremallera<\/strong><\/a><br \/>\nTextura mate de primera calidad<br \/>\nThe surface has a fine matte finish, with a smooth touch, preventing fingerprint residue and enhancing the product&#8217;s grade.<br \/>\nRicas opciones de color<br \/>\nWe offer a variety of colors including black, pink, blue, green, purple, red and yellow (custom Pantone colors are supported) to enhance the brand&#8217;s visual identity.<br \/>\nSensaci\u00f3n de niebla semitransparente<br \/>\nEl material mate revela tenuemente el contenido, combinando la exposici\u00f3n del producto con una sensaci\u00f3n de misterio, lo que lo hace adecuado para el envasado de ropa, art\u00edculos de alta gama como productos de belleza y regalos.<\/p>\n<p><img loading=\"lazy\" decoding=\"async\" class=\"size-full wp-image-12589 aligncenter\" data-src=\"https:\/\/www.ywccpackage.com\/wp-content\/uploads\/2025\/06\/zipper-bag2.webp\" alt=\"bolsa con cremallera Colored\" width=\"800\" height=\"800\" srcset=\"https:\/\/www.ywccpackage.com\/wp-content\/uploads\/2025\/06\/zipper-bag2.webp 800w, https:\/\/www.ywccpackage.com\/wp-content\/uploads\/2025\/06\/zipper-bag2-480x480.webp 480w\" sizes=\"(min-width: 0px) and (max-width: 480px) 480px, (min-width: 481px) 800px, 100vw\" \/><\/p>\n<p><img loading=\"lazy\" decoding=\"async\" class=\"size-full wp-image-12590 aligncenter\" data-src=\"https:\/\/www.ywccpackage.com\/wp-content\/uploads\/2025\/06\/zipper-bag.webp\" alt=\"bolsa con cremallera Colored\" width=\"800\" height=\"800\" srcset=\"https:\/\/www.ywccpackage.com\/wp-content\/uploads\/2025\/06\/zipper-bag.webp 800w, https:\/\/www.ywccpackage.com\/wp-content\/uploads\/2025\/06\/zipper-bag-480x480.webp 480w\" sizes=\"(min-width: 0px) and (max-width: 480px) 480px, (min-width: 481px) 800px, 100vw\" \/><\/p>\n<h2>Opciones y existencias disponibles:<\/h2>\n<p><strong>Acabados del material:<\/strong> Esmerilado, Transparente, Esmerilado por una cara\/Transparente por una cara, Negro semitransparente.<\/p>\n<p><strong>Colores:<\/strong> Negro, rosa, azul, verde, morado, rojo, amarillo (y m\u00e1s bajo pedido).<\/p>\n<p><strong>Stock listo:<\/strong> Inventario suficiente sin imprimir en varios colores y tama\u00f1os populares para necesidades inmediatas.<\/p>\n<p><strong>Colores y acabados personalizados:<\/strong> Creamos exactamente lo que su marca necesita.<\/p>\n<h2>Im\u00e1genes\/v\u00eddeos de la f\u00e1brica: Muestra modernas l\u00edneas de producci\u00f3n, instalaciones limpias<\/h2>\n<p><img loading=\"lazy\" decoding=\"async\" class=\"aligncenter wp-image-12580\" data-src=\"https:\/\/www.ywccpackage.com\/wp-content\/uploads\/2025\/06\/Factory-1.webp\" alt=\"F\u00e1brica \" width=\"750\" height=\"656\" \/><img loading=\"lazy\" decoding=\"async\" class=\"size-full wp-image-12579 aligncenter\" data-src=\"https:\/\/www.ywccpackage.com\/wp-content\/uploads\/2025\/06\/factory.webp\" alt=\"F\u00e1brica \" width=\"750\" height=\"2000\" srcset=\"https:\/\/www.ywccpackage.com\/wp-content\/uploads\/2025\/06\/factory.webp 750w, https:\/\/www.ywccpackage.com\/wp-content\/uploads\/2025\/06\/factory-480x1280.webp 480w\" sizes=\"(min-width: 0px) and (max-width: 480px) 480px, (min-width: 481px) 750px, 100vw\" \/><img loading=\"lazy\" decoding=\"async\" class=\"aligncenter wp-image-12578\" data-src=\"https:\/\/www.ywccpackage.com\/wp-content\/uploads\/2025\/06\/Factory-2.webp\" alt=\"F\u00e1brica \" width=\"750\" height=\"750\" \/><\/p>\n<h2>Certificaciones: Mostrar logotipos\/certificados<\/h2>\n<p><img loading=\"lazy\" decoding=\"async\" class=\"aligncenter wp-image-12581\" data-src=\"https:\/\/www.ywccpackage.com\/wp-content\/uploads\/2025\/06\/Certificate.webp\" alt=\"Certificado\" width=\"750\" height=\"1113\" srcset=\"https:\/\/www.ywccpackage.com\/wp-content\/uploads\/2025\/06\/Certificate.webp 750w, https:\/\/www.ywccpackage.com\/wp-content\/uploads\/2025\/06\/Certificate-480x713.webp 480w\" sizes=\"(min-width: 0px) and (max-width: 480px) 480px, (min-width: 481px) 750px, 100vw\" \/><\/p>\n<h2>Qui\u00e9nes somos<\/h2>\n<p>Cree envases de marca que destaquen Suministramos envases\u00a0<a href=\"http:\/\/www.ywccpackage.com\/es\/\"><strong>bolsas de pl\u00e1stico personalizadas con logotipo<\/strong><\/a>\u00a0- incluidos los duraderos\u00a0<strong>bolsa con cremallera<\/strong> opciones. Elige vers\u00e1til <strong>bolsa transparente con cremallera<\/strong>,\u00a0<strong>bolsa de pl\u00e1stico con cremallera<\/strong>y\u00a0<strong>bolsa con cremallera de pvc<\/strong> soluciones. Nuestra <strong>Bolsas de pl\u00e1stico para mechones<\/strong>\u00a0exhiben el contenido a la vez que protegen los productos. Ideal para tiendas, regalos y promociones. Impermeables, reutilizables y listas para la venta. Aumente la visibilidad de su marca con bolsas profesionales con cremallera impresas a medida. <a href=\"https:\/\/www.ywccpackage.com\/es\/contact-us\/\"><strong>Pida muestras hoy mismo<\/strong><\/a>!<\/p>","protected":false},"excerpt":{"rendered":"<p>Estas bolsas de almacenamiento con cremallera\/deslizante presentan una textura mate de primera calidad con un tacto suave, resistente a las huellas dactilares. Se ofrecen en varios colores (Pantone personalizado disponible), tienen un dise\u00f1o brumoso semitransparente, ideal para ropa, productos de belleza y regalos.<\/p>\n<p>M\u00e1s informaci\u00f3n en <a href=\"https:\/\/www.ywccpackage.com\/es\/category\/zipper-bag\/\"><strong>Bolsa con cremallera<\/strong><\/a> \u00a1Cat\u00e1logo!<\/p>","protected":false},"featured_media":12582,"template":"","meta":{"_et_pb_use_builder":"","_et_pb_old_content":"","_et_gb_content_width":""},"product_cat":[193],"product_tag":[194,195],"yoast_head":"<!-- This site is optimized with the Yoast SEO plugin v22.7 - https:\/\/yoast.com\/wordpress\/plugins\/seo\/ -->\n<title>Plastic Bags for Hair Bundles - Durable, Customizable &amp; Affordable<\/title>\n<meta name=\"description\" content=\"Hair bundle plastic bags with factory pricing, premium matte texture. Airtight, tear-resistant, reusable. Custom sizes\/colors. Ideal for hair packaging. Ready stock available.\" \/>\n<meta name=\"robots\" content=\"index, follow, max-snippet:-1, max-image-preview:large, max-video-preview:-1\" \/>\n<link rel=\"canonical\" href=\"https:\/\/www.ywccpackage.com\/es\/producto\/reusables-colorful-durable-zipper-pouches-secure-seal-factory-direct-sale-plastic-bags-for-hair-bundles\/\" \/>\n<meta property=\"og:locale\" content=\"es_ES\" \/>\n<meta property=\"og:type\" content=\"article\" \/>\n<meta property=\"og:title\" content=\"Plastic Bags for Hair Bundles - Durable, Customizable &amp; Affordable\" \/>\n<meta property=\"og:description\" content=\"Hair bundle plastic bags with factory pricing, premium matte texture. Airtight, tear-resistant, reusable. Custom sizes\/colors. Ideal for hair packaging. Ready stock available.\" \/>\n<meta property=\"og:url\" content=\"https:\/\/www.ywccpackage.com\/es\/producto\/reusables-colorful-durable-zipper-pouches-secure-seal-factory-direct-sale-plastic-bags-for-hair-bundles\/\" \/>\n<meta property=\"og:site_name\" content=\"YWCC Package\" \/>\n<meta property=\"article:modified_time\" content=\"2025-08-20T08:45:46+00:00\" \/>\n<meta property=\"og:image\" content=\"https:\/\/www.ywccpackage.com\/wp-content\/uploads\/2025\/06\/colors-zipper-bag2-scaled.webp\" \/>\n\t<meta property=\"og:image:width\" content=\"2560\" \/>\n\t<meta property=\"og:image:height\" content=\"2560\" \/>\n\t<meta property=\"og:image:type\" content=\"image\/webp\" \/>\n<meta name=\"twitter:card\" content=\"summary_large_image\" \/>\n<meta name=\"twitter:label1\" content=\"Tiempo de lectura\" \/>\n\t<meta name=\"twitter:data1\" content=\"3 minutos\" \/>\n<script type=\"application\/ld+json\" class=\"yoast-schema-graph\">{\"@context\":\"https:\/\/schema.org\",\"@graph\":[{\"@type\":\"WebPage\",\"@id\":\"https:\/\/www.ywccpackage.com\/product\/reusables-colorful-durable-zipper-pouches-secure-seal-factory-direct-sale-plastic-bags-for-hair-bundles\/\",\"url\":\"https:\/\/www.ywccpackage.com\/product\/reusables-colorful-durable-zipper-pouches-secure-seal-factory-direct-sale-plastic-bags-for-hair-bundles\/\",\"name\":\"Plastic Bags for Hair Bundles - Durable, Customizable & Affordable\",\"isPartOf\":{\"@id\":\"https:\/\/www.ywccpackage.com\/#website\"},\"primaryImageOfPage\":{\"@id\":\"https:\/\/www.ywccpackage.com\/product\/reusables-colorful-durable-zipper-pouches-secure-seal-factory-direct-sale-plastic-bags-for-hair-bundles\/#primaryimage\"},\"image\":{\"@id\":\"https:\/\/www.ywccpackage.com\/product\/reusables-colorful-durable-zipper-pouches-secure-seal-factory-direct-sale-plastic-bags-for-hair-bundles\/#primaryimage\"},\"thumbnailUrl\":\"https:\/\/www.ywccpackage.com\/wp-content\/uploads\/2025\/06\/colors-zipper-bag2-scaled.webp\",\"datePublished\":\"2025-06-14T04:37:58+00:00\",\"dateModified\":\"2025-08-20T08:45:46+00:00\",\"description\":\"Hair bundle plastic bags with factory pricing, premium matte texture. Airtight, tear-resistant, reusable. Custom sizes\/colors. Ideal for hair packaging. Ready stock available.\",\"breadcrumb\":{\"@id\":\"https:\/\/www.ywccpackage.com\/product\/reusables-colorful-durable-zipper-pouches-secure-seal-factory-direct-sale-plastic-bags-for-hair-bundles\/#breadcrumb\"},\"inLanguage\":\"es\",\"potentialAction\":[{\"@type\":\"ReadAction\",\"target\":[\"https:\/\/www.ywccpackage.com\/product\/reusables-colorful-durable-zipper-pouches-secure-seal-factory-direct-sale-plastic-bags-for-hair-bundles\/\"]}]},{\"@type\":\"ImageObject\",\"inLanguage\":\"es\",\"@id\":\"https:\/\/www.ywccpackage.com\/product\/reusables-colorful-durable-zipper-pouches-secure-seal-factory-direct-sale-plastic-bags-for-hair-bundles\/#primaryimage\",\"url\":\"https:\/\/www.ywccpackage.com\/wp-content\/uploads\/2025\/06\/colors-zipper-bag2-scaled.webp\",\"contentUrl\":\"https:\/\/www.ywccpackage.com\/wp-content\/uploads\/2025\/06\/colors-zipper-bag2-scaled.webp\",\"width\":2560,\"height\":2560,\"caption\":\"colors zipper bag\"},{\"@type\":\"BreadcrumbList\",\"@id\":\"https:\/\/www.ywccpackage.com\/product\/reusables-colorful-durable-zipper-pouches-secure-seal-factory-direct-sale-plastic-bags-for-hair-bundles\/#breadcrumb\",\"itemListElement\":[{\"@type\":\"ListItem\",\"position\":1,\"name\":\"Home\",\"item\":\"https:\/\/www.ywccpackage.com\/\"},{\"@type\":\"ListItem\",\"position\":2,\"name\":\"Products\",\"item\":\"https:\/\/www.ywccpackage.com\/shop\/\"},{\"@type\":\"ListItem\",\"position\":3,\"name\":\"Reusables Colorful &#038; Durable Zipper Pouches Secure Seal Factory Direct Sale Plastic Bags for Hair Bundles\"}]},{\"@type\":\"WebSite\",\"@id\":\"https:\/\/www.ywccpackage.com\/#website\",\"url\":\"https:\/\/www.ywccpackage.com\/\",\"name\":\"YWCC Package\",\"description\":\"YWCC Package\",\"potentialAction\":[{\"@type\":\"SearchAction\",\"target\":{\"@type\":\"EntryPoint\",\"urlTemplate\":\"https:\/\/www.ywccpackage.com\/?s={search_term_string}\"},\"query-input\":\"required name=search_term_string\"}],\"inLanguage\":\"es\"}]}<\/script>\n<!-- \/ Yoast SEO plugin. -->","yoast_head_json":{"title":"Plastic Bags for Hair Bundles - Durable, Customizable & Affordable","description":"Hair bundle plastic bags with factory pricing, premium matte texture. Airtight, tear-resistant, reusable. Custom sizes\/colors. Ideal for hair packaging. Ready stock available.","robots":{"index":"index","follow":"follow","max-snippet":"max-snippet:-1","max-image-preview":"max-image-preview:large","max-video-preview":"max-video-preview:-1"},"canonical":"https:\/\/www.ywccpackage.com\/es\/producto\/reusables-colorful-durable-zipper-pouches-secure-seal-factory-direct-sale-plastic-bags-for-hair-bundles\/","og_locale":"es_ES","og_type":"article","og_title":"Plastic Bags for Hair Bundles - Durable, Customizable & Affordable","og_description":"Hair bundle plastic bags with factory pricing, premium matte texture. Airtight, tear-resistant, reusable. Custom sizes\/colors. Ideal for hair packaging. Ready stock available.","og_url":"https:\/\/www.ywccpackage.com\/es\/producto\/reusables-colorful-durable-zipper-pouches-secure-seal-factory-direct-sale-plastic-bags-for-hair-bundles\/","og_site_name":"YWCC Package","article_modified_time":"2025-08-20T08:45:46+00:00","og_image":[{"width":2560,"height":2560,"url":"https:\/\/www.ywccpackage.com\/wp-content\/uploads\/2025\/06\/colors-zipper-bag2-scaled.webp","type":"image\/webp"}],"twitter_card":"summary_large_image","twitter_misc":{"Tiempo de lectura":"3 minutos"},"schema":{"@context":"https:\/\/schema.org","@graph":[{"@type":"WebPage","@id":"https:\/\/www.ywccpackage.com\/product\/reusables-colorful-durable-zipper-pouches-secure-seal-factory-direct-sale-plastic-bags-for-hair-bundles\/","url":"https:\/\/www.ywccpackage.com\/product\/reusables-colorful-durable-zipper-pouches-secure-seal-factory-direct-sale-plastic-bags-for-hair-bundles\/","name":"Plastic Bags for Hair Bundles - Durable, Customizable & Affordable","isPartOf":{"@id":"https:\/\/www.ywccpackage.com\/#website"},"primaryImageOfPage":{"@id":"https:\/\/www.ywccpackage.com\/product\/reusables-colorful-durable-zipper-pouches-secure-seal-factory-direct-sale-plastic-bags-for-hair-bundles\/#primaryimage"},"image":{"@id":"https:\/\/www.ywccpackage.com\/product\/reusables-colorful-durable-zipper-pouches-secure-seal-factory-direct-sale-plastic-bags-for-hair-bundles\/#primaryimage"},"thumbnailUrl":"https:\/\/www.ywccpackage.com\/wp-content\/uploads\/2025\/06\/colors-zipper-bag2-scaled.webp","datePublished":"2025-06-14T04:37:58+00:00","dateModified":"2025-08-20T08:45:46+00:00","description":"Hair bundle plastic bags with factory pricing, premium matte texture. Airtight, tear-resistant, reusable. Custom sizes\/colors. Ideal for hair packaging. Ready stock available.","breadcrumb":{"@id":"https:\/\/www.ywccpackage.com\/product\/reusables-colorful-durable-zipper-pouches-secure-seal-factory-direct-sale-plastic-bags-for-hair-bundles\/#breadcrumb"},"inLanguage":"es","potentialAction":[{"@type":"ReadAction","target":["https:\/\/www.ywccpackage.com\/product\/reusables-colorful-durable-zipper-pouches-secure-seal-factory-direct-sale-plastic-bags-for-hair-bundles\/"]}]},{"@type":"ImageObject","inLanguage":"es","@id":"https:\/\/www.ywccpackage.com\/product\/reusables-colorful-durable-zipper-pouches-secure-seal-factory-direct-sale-plastic-bags-for-hair-bundles\/#primaryimage","url":"https:\/\/www.ywccpackage.com\/wp-content\/uploads\/2025\/06\/colors-zipper-bag2-scaled.webp","contentUrl":"https:\/\/www.ywccpackage.com\/wp-content\/uploads\/2025\/06\/colors-zipper-bag2-scaled.webp","width":2560,"height":2560,"caption":"colors zipper bag"},{"@type":"BreadcrumbList","@id":"https:\/\/www.ywccpackage.com\/product\/reusables-colorful-durable-zipper-pouches-secure-seal-factory-direct-sale-plastic-bags-for-hair-bundles\/#breadcrumb","itemListElement":[{"@type":"ListItem","position":1,"name":"Home","item":"https:\/\/www.ywccpackage.com\/"},{"@type":"ListItem","position":2,"name":"Products","item":"https:\/\/www.ywccpackage.com\/shop\/"},{"@type":"ListItem","position":3,"name":"Reusables Colorful &#038; Durable Zipper Pouches Secure Seal Factory Direct Sale Plastic Bags for Hair Bundles"}]},{"@type":"WebSite","@id":"https:\/\/www.ywccpackage.com\/#website","url":"https:\/\/www.ywccpackage.com\/","name":"YWCC Package","description":"YWCC Package","potentialAction":[{"@type":"SearchAction","target":{"@type":"EntryPoint","urlTemplate":"https:\/\/www.ywccpackage.com\/?s={search_term_string}"},"query-input":"required name=search_term_string"}],"inLanguage":"es"}]}},"_links":{"self":[{"href":"https:\/\/www.ywccpackage.com\/es\/wp-json\/wp\/v2\/product\/12577"}],"collection":[{"href":"https:\/\/www.ywccpackage.com\/es\/wp-json\/wp\/v2\/product"}],"about":[{"href":"https:\/\/www.ywccpackage.com\/es\/wp-json\/wp\/v2\/types\/product"}],"wp:featuredmedia":[{"embeddable":true,"href":"https:\/\/www.ywccpackage.com\/es\/wp-json\/wp\/v2\/media\/12582"}],"wp:attachment":[{"href":"https:\/\/www.ywccpackage.com\/es\/wp-json\/wp\/v2\/media?parent=12577"}],"wp:term":[{"taxonomy":"product_cat","embeddable":true,"href":"https:\/\/www.ywccpackage.com\/es\/wp-json\/wp\/v2\/product_cat?post=12577"},{"taxonomy":"product_tag","embeddable":true,"href":"https:\/\/www.ywccpackage.com\/es\/wp-json\/wp\/v2\/product_tag?post=12577"}],"curies":[{"name":"wp","href":"https:\/\/api.w.org\/{rel}","templated":true}]}}