{"id":12608,"date":"2025-06-24T08:19:48","date_gmt":"2025-06-24T08:19:48","guid":{"rendered":"https:\/\/www.ywccpackage.com\/?post_type=product&#038;p=12608"},"modified":"2025-08-20T08:43:06","modified_gmt":"2025-08-20T08:43:06","slug":"source-transparent-packaging-bags-factory-logo-printing-available-customized-waterproof-and-moisture-proof-sealed-bags","status":"publish","type":"product","link":"https:\/\/www.ywccpackage.com\/es\/producto\/source-transparent-packaging-bags-factory-logo-printing-available-customized-waterproof-and-moisture-proof-sealed-bags\/","title":{"rendered":"Source Transparent Packaging Bags Factory | Impresi\u00f3n de logotipos disponible - Bolsas selladas a prueba de agua y humedad personalizadas"},"content":{"rendered":"<table class=\"tg\" style=\"border-collapse: collapse; border-spacing: 0;\">\n<thead>\n<tr>\n<th style=\"font-family: Arial, sans-serif; font-size: 14px; font-weight: bold; overflow: hidden; padding: 10px 5px; text-align: left; vertical-align: top; word-break: normal; border: 1px solid black;\">Color<\/th>\n<th style=\"font-family: Arial, sans-serif; font-size: 14px; font-weight: normal; overflow: hidden; padding: 10px 5px; text-align: left; vertical-align: middle; word-break: normal; border: 1px solid black;\">Negro<\/th>\n<th style=\"font-family: Arial, sans-serif; font-size: 14px; font-weight: normal; overflow: hidden; padding: 10px 5px; text-align: left; vertical-align: middle; word-break: normal; border: 1px solid black;\">Naranja<\/th>\n<th style=\"font-family: Arial, sans-serif; font-size: 14px; font-weight: normal; overflow: hidden; padding: 10px 5px; text-align: left; vertical-align: middle; word-break: normal; border: 1px solid black;\">Rosa<\/th>\n<th style=\"font-family: Arial, sans-serif; font-size: 14px; font-weight: normal; overflow: hidden; padding: 10px 5px; text-align: left; vertical-align: middle; word-break: normal; border: 1px solid black;\">Blanco<\/th>\n<th style=\"font-family: Arial, sans-serif; font-size: 14px; font-weight: normal; overflow: hidden; padding: 10px 5px; text-align: left; vertical-align: middle; word-break: normal; border: 1px solid black;\">Ventana transparente<\/th>\n<\/tr>\n<\/thead>\n<tbody>\n<tr>\n<td style=\"font-family: Arial, sans-serif; font-size: 14px; font-weight: bold; overflow: hidden; padding: 10px 5px; text-align: left; vertical-align: top; word-break: normal; border: 1px solid black;\">Material<\/td>\n<td style=\"font-family: Arial, sans-serif; font-size: 14px; overflow: hidden; padding: 10px 5px; text-align: left; vertical-align: middle; word-break: normal; border: 1px solid black;\">Negro transl\u00facido<\/td>\n<td style=\"font-family: Arial, sans-serif; font-size: 14px; overflow: hidden; padding: 10px 5px; text-align: left; vertical-align: middle; word-break: normal; border: 1px solid black;\">Claro<\/td>\n<td style=\"font-family: Arial, sans-serif; font-size: 14px; overflow: hidden; padding: 10px 5px; text-align: left; vertical-align: middle; word-break: normal; border: 1px solid black;\">Escarchado<\/td>\n<td style=\"font-family: Arial, sans-serif; font-size: 14px; overflow: hidden; padding: 10px 5px; text-align: left; vertical-align: middle; word-break: normal; border: 1px solid black;\">Mitad transparente y mitad esmerilado<\/td>\n<td style=\"font-family: Arial, sans-serif; font-size: 14px; overflow: hidden; padding: 10px 5px; text-align: left; vertical-align: top; word-break: normal; border: 1px solid black;\"><\/td>\n<\/tr>\n<\/tbody>\n<\/table>\n<p><img loading=\"lazy\" decoding=\"async\" class=\"size-full wp-image-12614 aligncenter\" data-src=\"https:\/\/www.ywccpackage.com\/wp-content\/uploads\/2025\/06\/Source-transparent-zipper-bag-factory-Logo-printing-available-Customized-waterproof-and-moisture-proof-sealed-bags5.webp\" alt=\"Fuente transparente f\u00e1brica de bolsas con cremallera Logotipo de impresi\u00f3n disponibles - Personalizada a prueba de agua y la humedad bolsas selladas\" width=\"800\" height=\"800\" srcset=\"https:\/\/www.ywccpackage.com\/wp-content\/uploads\/2025\/06\/Source-transparent-zipper-bag-factory-Logo-printing-available-Customized-waterproof-and-moisture-proof-sealed-bags5.webp 800w, https:\/\/www.ywccpackage.com\/wp-content\/uploads\/2025\/06\/Source-transparent-zipper-bag-factory-Logo-printing-available-Customized-waterproof-and-moisture-proof-sealed-bags5-480x480.webp 480w\" sizes=\"(min-width: 0px) and (max-width: 480px) 480px, (min-width: 481px) 800px, 100vw\" \/><\/p>\n<h2>360\u00b0 de visibilidad cristalina<\/h2>\n<p>\u2705 : envase transparente <a href=\"https:\/\/www.ywccpackage.com\/es\/producto\/source-transparent-packaging-bags-factory-logo-printing-available-customized-waterproof-and-moisture-proof-sealed-bags\/\"><strong>Bolsas de embalaje transparentes<\/strong><\/a>bolsas transparentes con cierre, bolsas transparentes con cremallera<br \/>\n\u25b6\ufe0f PE con transmisi\u00f3n de luz &gt;90%: los productos permanecen totalmente visibles sin necesidad de abrirlos.<\/p>\n<h2>Barrera antihumedad<\/h2>\n<p>\u2705<a href=\"https:\/\/www.ywccpackage.com\/es\/category\/zipper-bag\/\"><strong>bolsa impermeable con cremallera<\/strong><\/a>bolsas de pl\u00e1stico herm\u00e9ticas, envases de barrera<br \/>\n\u25b6\ufe0f cremallera que impide la entrada de humedad, polvo y olores<\/p>\n<h2>Cremalleras reutilizables<\/h2>\n<p>\u2705bolsas resistentes con cremallera, bolsas reutilizables con cierre, bolsas de uso industrial<br \/>\n\u25b6\ufe0fzipper durabilidad con esquinas resistentes al desgarro.<\/p>\n<h2>5 kg de capacidad de carga<\/h2>\n<p>\u2705 Bolsas de pl\u00e1stico de gran espesor, envases resistentes a la perforaci\u00f3n<br \/>\n\u25b6\ufe0f12-300 micras de grosor resisten env\u00edos rigurosos\u3002<\/p>\n<h2>Factory Direct Value &#8211; Manufacturing Solutions<\/h2>\n<p>\u2705bolsas impresas personalizadas, envases de marca blanca, bolsas con cremallera OEM<br \/>\n\u25b6\ufe0fFull customization: Sizes (3&#215;4&#8243; to 20&#215;30&#8243;), materials (PE\/RPET\/CPP), printing (CMYK + pantone).<\/p>\n<h2>Precios al por mayor a granel<\/h2>\n<p>\u2705<a href=\"https:\/\/www.ywccpackage.com\/es\/about-us\/\"><strong>fabricantes de bolsas de embalaje<\/strong><\/a>, proveedores de envases a granel, bolsa de pl\u00e1stico directa de f\u00e1brica<br \/>\n\u25b6\ufe0fMOQ 10.000 unidades con 30-50% ahorro de costes frente a los distribuidores.<\/p>\n<h2>Soluciones de embalaje para comercio electr\u00f3nico<\/h2>\n<p>Bolsas transparentes para comercio electr\u00f3nico | Bolsas con cremallera para ropa, accesorios y peque\u00f1os art\u00edculos | Logotipos personalizables<br \/>\nBolsa transparente con cremallera para artesan\u00eda | Para guardar piezas de abalorios | Bolsa para guardar accesorios de botones<br \/>\nBolsa transparente para joyer\u00eda con cremallera | Bolsa para guardar objetos peque\u00f1os | Bolsa para empaquetar pendientes de joyer\u00eda<br \/>\nBolsa de viaje transparente con cremallera | Neceser conforme a la TSA | Bolsa sellada en porciones<\/p>\n<p>Una bolsa de almacenamiento con cremallera, bolsa de almacenamiento deslizante, bolsa con cremallera, bolsa ziplock, bolsa zip-lock,Acepta diversas personalizaciones.<br \/>\nOpciones y existencias disponibles:<\/p>\n<p>Acabados del material: Esmerilado, Transparente, Una Cara Esmerilado \/ Una Cara Transparente, Negro Semitransparente.<\/p>\n<p>Colores: Negro, rosa, azul, verde, morado, rojo, amarillo (y m\u00e1s a petici\u00f3n).<\/p>\n<p>Stock disponible: Inventario suficiente sin imprimir en varios colores y tama\u00f1os populares para necesidades inmediatas.<\/p>\n<p>Colores y acabados personalizados: Creamos exactamente lo que su marca requiere.<\/p>\n<p>Im\u00e1genes\/v\u00eddeo de la f\u00e1brica: Muestra l\u00edneas de producci\u00f3n modernas, instalaciones limpias.<\/p>\n<p><img loading=\"lazy\" decoding=\"async\" class=\"size-full wp-image-12579 aligncenter\" data-src=\"https:\/\/www.ywccpackage.com\/wp-content\/uploads\/2025\/06\/factory.webp\" alt=\"F\u00e1brica\" width=\"750\" height=\"2000\" srcset=\"https:\/\/www.ywccpackage.com\/wp-content\/uploads\/2025\/06\/factory.webp 750w, https:\/\/www.ywccpackage.com\/wp-content\/uploads\/2025\/06\/factory-480x1280.webp 480w\" sizes=\"(min-width: 0px) and (max-width: 480px) 480px, (min-width: 481px) 750px, 100vw\" \/> <img loading=\"lazy\" decoding=\"async\" class=\"aligncenter wp-image-12580\" data-src=\"https:\/\/www.ywccpackage.com\/wp-content\/uploads\/2025\/06\/Factory-1.webp\" alt=\"F\u00e1brica\" width=\"750\" height=\"656\" \/> <img loading=\"lazy\" decoding=\"async\" class=\"wp-image-12578 aligncenter\" data-src=\"https:\/\/www.ywccpackage.com\/wp-content\/uploads\/2025\/06\/Factory-2.webp\" alt=\"F\u00e1brica\" width=\"750\" height=\"750\" \/><\/p>\n<h2>Certificaciones: Mostrar logotipos\/certificados<\/h2>\n<p><img loading=\"lazy\" decoding=\"async\" class=\"aligncenter wp-image-12581\" data-src=\"https:\/\/www.ywccpackage.com\/wp-content\/uploads\/2025\/06\/Certificate.webp\" alt=\"Certificado\" width=\"750\" height=\"1113\" srcset=\"https:\/\/www.ywccpackage.com\/wp-content\/uploads\/2025\/06\/Certificate.webp 750w, https:\/\/www.ywccpackage.com\/wp-content\/uploads\/2025\/06\/Certificate-480x713.webp 480w\" sizes=\"(min-width: 0px) and (max-width: 480px) 480px, (min-width: 481px) 750px, 100vw\" \/><\/p>\n<h2>Qui\u00e9nes somos<\/h2>\n<p>Cree envases de marca que destaquen Suministramos envases\u00a0<a href=\"http:\/\/www.ywccpackage.com\/es\/\"><strong>bolsas de pl\u00e1stico personalizadas con logotipo<\/strong><\/a>\u00a0- incluidos los duraderos\u00a0<strong>bolsa con cremallera<\/strong> opciones. Elige vers\u00e1til <strong>bolsa transparente con cremallera<\/strong>,\u00a0<strong>bolsa de pl\u00e1stico con cremallera<\/strong>y\u00a0<strong>bolsa con cremallera de pvc<\/strong>\u00a0soluciones. Nuestra\u00a0<strong>bolsas de embalaje transparentes<\/strong>\u00a0exhiben el contenido a la vez que protegen los productos. Ideal para tiendas, regalos y promociones. Impermeables, reutilizables y listas para la venta. Aumente la visibilidad de su marca con bolsas profesionales con cremallera impresas a medida. <a href=\"https:\/\/www.ywccpackage.com\/es\/contact-us\/\"><strong>Pida muestras hoy mismo<\/strong><\/a>!<\/p>","protected":false},"excerpt":{"rendered":"<p>Esta vers\u00e1til bolsa con cremallera ofrece una visibilidad clara de 360\u00b0, barrera contra la humedad y cremalleras reutilizables. Con capacidad para hasta 5 kg, est\u00e1 disponible en varios colores y materiales, con opciones personalizadas y precios al por mayor.<\/p>","protected":false},"featured_media":12610,"template":"","meta":{"_et_pb_use_builder":"","_et_pb_old_content":"","_et_gb_content_width":""},"product_cat":[193],"product_tag":[208,209,210],"yoast_head":"<!-- This site is optimized with the Yoast SEO plugin v22.7 - https:\/\/yoast.com\/wordpress\/plugins\/seo\/ -->\n<title>Transparent Packaging Bags - Clear, Reusable &amp; Heavy-Duty<\/title>\n<meta name=\"description\" content=\"Transparent zipper bags with 360\u00b0 visibility, moisture barrier &amp; 5kg capacity. Customizable, wholesale pricing. Ideal for e-commerce, storage &amp; retail.\" \/>\n<meta name=\"robots\" content=\"index, follow, max-snippet:-1, max-image-preview:large, max-video-preview:-1\" \/>\n<link rel=\"canonical\" href=\"https:\/\/www.ywccpackage.com\/es\/producto\/source-transparent-packaging-bags-factory-logo-printing-available-customized-waterproof-and-moisture-proof-sealed-bags\/\" \/>\n<meta property=\"og:locale\" content=\"es_ES\" \/>\n<meta property=\"og:type\" content=\"article\" \/>\n<meta property=\"og:title\" content=\"Transparent Packaging Bags - Clear, Reusable &amp; Heavy-Duty\" \/>\n<meta property=\"og:description\" content=\"Transparent zipper bags with 360\u00b0 visibility, moisture barrier &amp; 5kg capacity. Customizable, wholesale pricing. Ideal for e-commerce, storage &amp; retail.\" \/>\n<meta property=\"og:url\" content=\"https:\/\/www.ywccpackage.com\/es\/producto\/source-transparent-packaging-bags-factory-logo-printing-available-customized-waterproof-and-moisture-proof-sealed-bags\/\" \/>\n<meta property=\"og:site_name\" content=\"YWCC Package\" \/>\n<meta property=\"article:modified_time\" content=\"2025-08-20T08:43:06+00:00\" \/>\n<meta property=\"og:image\" content=\"https:\/\/www.ywccpackage.com\/wp-content\/uploads\/2025\/06\/Source-transparent-zipper-bag-factory-Logo-printing-available-Customized-waterproof-and-moisture-proof-sealed-bags3.webp\" \/>\n\t<meta property=\"og:image:width\" content=\"800\" \/>\n\t<meta property=\"og:image:height\" content=\"800\" \/>\n\t<meta property=\"og:image:type\" content=\"image\/webp\" \/>\n<meta name=\"twitter:card\" content=\"summary_large_image\" \/>\n<meta name=\"twitter:label1\" content=\"Tiempo de lectura\" \/>\n\t<meta name=\"twitter:data1\" content=\"3 minutos\" \/>\n<script type=\"application\/ld+json\" class=\"yoast-schema-graph\">{\"@context\":\"https:\/\/schema.org\",\"@graph\":[{\"@type\":\"WebPage\",\"@id\":\"https:\/\/www.ywccpackage.com\/product\/source-transparent-packaging-bags-factory-logo-printing-available-customized-waterproof-and-moisture-proof-sealed-bags\/\",\"url\":\"https:\/\/www.ywccpackage.com\/product\/source-transparent-packaging-bags-factory-logo-printing-available-customized-waterproof-and-moisture-proof-sealed-bags\/\",\"name\":\"Transparent Packaging Bags - Clear, Reusable & Heavy-Duty\",\"isPartOf\":{\"@id\":\"https:\/\/www.ywccpackage.com\/#website\"},\"primaryImageOfPage\":{\"@id\":\"https:\/\/www.ywccpackage.com\/product\/source-transparent-packaging-bags-factory-logo-printing-available-customized-waterproof-and-moisture-proof-sealed-bags\/#primaryimage\"},\"image\":{\"@id\":\"https:\/\/www.ywccpackage.com\/product\/source-transparent-packaging-bags-factory-logo-printing-available-customized-waterproof-and-moisture-proof-sealed-bags\/#primaryimage\"},\"thumbnailUrl\":\"https:\/\/www.ywccpackage.com\/wp-content\/uploads\/2025\/06\/Source-transparent-zipper-bag-factory-Logo-printing-available-Customized-waterproof-and-moisture-proof-sealed-bags3.webp\",\"datePublished\":\"2025-06-24T08:19:48+00:00\",\"dateModified\":\"2025-08-20T08:43:06+00:00\",\"description\":\"Transparent zipper bags with 360\u00b0 visibility, moisture barrier & 5kg capacity. Customizable, wholesale pricing. Ideal for e-commerce, storage & retail.\",\"breadcrumb\":{\"@id\":\"https:\/\/www.ywccpackage.com\/product\/source-transparent-packaging-bags-factory-logo-printing-available-customized-waterproof-and-moisture-proof-sealed-bags\/#breadcrumb\"},\"inLanguage\":\"es\",\"potentialAction\":[{\"@type\":\"ReadAction\",\"target\":[\"https:\/\/www.ywccpackage.com\/product\/source-transparent-packaging-bags-factory-logo-printing-available-customized-waterproof-and-moisture-proof-sealed-bags\/\"]}]},{\"@type\":\"ImageObject\",\"inLanguage\":\"es\",\"@id\":\"https:\/\/www.ywccpackage.com\/product\/source-transparent-packaging-bags-factory-logo-printing-available-customized-waterproof-and-moisture-proof-sealed-bags\/#primaryimage\",\"url\":\"https:\/\/www.ywccpackage.com\/wp-content\/uploads\/2025\/06\/Source-transparent-zipper-bag-factory-Logo-printing-available-Customized-waterproof-and-moisture-proof-sealed-bags3.webp\",\"contentUrl\":\"https:\/\/www.ywccpackage.com\/wp-content\/uploads\/2025\/06\/Source-transparent-zipper-bag-factory-Logo-printing-available-Customized-waterproof-and-moisture-proof-sealed-bags3.webp\",\"width\":800,\"height\":800,\"caption\":\"Source transparent zipper bag factory Logo printing available - Customized waterproof and moisture-proof sealed bags3\"},{\"@type\":\"BreadcrumbList\",\"@id\":\"https:\/\/www.ywccpackage.com\/product\/source-transparent-packaging-bags-factory-logo-printing-available-customized-waterproof-and-moisture-proof-sealed-bags\/#breadcrumb\",\"itemListElement\":[{\"@type\":\"ListItem\",\"position\":1,\"name\":\"Home\",\"item\":\"https:\/\/www.ywccpackage.com\/\"},{\"@type\":\"ListItem\",\"position\":2,\"name\":\"Products\",\"item\":\"https:\/\/www.ywccpackage.com\/shop\/\"},{\"@type\":\"ListItem\",\"position\":3,\"name\":\"Source Transparent Packaging Bags Factory | Logo Printing Available &#8211; Customized Waterproof and Moisture-proof Sealed Bags\"}]},{\"@type\":\"WebSite\",\"@id\":\"https:\/\/www.ywccpackage.com\/#website\",\"url\":\"https:\/\/www.ywccpackage.com\/\",\"name\":\"YWCC Package\",\"description\":\"YWCC Package\",\"potentialAction\":[{\"@type\":\"SearchAction\",\"target\":{\"@type\":\"EntryPoint\",\"urlTemplate\":\"https:\/\/www.ywccpackage.com\/?s={search_term_string}\"},\"query-input\":\"required name=search_term_string\"}],\"inLanguage\":\"es\"}]}<\/script>\n<!-- \/ Yoast SEO plugin. -->","yoast_head_json":{"title":"Transparent Packaging Bags - Clear, Reusable & Heavy-Duty","description":"Transparent zipper bags with 360\u00b0 visibility, moisture barrier & 5kg capacity. Customizable, wholesale pricing. Ideal for e-commerce, storage & retail.","robots":{"index":"index","follow":"follow","max-snippet":"max-snippet:-1","max-image-preview":"max-image-preview:large","max-video-preview":"max-video-preview:-1"},"canonical":"https:\/\/www.ywccpackage.com\/es\/producto\/source-transparent-packaging-bags-factory-logo-printing-available-customized-waterproof-and-moisture-proof-sealed-bags\/","og_locale":"es_ES","og_type":"article","og_title":"Transparent Packaging Bags - Clear, Reusable & Heavy-Duty","og_description":"Transparent zipper bags with 360\u00b0 visibility, moisture barrier & 5kg capacity. Customizable, wholesale pricing. Ideal for e-commerce, storage & retail.","og_url":"https:\/\/www.ywccpackage.com\/es\/producto\/source-transparent-packaging-bags-factory-logo-printing-available-customized-waterproof-and-moisture-proof-sealed-bags\/","og_site_name":"YWCC Package","article_modified_time":"2025-08-20T08:43:06+00:00","og_image":[{"width":800,"height":800,"url":"https:\/\/www.ywccpackage.com\/wp-content\/uploads\/2025\/06\/Source-transparent-zipper-bag-factory-Logo-printing-available-Customized-waterproof-and-moisture-proof-sealed-bags3.webp","type":"image\/webp"}],"twitter_card":"summary_large_image","twitter_misc":{"Tiempo de lectura":"3 minutos"},"schema":{"@context":"https:\/\/schema.org","@graph":[{"@type":"WebPage","@id":"https:\/\/www.ywccpackage.com\/product\/source-transparent-packaging-bags-factory-logo-printing-available-customized-waterproof-and-moisture-proof-sealed-bags\/","url":"https:\/\/www.ywccpackage.com\/product\/source-transparent-packaging-bags-factory-logo-printing-available-customized-waterproof-and-moisture-proof-sealed-bags\/","name":"Transparent Packaging Bags - Clear, Reusable & Heavy-Duty","isPartOf":{"@id":"https:\/\/www.ywccpackage.com\/#website"},"primaryImageOfPage":{"@id":"https:\/\/www.ywccpackage.com\/product\/source-transparent-packaging-bags-factory-logo-printing-available-customized-waterproof-and-moisture-proof-sealed-bags\/#primaryimage"},"image":{"@id":"https:\/\/www.ywccpackage.com\/product\/source-transparent-packaging-bags-factory-logo-printing-available-customized-waterproof-and-moisture-proof-sealed-bags\/#primaryimage"},"thumbnailUrl":"https:\/\/www.ywccpackage.com\/wp-content\/uploads\/2025\/06\/Source-transparent-zipper-bag-factory-Logo-printing-available-Customized-waterproof-and-moisture-proof-sealed-bags3.webp","datePublished":"2025-06-24T08:19:48+00:00","dateModified":"2025-08-20T08:43:06+00:00","description":"Transparent zipper bags with 360\u00b0 visibility, moisture barrier & 5kg capacity. Customizable, wholesale pricing. Ideal for e-commerce, storage & retail.","breadcrumb":{"@id":"https:\/\/www.ywccpackage.com\/product\/source-transparent-packaging-bags-factory-logo-printing-available-customized-waterproof-and-moisture-proof-sealed-bags\/#breadcrumb"},"inLanguage":"es","potentialAction":[{"@type":"ReadAction","target":["https:\/\/www.ywccpackage.com\/product\/source-transparent-packaging-bags-factory-logo-printing-available-customized-waterproof-and-moisture-proof-sealed-bags\/"]}]},{"@type":"ImageObject","inLanguage":"es","@id":"https:\/\/www.ywccpackage.com\/product\/source-transparent-packaging-bags-factory-logo-printing-available-customized-waterproof-and-moisture-proof-sealed-bags\/#primaryimage","url":"https:\/\/www.ywccpackage.com\/wp-content\/uploads\/2025\/06\/Source-transparent-zipper-bag-factory-Logo-printing-available-Customized-waterproof-and-moisture-proof-sealed-bags3.webp","contentUrl":"https:\/\/www.ywccpackage.com\/wp-content\/uploads\/2025\/06\/Source-transparent-zipper-bag-factory-Logo-printing-available-Customized-waterproof-and-moisture-proof-sealed-bags3.webp","width":800,"height":800,"caption":"Source transparent zipper bag factory Logo printing available - Customized waterproof and moisture-proof sealed bags3"},{"@type":"BreadcrumbList","@id":"https:\/\/www.ywccpackage.com\/product\/source-transparent-packaging-bags-factory-logo-printing-available-customized-waterproof-and-moisture-proof-sealed-bags\/#breadcrumb","itemListElement":[{"@type":"ListItem","position":1,"name":"Home","item":"https:\/\/www.ywccpackage.com\/"},{"@type":"ListItem","position":2,"name":"Products","item":"https:\/\/www.ywccpackage.com\/shop\/"},{"@type":"ListItem","position":3,"name":"Source Transparent Packaging Bags Factory | Logo Printing Available &#8211; Customized Waterproof and Moisture-proof Sealed Bags"}]},{"@type":"WebSite","@id":"https:\/\/www.ywccpackage.com\/#website","url":"https:\/\/www.ywccpackage.com\/","name":"YWCC Package","description":"YWCC Package","potentialAction":[{"@type":"SearchAction","target":{"@type":"EntryPoint","urlTemplate":"https:\/\/www.ywccpackage.com\/?s={search_term_string}"},"query-input":"required name=search_term_string"}],"inLanguage":"es"}]}},"_links":{"self":[{"href":"https:\/\/www.ywccpackage.com\/es\/wp-json\/wp\/v2\/product\/12608"}],"collection":[{"href":"https:\/\/www.ywccpackage.com\/es\/wp-json\/wp\/v2\/product"}],"about":[{"href":"https:\/\/www.ywccpackage.com\/es\/wp-json\/wp\/v2\/types\/product"}],"wp:featuredmedia":[{"embeddable":true,"href":"https:\/\/www.ywccpackage.com\/es\/wp-json\/wp\/v2\/media\/12610"}],"wp:attachment":[{"href":"https:\/\/www.ywccpackage.com\/es\/wp-json\/wp\/v2\/media?parent=12608"}],"wp:term":[{"taxonomy":"product_cat","embeddable":true,"href":"https:\/\/www.ywccpackage.com\/es\/wp-json\/wp\/v2\/product_cat?post=12608"},{"taxonomy":"product_tag","embeddable":true,"href":"https:\/\/www.ywccpackage.com\/es\/wp-json\/wp\/v2\/product_tag?post=12608"}],"curies":[{"name":"wp","href":"https:\/\/api.w.org\/{rel}","templated":true}]}}