{"id":12618,"date":"2025-06-24T08:37:53","date_gmt":"2025-06-24T08:37:53","guid":{"rendered":"https:\/\/www.ywccpackage.com\/?post_type=product&#038;p=12618"},"modified":"2025-08-20T08:41:28","modified_gmt":"2025-08-20T08:41:28","slug":"premium-frosted-zipper-pouch-with-handles-customizable-clothing-gift-plastic-bags-with-handle","status":"publish","type":"product","link":"https:\/\/www.ywccpackage.com\/es\/producto\/premium-frosted-zipper-pouch-with-handles-customizable-clothing-gift-plastic-bags-with-handle\/","title":{"rendered":"Bolsas de pl\u00e1stico personalizables para regalo de ropa con asa"},"content":{"rendered":"<table class=\"tg\" style=\"border-collapse: collapse; border-spacing: 0;\">\n<thead>\n<tr>\n<th style=\"font-family: Arial, sans-serif; font-size: 14px; font-weight: bold; overflow: hidden; padding: 10px 5px; text-align: left; vertical-align: top; word-break: normal; border: 1px solid black;\">Color<\/th>\n<th style=\"font-family: Arial, sans-serif; font-size: 14px; font-weight: normal; overflow: hidden; padding: 10px 5px; text-align: left; vertical-align: middle; word-break: normal; border: 1px solid black;\">Negro<\/th>\n<th style=\"font-family: Arial, sans-serif; font-size: 14px; font-weight: normal; overflow: hidden; padding: 10px 5px; text-align: left; vertical-align: middle; word-break: normal; border: 1px solid black;\">Naranja<\/th>\n<th style=\"font-family: Arial, sans-serif; font-size: 14px; font-weight: normal; overflow: hidden; padding: 10px 5px; text-align: left; vertical-align: middle; word-break: normal; border: 1px solid black;\">Rosa<\/th>\n<th style=\"font-family: Arial, sans-serif; font-size: 14px; font-weight: normal; overflow: hidden; padding: 10px 5px; text-align: left; vertical-align: middle; word-break: normal; border: 1px solid black;\">Blanco<\/th>\n<th style=\"font-family: Arial, sans-serif; font-size: 14px; font-weight: normal; overflow: hidden; padding: 10px 5px; text-align: left; vertical-align: middle; word-break: normal; border: 1px solid black;\">Ventana transparente<\/th>\n<\/tr>\n<\/thead>\n<tbody>\n<tr>\n<td style=\"font-family: Arial, sans-serif; font-size: 14px; font-weight: bold; overflow: hidden; padding: 10px 5px; text-align: left; vertical-align: top; word-break: normal; border: 1px solid black;\">Material<\/td>\n<td style=\"font-family: Arial, sans-serif; font-size: 14px; overflow: hidden; padding: 10px 5px; text-align: left; vertical-align: middle; word-break: normal; border: 1px solid black;\">Negro transl\u00facido<\/td>\n<td style=\"font-family: Arial, sans-serif; font-size: 14px; overflow: hidden; padding: 10px 5px; text-align: left; vertical-align: middle; word-break: normal; border: 1px solid black;\">Claro<\/td>\n<td style=\"font-family: Arial, sans-serif; font-size: 14px; overflow: hidden; padding: 10px 5px; text-align: left; vertical-align: middle; word-break: normal; border: 1px solid black;\">Escarchado<\/td>\n<td style=\"font-family: Arial, sans-serif; font-size: 14px; overflow: hidden; padding: 10px 5px; text-align: left; vertical-align: middle; word-break: normal; border: 1px solid black;\">Mitad transparente y mitad esmerilado<\/td>\n<td style=\"font-family: Arial, sans-serif; font-size: 14px; overflow: hidden; padding: 10px 5px; text-align: left; vertical-align: top; word-break: normal; border: 1px solid black;\"><\/td>\n<\/tr>\n<\/tbody>\n<\/table>\n<p><img loading=\"lazy\" decoding=\"async\" class=\"size-full wp-image-12622 aligncenter\" data-src=\"https:\/\/www.ywccpackage.com\/wp-content\/uploads\/2025\/06\/Frosted-zipper-bagwith-handle-4.webp\" alt=\"Bolsa esmerilada con cremallera y asa \" width=\"1000\" height=\"1000\" srcset=\"https:\/\/www.ywccpackage.com\/wp-content\/uploads\/2025\/06\/Frosted-zipper-bagwith-handle-4.webp 1000w, https:\/\/www.ywccpackage.com\/wp-content\/uploads\/2025\/06\/Frosted-zipper-bagwith-handle-4-980x980.webp 980w, https:\/\/www.ywccpackage.com\/wp-content\/uploads\/2025\/06\/Frosted-zipper-bagwith-handle-4-480x480.webp 480w\" sizes=\"(min-width: 0px) and (max-width: 480px) 480px, (min-width: 481px) and (max-width: 980px) 980px, (min-width: 981px) 1000px, 100vw\" \/><\/p>\n<p>1. Textura de primera calidad y elegancia discreta de <a href=\"https:\/\/www.ywccpackage.com\/es\/producto\/premium-frosted-zipper-pouch-with-handles-customizable-clothing-gift-plastic-bags-with-handle\/\"><strong>bolsas de pl\u00e1stico con asa<\/strong><\/a>: El acabado esmerilado ofrece un aspecto mate y un tacto suave, elevando el valor percibido.<\/p>\n<p>2.Mayor privacidad: Protege el contenido de la vista, ideal para regalos u objetos personales.<\/p>\n<p>3.Resistente a ara\u00f1azos y manchas: Oculta las marcas mejor que los acabados brillantes, manteniendo la apariencia.<\/p>\n<p>4.Asas robustas: Las asas de transporte reforzadas garantizan la comodidad y soportan cargas m\u00e1s pesadas.<\/p>\n<p>5.Cierre seguro: Cremallera fiable que protege contra la humedad, el polvo y la suciedad.<\/p>\n<p>6.Uso vers\u00e1til: Perfecto para regalos, cosm\u00e9ticos, papeler\u00eda, viajes, electr\u00f3nica y venta al por menor.<\/p>\n<p>7.Reutilizable y respetuoso con el medio ambiente: Su construcci\u00f3n duradera permite m\u00faltiples usos, reduciendo los residuos.<\/p>\n<p>8.Potenciador de marca: La impresi\u00f3n de logotipos personalizados se ve de primera calidad en la superficie mate, mejorando la imagen de marca.<\/p>\n<p>9.F\u00e1cil acceso y transporte: La cremallera lisa y las asas ofrecen comodidad para agarrar y llevar.<\/p>\n<h2>M\u00e1s escenarios de uso del cliente<\/h2>\n<h3>\ud83c\udf81 Envolver regalos<\/h3>\n<p>El m\u00e1s popular: La mejor opci\u00f3n para regalos de festival\/boda\/negocios, con una textura mate para realzar el grado\u3002<\/p>\n<h3>\ud83d\udc84 Almacenamiento de productos de belleza y cuidado personal<\/h3>\n<p>Gran popularidad: Existe una gran demanda de almacenamiento de cosm\u00e9ticos, productos para el cuidado de la piel y utensilios de belleza.<br \/>\nEl efecto antipolvo, antihumedad y semitransparente se adapta perfectamente a los puntos d\u00e9biles de la industria\u3002<\/p>\n<h3>\u2708\ufe0f Bolsas de viaje para porciones<\/h3>\n<p>Calor medio: La demanda de envases separados para art\u00edculos de aseo y ropa es estable. El dise\u00f1o sellado a prueba de fugas y el dise\u00f1o de mano son adecuados para escenarios de viaje\u3002.<\/p>\n<h3>\ud83d\udce6 Peque\u00f1os envases para la venta al por menor<\/h3>\n<p>Gran popularidad: Embalaje esencial para la venta al por menor de joyas, art\u00edculos de papeler\u00eda, peque\u00f1os accesorios electr\u00f3nicos, etc., con caracter\u00edsticas tanto de exposici\u00f3n como de protecci\u00f3n, y costes controlables.<\/p>\n<h3>\ud83d\udcda Clasificaci\u00f3n de papeler\u00eda y material de oficina<\/h3>\n<p>Popularidad media: Almacenamiento de archivos y papeler\u00eda para estudiantes\/trabajadores, impulsado por las necesidades de durabilidad y clasificaci\u00f3n, con una textura mate adecuada para escenarios de oficina\u3002<\/p>\n<h3>\ud83d\udc8d Guarda joyas<\/h3>\n<p>Calor medio a bajo: Requisitos de antioxidaci\u00f3n, la superficie mate reduce el riesgo de ara\u00f1azos, pero las limitaciones de volumen lo hacen adecuado para joyas peque\u00f1as.<\/p>\n<p>Una bolsa de almacenamiento con cremallera, bolsa de almacenamiento deslizante, <a href=\"https:\/\/www.ywccpackage.com\/es\/category\/zipper-bag\/\"><strong>bolsa con cremallera<\/strong><\/a>Acepta diversas personalizaciones.<\/p>\n<h3>Opciones y existencias disponibles:<\/h3>\n<p>Acabados del material: Esmerilado, Transparente, Una Cara Esmerilado \/ Una Cara Transparente, Negro Semitransparente.<\/p>\n<p>Colores: Negro, rosa, azul, verde, morado, rojo, amarillo (y m\u00e1s a petici\u00f3n).<\/p>\n<p>Stock disponible: Inventario suficiente sin imprimir en varios colores y tama\u00f1os populares para necesidades inmediatas.<\/p>\n<p>Colores y acabados personalizados: Creamos exactamente lo que su marca requiere.<\/p>\n<p>Im\u00e1genes\/v\u00eddeo de la f\u00e1brica: Muestra l\u00edneas de producci\u00f3n modernas, instalaciones limpias.<\/p>\n<p><img loading=\"lazy\" decoding=\"async\" class=\"size-full wp-image-12579 aligncenter\" data-src=\"https:\/\/www.ywccpackage.com\/wp-content\/uploads\/2025\/06\/factory.webp\" alt=\"F\u00e1brica\" width=\"750\" height=\"2000\" srcset=\"https:\/\/www.ywccpackage.com\/wp-content\/uploads\/2025\/06\/factory.webp 750w, https:\/\/www.ywccpackage.com\/wp-content\/uploads\/2025\/06\/factory-480x1280.webp 480w\" sizes=\"(min-width: 0px) and (max-width: 480px) 480px, (min-width: 481px) 750px, 100vw\" \/> <img loading=\"lazy\" decoding=\"async\" class=\"aligncenter wp-image-12580\" data-src=\"https:\/\/www.ywccpackage.com\/wp-content\/uploads\/2025\/06\/Factory-1.webp\" alt=\"F\u00e1brica\" width=\"750\" height=\"656\" \/> <img loading=\"lazy\" decoding=\"async\" class=\"wp-image-12578 aligncenter\" data-src=\"https:\/\/www.ywccpackage.com\/wp-content\/uploads\/2025\/06\/Factory-2.webp\" alt=\"F\u00e1brica\" width=\"750\" height=\"750\" \/><\/p>\n<h2>Certificaciones: Mostrar logotipos\/certificados<\/h2>\n<p><img loading=\"lazy\" decoding=\"async\" class=\"aligncenter wp-image-12581\" data-src=\"https:\/\/www.ywccpackage.com\/wp-content\/uploads\/2025\/06\/Certificate.webp\" alt=\"Certificado\" width=\"750\" height=\"1113\" srcset=\"https:\/\/www.ywccpackage.com\/wp-content\/uploads\/2025\/06\/Certificate.webp 750w, https:\/\/www.ywccpackage.com\/wp-content\/uploads\/2025\/06\/Certificate-480x713.webp 480w\" sizes=\"(min-width: 0px) and (max-width: 480px) 480px, (min-width: 481px) 750px, 100vw\" \/><\/p>\n<h2>Qui\u00e9nes somos<\/h2>\n<p>Cree envases de marca que destaquen Suministramos envases\u00a0<a href=\"http:\/\/www.ywccpackage.com\/es\/\"><strong>bolsas de pl\u00e1stico personalizadas con logotipo<\/strong><\/a>\u00a0- incluidos los duraderos\u00a0<strong>bolsa con cremallera<\/strong> opciones. Elige vers\u00e1til <strong>bolsa transparente con cremallera<\/strong>,\u00a0<strong>bolsa de pl\u00e1stico con cremallera<\/strong>y\u00a0<strong>bolsa con cremallera de pvc<\/strong> soluciones. Nuestra <strong>bolsas de pl\u00e1stico con asa<\/strong>\u00a0exhiben el contenido a la vez que protegen los productos. Ideal para tiendas, regalos y promociones. Impermeables, reutilizables y listas para la venta. Aumente la visibilidad de su marca con bolsas profesionales con cremallera impresas a medida. <a href=\"https:\/\/www.ywccpackage.com\/es\/contact-us\/\"><strong>Pida muestras hoy mismo<\/strong><\/a>!<\/p>","protected":false},"excerpt":{"rendered":"<p>Esta bolsa esmerilada con cremallera presenta una textura de primera calidad, resistencia a los ara\u00f1azos y un cierre seguro, ideal para regalos, cosm\u00e9ticos, viajes y venta al por menor, con logotipo personalizado y opciones ecol\u00f3gicas.<\/p>","protected":false},"featured_media":12621,"template":"","meta":{"_et_pb_use_builder":"","_et_pb_old_content":"","_et_gb_content_width":""},"product_cat":[193],"product_tag":[208,209,210],"yoast_head":"<!-- This site is optimized with the Yoast SEO plugin v22.7 - https:\/\/yoast.com\/wordpress\/plugins\/seo\/ -->\n<title>Plastic Bags with Handle - Premium, Reusable &amp; Versatile<\/title>\n<meta name=\"description\" content=\"Plastic Bags with Handle with secure seal, scratch resistance &amp; privacy protection. Ideal for gifts, cosmetics &amp; retail. Custom logo, eco-friendly. Multiple colors available.\" \/>\n<meta name=\"robots\" content=\"index, follow, max-snippet:-1, max-image-preview:large, max-video-preview:-1\" \/>\n<link rel=\"canonical\" href=\"https:\/\/www.ywccpackage.com\/es\/producto\/premium-frosted-zipper-pouch-with-handles-customizable-clothing-gift-plastic-bags-with-handle\/\" \/>\n<meta property=\"og:locale\" content=\"es_ES\" \/>\n<meta property=\"og:type\" content=\"article\" \/>\n<meta property=\"og:title\" content=\"Plastic Bags with Handle - Premium, Reusable &amp; Versatile\" \/>\n<meta property=\"og:description\" content=\"Plastic Bags with Handle with secure seal, scratch resistance &amp; privacy protection. Ideal for gifts, cosmetics &amp; retail. Custom logo, eco-friendly. Multiple colors available.\" \/>\n<meta property=\"og:url\" content=\"https:\/\/www.ywccpackage.com\/es\/producto\/premium-frosted-zipper-pouch-with-handles-customizable-clothing-gift-plastic-bags-with-handle\/\" \/>\n<meta property=\"og:site_name\" content=\"YWCC Package\" \/>\n<meta property=\"article:modified_time\" content=\"2025-08-20T08:41:28+00:00\" \/>\n<meta property=\"og:image\" content=\"https:\/\/www.ywccpackage.com\/wp-content\/uploads\/2025\/06\/Frosted-zipper-bagwith-handle-3.webp\" \/>\n\t<meta property=\"og:image:width\" content=\"800\" \/>\n\t<meta property=\"og:image:height\" content=\"800\" \/>\n\t<meta property=\"og:image:type\" content=\"image\/webp\" \/>\n<meta name=\"twitter:card\" content=\"summary_large_image\" \/>\n<meta name=\"twitter:label1\" content=\"Tiempo de lectura\" \/>\n\t<meta name=\"twitter:data1\" content=\"4 minutos\" \/>\n<script type=\"application\/ld+json\" class=\"yoast-schema-graph\">{\"@context\":\"https:\/\/schema.org\",\"@graph\":[{\"@type\":\"WebPage\",\"@id\":\"https:\/\/www.ywccpackage.com\/product\/premium-frosted-zipper-pouch-with-handles-customizable-clothing-gift-plastic-bags-with-handle\/\",\"url\":\"https:\/\/www.ywccpackage.com\/product\/premium-frosted-zipper-pouch-with-handles-customizable-clothing-gift-plastic-bags-with-handle\/\",\"name\":\"Plastic Bags with Handle - Premium, Reusable & Versatile\",\"isPartOf\":{\"@id\":\"https:\/\/www.ywccpackage.com\/#website\"},\"primaryImageOfPage\":{\"@id\":\"https:\/\/www.ywccpackage.com\/product\/premium-frosted-zipper-pouch-with-handles-customizable-clothing-gift-plastic-bags-with-handle\/#primaryimage\"},\"image\":{\"@id\":\"https:\/\/www.ywccpackage.com\/product\/premium-frosted-zipper-pouch-with-handles-customizable-clothing-gift-plastic-bags-with-handle\/#primaryimage\"},\"thumbnailUrl\":\"https:\/\/www.ywccpackage.com\/wp-content\/uploads\/2025\/06\/Frosted-zipper-bagwith-handle-3.webp\",\"datePublished\":\"2025-06-24T08:37:53+00:00\",\"dateModified\":\"2025-08-20T08:41:28+00:00\",\"description\":\"Plastic Bags with Handle with secure seal, scratch resistance & privacy protection. Ideal for gifts, cosmetics & retail. Custom logo, eco-friendly. Multiple colors available.\",\"breadcrumb\":{\"@id\":\"https:\/\/www.ywccpackage.com\/product\/premium-frosted-zipper-pouch-with-handles-customizable-clothing-gift-plastic-bags-with-handle\/#breadcrumb\"},\"inLanguage\":\"es\",\"potentialAction\":[{\"@type\":\"ReadAction\",\"target\":[\"https:\/\/www.ywccpackage.com\/product\/premium-frosted-zipper-pouch-with-handles-customizable-clothing-gift-plastic-bags-with-handle\/\"]}]},{\"@type\":\"ImageObject\",\"inLanguage\":\"es\",\"@id\":\"https:\/\/www.ywccpackage.com\/product\/premium-frosted-zipper-pouch-with-handles-customizable-clothing-gift-plastic-bags-with-handle\/#primaryimage\",\"url\":\"https:\/\/www.ywccpackage.com\/wp-content\/uploads\/2025\/06\/Frosted-zipper-bagwith-handle-3.webp\",\"contentUrl\":\"https:\/\/www.ywccpackage.com\/wp-content\/uploads\/2025\/06\/Frosted-zipper-bagwith-handle-3.webp\",\"width\":800,\"height\":800,\"caption\":\"Frosted zipper bagwith handle\"},{\"@type\":\"BreadcrumbList\",\"@id\":\"https:\/\/www.ywccpackage.com\/product\/premium-frosted-zipper-pouch-with-handles-customizable-clothing-gift-plastic-bags-with-handle\/#breadcrumb\",\"itemListElement\":[{\"@type\":\"ListItem\",\"position\":1,\"name\":\"Home\",\"item\":\"https:\/\/www.ywccpackage.com\/\"},{\"@type\":\"ListItem\",\"position\":2,\"name\":\"Products\",\"item\":\"https:\/\/www.ywccpackage.com\/shop\/\"},{\"@type\":\"ListItem\",\"position\":3,\"name\":\"Premium Frosted Zipper Pouch with Handles Customizable Clothing Gift Plastic Bags with Handle\"}]},{\"@type\":\"WebSite\",\"@id\":\"https:\/\/www.ywccpackage.com\/#website\",\"url\":\"https:\/\/www.ywccpackage.com\/\",\"name\":\"YWCC Package\",\"description\":\"YWCC Package\",\"potentialAction\":[{\"@type\":\"SearchAction\",\"target\":{\"@type\":\"EntryPoint\",\"urlTemplate\":\"https:\/\/www.ywccpackage.com\/?s={search_term_string}\"},\"query-input\":\"required name=search_term_string\"}],\"inLanguage\":\"es\"}]}<\/script>\n<!-- \/ Yoast SEO plugin. -->","yoast_head_json":{"title":"Plastic Bags with Handle - Premium, Reusable & Versatile","description":"Plastic Bags with Handle with secure seal, scratch resistance & privacy protection. Ideal for gifts, cosmetics & retail. Custom logo, eco-friendly. Multiple colors available.","robots":{"index":"index","follow":"follow","max-snippet":"max-snippet:-1","max-image-preview":"max-image-preview:large","max-video-preview":"max-video-preview:-1"},"canonical":"https:\/\/www.ywccpackage.com\/es\/producto\/premium-frosted-zipper-pouch-with-handles-customizable-clothing-gift-plastic-bags-with-handle\/","og_locale":"es_ES","og_type":"article","og_title":"Plastic Bags with Handle - Premium, Reusable & Versatile","og_description":"Plastic Bags with Handle with secure seal, scratch resistance & privacy protection. Ideal for gifts, cosmetics & retail. Custom logo, eco-friendly. Multiple colors available.","og_url":"https:\/\/www.ywccpackage.com\/es\/producto\/premium-frosted-zipper-pouch-with-handles-customizable-clothing-gift-plastic-bags-with-handle\/","og_site_name":"YWCC Package","article_modified_time":"2025-08-20T08:41:28+00:00","og_image":[{"width":800,"height":800,"url":"https:\/\/www.ywccpackage.com\/wp-content\/uploads\/2025\/06\/Frosted-zipper-bagwith-handle-3.webp","type":"image\/webp"}],"twitter_card":"summary_large_image","twitter_misc":{"Tiempo de lectura":"4 minutos"},"schema":{"@context":"https:\/\/schema.org","@graph":[{"@type":"WebPage","@id":"https:\/\/www.ywccpackage.com\/product\/premium-frosted-zipper-pouch-with-handles-customizable-clothing-gift-plastic-bags-with-handle\/","url":"https:\/\/www.ywccpackage.com\/product\/premium-frosted-zipper-pouch-with-handles-customizable-clothing-gift-plastic-bags-with-handle\/","name":"Plastic Bags with Handle - Premium, Reusable & Versatile","isPartOf":{"@id":"https:\/\/www.ywccpackage.com\/#website"},"primaryImageOfPage":{"@id":"https:\/\/www.ywccpackage.com\/product\/premium-frosted-zipper-pouch-with-handles-customizable-clothing-gift-plastic-bags-with-handle\/#primaryimage"},"image":{"@id":"https:\/\/www.ywccpackage.com\/product\/premium-frosted-zipper-pouch-with-handles-customizable-clothing-gift-plastic-bags-with-handle\/#primaryimage"},"thumbnailUrl":"https:\/\/www.ywccpackage.com\/wp-content\/uploads\/2025\/06\/Frosted-zipper-bagwith-handle-3.webp","datePublished":"2025-06-24T08:37:53+00:00","dateModified":"2025-08-20T08:41:28+00:00","description":"Plastic Bags with Handle with secure seal, scratch resistance & privacy protection. Ideal for gifts, cosmetics & retail. Custom logo, eco-friendly. Multiple colors available.","breadcrumb":{"@id":"https:\/\/www.ywccpackage.com\/product\/premium-frosted-zipper-pouch-with-handles-customizable-clothing-gift-plastic-bags-with-handle\/#breadcrumb"},"inLanguage":"es","potentialAction":[{"@type":"ReadAction","target":["https:\/\/www.ywccpackage.com\/product\/premium-frosted-zipper-pouch-with-handles-customizable-clothing-gift-plastic-bags-with-handle\/"]}]},{"@type":"ImageObject","inLanguage":"es","@id":"https:\/\/www.ywccpackage.com\/product\/premium-frosted-zipper-pouch-with-handles-customizable-clothing-gift-plastic-bags-with-handle\/#primaryimage","url":"https:\/\/www.ywccpackage.com\/wp-content\/uploads\/2025\/06\/Frosted-zipper-bagwith-handle-3.webp","contentUrl":"https:\/\/www.ywccpackage.com\/wp-content\/uploads\/2025\/06\/Frosted-zipper-bagwith-handle-3.webp","width":800,"height":800,"caption":"Frosted zipper bagwith handle"},{"@type":"BreadcrumbList","@id":"https:\/\/www.ywccpackage.com\/product\/premium-frosted-zipper-pouch-with-handles-customizable-clothing-gift-plastic-bags-with-handle\/#breadcrumb","itemListElement":[{"@type":"ListItem","position":1,"name":"Home","item":"https:\/\/www.ywccpackage.com\/"},{"@type":"ListItem","position":2,"name":"Products","item":"https:\/\/www.ywccpackage.com\/shop\/"},{"@type":"ListItem","position":3,"name":"Premium Frosted Zipper Pouch with Handles Customizable Clothing Gift Plastic Bags with Handle"}]},{"@type":"WebSite","@id":"https:\/\/www.ywccpackage.com\/#website","url":"https:\/\/www.ywccpackage.com\/","name":"YWCC Package","description":"YWCC Package","potentialAction":[{"@type":"SearchAction","target":{"@type":"EntryPoint","urlTemplate":"https:\/\/www.ywccpackage.com\/?s={search_term_string}"},"query-input":"required name=search_term_string"}],"inLanguage":"es"}]}},"_links":{"self":[{"href":"https:\/\/www.ywccpackage.com\/es\/wp-json\/wp\/v2\/product\/12618"}],"collection":[{"href":"https:\/\/www.ywccpackage.com\/es\/wp-json\/wp\/v2\/product"}],"about":[{"href":"https:\/\/www.ywccpackage.com\/es\/wp-json\/wp\/v2\/types\/product"}],"wp:featuredmedia":[{"embeddable":true,"href":"https:\/\/www.ywccpackage.com\/es\/wp-json\/wp\/v2\/media\/12621"}],"wp:attachment":[{"href":"https:\/\/www.ywccpackage.com\/es\/wp-json\/wp\/v2\/media?parent=12618"}],"wp:term":[{"taxonomy":"product_cat","embeddable":true,"href":"https:\/\/www.ywccpackage.com\/es\/wp-json\/wp\/v2\/product_cat?post=12618"},{"taxonomy":"product_tag","embeddable":true,"href":"https:\/\/www.ywccpackage.com\/es\/wp-json\/wp\/v2\/product_tag?post=12618"}],"curies":[{"name":"wp","href":"https:\/\/api.w.org\/{rel}","templated":true}]}}