{"id":12636,"date":"2025-06-24T09:02:54","date_gmt":"2025-06-24T09:02:54","guid":{"rendered":"https:\/\/www.ywccpackage.com\/?post_type=product&#038;p=12636"},"modified":"2025-08-20T08:36:20","modified_gmt":"2025-08-20T08:36:20","slug":"customizable-clear-pvc-plastic-ziplock-bag-with-handle-zipper-business-packaging-solutions","status":"publish","type":"product","link":"https:\/\/www.ywccpackage.com\/es\/producto\/customizable-clear-pvc-plastic-ziplock-bag-with-handle-zipper-business-packaging-solutions\/","title":{"rendered":"Bolsa de pl\u00e1stico PVC transparente personalizable con asa y cremallera | Soluciones de embalaje para empresas"},"content":{"rendered":"<p><img loading=\"lazy\" decoding=\"async\" class=\"size-full wp-image-12643 aligncenter\" data-src=\"https:\/\/www.ywccpackage.com\/wp-content\/uploads\/2025\/06\/PVC-zipper-bag-with-handle2.webp\" alt=\"Bolsa de PVC con cremallera y asa\" width=\"800\" height=\"800\" srcset=\"https:\/\/www.ywccpackage.com\/wp-content\/uploads\/2025\/06\/PVC-zipper-bag-with-handle2.webp 800w, https:\/\/www.ywccpackage.com\/wp-content\/uploads\/2025\/06\/PVC-zipper-bag-with-handle2-480x480.webp 480w\" sizes=\"(min-width: 0px) and (max-width: 480px) 480px, (min-width: 481px) 800px, 100vw\" \/><\/p>\n<h2>Bolsa de pl\u00e1stico Ziplock PVC<\/h2>\n<p>1. Alta transparencia: La excelente transparencia permite que los contenidos en el <a href=\"https:\/\/www.ywccpackage.com\/es\/producto\/customizable-clear-pvc-plastic-ziplock-bag-with-handle-zipper-business-packaging-solutions\/\"><strong>Bolsa de pl\u00e1stico Ziplock<\/strong><\/a> sea claramente visible.<br \/>\n2. Buena flexibilidad: El material es suave, f\u00e1cil de doblar, moldear y rellenar.<br \/>\n3. Gran durabilidad: En comparaci\u00f3n con las bolsas de pl\u00e1stico ordinarias, es m\u00e1s resistente al desgarro, al desgaste y menos propensa a da\u00f1arse.<br \/>\n4. Impermeable y a prueba de humedad: Proporciona una buena protecci\u00f3n impermeable y a prueba de humedad.<br \/>\n5. Superficie lisa: F\u00e1cil de imprimir, presenta patrones y colores exquisitos.<br \/>\n6. Dise\u00f1o de mano: Hay un asa en la parte superior de la abertura de la bolsa, que es conveniente para llevar a mano. El cierre de cremallera es f\u00e1cil de abrir y cerrar y tiene un buen rendimiento de sellado.<br \/>\n7. Reutilizable: Resistente y duradero, se puede abrir y cerrar para m\u00faltiples usos.<\/p>\n<h2>Escenarios: Dise\u00f1o manual de bolsas de pl\u00e1stico Ziplock<\/h2>\n<p>1. The ultimate convenience of &#8220;pick up and go, free your hands&#8221; is especially suitable for scenarios such as exhibitions, gift giving, post-shopping carrying, and sample distribution.<br \/>\n2. The reliable sealing of &#8220;tight protection, peace of mind&#8221; effectively isolates dust, moisture, and some pollutants, protecting the internal items.<br \/>\n3. La gran transparencia del PVC permite una r\u00e1pida identificaci\u00f3n y b\u00fasqueda sin necesidad de abrir la bolsa.<br \/>\n4. The wide applicability of &#8220;versatile use, a great storage tool&#8221; can be used in multiple ways to meet diverse needs. It can be used in many scenarios such as food preservation, cosmetics storage, stationery organization, electronic product accessories, travel storage, sample distribution, exhibition information bags, and small commodity retail packaging.<br \/>\n5. The durable and economical feature of &#8220;strong and resistant, reusable&#8221; reduces long-term use costs, conforms to the environmental protection concept, and reduces waste.<br \/>\n6. The brand promotion with &#8220;low cost and high exposure&#8221; of &#8220;brand business card, mobile advertisement&#8221; enhances product added value and strengthens customer impression.<\/p>\n<h2>F\u00e1brica<\/h2>\n<p>4 ramas <a href=\"https:\/\/www.ywccpackage.com\/es\/about-us\/\"><strong>f\u00e1brica de bolsas de embalaje<\/strong><\/a> de <a href=\"https:\/\/www.ywccpackage.com\/es\/category\/zipper-bag\/\"><strong>bolsa con cremallera<\/strong><\/a><br \/>\nCapacidad de producci\u00f3n diaria de 200 toneladas<br \/>\nCapacidad de producci\u00f3n diaria de 6 millones de bolsas<br \/>\nEdificios industriales con una superficie de 34.000 metros cuadrados<br \/>\nCumple las certificaciones internacionales, como ISO 9001, SGS, BSCI, FSC, REACH, etc.<\/p>\n<p><img loading=\"lazy\" decoding=\"async\" class=\"size-full wp-image-12579 aligncenter\" data-src=\"https:\/\/www.ywccpackage.com\/wp-content\/uploads\/2025\/06\/factory.webp\" alt=\"F\u00e1brica\" width=\"750\" height=\"2000\" srcset=\"https:\/\/www.ywccpackage.com\/wp-content\/uploads\/2025\/06\/factory.webp 750w, https:\/\/www.ywccpackage.com\/wp-content\/uploads\/2025\/06\/factory-480x1280.webp 480w\" sizes=\"(min-width: 0px) and (max-width: 480px) 480px, (min-width: 481px) 750px, 100vw\" \/> <img loading=\"lazy\" decoding=\"async\" class=\"aligncenter wp-image-12580\" data-src=\"https:\/\/www.ywccpackage.com\/wp-content\/uploads\/2025\/06\/Factory-1.webp\" alt=\"F\u00e1brica\" width=\"750\" height=\"656\" \/> <img loading=\"lazy\" decoding=\"async\" class=\"wp-image-12578 aligncenter\" data-src=\"https:\/\/www.ywccpackage.com\/wp-content\/uploads\/2025\/06\/Factory-2.webp\" alt=\"F\u00e1brica\" width=\"750\" height=\"750\" \/><\/p>\n<h2>Certificaciones: Mostrar logotipos\/certificados<\/h2>\n<p><img loading=\"lazy\" decoding=\"async\" class=\"aligncenter wp-image-12581\" data-src=\"https:\/\/www.ywccpackage.com\/wp-content\/uploads\/2025\/06\/Certificate.webp\" alt=\"Certificado\" width=\"750\" height=\"1113\" srcset=\"https:\/\/www.ywccpackage.com\/wp-content\/uploads\/2025\/06\/Certificate.webp 750w, https:\/\/www.ywccpackage.com\/wp-content\/uploads\/2025\/06\/Certificate-480x713.webp 480w\" sizes=\"(min-width: 0px) and (max-width: 480px) 480px, (min-width: 481px) 750px, 100vw\" \/><\/p>\n<h2>Qui\u00e9nes somos<\/h2>\n<p>Cree envases de marca que destaquen Suministramos envases\u00a0<a href=\"http:\/\/www.ywccpackage.com\/es\/\"><strong>bolsas de pl\u00e1stico personalizadas con logotipo<\/strong><\/a>\u00a0- incluidos los duraderos\u00a0<a href=\"https:\/\/www.ywccpackage.com\/es\/category\/zipper-bag\/\"><strong>bolsa con cremallera<\/strong><\/a> opciones. Elige vers\u00e1til <strong>bolsa transparente con cremallera<\/strong>,\u00a0<strong>bolsa de pl\u00e1stico con cremallera<\/strong>y\u00a0<strong>bolsa con cremallera de pvc<\/strong> soluciones. Nuestra <strong>bolsa de pl\u00e1stico ziplock<\/strong> exhiben el contenido a la vez que protegen los productos. Ideal para tiendas, regalos y promociones. Impermeables, reutilizables y listas para la venta. Aumente la visibilidad de su marca con bolsas profesionales con cremallera impresas a medida. <a href=\"https:\/\/www.ywccpackage.com\/es\/contact-us\/\"><strong>Pida muestras hoy mismo<\/strong><\/a>!<\/p>","protected":false},"excerpt":{"rendered":"<p>Esta bolsa de mano de PVC con cremallera se caracteriza por su gran transparencia, flexibilidad y durabilidad, con un dise\u00f1o impermeable y una superficie de impresi\u00f3n lisa, ideal para diversos usos y para personalizar la marca.<\/p>","protected":false},"featured_media":12638,"template":"","meta":{"_et_pb_use_builder":"","_et_pb_old_content":"","_et_gb_content_width":""},"product_cat":[193],"product_tag":[208,209,210],"yoast_head":"<!-- This site is optimized with the Yoast SEO plugin v22.7 - https:\/\/yoast.com\/wordpress\/plugins\/seo\/ -->\n<title>Plastic Ziplock Bag Supplier - Transparent, Durable &amp; Reusable<\/title>\n<meta name=\"description\" content=\"Plastic Ziplock Bag with high transparency, waterproof protection. Convenient handle, easy to carry. Ideal for storage, gifts &amp; promotions.\" \/>\n<meta name=\"robots\" content=\"index, follow, max-snippet:-1, max-image-preview:large, max-video-preview:-1\" \/>\n<link rel=\"canonical\" href=\"https:\/\/www.ywccpackage.com\/es\/producto\/customizable-clear-pvc-plastic-ziplock-bag-with-handle-zipper-business-packaging-solutions\/\" \/>\n<meta property=\"og:locale\" content=\"es_ES\" \/>\n<meta property=\"og:type\" content=\"article\" \/>\n<meta property=\"og:title\" content=\"Plastic Ziplock Bag Supplier - Transparent, Durable &amp; Reusable\" \/>\n<meta property=\"og:description\" content=\"Plastic Ziplock Bag with high transparency, waterproof protection. Convenient handle, easy to carry. Ideal for storage, gifts &amp; promotions.\" \/>\n<meta property=\"og:url\" content=\"https:\/\/www.ywccpackage.com\/es\/producto\/customizable-clear-pvc-plastic-ziplock-bag-with-handle-zipper-business-packaging-solutions\/\" \/>\n<meta property=\"og:site_name\" content=\"YWCC Package\" \/>\n<meta property=\"article:modified_time\" content=\"2025-08-20T08:36:20+00:00\" \/>\n<meta property=\"og:image\" content=\"https:\/\/www.ywccpackage.com\/wp-content\/uploads\/2025\/06\/PVC-zipper-bag-with-handle1.webp\" \/>\n\t<meta property=\"og:image:width\" content=\"800\" \/>\n\t<meta property=\"og:image:height\" content=\"800\" \/>\n\t<meta property=\"og:image:type\" content=\"image\/webp\" \/>\n<meta name=\"twitter:card\" content=\"summary_large_image\" \/>\n<meta name=\"twitter:label1\" content=\"Tiempo de lectura\" \/>\n\t<meta name=\"twitter:data1\" content=\"3 minutos\" \/>\n<script type=\"application\/ld+json\" class=\"yoast-schema-graph\">{\"@context\":\"https:\/\/schema.org\",\"@graph\":[{\"@type\":\"WebPage\",\"@id\":\"https:\/\/www.ywccpackage.com\/product\/customizable-clear-pvc-plastic-ziplock-bag-with-handle-zipper-business-packaging-solutions\/\",\"url\":\"https:\/\/www.ywccpackage.com\/product\/customizable-clear-pvc-plastic-ziplock-bag-with-handle-zipper-business-packaging-solutions\/\",\"name\":\"Plastic Ziplock Bag Supplier - Transparent, Durable & Reusable\",\"isPartOf\":{\"@id\":\"https:\/\/www.ywccpackage.com\/#website\"},\"primaryImageOfPage\":{\"@id\":\"https:\/\/www.ywccpackage.com\/product\/customizable-clear-pvc-plastic-ziplock-bag-with-handle-zipper-business-packaging-solutions\/#primaryimage\"},\"image\":{\"@id\":\"https:\/\/www.ywccpackage.com\/product\/customizable-clear-pvc-plastic-ziplock-bag-with-handle-zipper-business-packaging-solutions\/#primaryimage\"},\"thumbnailUrl\":\"https:\/\/www.ywccpackage.com\/wp-content\/uploads\/2025\/06\/PVC-zipper-bag-with-handle1.webp\",\"datePublished\":\"2025-06-24T09:02:54+00:00\",\"dateModified\":\"2025-08-20T08:36:20+00:00\",\"description\":\"Plastic Ziplock Bag with high transparency, waterproof protection. Convenient handle, easy to carry. Ideal for storage, gifts & promotions.\",\"breadcrumb\":{\"@id\":\"https:\/\/www.ywccpackage.com\/product\/customizable-clear-pvc-plastic-ziplock-bag-with-handle-zipper-business-packaging-solutions\/#breadcrumb\"},\"inLanguage\":\"es\",\"potentialAction\":[{\"@type\":\"ReadAction\",\"target\":[\"https:\/\/www.ywccpackage.com\/product\/customizable-clear-pvc-plastic-ziplock-bag-with-handle-zipper-business-packaging-solutions\/\"]}]},{\"@type\":\"ImageObject\",\"inLanguage\":\"es\",\"@id\":\"https:\/\/www.ywccpackage.com\/product\/customizable-clear-pvc-plastic-ziplock-bag-with-handle-zipper-business-packaging-solutions\/#primaryimage\",\"url\":\"https:\/\/www.ywccpackage.com\/wp-content\/uploads\/2025\/06\/PVC-zipper-bag-with-handle1.webp\",\"contentUrl\":\"https:\/\/www.ywccpackage.com\/wp-content\/uploads\/2025\/06\/PVC-zipper-bag-with-handle1.webp\",\"width\":800,\"height\":800,\"caption\":\"PVC zipper bag with handle\"},{\"@type\":\"BreadcrumbList\",\"@id\":\"https:\/\/www.ywccpackage.com\/product\/customizable-clear-pvc-plastic-ziplock-bag-with-handle-zipper-business-packaging-solutions\/#breadcrumb\",\"itemListElement\":[{\"@type\":\"ListItem\",\"position\":1,\"name\":\"Home\",\"item\":\"https:\/\/www.ywccpackage.com\/\"},{\"@type\":\"ListItem\",\"position\":2,\"name\":\"Products\",\"item\":\"https:\/\/www.ywccpackage.com\/shop\/\"},{\"@type\":\"ListItem\",\"position\":3,\"name\":\"Customizable Clear PVC Plastic Ziplock Bag with Handle &#038; Zipper | Business Packaging Solutions\"}]},{\"@type\":\"WebSite\",\"@id\":\"https:\/\/www.ywccpackage.com\/#website\",\"url\":\"https:\/\/www.ywccpackage.com\/\",\"name\":\"YWCC Package\",\"description\":\"YWCC Package\",\"potentialAction\":[{\"@type\":\"SearchAction\",\"target\":{\"@type\":\"EntryPoint\",\"urlTemplate\":\"https:\/\/www.ywccpackage.com\/?s={search_term_string}\"},\"query-input\":\"required name=search_term_string\"}],\"inLanguage\":\"es\"}]}<\/script>\n<!-- \/ Yoast SEO plugin. -->","yoast_head_json":{"title":"Plastic Ziplock Bag Supplier - Transparent, Durable & Reusable","description":"Plastic Ziplock Bag with high transparency, waterproof protection. Convenient handle, easy to carry. Ideal for storage, gifts & promotions.","robots":{"index":"index","follow":"follow","max-snippet":"max-snippet:-1","max-image-preview":"max-image-preview:large","max-video-preview":"max-video-preview:-1"},"canonical":"https:\/\/www.ywccpackage.com\/es\/producto\/customizable-clear-pvc-plastic-ziplock-bag-with-handle-zipper-business-packaging-solutions\/","og_locale":"es_ES","og_type":"article","og_title":"Plastic Ziplock Bag Supplier - Transparent, Durable & Reusable","og_description":"Plastic Ziplock Bag with high transparency, waterproof protection. Convenient handle, easy to carry. Ideal for storage, gifts & promotions.","og_url":"https:\/\/www.ywccpackage.com\/es\/producto\/customizable-clear-pvc-plastic-ziplock-bag-with-handle-zipper-business-packaging-solutions\/","og_site_name":"YWCC Package","article_modified_time":"2025-08-20T08:36:20+00:00","og_image":[{"width":800,"height":800,"url":"https:\/\/www.ywccpackage.com\/wp-content\/uploads\/2025\/06\/PVC-zipper-bag-with-handle1.webp","type":"image\/webp"}],"twitter_card":"summary_large_image","twitter_misc":{"Tiempo de lectura":"3 minutos"},"schema":{"@context":"https:\/\/schema.org","@graph":[{"@type":"WebPage","@id":"https:\/\/www.ywccpackage.com\/product\/customizable-clear-pvc-plastic-ziplock-bag-with-handle-zipper-business-packaging-solutions\/","url":"https:\/\/www.ywccpackage.com\/product\/customizable-clear-pvc-plastic-ziplock-bag-with-handle-zipper-business-packaging-solutions\/","name":"Plastic Ziplock Bag Supplier - Transparent, Durable & Reusable","isPartOf":{"@id":"https:\/\/www.ywccpackage.com\/#website"},"primaryImageOfPage":{"@id":"https:\/\/www.ywccpackage.com\/product\/customizable-clear-pvc-plastic-ziplock-bag-with-handle-zipper-business-packaging-solutions\/#primaryimage"},"image":{"@id":"https:\/\/www.ywccpackage.com\/product\/customizable-clear-pvc-plastic-ziplock-bag-with-handle-zipper-business-packaging-solutions\/#primaryimage"},"thumbnailUrl":"https:\/\/www.ywccpackage.com\/wp-content\/uploads\/2025\/06\/PVC-zipper-bag-with-handle1.webp","datePublished":"2025-06-24T09:02:54+00:00","dateModified":"2025-08-20T08:36:20+00:00","description":"Plastic Ziplock Bag with high transparency, waterproof protection. Convenient handle, easy to carry. Ideal for storage, gifts & promotions.","breadcrumb":{"@id":"https:\/\/www.ywccpackage.com\/product\/customizable-clear-pvc-plastic-ziplock-bag-with-handle-zipper-business-packaging-solutions\/#breadcrumb"},"inLanguage":"es","potentialAction":[{"@type":"ReadAction","target":["https:\/\/www.ywccpackage.com\/product\/customizable-clear-pvc-plastic-ziplock-bag-with-handle-zipper-business-packaging-solutions\/"]}]},{"@type":"ImageObject","inLanguage":"es","@id":"https:\/\/www.ywccpackage.com\/product\/customizable-clear-pvc-plastic-ziplock-bag-with-handle-zipper-business-packaging-solutions\/#primaryimage","url":"https:\/\/www.ywccpackage.com\/wp-content\/uploads\/2025\/06\/PVC-zipper-bag-with-handle1.webp","contentUrl":"https:\/\/www.ywccpackage.com\/wp-content\/uploads\/2025\/06\/PVC-zipper-bag-with-handle1.webp","width":800,"height":800,"caption":"PVC zipper bag with handle"},{"@type":"BreadcrumbList","@id":"https:\/\/www.ywccpackage.com\/product\/customizable-clear-pvc-plastic-ziplock-bag-with-handle-zipper-business-packaging-solutions\/#breadcrumb","itemListElement":[{"@type":"ListItem","position":1,"name":"Home","item":"https:\/\/www.ywccpackage.com\/"},{"@type":"ListItem","position":2,"name":"Products","item":"https:\/\/www.ywccpackage.com\/shop\/"},{"@type":"ListItem","position":3,"name":"Customizable Clear PVC Plastic Ziplock Bag with Handle &#038; Zipper | Business Packaging Solutions"}]},{"@type":"WebSite","@id":"https:\/\/www.ywccpackage.com\/#website","url":"https:\/\/www.ywccpackage.com\/","name":"YWCC Package","description":"YWCC Package","potentialAction":[{"@type":"SearchAction","target":{"@type":"EntryPoint","urlTemplate":"https:\/\/www.ywccpackage.com\/?s={search_term_string}"},"query-input":"required name=search_term_string"}],"inLanguage":"es"}]}},"_links":{"self":[{"href":"https:\/\/www.ywccpackage.com\/es\/wp-json\/wp\/v2\/product\/12636"}],"collection":[{"href":"https:\/\/www.ywccpackage.com\/es\/wp-json\/wp\/v2\/product"}],"about":[{"href":"https:\/\/www.ywccpackage.com\/es\/wp-json\/wp\/v2\/types\/product"}],"wp:featuredmedia":[{"embeddable":true,"href":"https:\/\/www.ywccpackage.com\/es\/wp-json\/wp\/v2\/media\/12638"}],"wp:attachment":[{"href":"https:\/\/www.ywccpackage.com\/es\/wp-json\/wp\/v2\/media?parent=12636"}],"wp:term":[{"taxonomy":"product_cat","embeddable":true,"href":"https:\/\/www.ywccpackage.com\/es\/wp-json\/wp\/v2\/product_cat?post=12636"},{"taxonomy":"product_tag","embeddable":true,"href":"https:\/\/www.ywccpackage.com\/es\/wp-json\/wp\/v2\/product_tag?post=12636"}],"curies":[{"name":"wp","href":"https:\/\/api.w.org\/{rel}","templated":true}]}}