{"id":12651,"date":"2025-07-02T10:01:16","date_gmt":"2025-07-02T10:01:16","guid":{"rendered":"https:\/\/www.ywccpackage.com\/?post_type=product&#038;p=12651"},"modified":"2025-08-20T08:31:01","modified_gmt":"2025-08-20T08:31:01","slug":"brand-your-products-now-custom-printed-small-zip-lock-bags-for-e-commerce-full-color-printed","status":"publish","type":"product","link":"https:\/\/www.ywccpackage.com\/es\/producto\/brand-your-products-now-custom-printed-small-zip-lock-bags-for-e-commerce-full-color-printed\/","title":{"rendered":"Marque sus productos ahora - Bolsas con cremallera peque\u00f1as impresas a medida para comercio electr\u00f3nico - Impresas a todo color"},"content":{"rendered":"<h2>1. Impresi\u00f3n a toda p\u00e1gina de bolsas Ziploc peque\u00f1as<\/h2>\n<p>Maximizan la exposici\u00f3n de la marca, proporcionan un gran espacio publicitario, muestran plenamente el logotipo de la marca, la informaci\u00f3n sobre el producto, patrones exquisitos o esl\u00f3ganes promocionales, y mejoran el reconocimiento de la marca y el impacto visual del <a href=\"https:\/\/www.ywccpackage.com\/es\/producto\/brand-your-products-now-custom-printed-small-zip-lock-bags-for-e-commerce-full-color-printed\/\"><strong>Bolsas Ziploc Peque\u00f1as<\/strong><\/a>.<\/p>\n<p>Aumentar el atractivo del producto: Haga que el propio envase sea un producto llamativo para estimular el deseo de compra.<\/p>\n<p>Transferencia de informaci\u00f3n completa: Puede albergar descripciones m\u00e1s detalladas de productos, gu\u00edas de uso, listas de ingredientes, etc.<\/p>\n<p>Alto grado de libertad de dise\u00f1o: Los dise\u00f1adores pueden dar rienda suelta a su creatividad y crear un efecto visual \u00fanico.<\/p>\n<h2>2. Material mate<\/h2>\n<h3>Caracter\u00edsticas<\/h3>\n<p>1. La superficie de la bolsa ha sido sometida a un tratamiento especial, presentando una textura mate, vaporosa y delicadamente esmerilada, que proporciona un tacto confortable.<br \/>\n2. Mejora la textura y el grado: El efecto esmerilado hace que el producto parezca m\u00e1s avanzado, discreto y de buen gusto en comparaci\u00f3n con la superficie brillante, mejorando la imagen general del producto y su rango de precio.<br \/>\n3. Resistente a huellas dactilares y ara\u00f1azos: No es f\u00e1cil dejar huellas dactilares, manchas de aceite y peque\u00f1os ara\u00f1azos, manteniendo la belleza del embalaje.<br \/>\n4. Mejora la sensaci\u00f3n en la mano: Ofrece una experiencia t\u00e1ctil c\u00f3moda, suave y antideslizante.<br \/>\n5. Reflejo suave de la luz: El efecto mate reduce los reflejos \u00e1speros, haci\u00e9ndolo m\u00e1s suave y c\u00f3modo visualmente.<\/p>\n<p>Aumentar la privacidad\/misterio del contenido: En comparaci\u00f3n con las bolsas transparentes, el material mate hace que el contenido aparezca ligeramente visible o completamente oculto (seg\u00fan el grado de escarchado), protegiendo la intimidad o creando una sensaci\u00f3n de sorpresa al abrir la caja.<\/p>\n<p>Significantly enhance the high &#8211; end and quality feel of the product packaging.<\/p>\n<p>Gran practicidad: Resistente a la suciedad y los ara\u00f1azos, mantiene el aspecto limpio.<\/p>\n<p>Experiencia t\u00e1ctil \u00fanica: Aumenta la sensaci\u00f3n de interacci\u00f3n entre los usuarios y el producto.<\/p>\n<h2>3. Sello de cremallera<\/h2>\n<p>C\u00f3modo sellado de <a href=\"https:\/\/www.ywccpackage.com\/es\/category\/zipper-bag\/\"><strong>bolsas de pl\u00e1stico con cremallera<\/strong><\/a>: Puede abrirse y cerrarse r\u00e1pida y f\u00e1cilmente sin necesidad de herramientas adicionales.<\/p>\n<p>Reutilizable: Se puede abrir y cerrar m\u00faltiples veces para sellar, asegurando la frescura, a prueba de humedad, a prueba de fugas y propiedades anti-olor de los contenidos.<\/p>\n<p>Protecci\u00f3n del contenido: A\u00edsla eficazmente el aire, la humedad, el polvo y los contaminantes.<\/p>\n<p>Mejora la usabilidad: Los usuarios pueden sacar parte del contenido en cualquier momento y volver a cerrarlo para evitar desperdicios.<\/p>\n<p>Mejora la funcionalidad del envase: Convierte el envase no solo en un contenedor, sino tambi\u00e9n en una herramienta de almacenamiento.<\/p>\n<h2>Se pueden realizar diversos servicios personalizados seg\u00fan las necesidades del cliente:<\/h2>\n<p>1. Custom brand logo design to enhance brand value, brand differentiation, and combat competitors. Exquisite printing, high &#8211; quality materials, and convenient &#8211; function packaging significantly enhance the overall grade and perceived value of the product, providing a reasonable price &#8211; increase space for the brand.<\/p>\n<p>2. Accept customized colors, thicknesses, and sizes. (A minimum order quantity of 500 kg is required) Or consider inventory in various colors such as transparent, frosted, and colored. MOQ 500 (silk &#8211; screen printing), MOQ 5000 (gravure printing). If you need in &#8211; stock items, please contact us to obtain all sizes, thicknesses, and colors.<\/p>\n<p>3. High &#8211; quality logistics services, fast delivery, and cost &#8211; effectiveness.<\/p>\n<h2>Ventajas de la f\u00e1brica:<\/h2>\n<p>4 sucursales,<br \/>\nCapacidad de producci\u00f3n diaria de 200 toneladas,<br \/>\nCapacidad de producci\u00f3n diaria de 6 millones de bolsas<br \/>\nA <a href=\"https:\/\/www.ywccpackage.com\/es\/about-us\/\"><strong>f\u00e1brica de bolsas de embalaje<\/strong><\/a> edificio de 34.000 metros cuadrados<br \/>\nCumple las certificaciones internacionales, como ISO 9001, SGS, BSCI, FSC, REACH, etc.<\/p>\n<p><img loading=\"lazy\" decoding=\"async\" class=\"size-full wp-image-12579 aligncenter\" data-src=\"https:\/\/www.ywccpackage.com\/wp-content\/uploads\/2025\/06\/factory.webp\" alt=\"F\u00e1brica\" width=\"750\" height=\"2000\" srcset=\"https:\/\/www.ywccpackage.com\/wp-content\/uploads\/2025\/06\/factory.webp 750w, https:\/\/www.ywccpackage.com\/wp-content\/uploads\/2025\/06\/factory-480x1280.webp 480w\" sizes=\"(min-width: 0px) and (max-width: 480px) 480px, (min-width: 481px) 750px, 100vw\" \/> <img loading=\"lazy\" decoding=\"async\" class=\"aligncenter wp-image-12580\" data-src=\"https:\/\/www.ywccpackage.com\/wp-content\/uploads\/2025\/06\/Factory-1.webp\" alt=\"F\u00e1brica\" width=\"750\" height=\"656\" \/> <img loading=\"lazy\" decoding=\"async\" class=\"wp-image-12578 aligncenter\" data-src=\"https:\/\/www.ywccpackage.com\/wp-content\/uploads\/2025\/06\/Factory-2.webp\" alt=\"F\u00e1brica\" width=\"750\" height=\"750\" \/><\/p>\n<h2>Certificaciones: Mostrar logotipos\/certificados<\/h2>\n<p><img loading=\"lazy\" decoding=\"async\" class=\"aligncenter wp-image-12581\" data-src=\"https:\/\/www.ywccpackage.com\/wp-content\/uploads\/2025\/06\/Certificate.webp\" alt=\"Certificado\" width=\"750\" height=\"1113\" srcset=\"https:\/\/www.ywccpackage.com\/wp-content\/uploads\/2025\/06\/Certificate.webp 750w, https:\/\/www.ywccpackage.com\/wp-content\/uploads\/2025\/06\/Certificate-480x713.webp 480w\" sizes=\"(min-width: 0px) and (max-width: 480px) 480px, (min-width: 481px) 750px, 100vw\" \/><\/p>\n<h2>Qui\u00e9nes somos<\/h2>\n<p>Cree envases de marca que destaquen Suministramos envases\u00a0<a href=\"http:\/\/www.ywccpackage.com\/es\/\"><strong>bolsas de pl\u00e1stico personalizadas con logotipo<\/strong><\/a>\u00a0- incluidos los duraderos\u00a0<strong>bolsa con cremallera<\/strong> opciones. Elige vers\u00e1til <strong>bolsa transparente con cremallera<\/strong>,\u00a0<strong>bolsa de pl\u00e1stico con cremallera<\/strong>y\u00a0<strong>bolsa con cremallera de pvc<\/strong> soluciones. Nuestra <strong>bolsas peque\u00f1as con cierre<\/strong>\u00a0exhiben el contenido a la vez que protegen los productos. Ideal para tiendas, regalos y promociones. Impermeables, reutilizables y listas para la venta. Aumente la visibilidad de su marca con bolsas profesionales con cremallera impresas a medida. <a href=\"https:\/\/www.ywccpackage.com\/es\/contact-us\/\"><strong>Pida muestras hoy mismo<\/strong><\/a>!<\/p>","protected":false},"excerpt":{"rendered":"<p>Estas bolsas cuentan con impresi\u00f3n a toda p\u00e1gina para mostrar la marca, material mate con un tacto de primera calidad resistente a los ara\u00f1azos y protecci\u00f3n de la intimidad, adem\u00e1s de cierres de cremallera para un sellado f\u00e1cil y reutilizable. Personalizables en dise\u00f1o, color y tama\u00f1o; con amplio stock y gran capacidad de producci\u00f3n. Certificado, ideal para aumentar el valor de la marca.<\/p>","protected":false},"featured_media":12653,"template":"","meta":{"_et_pb_use_builder":"","_et_pb_old_content":"","_et_gb_content_width":""},"product_cat":[193],"product_tag":[209,210,208],"yoast_head":"<!-- This site is optimized with the Yoast SEO plugin v22.7 - https:\/\/yoast.com\/wordpress\/plugins\/seo\/ -->\n<title>Small Zip Lock Bags - Full-Print, Matte &amp; Reusable<\/title>\n<meta name=\"description\" content=\"Small zip lock bags with full-page printing, matte texture &amp; zipper seal. Boost brand appeal, protect contents. Customizable sizes\/colors. Ideal for retail &amp; gifts.\" \/>\n<meta name=\"robots\" content=\"index, follow, max-snippet:-1, max-image-preview:large, max-video-preview:-1\" \/>\n<link rel=\"canonical\" href=\"https:\/\/www.ywccpackage.com\/es\/producto\/brand-your-products-now-custom-printed-small-zip-lock-bags-for-e-commerce-full-color-printed\/\" \/>\n<meta property=\"og:locale\" content=\"es_ES\" \/>\n<meta property=\"og:type\" content=\"article\" \/>\n<meta property=\"og:title\" content=\"Small Zip Lock Bags - Full-Print, Matte &amp; Reusable\" \/>\n<meta property=\"og:description\" content=\"Small zip lock bags with full-page printing, matte texture &amp; zipper seal. Boost brand appeal, protect contents. Customizable sizes\/colors. Ideal for retail &amp; gifts.\" \/>\n<meta property=\"og:url\" content=\"https:\/\/www.ywccpackage.com\/es\/producto\/brand-your-products-now-custom-printed-small-zip-lock-bags-for-e-commerce-full-color-printed\/\" \/>\n<meta property=\"og:site_name\" content=\"YWCC Package\" \/>\n<meta property=\"article:modified_time\" content=\"2025-08-20T08:31:01+00:00\" \/>\n<meta property=\"og:image\" content=\"https:\/\/www.ywccpackage.com\/wp-content\/uploads\/2025\/07\/frosted-zipper-bag-1.webp\" \/>\n\t<meta property=\"og:image:width\" content=\"1200\" \/>\n\t<meta property=\"og:image:height\" content=\"1200\" \/>\n\t<meta property=\"og:image:type\" content=\"image\/webp\" \/>\n<meta name=\"twitter:card\" content=\"summary_large_image\" \/>\n<meta name=\"twitter:label1\" content=\"Tiempo de lectura\" \/>\n\t<meta name=\"twitter:data1\" content=\"4 minutos\" \/>\n<script type=\"application\/ld+json\" class=\"yoast-schema-graph\">{\"@context\":\"https:\/\/schema.org\",\"@graph\":[{\"@type\":\"WebPage\",\"@id\":\"https:\/\/www.ywccpackage.com\/product\/brand-your-products-now-custom-printed-small-zip-lock-bags-for-e-commerce-full-color-printed\/\",\"url\":\"https:\/\/www.ywccpackage.com\/product\/brand-your-products-now-custom-printed-small-zip-lock-bags-for-e-commerce-full-color-printed\/\",\"name\":\"Small Zip Lock Bags - Full-Print, Matte & Reusable\",\"isPartOf\":{\"@id\":\"https:\/\/www.ywccpackage.com\/#website\"},\"primaryImageOfPage\":{\"@id\":\"https:\/\/www.ywccpackage.com\/product\/brand-your-products-now-custom-printed-small-zip-lock-bags-for-e-commerce-full-color-printed\/#primaryimage\"},\"image\":{\"@id\":\"https:\/\/www.ywccpackage.com\/product\/brand-your-products-now-custom-printed-small-zip-lock-bags-for-e-commerce-full-color-printed\/#primaryimage\"},\"thumbnailUrl\":\"https:\/\/www.ywccpackage.com\/wp-content\/uploads\/2025\/07\/frosted-zipper-bag-1.webp\",\"datePublished\":\"2025-07-02T10:01:16+00:00\",\"dateModified\":\"2025-08-20T08:31:01+00:00\",\"description\":\"Small zip lock bags with full-page printing, matte texture & zipper seal. Boost brand appeal, protect contents. Customizable sizes\/colors. Ideal for retail & gifts.\",\"breadcrumb\":{\"@id\":\"https:\/\/www.ywccpackage.com\/product\/brand-your-products-now-custom-printed-small-zip-lock-bags-for-e-commerce-full-color-printed\/#breadcrumb\"},\"inLanguage\":\"es\",\"potentialAction\":[{\"@type\":\"ReadAction\",\"target\":[\"https:\/\/www.ywccpackage.com\/product\/brand-your-products-now-custom-printed-small-zip-lock-bags-for-e-commerce-full-color-printed\/\"]}]},{\"@type\":\"ImageObject\",\"inLanguage\":\"es\",\"@id\":\"https:\/\/www.ywccpackage.com\/product\/brand-your-products-now-custom-printed-small-zip-lock-bags-for-e-commerce-full-color-printed\/#primaryimage\",\"url\":\"https:\/\/www.ywccpackage.com\/wp-content\/uploads\/2025\/07\/frosted-zipper-bag-1.webp\",\"contentUrl\":\"https:\/\/www.ywccpackage.com\/wp-content\/uploads\/2025\/07\/frosted-zipper-bag-1.webp\",\"width\":1200,\"height\":1200,\"caption\":\"frosted zipper bag\"},{\"@type\":\"BreadcrumbList\",\"@id\":\"https:\/\/www.ywccpackage.com\/product\/brand-your-products-now-custom-printed-small-zip-lock-bags-for-e-commerce-full-color-printed\/#breadcrumb\",\"itemListElement\":[{\"@type\":\"ListItem\",\"position\":1,\"name\":\"Home\",\"item\":\"https:\/\/www.ywccpackage.com\/\"},{\"@type\":\"ListItem\",\"position\":2,\"name\":\"Products\",\"item\":\"https:\/\/www.ywccpackage.com\/shop\/\"},{\"@type\":\"ListItem\",\"position\":3,\"name\":\"Brand Your Products Now &#8211; Custom Printed Small Zip Lock Bags for E-commerce &#8211; Full Color Printed\"}]},{\"@type\":\"WebSite\",\"@id\":\"https:\/\/www.ywccpackage.com\/#website\",\"url\":\"https:\/\/www.ywccpackage.com\/\",\"name\":\"YWCC Package\",\"description\":\"YWCC Package\",\"potentialAction\":[{\"@type\":\"SearchAction\",\"target\":{\"@type\":\"EntryPoint\",\"urlTemplate\":\"https:\/\/www.ywccpackage.com\/?s={search_term_string}\"},\"query-input\":\"required name=search_term_string\"}],\"inLanguage\":\"es\"}]}<\/script>\n<!-- \/ Yoast SEO plugin. -->","yoast_head_json":{"title":"Small Zip Lock Bags - Full-Print, Matte & Reusable","description":"Small zip lock bags with full-page printing, matte texture & zipper seal. Boost brand appeal, protect contents. Customizable sizes\/colors. Ideal for retail & gifts.","robots":{"index":"index","follow":"follow","max-snippet":"max-snippet:-1","max-image-preview":"max-image-preview:large","max-video-preview":"max-video-preview:-1"},"canonical":"https:\/\/www.ywccpackage.com\/es\/producto\/brand-your-products-now-custom-printed-small-zip-lock-bags-for-e-commerce-full-color-printed\/","og_locale":"es_ES","og_type":"article","og_title":"Small Zip Lock Bags - Full-Print, Matte & Reusable","og_description":"Small zip lock bags with full-page printing, matte texture & zipper seal. Boost brand appeal, protect contents. Customizable sizes\/colors. Ideal for retail & gifts.","og_url":"https:\/\/www.ywccpackage.com\/es\/producto\/brand-your-products-now-custom-printed-small-zip-lock-bags-for-e-commerce-full-color-printed\/","og_site_name":"YWCC Package","article_modified_time":"2025-08-20T08:31:01+00:00","og_image":[{"width":1200,"height":1200,"url":"https:\/\/www.ywccpackage.com\/wp-content\/uploads\/2025\/07\/frosted-zipper-bag-1.webp","type":"image\/webp"}],"twitter_card":"summary_large_image","twitter_misc":{"Tiempo de lectura":"4 minutos"},"schema":{"@context":"https:\/\/schema.org","@graph":[{"@type":"WebPage","@id":"https:\/\/www.ywccpackage.com\/product\/brand-your-products-now-custom-printed-small-zip-lock-bags-for-e-commerce-full-color-printed\/","url":"https:\/\/www.ywccpackage.com\/product\/brand-your-products-now-custom-printed-small-zip-lock-bags-for-e-commerce-full-color-printed\/","name":"Small Zip Lock Bags - Full-Print, Matte & Reusable","isPartOf":{"@id":"https:\/\/www.ywccpackage.com\/#website"},"primaryImageOfPage":{"@id":"https:\/\/www.ywccpackage.com\/product\/brand-your-products-now-custom-printed-small-zip-lock-bags-for-e-commerce-full-color-printed\/#primaryimage"},"image":{"@id":"https:\/\/www.ywccpackage.com\/product\/brand-your-products-now-custom-printed-small-zip-lock-bags-for-e-commerce-full-color-printed\/#primaryimage"},"thumbnailUrl":"https:\/\/www.ywccpackage.com\/wp-content\/uploads\/2025\/07\/frosted-zipper-bag-1.webp","datePublished":"2025-07-02T10:01:16+00:00","dateModified":"2025-08-20T08:31:01+00:00","description":"Small zip lock bags with full-page printing, matte texture & zipper seal. Boost brand appeal, protect contents. Customizable sizes\/colors. Ideal for retail & gifts.","breadcrumb":{"@id":"https:\/\/www.ywccpackage.com\/product\/brand-your-products-now-custom-printed-small-zip-lock-bags-for-e-commerce-full-color-printed\/#breadcrumb"},"inLanguage":"es","potentialAction":[{"@type":"ReadAction","target":["https:\/\/www.ywccpackage.com\/product\/brand-your-products-now-custom-printed-small-zip-lock-bags-for-e-commerce-full-color-printed\/"]}]},{"@type":"ImageObject","inLanguage":"es","@id":"https:\/\/www.ywccpackage.com\/product\/brand-your-products-now-custom-printed-small-zip-lock-bags-for-e-commerce-full-color-printed\/#primaryimage","url":"https:\/\/www.ywccpackage.com\/wp-content\/uploads\/2025\/07\/frosted-zipper-bag-1.webp","contentUrl":"https:\/\/www.ywccpackage.com\/wp-content\/uploads\/2025\/07\/frosted-zipper-bag-1.webp","width":1200,"height":1200,"caption":"frosted zipper bag"},{"@type":"BreadcrumbList","@id":"https:\/\/www.ywccpackage.com\/product\/brand-your-products-now-custom-printed-small-zip-lock-bags-for-e-commerce-full-color-printed\/#breadcrumb","itemListElement":[{"@type":"ListItem","position":1,"name":"Home","item":"https:\/\/www.ywccpackage.com\/"},{"@type":"ListItem","position":2,"name":"Products","item":"https:\/\/www.ywccpackage.com\/shop\/"},{"@type":"ListItem","position":3,"name":"Brand Your Products Now &#8211; Custom Printed Small Zip Lock Bags for E-commerce &#8211; Full Color Printed"}]},{"@type":"WebSite","@id":"https:\/\/www.ywccpackage.com\/#website","url":"https:\/\/www.ywccpackage.com\/","name":"YWCC Package","description":"YWCC Package","potentialAction":[{"@type":"SearchAction","target":{"@type":"EntryPoint","urlTemplate":"https:\/\/www.ywccpackage.com\/?s={search_term_string}"},"query-input":"required name=search_term_string"}],"inLanguage":"es"}]}},"_links":{"self":[{"href":"https:\/\/www.ywccpackage.com\/es\/wp-json\/wp\/v2\/product\/12651"}],"collection":[{"href":"https:\/\/www.ywccpackage.com\/es\/wp-json\/wp\/v2\/product"}],"about":[{"href":"https:\/\/www.ywccpackage.com\/es\/wp-json\/wp\/v2\/types\/product"}],"wp:featuredmedia":[{"embeddable":true,"href":"https:\/\/www.ywccpackage.com\/es\/wp-json\/wp\/v2\/media\/12653"}],"wp:attachment":[{"href":"https:\/\/www.ywccpackage.com\/es\/wp-json\/wp\/v2\/media?parent=12651"}],"wp:term":[{"taxonomy":"product_cat","embeddable":true,"href":"https:\/\/www.ywccpackage.com\/es\/wp-json\/wp\/v2\/product_cat?post=12651"},{"taxonomy":"product_tag","embeddable":true,"href":"https:\/\/www.ywccpackage.com\/es\/wp-json\/wp\/v2\/product_tag?post=12651"}],"curies":[{"name":"wp","href":"https:\/\/api.w.org\/{rel}","templated":true}]}}