{"id":12657,"date":"2025-07-02T10:07:33","date_gmt":"2025-07-02T10:07:33","guid":{"rendered":"https:\/\/www.ywccpackage.com\/?post_type=product&#038;p=12657"},"modified":"2025-11-03T07:42:39","modified_gmt":"2025-11-03T07:42:39","slug":"double-adhesive-self-sealing-courier-bags-waterproof-clothing-shipping-bags-for-e-commerce-shipping","status":"publish","type":"product","link":"https:\/\/www.ywccpackage.com\/es\/producto\/double-adhesive-self-sealing-courier-bags-waterproof-clothing-shipping-bags-for-e-commerce-shipping\/","title":{"rendered":"Bolsas de mensajer\u00eda autosellantes con doble adhesivo - Bolsas impermeables para env\u00edos de ropa para comercio electr\u00f3nico"},"content":{"rendered":"<h2>Ventajas de las bolsas de transporte de ropa<\/h2>\n<h3>1. Es posible la apertura repetida y el sellado secundario<\/h3>\n<p>Si el <strong><a href=\"https:\/\/www.ywccpackage.com\/es\/producto\/double-adhesive-self-sealing-courier-bags-waterproof-clothing-shipping-bags-for-e-commerce-shipping\/\">Bolsas de transporte de ropa<\/a><\/strong> need to be opened again after the first sealing (for example, the seller sent the wrong goods and needs to adjust the contents, the buyer needs to take out the goods for return, or for customs inspection, etc.), just carefully tear off the first adhesive strip on the outside (without damaging the bag itself). After taking out or putting in the goods, directly use the second adhesive strip on the inside for re &#8211; sealing.<\/p>\n<h3>2. Las bolsas para transporte de ropa podr\u00edan Mejorar el sellado y la seguridad<\/h3>\n<p>Anti &#8211; theft and anti &#8211; tampering: If the outer adhesive strip is torn, it will leave obvious marks, and the recipient can easily find that the package may have been opened midway, improving safety. The inner adhesive strip ensures the safety of the contents after secondary sealing.<br \/>\nDouble &#8211; layer sealing: The two adhesive strips provide double &#8211; layer protection, which is more effective in preventing accidental opening during transportation than a single &#8211; adhesive &#8211; strip or ordinary tape sealing.<\/p>\n<h3>3. Bolsas de env\u00edo de ropa son operaci\u00f3n conveniente y eficiente<\/h3>\n<p>F\u00e1cil de abrir: Los destinatarios normalmente s\u00f3lo tienen que rasgar a lo largo de la indicaci\u00f3n de la tira adhesiva exterior para sacar f\u00e1cilmente la mercanc\u00eda, proporcionando una mejor experiencia.<br \/>\nNo se necesitan herramientas adicionales: Tanto si se trata del primer sellado como del sellado secundario, no se necesita cinta ni herramientas adicionales. Basta con arrancar la pel\u00edcula protectora y pegarla directamente.<\/p>\n<h3>4. Improved moisture &#8211; proof and dust &#8211; proof performance<\/h3>\n<p>The tight fit of the two adhesive strips usually makes the sealing at the bag mouth better than that of a single &#8211; tape sealing. It can better block outside moisture and dust from entering the bag, providing better protection for the contents (especially for items that require a certain degree of moisture &#8211; proof).<\/p>\n<h3>5. Aspecto pulcro y profesional<\/h3>\n<p>The double &#8211; adhesive &#8211; strip design of the <a href=\"https:\/\/www.ywccpackage.com\/es\/category\/mailer\/\"><strong>bolsa de correo<\/strong><\/a> en s\u00ed es relativamente regular. Tras el sellado, el aspecto es plano y bonito, lo que le confiere un aspecto m\u00e1s profesional y fiable. Tras el sellado secundario, la tira adhesiva interior tambi\u00e9n puede mantener un aspecto relativamente ordenado (a diferencia del pegado repetido con cinta adhesiva ordinaria, que es desordenado).<\/p>\n<h2>Escenarios de aplicaci\u00f3n de las bolsas para env\u00edos de ropa<\/h2>\n<p>Vendedores de comercio electr\u00f3nico: Es muy c\u00f3modo y eficaz gestionar posibles devoluciones y cambios.<br \/>\nEnlaces que requieren inspecciones frecuentes de desembalaje: como inspecci\u00f3n de calidad, aduanas, etc.<br \/>\nEnv\u00edo de objetos valiosos o que requieran alta seguridad.<br \/>\nUsuarios que prestan atenci\u00f3n a la eficiencia de los envases y a la protecci\u00f3n y conservaci\u00f3n del medio ambiente.<\/p>\n<h3>Podemos realizar diversos servicios personalizados seg\u00fan las necesidades del cliente.<\/h3>\n<p>1. Dise\u00f1o de doble banda de caucho con diferentes materiales, como materiales nuevos, materiales seminuevos, materiales reciclados, materiales degradables, materiales totalmente degradables, etc.<br \/>\n2. Acepte dise\u00f1os de dimensiones, grosor, etc. para satisfacer sus necesidades.<br \/>\n3. Acepta dise\u00f1os adicionales, como asa, bolsillo adjunto, etc. para satisfacer las necesidades de escenarios diversificados.<\/p>\n<h2>F\u00e1brica<\/h2>\n<p>La f\u00e1brica designa las especificaciones, dimensiones y grosor, con existencias suficientes (sin imprimir) para un env\u00edo r\u00e1pido.<\/p>\n<p>4 sucursales<br \/>\nCapacidad de producci\u00f3n diaria de 200 toneladas<br \/>\nCapacidad de producci\u00f3n diaria de 6 millones de bolsas<br \/>\nEdificios industriales con una superficie de 34.000 metros cuadrados<br \/>\nCumple las certificaciones internacionales, como ISO 9001, SGS, BSCI, FSC, REACH, etc.<\/p>\n<p><img loading=\"lazy\" decoding=\"async\" class=\"size-full wp-image-12579 aligncenter\" data-src=\"https:\/\/www.ywccpackage.com\/wp-content\/uploads\/2025\/06\/factory.webp\" alt=\"F\u00e1brica\" width=\"750\" height=\"2000\" srcset=\"https:\/\/www.ywccpackage.com\/wp-content\/uploads\/2025\/06\/factory.webp 750w, https:\/\/www.ywccpackage.com\/wp-content\/uploads\/2025\/06\/factory-480x1280.webp 480w\" sizes=\"(min-width: 0px) and (max-width: 480px) 480px, (min-width: 481px) 750px, 100vw\" \/> <img loading=\"lazy\" decoding=\"async\" class=\"aligncenter wp-image-12580\" data-src=\"https:\/\/www.ywccpackage.com\/wp-content\/uploads\/2025\/06\/Factory-1.webp\" alt=\"F\u00e1brica\" width=\"750\" height=\"656\" \/> <img loading=\"lazy\" decoding=\"async\" class=\"wp-image-13110 aligncenter\" data-src=\"https:\/\/www.ywccpackage.com\/wp-content\/uploads\/2025\/07\/photobank.webp\" alt=\"Bolsas impermeables para env\u00edo de ropa\" width=\"733\" height=\"733\" srcset=\"https:\/\/www.ywccpackage.com\/wp-content\/uploads\/2025\/07\/photobank.webp 733w, https:\/\/www.ywccpackage.com\/wp-content\/uploads\/2025\/07\/photobank-480x480.webp 480w\" sizes=\"(min-width: 0px) and (max-width: 480px) 480px, (min-width: 481px) 733px, 100vw\" \/><\/p>\n<h2>Certificaciones: Mostrar logotipos\/certificados<\/h2>\n<p><img loading=\"lazy\" decoding=\"async\" class=\"aligncenter wp-image-12581\" data-src=\"https:\/\/www.ywccpackage.com\/wp-content\/uploads\/2025\/06\/Certificate.webp\" alt=\"Certificado\" width=\"750\" height=\"1113\" srcset=\"https:\/\/www.ywccpackage.com\/wp-content\/uploads\/2025\/06\/Certificate.webp 750w, https:\/\/www.ywccpackage.com\/wp-content\/uploads\/2025\/06\/Certificate-480x713.webp 480w\" sizes=\"(min-width: 0px) and (max-width: 480px) 480px, (min-width: 481px) 750px, 100vw\" \/><\/p>\n<h2>Qui\u00e9nes somos<\/h2>\n<p>Premium <strong><a href=\"http:\/\/www.ywccpackage.com\/es\/\">bolsas de polietileno personalizadas<\/a>\u00a0<\/strong>y soluciones de transporte sostenibles. Como su socio de embalaje de confianza, suministramos\u00a0<strong>bolsa de correo<\/strong>\u00a0opciones, incluida la seguridad\u00a0<strong>bolsa expr\u00e9s<\/strong>,\u00a0<strong>bolsas postales<\/strong>y de protecci\u00f3n <strong>bolsas de transporte de ropa<\/strong>. Eleve el unboxing con\u00a0<a href=\"https:\/\/www.ywccpackage.com\/es\/about-us\/\"><strong>bolsas postales de marca<\/strong><\/a>\u00a0con logotipos. Elige ecol\u00f3gico\u00a0<strong>bolsas de correo biodegradables<\/strong>\u00a0y\u00a0<strong>bolsas de correo compostables<\/strong>\u00a0para reducir los residuos. Nuestro vers\u00e1til\u00a0<strong>envasado en sobres<\/strong>\u00a0protege los productos a la vez que aumenta la visibilidad de la marca. Protecci\u00f3n profesional para comercio electr\u00f3nico, venta al por menor y publicidad directa. Solicite hoy mismo muestras de nuestros sobres personalizados y ecol\u00f3gicos.<\/p>","protected":false},"excerpt":{"rendered":"<p>Las bolsas expr\u00e9s con doble banda adhesiva permiten la apertura repetida\/sellado secundario, con bandas exteriores que dejan marcas de manipulaci\u00f3n para mayor seguridad. Ofrecen sellado de doble capa, f\u00e1cil manejo sin herramientas, mayor resistencia a la humedad\/polvo y un aspecto cuidado. Ideales para comercio electr\u00f3nico, inspecciones, objetos de valor. Personalizables, con gran capacidad de producci\u00f3n y certificaciones.<\/p>","protected":false},"featured_media":12659,"template":"","meta":{"_et_pb_use_builder":"","_et_pb_old_content":"","_et_gb_content_width":""},"product_cat":[191],"product_tag":[207,203,204,205,206],"yoast_head":"<!-- This site is optimized with the Yoast SEO plugin v22.7 - https:\/\/yoast.com\/wordpress\/plugins\/seo\/ -->\n<title>China Clothing Shipping Bags Supplier - Reusable &amp; Secure<\/title>\n<meta name=\"description\" content=\"Double-adhesive strip Clothing Shipping Bags allow repeated sealing, enhance safety with anti-tampering features. Moisture-proof, efficient, ideal for e-commerce &amp; logistics.\" \/>\n<meta name=\"robots\" content=\"index, follow, max-snippet:-1, max-image-preview:large, max-video-preview:-1\" \/>\n<link rel=\"canonical\" href=\"https:\/\/www.ywccpackage.com\/es\/producto\/double-adhesive-self-sealing-courier-bags-waterproof-clothing-shipping-bags-for-e-commerce-shipping\/\" \/>\n<meta property=\"og:locale\" content=\"es_ES\" \/>\n<meta property=\"og:type\" content=\"article\" \/>\n<meta property=\"og:title\" content=\"China Clothing Shipping Bags Supplier - Reusable &amp; Secure\" \/>\n<meta property=\"og:description\" content=\"Double-adhesive strip Clothing Shipping Bags allow repeated sealing, enhance safety with anti-tampering features. Moisture-proof, efficient, ideal for e-commerce &amp; logistics.\" \/>\n<meta property=\"og:url\" content=\"https:\/\/www.ywccpackage.com\/es\/producto\/double-adhesive-self-sealing-courier-bags-waterproof-clothing-shipping-bags-for-e-commerce-shipping\/\" \/>\n<meta property=\"og:site_name\" content=\"YWCC Package\" \/>\n<meta property=\"article:modified_time\" content=\"2025-11-03T07:42:39+00:00\" \/>\n<meta property=\"og:image\" content=\"https:\/\/www.ywccpackage.com\/wp-content\/uploads\/2025\/07\/Double-Adhesive-Self-Sealing-Courier-Bags-Waterproof-Poly-Mailers-for-E-commerce-Shipping1.webp\" \/>\n\t<meta property=\"og:image:width\" content=\"1200\" \/>\n\t<meta property=\"og:image:height\" content=\"1200\" \/>\n\t<meta property=\"og:image:type\" content=\"image\/webp\" \/>\n<meta name=\"twitter:card\" content=\"summary_large_image\" \/>\n<meta name=\"twitter:label1\" content=\"Tiempo de lectura\" \/>\n\t<meta name=\"twitter:data1\" content=\"4 minutos\" \/>\n<script type=\"application\/ld+json\" class=\"yoast-schema-graph\">{\"@context\":\"https:\/\/schema.org\",\"@graph\":[{\"@type\":\"WebPage\",\"@id\":\"https:\/\/www.ywccpackage.com\/product\/double-adhesive-self-sealing-courier-bags-waterproof-clothing-shipping-bags-for-e-commerce-shipping\/\",\"url\":\"https:\/\/www.ywccpackage.com\/product\/double-adhesive-self-sealing-courier-bags-waterproof-clothing-shipping-bags-for-e-commerce-shipping\/\",\"name\":\"China Clothing Shipping Bags Supplier - Reusable & Secure\",\"isPartOf\":{\"@id\":\"https:\/\/www.ywccpackage.com\/#website\"},\"primaryImageOfPage\":{\"@id\":\"https:\/\/www.ywccpackage.com\/product\/double-adhesive-self-sealing-courier-bags-waterproof-clothing-shipping-bags-for-e-commerce-shipping\/#primaryimage\"},\"image\":{\"@id\":\"https:\/\/www.ywccpackage.com\/product\/double-adhesive-self-sealing-courier-bags-waterproof-clothing-shipping-bags-for-e-commerce-shipping\/#primaryimage\"},\"thumbnailUrl\":\"https:\/\/www.ywccpackage.com\/wp-content\/uploads\/2025\/07\/Double-Adhesive-Self-Sealing-Courier-Bags-Waterproof-Poly-Mailers-for-E-commerce-Shipping1.webp\",\"datePublished\":\"2025-07-02T10:07:33+00:00\",\"dateModified\":\"2025-11-03T07:42:39+00:00\",\"description\":\"Double-adhesive strip Clothing Shipping Bags allow repeated sealing, enhance safety with anti-tampering features. Moisture-proof, efficient, ideal for e-commerce & logistics.\",\"breadcrumb\":{\"@id\":\"https:\/\/www.ywccpackage.com\/product\/double-adhesive-self-sealing-courier-bags-waterproof-clothing-shipping-bags-for-e-commerce-shipping\/#breadcrumb\"},\"inLanguage\":\"es\",\"potentialAction\":[{\"@type\":\"ReadAction\",\"target\":[\"https:\/\/www.ywccpackage.com\/product\/double-adhesive-self-sealing-courier-bags-waterproof-clothing-shipping-bags-for-e-commerce-shipping\/\"]}]},{\"@type\":\"ImageObject\",\"inLanguage\":\"es\",\"@id\":\"https:\/\/www.ywccpackage.com\/product\/double-adhesive-self-sealing-courier-bags-waterproof-clothing-shipping-bags-for-e-commerce-shipping\/#primaryimage\",\"url\":\"https:\/\/www.ywccpackage.com\/wp-content\/uploads\/2025\/07\/Double-Adhesive-Self-Sealing-Courier-Bags-Waterproof-Poly-Mailers-for-E-commerce-Shipping1.webp\",\"contentUrl\":\"https:\/\/www.ywccpackage.com\/wp-content\/uploads\/2025\/07\/Double-Adhesive-Self-Sealing-Courier-Bags-Waterproof-Poly-Mailers-for-E-commerce-Shipping1.webp\",\"width\":1200,\"height\":1200,\"caption\":\"Double Adhesive Self-Sealing Courier Bags - Waterproof Poly Mailers for E-commerce Shipping\"},{\"@type\":\"BreadcrumbList\",\"@id\":\"https:\/\/www.ywccpackage.com\/product\/double-adhesive-self-sealing-courier-bags-waterproof-clothing-shipping-bags-for-e-commerce-shipping\/#breadcrumb\",\"itemListElement\":[{\"@type\":\"ListItem\",\"position\":1,\"name\":\"Home\",\"item\":\"https:\/\/www.ywccpackage.com\/\"},{\"@type\":\"ListItem\",\"position\":2,\"name\":\"Products\",\"item\":\"https:\/\/www.ywccpackage.com\/shop\/\"},{\"@type\":\"ListItem\",\"position\":3,\"name\":\"Double Adhesive Self-Sealing Courier Bags &#8211; Waterproof Clothing Shipping Bags for E-commerce Shipping\"}]},{\"@type\":\"WebSite\",\"@id\":\"https:\/\/www.ywccpackage.com\/#website\",\"url\":\"https:\/\/www.ywccpackage.com\/\",\"name\":\"YWCC Package\",\"description\":\"YWCC Package\",\"potentialAction\":[{\"@type\":\"SearchAction\",\"target\":{\"@type\":\"EntryPoint\",\"urlTemplate\":\"https:\/\/www.ywccpackage.com\/?s={search_term_string}\"},\"query-input\":\"required name=search_term_string\"}],\"inLanguage\":\"es\"}]}<\/script>\n<!-- \/ Yoast SEO plugin. -->","yoast_head_json":{"title":"China Clothing Shipping Bags Supplier - Reusable & Secure","description":"Double-adhesive strip Clothing Shipping Bags allow repeated sealing, enhance safety with anti-tampering features. Moisture-proof, efficient, ideal for e-commerce & logistics.","robots":{"index":"index","follow":"follow","max-snippet":"max-snippet:-1","max-image-preview":"max-image-preview:large","max-video-preview":"max-video-preview:-1"},"canonical":"https:\/\/www.ywccpackage.com\/es\/producto\/double-adhesive-self-sealing-courier-bags-waterproof-clothing-shipping-bags-for-e-commerce-shipping\/","og_locale":"es_ES","og_type":"article","og_title":"China Clothing Shipping Bags Supplier - Reusable & Secure","og_description":"Double-adhesive strip Clothing Shipping Bags allow repeated sealing, enhance safety with anti-tampering features. Moisture-proof, efficient, ideal for e-commerce & logistics.","og_url":"https:\/\/www.ywccpackage.com\/es\/producto\/double-adhesive-self-sealing-courier-bags-waterproof-clothing-shipping-bags-for-e-commerce-shipping\/","og_site_name":"YWCC Package","article_modified_time":"2025-11-03T07:42:39+00:00","og_image":[{"width":1200,"height":1200,"url":"https:\/\/www.ywccpackage.com\/wp-content\/uploads\/2025\/07\/Double-Adhesive-Self-Sealing-Courier-Bags-Waterproof-Poly-Mailers-for-E-commerce-Shipping1.webp","type":"image\/webp"}],"twitter_card":"summary_large_image","twitter_misc":{"Tiempo de lectura":"4 minutos"},"schema":{"@context":"https:\/\/schema.org","@graph":[{"@type":"WebPage","@id":"https:\/\/www.ywccpackage.com\/product\/double-adhesive-self-sealing-courier-bags-waterproof-clothing-shipping-bags-for-e-commerce-shipping\/","url":"https:\/\/www.ywccpackage.com\/product\/double-adhesive-self-sealing-courier-bags-waterproof-clothing-shipping-bags-for-e-commerce-shipping\/","name":"China Clothing Shipping Bags Supplier - Reusable & Secure","isPartOf":{"@id":"https:\/\/www.ywccpackage.com\/#website"},"primaryImageOfPage":{"@id":"https:\/\/www.ywccpackage.com\/product\/double-adhesive-self-sealing-courier-bags-waterproof-clothing-shipping-bags-for-e-commerce-shipping\/#primaryimage"},"image":{"@id":"https:\/\/www.ywccpackage.com\/product\/double-adhesive-self-sealing-courier-bags-waterproof-clothing-shipping-bags-for-e-commerce-shipping\/#primaryimage"},"thumbnailUrl":"https:\/\/www.ywccpackage.com\/wp-content\/uploads\/2025\/07\/Double-Adhesive-Self-Sealing-Courier-Bags-Waterproof-Poly-Mailers-for-E-commerce-Shipping1.webp","datePublished":"2025-07-02T10:07:33+00:00","dateModified":"2025-11-03T07:42:39+00:00","description":"Double-adhesive strip Clothing Shipping Bags allow repeated sealing, enhance safety with anti-tampering features. Moisture-proof, efficient, ideal for e-commerce & logistics.","breadcrumb":{"@id":"https:\/\/www.ywccpackage.com\/product\/double-adhesive-self-sealing-courier-bags-waterproof-clothing-shipping-bags-for-e-commerce-shipping\/#breadcrumb"},"inLanguage":"es","potentialAction":[{"@type":"ReadAction","target":["https:\/\/www.ywccpackage.com\/product\/double-adhesive-self-sealing-courier-bags-waterproof-clothing-shipping-bags-for-e-commerce-shipping\/"]}]},{"@type":"ImageObject","inLanguage":"es","@id":"https:\/\/www.ywccpackage.com\/product\/double-adhesive-self-sealing-courier-bags-waterproof-clothing-shipping-bags-for-e-commerce-shipping\/#primaryimage","url":"https:\/\/www.ywccpackage.com\/wp-content\/uploads\/2025\/07\/Double-Adhesive-Self-Sealing-Courier-Bags-Waterproof-Poly-Mailers-for-E-commerce-Shipping1.webp","contentUrl":"https:\/\/www.ywccpackage.com\/wp-content\/uploads\/2025\/07\/Double-Adhesive-Self-Sealing-Courier-Bags-Waterproof-Poly-Mailers-for-E-commerce-Shipping1.webp","width":1200,"height":1200,"caption":"Double Adhesive Self-Sealing Courier Bags - Waterproof Poly Mailers for E-commerce Shipping"},{"@type":"BreadcrumbList","@id":"https:\/\/www.ywccpackage.com\/product\/double-adhesive-self-sealing-courier-bags-waterproof-clothing-shipping-bags-for-e-commerce-shipping\/#breadcrumb","itemListElement":[{"@type":"ListItem","position":1,"name":"Home","item":"https:\/\/www.ywccpackage.com\/"},{"@type":"ListItem","position":2,"name":"Products","item":"https:\/\/www.ywccpackage.com\/shop\/"},{"@type":"ListItem","position":3,"name":"Double Adhesive Self-Sealing Courier Bags &#8211; Waterproof Clothing Shipping Bags for E-commerce Shipping"}]},{"@type":"WebSite","@id":"https:\/\/www.ywccpackage.com\/#website","url":"https:\/\/www.ywccpackage.com\/","name":"YWCC Package","description":"YWCC Package","potentialAction":[{"@type":"SearchAction","target":{"@type":"EntryPoint","urlTemplate":"https:\/\/www.ywccpackage.com\/?s={search_term_string}"},"query-input":"required name=search_term_string"}],"inLanguage":"es"}]}},"_links":{"self":[{"href":"https:\/\/www.ywccpackage.com\/es\/wp-json\/wp\/v2\/product\/12657"}],"collection":[{"href":"https:\/\/www.ywccpackage.com\/es\/wp-json\/wp\/v2\/product"}],"about":[{"href":"https:\/\/www.ywccpackage.com\/es\/wp-json\/wp\/v2\/types\/product"}],"wp:featuredmedia":[{"embeddable":true,"href":"https:\/\/www.ywccpackage.com\/es\/wp-json\/wp\/v2\/media\/12659"}],"wp:attachment":[{"href":"https:\/\/www.ywccpackage.com\/es\/wp-json\/wp\/v2\/media?parent=12657"}],"wp:term":[{"taxonomy":"product_cat","embeddable":true,"href":"https:\/\/www.ywccpackage.com\/es\/wp-json\/wp\/v2\/product_cat?post=12657"},{"taxonomy":"product_tag","embeddable":true,"href":"https:\/\/www.ywccpackage.com\/es\/wp-json\/wp\/v2\/product_tag?post=12657"}],"curies":[{"name":"wp","href":"https:\/\/api.w.org\/{rel}","templated":true}]}}