{"id":12664,"date":"2025-07-02T10:22:20","date_gmt":"2025-07-02T10:22:20","guid":{"rendered":"https:\/\/www.ywccpackage.com\/?post_type=product&#038;p=12664"},"modified":"2025-11-03T08:41:26","modified_gmt":"2025-11-03T08:41:26","slug":"custom-branded-matte-poly-mailers-recyclable-waterproof-shipping-bags-for-clothing","status":"publish","type":"product","link":"https:\/\/www.ywccpackage.com\/es\/producto\/custom-branded-matte-poly-mailers-recyclable-waterproof-shipping-bags-for-clothing\/","title":{"rendered":"Bolsas de polietileno mate personalizadas - Bolsas de env\u00edo reciclables e impermeables para ropa"},"content":{"rendered":"<h2>Caracter\u00edsticas de las Bolsas de Env\u00edo para Ropa:<\/h2>\n<h3>1. Protecci\u00f3n del producto<\/h3>\n<p>Resistencia al desgarro y a la perforaci\u00f3n de <a href=\"https:\/\/www.ywccpackage.com\/es\/producto\/custom-branded-matte-poly-mailers-recyclable-waterproof-shipping-bags-for-clothing\/\"><strong>Bolsas de transporte para ropa<\/strong><\/a><br \/>\nWater repellency and weather resistance. The water &#8211; repellent feature can resist brief rain or humid air during transportation. It doesn&#8217;t crack in severe cold and doesn&#8217;t stick in high temperatures, adapting to the logistics environment in all four seasons worldwide.<\/p>\n<h3>2. Bolsas de transporte para ropa: privacidad y seguridad<\/h3>\n<p>Opacidad del negro<br \/>\nProtege la intimidad y evita las miradas indiscretas.<\/p>\n<h3>3. Bolsas de env\u00edo para ropa: prima de marca y mejora de la eficiencia<\/h3>\n<p>Achieving high &#8211; end texture at low cost<br \/>\nMatte texture: It has a delicate touch and a low &#8211; key yet high &#8211; end visual effect (increasing customer favorability by 30% compared to shiny bags).<br \/>\nSelf &#8211; adhesive closure can be completed in 3 seconds. The adhesion of the matte &#8211; side back glue is increased by 50%. No sorting is required, and it can be directly transported due to its opacity.<\/p>\n<h3>4. Protecci\u00f3n del medio ambiente y econom\u00eda<\/h3>\n<p><strong>Cost &#8211; effective<\/strong><br \/>\nRaw material savings: The cost is 40% &#8211; 50% lower than that of <a href=\"https:\/\/www.ywccpackage.com\/es\/category\/mailer\/\"><strong>bolsas de pl\u00e1stico para correo<\/strong><\/a>.<br \/>\nLightweight: The average self &#8211; weight is only 6 &#8211; 10g. Shipping costs for 10,000 packages can be saved by over \u00a5300.<br \/>\n100% atributo verde reciclable<br \/>\nEl material \u00fanico PE\/PP cumple las normas mundiales de reciclado (como la Directiva SUP de la UE), con una tasa de utilizaci\u00f3n de reciclado y regeneraci\u00f3n de 95%.<br \/>\nReduce la huella de carbono.<\/p>\n<h2>Escenarios aplicables:<\/h2>\n<p>Para el comercio electr\u00f3nico de ropa, env\u00edo independiente de camisetas, ropa interior, calcetines, etc. Servir de publicidad ambulante para promocionar la marca, dejar una profunda impresi\u00f3n en los clientes y superar a los competidores.<br \/>\nPara proveedores de servicios de log\u00edstica documental, antipicado + textura profesional. Para el env\u00edo de contratos, ofertas y expedientes.<br \/>\nPara peque\u00f1os mayoristas de productos b\u00e1sicos, distribuci\u00f3n de botones, alambres y peque\u00f1a ferreter\u00eda.<br \/>\nPara las empresas ecol\u00f3gicas de la cadena de suministro, 100% embalaje reciclable para reducir la huella de carbono.<\/p>\n<h2>F\u00e1brica<\/h2>\n<p>En <a href=\"https:\/\/www.ywccpackage.com\/es\/about-us\/\"><strong>f\u00e1brica de bolsas de embalaje<\/strong><\/a>\u00a0designa las especificaciones, dimensiones y grosor, con existencias suficientes (sin imprimir) para un env\u00edo r\u00e1pido.<\/p>\n<p>4 sucursales<br \/>\nCapacidad de producci\u00f3n diaria de 200 toneladas<br \/>\nCapacidad de producci\u00f3n diaria de 6 millones de bolsas<br \/>\nEdificios industriales con una superficie de 34.000 metros cuadrados<br \/>\nCumple las certificaciones internacionales, como ISO 9001, SGS, BSCI, FSC, REACH, etc.<\/p>\n<p><img loading=\"lazy\" decoding=\"async\" class=\"size-full wp-image-12579 aligncenter\" data-src=\"https:\/\/www.ywccpackage.com\/wp-content\/uploads\/2025\/06\/factory.webp\" alt=\"F\u00e1brica\" width=\"750\" height=\"2000\" srcset=\"https:\/\/www.ywccpackage.com\/wp-content\/uploads\/2025\/06\/factory.webp 750w, https:\/\/www.ywccpackage.com\/wp-content\/uploads\/2025\/06\/factory-480x1280.webp 480w\" sizes=\"(min-width: 0px) and (max-width: 480px) 480px, (min-width: 481px) 750px, 100vw\" \/> <img loading=\"lazy\" decoding=\"async\" class=\"aligncenter wp-image-12580\" data-src=\"https:\/\/www.ywccpackage.com\/wp-content\/uploads\/2025\/06\/Factory-1.webp\" alt=\"F\u00e1brica\" width=\"750\" height=\"656\" \/> <img loading=\"lazy\" decoding=\"async\" class=\"size-full wp-image-13110 aligncenter\" data-src=\"https:\/\/www.ywccpackage.com\/wp-content\/uploads\/2025\/07\/photobank.webp\" alt=\"Bolsas impermeables para env\u00edo de ropa\" width=\"800\" height=\"800\" srcset=\"https:\/\/www.ywccpackage.com\/wp-content\/uploads\/2025\/07\/photobank.webp 800w, https:\/\/www.ywccpackage.com\/wp-content\/uploads\/2025\/07\/photobank-480x480.webp 480w\" sizes=\"(min-width: 0px) and (max-width: 480px) 480px, (min-width: 481px) 800px, 100vw\" \/><\/p>\n<h2>Certificaciones: Mostrar logotipos\/certificados<\/h2>\n<p><img loading=\"lazy\" decoding=\"async\" class=\"aligncenter wp-image-12581\" data-src=\"https:\/\/www.ywccpackage.com\/wp-content\/uploads\/2025\/06\/Certificate.webp\" alt=\"Certificado\" width=\"750\" height=\"1113\" srcset=\"https:\/\/www.ywccpackage.com\/wp-content\/uploads\/2025\/06\/Certificate.webp 750w, https:\/\/www.ywccpackage.com\/wp-content\/uploads\/2025\/06\/Certificate-480x713.webp 480w\" sizes=\"(min-width: 0px) and (max-width: 480px) 480px, (min-width: 481px) 750px, 100vw\" \/><\/p>\n<h2>Qui\u00e9nes somos<\/h2>\n<p>Premium <strong><a href=\"http:\/\/www.ywccpackage.com\/es\/\">bolsas de polietileno personalizadas<\/a>\u00a0<\/strong>y soluciones de transporte sostenibles. Como su socio de embalaje de confianza, suministramos\u00a0<strong>bolsa de correo<\/strong>\u00a0opciones, incluida la seguridad\u00a0<strong>bolsa expr\u00e9s<\/strong>,\u00a0<strong>bolsas postales<\/strong>y de protecci\u00f3n <strong>bolsas de transporte para ropa<\/strong>. Eleve el unboxing con\u00a0<a href=\"https:\/\/www.ywccpackage.com\/es\/about-us\/\"><strong>bolsas postales de marca<\/strong><\/a>\u00a0con logotipos. Elige ecol\u00f3gico\u00a0<strong>bolsas de correo biodegradables<\/strong>\u00a0y\u00a0<strong>bolsas de correo compostables<\/strong>\u00a0para reducir los residuos. Nuestro vers\u00e1til\u00a0<strong>envasado en sobres<\/strong>\u00a0protege los productos a la vez que aumenta la visibilidad de la marca. Protecci\u00f3n profesional para comercio electr\u00f3nico, venta al por menor y publicidad directa. Solicite hoy mismo muestras de nuestros sobres personalizados y ecol\u00f3gicos.<\/p>","protected":false},"excerpt":{"rendered":"<p>Las bolsas Express negras mate ofrecen resistencia al desgarro y a la perforaci\u00f3n, protecci\u00f3n contra el agua y la intemperie y opacidad negra para mayor privacidad. Con una textura mate que aumenta la favorabilidad del cliente en 30%, son rentables (40-50% m\u00e1s baratas que las bolsas de burbujas), ligeras y 100% reciclables. Adecuadas para ropa, documentos, peque\u00f1os art\u00edculos. Las f\u00e1bricas garantizan gran capacidad y certificaciones.<\/p>","protected":false},"featured_media":12667,"template":"","meta":{"_et_pb_use_builder":"","_et_pb_old_content":"","_et_gb_content_width":""},"product_cat":[191],"product_tag":[203,204,205,206,207],"yoast_head":"<!-- This site is optimized with the Yoast SEO plugin v22.7 - https:\/\/yoast.com\/wordpress\/plugins\/seo\/ -->\n<title>Matte Shipping Bags for Clothing - Durable, Private &amp; Eco-Friendly<\/title>\n<meta name=\"description\" content=\"shipping bags for clothing with tear resistance, water repellency. Ensure privacy, boost brand image. Cost-effective, 100% recyclable. Ideal for e-commerce &amp; logistics.\" \/>\n<meta name=\"robots\" content=\"index, follow, max-snippet:-1, max-image-preview:large, max-video-preview:-1\" \/>\n<link rel=\"canonical\" href=\"https:\/\/www.ywccpackage.com\/es\/producto\/custom-branded-matte-poly-mailers-recyclable-waterproof-shipping-bags-for-clothing\/\" \/>\n<meta property=\"og:locale\" content=\"es_ES\" \/>\n<meta property=\"og:type\" content=\"article\" \/>\n<meta property=\"og:title\" content=\"Matte Shipping Bags for Clothing - Durable, Private &amp; Eco-Friendly\" \/>\n<meta property=\"og:description\" content=\"shipping bags for clothing with tear resistance, water repellency. Ensure privacy, boost brand image. Cost-effective, 100% recyclable. Ideal for e-commerce &amp; logistics.\" \/>\n<meta property=\"og:url\" content=\"https:\/\/www.ywccpackage.com\/es\/producto\/custom-branded-matte-poly-mailers-recyclable-waterproof-shipping-bags-for-clothing\/\" \/>\n<meta property=\"og:site_name\" content=\"YWCC Package\" \/>\n<meta property=\"article:modified_time\" content=\"2025-11-03T08:41:26+00:00\" \/>\n<meta property=\"og:image\" content=\"https:\/\/www.ywccpackage.com\/wp-content\/uploads\/2025\/07\/Custom-Branded-Matte-Poly-Mailers-Recyclable-Waterproof-Shipping-Bags-for-Ecommerce4.webp\" \/>\n\t<meta property=\"og:image:width\" content=\"1200\" \/>\n\t<meta property=\"og:image:height\" content=\"1199\" \/>\n\t<meta property=\"og:image:type\" content=\"image\/webp\" \/>\n<meta name=\"twitter:card\" content=\"summary_large_image\" \/>\n<meta name=\"twitter:label1\" content=\"Tiempo de lectura\" \/>\n\t<meta name=\"twitter:data1\" content=\"3 minutos\" \/>\n<script type=\"application\/ld+json\" class=\"yoast-schema-graph\">{\"@context\":\"https:\/\/schema.org\",\"@graph\":[{\"@type\":\"WebPage\",\"@id\":\"https:\/\/www.ywccpackage.com\/product\/custom-branded-matte-poly-mailers-recyclable-waterproof-shipping-bags-for-clothing\/\",\"url\":\"https:\/\/www.ywccpackage.com\/product\/custom-branded-matte-poly-mailers-recyclable-waterproof-shipping-bags-for-clothing\/\",\"name\":\"Matte Shipping Bags for Clothing - Durable, Private & Eco-Friendly\",\"isPartOf\":{\"@id\":\"https:\/\/www.ywccpackage.com\/#website\"},\"primaryImageOfPage\":{\"@id\":\"https:\/\/www.ywccpackage.com\/product\/custom-branded-matte-poly-mailers-recyclable-waterproof-shipping-bags-for-clothing\/#primaryimage\"},\"image\":{\"@id\":\"https:\/\/www.ywccpackage.com\/product\/custom-branded-matte-poly-mailers-recyclable-waterproof-shipping-bags-for-clothing\/#primaryimage\"},\"thumbnailUrl\":\"https:\/\/www.ywccpackage.com\/wp-content\/uploads\/2025\/07\/Custom-Branded-Matte-Poly-Mailers-Recyclable-Waterproof-Shipping-Bags-for-Ecommerce4.webp\",\"datePublished\":\"2025-07-02T10:22:20+00:00\",\"dateModified\":\"2025-11-03T08:41:26+00:00\",\"description\":\"shipping bags for clothing with tear resistance, water repellency. Ensure privacy, boost brand image. Cost-effective, 100% recyclable. Ideal for e-commerce & logistics.\",\"breadcrumb\":{\"@id\":\"https:\/\/www.ywccpackage.com\/product\/custom-branded-matte-poly-mailers-recyclable-waterproof-shipping-bags-for-clothing\/#breadcrumb\"},\"inLanguage\":\"es\",\"potentialAction\":[{\"@type\":\"ReadAction\",\"target\":[\"https:\/\/www.ywccpackage.com\/product\/custom-branded-matte-poly-mailers-recyclable-waterproof-shipping-bags-for-clothing\/\"]}]},{\"@type\":\"ImageObject\",\"inLanguage\":\"es\",\"@id\":\"https:\/\/www.ywccpackage.com\/product\/custom-branded-matte-poly-mailers-recyclable-waterproof-shipping-bags-for-clothing\/#primaryimage\",\"url\":\"https:\/\/www.ywccpackage.com\/wp-content\/uploads\/2025\/07\/Custom-Branded-Matte-Poly-Mailers-Recyclable-Waterproof-Shipping-Bags-for-Ecommerce4.webp\",\"contentUrl\":\"https:\/\/www.ywccpackage.com\/wp-content\/uploads\/2025\/07\/Custom-Branded-Matte-Poly-Mailers-Recyclable-Waterproof-Shipping-Bags-for-Ecommerce4.webp\",\"width\":1200,\"height\":1199,\"caption\":\"Custom Branded Matte Poly Mailers - Recyclable & Waterproof Shipping Bags for Ecommerce\"},{\"@type\":\"BreadcrumbList\",\"@id\":\"https:\/\/www.ywccpackage.com\/product\/custom-branded-matte-poly-mailers-recyclable-waterproof-shipping-bags-for-clothing\/#breadcrumb\",\"itemListElement\":[{\"@type\":\"ListItem\",\"position\":1,\"name\":\"Home\",\"item\":\"https:\/\/www.ywccpackage.com\/\"},{\"@type\":\"ListItem\",\"position\":2,\"name\":\"Products\",\"item\":\"https:\/\/www.ywccpackage.com\/shop\/\"},{\"@type\":\"ListItem\",\"position\":3,\"name\":\"Custom Branded Matte Poly Mailers &#8211; Recyclable &#038; Waterproof Shipping Bags for Clothing\"}]},{\"@type\":\"WebSite\",\"@id\":\"https:\/\/www.ywccpackage.com\/#website\",\"url\":\"https:\/\/www.ywccpackage.com\/\",\"name\":\"YWCC Package\",\"description\":\"YWCC Package\",\"potentialAction\":[{\"@type\":\"SearchAction\",\"target\":{\"@type\":\"EntryPoint\",\"urlTemplate\":\"https:\/\/www.ywccpackage.com\/?s={search_term_string}\"},\"query-input\":\"required name=search_term_string\"}],\"inLanguage\":\"es\"}]}<\/script>\n<!-- \/ Yoast SEO plugin. -->","yoast_head_json":{"title":"Matte Shipping Bags for Clothing - Durable, Private & Eco-Friendly","description":"shipping bags for clothing with tear resistance, water repellency. Ensure privacy, boost brand image. Cost-effective, 100% recyclable. Ideal for e-commerce & logistics.","robots":{"index":"index","follow":"follow","max-snippet":"max-snippet:-1","max-image-preview":"max-image-preview:large","max-video-preview":"max-video-preview:-1"},"canonical":"https:\/\/www.ywccpackage.com\/es\/producto\/custom-branded-matte-poly-mailers-recyclable-waterproof-shipping-bags-for-clothing\/","og_locale":"es_ES","og_type":"article","og_title":"Matte Shipping Bags for Clothing - Durable, Private & Eco-Friendly","og_description":"shipping bags for clothing with tear resistance, water repellency. Ensure privacy, boost brand image. Cost-effective, 100% recyclable. Ideal for e-commerce & logistics.","og_url":"https:\/\/www.ywccpackage.com\/es\/producto\/custom-branded-matte-poly-mailers-recyclable-waterproof-shipping-bags-for-clothing\/","og_site_name":"YWCC Package","article_modified_time":"2025-11-03T08:41:26+00:00","og_image":[{"width":1200,"height":1199,"url":"https:\/\/www.ywccpackage.com\/wp-content\/uploads\/2025\/07\/Custom-Branded-Matte-Poly-Mailers-Recyclable-Waterproof-Shipping-Bags-for-Ecommerce4.webp","type":"image\/webp"}],"twitter_card":"summary_large_image","twitter_misc":{"Tiempo de lectura":"3 minutos"},"schema":{"@context":"https:\/\/schema.org","@graph":[{"@type":"WebPage","@id":"https:\/\/www.ywccpackage.com\/product\/custom-branded-matte-poly-mailers-recyclable-waterproof-shipping-bags-for-clothing\/","url":"https:\/\/www.ywccpackage.com\/product\/custom-branded-matte-poly-mailers-recyclable-waterproof-shipping-bags-for-clothing\/","name":"Matte Shipping Bags for Clothing - Durable, Private & Eco-Friendly","isPartOf":{"@id":"https:\/\/www.ywccpackage.com\/#website"},"primaryImageOfPage":{"@id":"https:\/\/www.ywccpackage.com\/product\/custom-branded-matte-poly-mailers-recyclable-waterproof-shipping-bags-for-clothing\/#primaryimage"},"image":{"@id":"https:\/\/www.ywccpackage.com\/product\/custom-branded-matte-poly-mailers-recyclable-waterproof-shipping-bags-for-clothing\/#primaryimage"},"thumbnailUrl":"https:\/\/www.ywccpackage.com\/wp-content\/uploads\/2025\/07\/Custom-Branded-Matte-Poly-Mailers-Recyclable-Waterproof-Shipping-Bags-for-Ecommerce4.webp","datePublished":"2025-07-02T10:22:20+00:00","dateModified":"2025-11-03T08:41:26+00:00","description":"shipping bags for clothing with tear resistance, water repellency. Ensure privacy, boost brand image. Cost-effective, 100% recyclable. Ideal for e-commerce & logistics.","breadcrumb":{"@id":"https:\/\/www.ywccpackage.com\/product\/custom-branded-matte-poly-mailers-recyclable-waterproof-shipping-bags-for-clothing\/#breadcrumb"},"inLanguage":"es","potentialAction":[{"@type":"ReadAction","target":["https:\/\/www.ywccpackage.com\/product\/custom-branded-matte-poly-mailers-recyclable-waterproof-shipping-bags-for-clothing\/"]}]},{"@type":"ImageObject","inLanguage":"es","@id":"https:\/\/www.ywccpackage.com\/product\/custom-branded-matte-poly-mailers-recyclable-waterproof-shipping-bags-for-clothing\/#primaryimage","url":"https:\/\/www.ywccpackage.com\/wp-content\/uploads\/2025\/07\/Custom-Branded-Matte-Poly-Mailers-Recyclable-Waterproof-Shipping-Bags-for-Ecommerce4.webp","contentUrl":"https:\/\/www.ywccpackage.com\/wp-content\/uploads\/2025\/07\/Custom-Branded-Matte-Poly-Mailers-Recyclable-Waterproof-Shipping-Bags-for-Ecommerce4.webp","width":1200,"height":1199,"caption":"Custom Branded Matte Poly Mailers - Recyclable & Waterproof Shipping Bags for Ecommerce"},{"@type":"BreadcrumbList","@id":"https:\/\/www.ywccpackage.com\/product\/custom-branded-matte-poly-mailers-recyclable-waterproof-shipping-bags-for-clothing\/#breadcrumb","itemListElement":[{"@type":"ListItem","position":1,"name":"Home","item":"https:\/\/www.ywccpackage.com\/"},{"@type":"ListItem","position":2,"name":"Products","item":"https:\/\/www.ywccpackage.com\/shop\/"},{"@type":"ListItem","position":3,"name":"Custom Branded Matte Poly Mailers &#8211; Recyclable &#038; Waterproof Shipping Bags for Clothing"}]},{"@type":"WebSite","@id":"https:\/\/www.ywccpackage.com\/#website","url":"https:\/\/www.ywccpackage.com\/","name":"YWCC Package","description":"YWCC Package","potentialAction":[{"@type":"SearchAction","target":{"@type":"EntryPoint","urlTemplate":"https:\/\/www.ywccpackage.com\/?s={search_term_string}"},"query-input":"required name=search_term_string"}],"inLanguage":"es"}]}},"_links":{"self":[{"href":"https:\/\/www.ywccpackage.com\/es\/wp-json\/wp\/v2\/product\/12664"}],"collection":[{"href":"https:\/\/www.ywccpackage.com\/es\/wp-json\/wp\/v2\/product"}],"about":[{"href":"https:\/\/www.ywccpackage.com\/es\/wp-json\/wp\/v2\/types\/product"}],"wp:featuredmedia":[{"embeddable":true,"href":"https:\/\/www.ywccpackage.com\/es\/wp-json\/wp\/v2\/media\/12667"}],"wp:attachment":[{"href":"https:\/\/www.ywccpackage.com\/es\/wp-json\/wp\/v2\/media?parent=12664"}],"wp:term":[{"taxonomy":"product_cat","embeddable":true,"href":"https:\/\/www.ywccpackage.com\/es\/wp-json\/wp\/v2\/product_cat?post=12664"},{"taxonomy":"product_tag","embeddable":true,"href":"https:\/\/www.ywccpackage.com\/es\/wp-json\/wp\/v2\/product_tag?post=12664"}],"curies":[{"name":"wp","href":"https:\/\/api.w.org\/{rel}","templated":true}]}}