{"id":12671,"date":"2025-07-02T10:45:48","date_gmt":"2025-07-02T10:45:48","guid":{"rendered":"https:\/\/www.ywccpackage.com\/?post_type=product&#038;p=12671"},"modified":"2025-11-03T08:40:51","modified_gmt":"2025-11-03T08:40:51","slug":"e-commerce-shipping-poly-mailers-for-clothing-matte-black-interior-crystal-clear-exterior","status":"publish","type":"product","link":"https:\/\/www.ywccpackage.com\/es\/producto\/e-commerce-shipping-poly-mailers-for-clothing-matte-black-interior-crystal-clear-exterior\/","title":{"rendered":"Poly Mailers para env\u00edos de comercio electr\u00f3nico de ropa: interior negro mate y exterior transparente"},"content":{"rendered":"<h2>Caracter\u00edsticas de los Poly Mailers para ropa<\/h2>\n<h3>1. Poly Mailers para ropa: privacidad y visibilidad<\/h3>\n<p>Lado negro hacia fuera: Bloquea eficazmente la informaci\u00f3n sensible en el <a href=\"https:\/\/www.ywccpackage.com\/es\/producto\/e-commerce-shipping-poly-mailers-for-clothing-matte-black-interior-crystal-clear-exterior\/\"><strong>Poly Mailers para ropa<\/strong><\/a> contents and the shipping label (recipient&#8217;s address, sender&#8217;s information, product details, etc.), protecting privacy and security. At the same time, black is dirt-resistant and gives a professional look.<br \/>\nLado transparente orientado hacia dentro\/lado del art\u00edculo: Permite al destinatario, al mensajero o al personal del almac\u00e9n identificar r\u00e1pidamente el contenido (como la forma de los documentos, libros, ropa, productos electr\u00f3nicos, etc.) a trav\u00e9s de la cara transparente sin abrir el paquete, lo que facilita la comprobaci\u00f3n, clasificaci\u00f3n, b\u00fasqueda e inspecci\u00f3n preliminar.<\/p>\n<h3>2. Poly Mailers para ropa: mejorar la eficiencia log\u00edstica<\/h3>\n<p>Entrega urgente: Los mensajeros pueden encontrar r\u00e1pidamente paquetes espec\u00edficos, lo que mejora la eficacia de la entrega.<br \/>\nInspecci\u00f3n del destinatario: Tras recibir el paquete, el destinatario puede confirmar preliminarmente si el art\u00edculo est\u00e1 completo y cumple las expectativas sin desembalar, lo que resulta c\u00f3modo y r\u00e1pido.<\/p>\n<h3>3. Poly Mailers para ropa: mayor protecci\u00f3n y durabilidad<\/h3>\n<p>El material de la cara negra se ha reforzado con componentes que mejoran la resistencia al desgarro y a la perforaci\u00f3n.<br \/>\nLa cara negra oculta eficazmente las manchas y ara\u00f1azos generados durante el transporte, manteniendo el aspecto limpio del paquete, realzando la imagen profesional y mejorando la experiencia del destinatario.<\/p>\n<h3>4. Poly Mailers para ropa: reforzar la imagen de marca<\/h3>\n<p>La cara negra es un excelente espacio publicitario: En la cara negra se pueden imprimir grandes y llamativos logotipos de marca, esl\u00f3ganes, informaci\u00f3n de contacto, c\u00f3digos QR, etc., con notables efectos publicitarios.<br \/>\nThe transparent side is a display window for products: Carefully arranged products can be faintly visible or directly displayed through the transparent side, stimulating the recipient&#8217;s curiosity and desire to open the box, enhancing brand perception and user experience. Combined with the brand printing on the black side, it forms a &#8220;brand + physical object&#8221; double exposure.<\/p>\n<h3>5. Valor global percibido<\/h3>\n<p>El novedoso dise\u00f1o deja una profunda impresi\u00f3n en los clientes.<\/p>\n<h2>Aplicaciones de los Poly Mailers para ropa<\/h2>\n<h3>1. Env\u00edos de comercio electr\u00f3nico<\/h3>\n<p>Los comerciantes que empaquetan productos como ropa, cosm\u00e9ticos, accesorios digitales y libros necesitan equilibrar la protecci\u00f3n de la privacidad y la eficiencia log\u00edstica.<br \/>\nReducir el riesgo de da\u00f1os a las mercanc\u00edas + Mejorar la eficacia del almacenamiento y la distribuci\u00f3n + Aumentar la confianza de los clientes.<\/p>\n<h3>2. Art\u00edculos de privacidad personal<\/h3>\n<p>Totalmente envuelta con una cara negra: El contenido no puede verse desde el exterior, lo que protege la intimidad personal.<br \/>\nThe transparent side faces the recipient: When the recipient signs for the item, they can quickly check the item through the transparent window (such as &#8220;whether it is the document they sent&#8221;), avoiding disputes over unpacking.<br \/>\nPrevent privacy leakage + Reduce recipient disputes + Enhance the sender&#8217;s sense of security.<\/p>\n<h3>3. Log\u00edstica de mercanc\u00edas frescas\/fr\u00e1giles<\/h3>\n<p>Comprobar r\u00e1pidamente el estado de las mercanc\u00edas + Reducir los litigios posventa + Mantener la imagen profesional de la marca.<\/p>\n<h3>4. Entrega urgente de documentos\/facturas<\/h3>\n<p>Garantice la seguridad de los documentos + Acelere la transferencia de elementos clave + Reduzca los errores de clasificaci\u00f3n manual.<\/p>\n<h3>5. Marketing de marca<\/h3>\n<p>Imprima el logotipo o eslogan de la marca en la cara negra: Transmita una textura de gama alta y refuerce la exposici\u00f3n de la marca. Exponga tenuemente las etiquetas de los productos, las cajas de embalaje, etc., para estimular la anticipaci\u00f3n del desembalaje.<br \/>\nCreate brand memory points + Enhance the user&#8217;s sense of surprise when unpacking + Low-cost advertising space.<\/p>\n<h3>6. Log\u00edstica transfronteriza\/Despacho de aduanas<\/h3>\n<p>El lado transparente facilita la inspecci\u00f3n aduanera, y el lado negro resiste el desgaste a larga distancia.<br \/>\nSimplificar el proceso de despacho de aduanas + Mejorar la fiabilidad del transporte transfronterizo.<\/p>\n<h2>Aceptamos diversos servicios de personalizaci\u00f3n de los clientes<\/h2>\n<p>1. <a href=\"https:\/\/www.ywccpackage.com\/es\/category\/mailer\/\"><strong>Bolsa de polietileno<\/strong><\/a> puede conseguirse no s\u00f3lo con una cara transparente y la otra negra, sino tambi\u00e9n con una cara esmerilada y la otra negra, o combinaciones con otros colores.<br \/>\n2. Logotipo de marca personalizado, impresi\u00f3n en seda, impresi\u00f3n en huecograbado.<br \/>\n3. Personalice el tama\u00f1o, el grosor y el color. La cantidad m\u00ednima de pedido es de 500 kg. La cantidad espec\u00edfica de productos se determina en funci\u00f3n del tama\u00f1o y el grosor.<\/p>\n<h2>F\u00e1brica<\/h2>\n<p>En <a href=\"https:\/\/www.ywccpackage.com\/es\/about-us\/\"><strong>f\u00e1brica de bolsas de embalaje<\/strong><\/a> designa las especificaciones, dimensiones y grosor, con existencias suficientes (sin imprimir) para un env\u00edo r\u00e1pido.<\/p>\n<p>4 sucursales<br \/>\nCapacidad de producci\u00f3n diaria de 200 toneladas<br \/>\nCapacidad de producci\u00f3n diaria de 6 millones de bolsas<br \/>\nEdificios industriales con una superficie de 34.000 metros cuadrados<br \/>\nCumple las certificaciones internacionales, como ISO 9001, SGS, BSCI, FSC, REACH, etc.<\/p>\n<p><img loading=\"lazy\" decoding=\"async\" class=\"size-full wp-image-12579 aligncenter\" data-src=\"https:\/\/www.ywccpackage.com\/wp-content\/uploads\/2025\/06\/factory.webp\" alt=\"F\u00e1brica\" width=\"750\" height=\"2000\" srcset=\"https:\/\/www.ywccpackage.com\/wp-content\/uploads\/2025\/06\/factory.webp 750w, https:\/\/www.ywccpackage.com\/wp-content\/uploads\/2025\/06\/factory-480x1280.webp 480w\" sizes=\"(min-width: 0px) and (max-width: 480px) 480px, (min-width: 481px) 750px, 100vw\" \/> <img loading=\"lazy\" decoding=\"async\" class=\"aligncenter wp-image-12580\" data-src=\"https:\/\/www.ywccpackage.com\/wp-content\/uploads\/2025\/06\/Factory-1.webp\" alt=\"F\u00e1brica\" width=\"750\" height=\"656\" \/> <img loading=\"lazy\" decoding=\"async\" class=\"size-full wp-image-13110 aligncenter\" data-src=\"https:\/\/www.ywccpackage.com\/wp-content\/uploads\/2025\/07\/photobank.webp\" alt=\"Bolsas impermeables para env\u00edo de ropa\" width=\"800\" height=\"800\" srcset=\"https:\/\/www.ywccpackage.com\/wp-content\/uploads\/2025\/07\/photobank.webp 800w, https:\/\/www.ywccpackage.com\/wp-content\/uploads\/2025\/07\/photobank-480x480.webp 480w\" sizes=\"(min-width: 0px) and (max-width: 480px) 480px, (min-width: 481px) 800px, 100vw\" \/><\/p>\n<h2>Certificaciones: Mostrar logotipos\/certificados<\/h2>\n<p><img loading=\"lazy\" decoding=\"async\" class=\"aligncenter wp-image-12581\" data-src=\"https:\/\/www.ywccpackage.com\/wp-content\/uploads\/2025\/06\/Certificate.webp\" alt=\"Certificado\" width=\"750\" height=\"1113\" srcset=\"https:\/\/www.ywccpackage.com\/wp-content\/uploads\/2025\/06\/Certificate.webp 750w, https:\/\/www.ywccpackage.com\/wp-content\/uploads\/2025\/06\/Certificate-480x713.webp 480w\" sizes=\"(min-width: 0px) and (max-width: 480px) 480px, (min-width: 481px) 750px, 100vw\" \/><\/p>\n<h2>Qui\u00e9nes somos<\/h2>\n<p>Premium <strong><a href=\"http:\/\/www.ywccpackage.com\/es\/\">bolsas de polietileno personalizadas<\/a>\u00a0<\/strong>y soluciones de transporte sostenibles. Como su socio de embalaje de confianza, suministramos\u00a0<strong>bolsa de correo<\/strong>\u00a0opciones, incluida la seguridad\u00a0<strong>bolsa expr\u00e9s<\/strong>,\u00a0<strong>bolsas postales<\/strong>y de protecci\u00f3n <strong>poly mailers para ropa<\/strong>. Eleve el unboxing con\u00a0<a href=\"https:\/\/www.ywccpackage.com\/es\/about-us\/\"><strong>bolsas postales de marca<\/strong><\/a>\u00a0con logotipos. Elige ecol\u00f3gico\u00a0<strong>bolsas de correo biodegradables<\/strong>\u00a0y\u00a0<strong>bolsas de correo compostables<\/strong>\u00a0para reducir los residuos. Nuestro vers\u00e1til\u00a0<strong>envasado en sobres<\/strong>\u00a0protege los productos a la vez que aumenta la visibilidad de la marca. Protecci\u00f3n profesional para comercio electr\u00f3nico, venta al por menor y publicidad directa. <a href=\"https:\/\/www.ywccpackage.com\/es\/contact-us\/\"><strong>Solicitar muestras<\/strong><\/a> de nuestros buzones personalizados y ecol\u00f3gicos<\/p>","protected":false},"excerpt":{"rendered":"<p>Estas bolsas tienen una cara exterior negra para mayor privacidad, resistencia a la suciedad y marca, adem\u00e1s de una cara interior transparente para identificar r\u00e1pidamente el contenido. Aumentan la eficacia log\u00edstica, ofrecen durabilidad, mejoran la imagen de marca y se adaptan al comercio electr\u00f3nico, los art\u00edculos personales, etc. Personalizables, con gran capacidad de producci\u00f3n y certificaciones.<\/p>","protected":false},"featured_media":12673,"template":"","meta":{"_et_pb_use_builder":"","_et_pb_old_content":"","_et_gb_content_width":""},"product_cat":[191],"product_tag":[203,204,205,206,207],"yoast_head":"<!-- This site is optimized with the Yoast SEO plugin v22.7 - https:\/\/yoast.com\/wordpress\/plugins\/seo\/ -->\n<title>Black &amp; Transparent Poly Mailers for Clothing Supplier<\/title>\n<meta name=\"description\" content=\"Poly Mailers for Clothing with black (privacy\/brand) and transparent (visibility) sides. Boost logistics efficiency, protect goods, enhance brand. Ideal for e-commerce &amp; shipping. Customizable.\" \/>\n<meta name=\"robots\" content=\"index, follow, max-snippet:-1, max-image-preview:large, max-video-preview:-1\" \/>\n<link rel=\"canonical\" href=\"https:\/\/www.ywccpackage.com\/es\/producto\/e-commerce-shipping-poly-mailers-for-clothing-matte-black-interior-crystal-clear-exterior\/\" \/>\n<meta property=\"og:locale\" content=\"es_ES\" \/>\n<meta property=\"og:type\" content=\"article\" \/>\n<meta property=\"og:title\" content=\"Black &amp; Transparent Poly Mailers for Clothing Supplier\" \/>\n<meta property=\"og:description\" content=\"Poly Mailers for Clothing with black (privacy\/brand) and transparent (visibility) sides. Boost logistics efficiency, protect goods, enhance brand. Ideal for e-commerce &amp; shipping. Customizable.\" \/>\n<meta property=\"og:url\" content=\"https:\/\/www.ywccpackage.com\/es\/producto\/e-commerce-shipping-poly-mailers-for-clothing-matte-black-interior-crystal-clear-exterior\/\" \/>\n<meta property=\"og:site_name\" content=\"YWCC Package\" \/>\n<meta property=\"article:modified_time\" content=\"2025-11-03T08:40:51+00:00\" \/>\n<meta property=\"og:image\" content=\"https:\/\/www.ywccpackage.com\/wp-content\/uploads\/2025\/07\/E-Commerce-Shipping-Bags-Matte-Black-Interior-Crystal-Clear-Exterior1.webp\" \/>\n\t<meta property=\"og:image:width\" content=\"1200\" \/>\n\t<meta property=\"og:image:height\" content=\"1200\" \/>\n\t<meta property=\"og:image:type\" content=\"image\/webp\" \/>\n<meta name=\"twitter:card\" content=\"summary_large_image\" \/>\n<meta name=\"twitter:label1\" content=\"Tiempo de lectura\" \/>\n\t<meta name=\"twitter:data1\" content=\"5 minutos\" \/>\n<script type=\"application\/ld+json\" class=\"yoast-schema-graph\">{\"@context\":\"https:\/\/schema.org\",\"@graph\":[{\"@type\":\"WebPage\",\"@id\":\"https:\/\/www.ywccpackage.com\/product\/e-commerce-shipping-poly-mailers-for-clothing-matte-black-interior-crystal-clear-exterior\/\",\"url\":\"https:\/\/www.ywccpackage.com\/product\/e-commerce-shipping-poly-mailers-for-clothing-matte-black-interior-crystal-clear-exterior\/\",\"name\":\"Black & Transparent Poly Mailers for Clothing Supplier\",\"isPartOf\":{\"@id\":\"https:\/\/www.ywccpackage.com\/#website\"},\"primaryImageOfPage\":{\"@id\":\"https:\/\/www.ywccpackage.com\/product\/e-commerce-shipping-poly-mailers-for-clothing-matte-black-interior-crystal-clear-exterior\/#primaryimage\"},\"image\":{\"@id\":\"https:\/\/www.ywccpackage.com\/product\/e-commerce-shipping-poly-mailers-for-clothing-matte-black-interior-crystal-clear-exterior\/#primaryimage\"},\"thumbnailUrl\":\"https:\/\/www.ywccpackage.com\/wp-content\/uploads\/2025\/07\/E-Commerce-Shipping-Bags-Matte-Black-Interior-Crystal-Clear-Exterior1.webp\",\"datePublished\":\"2025-07-02T10:45:48+00:00\",\"dateModified\":\"2025-11-03T08:40:51+00:00\",\"description\":\"Poly Mailers for Clothing with black (privacy\/brand) and transparent (visibility) sides. Boost logistics efficiency, protect goods, enhance brand. Ideal for e-commerce & shipping. Customizable.\",\"breadcrumb\":{\"@id\":\"https:\/\/www.ywccpackage.com\/product\/e-commerce-shipping-poly-mailers-for-clothing-matte-black-interior-crystal-clear-exterior\/#breadcrumb\"},\"inLanguage\":\"es\",\"potentialAction\":[{\"@type\":\"ReadAction\",\"target\":[\"https:\/\/www.ywccpackage.com\/product\/e-commerce-shipping-poly-mailers-for-clothing-matte-black-interior-crystal-clear-exterior\/\"]}]},{\"@type\":\"ImageObject\",\"inLanguage\":\"es\",\"@id\":\"https:\/\/www.ywccpackage.com\/product\/e-commerce-shipping-poly-mailers-for-clothing-matte-black-interior-crystal-clear-exterior\/#primaryimage\",\"url\":\"https:\/\/www.ywccpackage.com\/wp-content\/uploads\/2025\/07\/E-Commerce-Shipping-Bags-Matte-Black-Interior-Crystal-Clear-Exterior1.webp\",\"contentUrl\":\"https:\/\/www.ywccpackage.com\/wp-content\/uploads\/2025\/07\/E-Commerce-Shipping-Bags-Matte-Black-Interior-Crystal-Clear-Exterior1.webp\",\"width\":1200,\"height\":1200,\"caption\":\"E-Commerce Shipping Bags Matte Black Interior & Crystal Clear Exterior\"},{\"@type\":\"BreadcrumbList\",\"@id\":\"https:\/\/www.ywccpackage.com\/product\/e-commerce-shipping-poly-mailers-for-clothing-matte-black-interior-crystal-clear-exterior\/#breadcrumb\",\"itemListElement\":[{\"@type\":\"ListItem\",\"position\":1,\"name\":\"Home\",\"item\":\"https:\/\/www.ywccpackage.com\/\"},{\"@type\":\"ListItem\",\"position\":2,\"name\":\"Products\",\"item\":\"https:\/\/www.ywccpackage.com\/shop\/\"},{\"@type\":\"ListItem\",\"position\":3,\"name\":\"E-Commerce Shipping Poly Mailers for Clothing: Matte Black Interior &#038; Crystal Clear Exterior\"}]},{\"@type\":\"WebSite\",\"@id\":\"https:\/\/www.ywccpackage.com\/#website\",\"url\":\"https:\/\/www.ywccpackage.com\/\",\"name\":\"YWCC Package\",\"description\":\"YWCC Package\",\"potentialAction\":[{\"@type\":\"SearchAction\",\"target\":{\"@type\":\"EntryPoint\",\"urlTemplate\":\"https:\/\/www.ywccpackage.com\/?s={search_term_string}\"},\"query-input\":\"required name=search_term_string\"}],\"inLanguage\":\"es\"}]}<\/script>\n<!-- \/ Yoast SEO plugin. -->","yoast_head_json":{"title":"Black & Transparent Poly Mailers for Clothing Supplier","description":"Poly Mailers for Clothing with black (privacy\/brand) and transparent (visibility) sides. Boost logistics efficiency, protect goods, enhance brand. Ideal for e-commerce & shipping. Customizable.","robots":{"index":"index","follow":"follow","max-snippet":"max-snippet:-1","max-image-preview":"max-image-preview:large","max-video-preview":"max-video-preview:-1"},"canonical":"https:\/\/www.ywccpackage.com\/es\/producto\/e-commerce-shipping-poly-mailers-for-clothing-matte-black-interior-crystal-clear-exterior\/","og_locale":"es_ES","og_type":"article","og_title":"Black & Transparent Poly Mailers for Clothing Supplier","og_description":"Poly Mailers for Clothing with black (privacy\/brand) and transparent (visibility) sides. Boost logistics efficiency, protect goods, enhance brand. Ideal for e-commerce & shipping. Customizable.","og_url":"https:\/\/www.ywccpackage.com\/es\/producto\/e-commerce-shipping-poly-mailers-for-clothing-matte-black-interior-crystal-clear-exterior\/","og_site_name":"YWCC Package","article_modified_time":"2025-11-03T08:40:51+00:00","og_image":[{"width":1200,"height":1200,"url":"https:\/\/www.ywccpackage.com\/wp-content\/uploads\/2025\/07\/E-Commerce-Shipping-Bags-Matte-Black-Interior-Crystal-Clear-Exterior1.webp","type":"image\/webp"}],"twitter_card":"summary_large_image","twitter_misc":{"Tiempo de lectura":"5 minutos"},"schema":{"@context":"https:\/\/schema.org","@graph":[{"@type":"WebPage","@id":"https:\/\/www.ywccpackage.com\/product\/e-commerce-shipping-poly-mailers-for-clothing-matte-black-interior-crystal-clear-exterior\/","url":"https:\/\/www.ywccpackage.com\/product\/e-commerce-shipping-poly-mailers-for-clothing-matte-black-interior-crystal-clear-exterior\/","name":"Black & Transparent Poly Mailers for Clothing Supplier","isPartOf":{"@id":"https:\/\/www.ywccpackage.com\/#website"},"primaryImageOfPage":{"@id":"https:\/\/www.ywccpackage.com\/product\/e-commerce-shipping-poly-mailers-for-clothing-matte-black-interior-crystal-clear-exterior\/#primaryimage"},"image":{"@id":"https:\/\/www.ywccpackage.com\/product\/e-commerce-shipping-poly-mailers-for-clothing-matte-black-interior-crystal-clear-exterior\/#primaryimage"},"thumbnailUrl":"https:\/\/www.ywccpackage.com\/wp-content\/uploads\/2025\/07\/E-Commerce-Shipping-Bags-Matte-Black-Interior-Crystal-Clear-Exterior1.webp","datePublished":"2025-07-02T10:45:48+00:00","dateModified":"2025-11-03T08:40:51+00:00","description":"Poly Mailers for Clothing with black (privacy\/brand) and transparent (visibility) sides. Boost logistics efficiency, protect goods, enhance brand. Ideal for e-commerce & shipping. Customizable.","breadcrumb":{"@id":"https:\/\/www.ywccpackage.com\/product\/e-commerce-shipping-poly-mailers-for-clothing-matte-black-interior-crystal-clear-exterior\/#breadcrumb"},"inLanguage":"es","potentialAction":[{"@type":"ReadAction","target":["https:\/\/www.ywccpackage.com\/product\/e-commerce-shipping-poly-mailers-for-clothing-matte-black-interior-crystal-clear-exterior\/"]}]},{"@type":"ImageObject","inLanguage":"es","@id":"https:\/\/www.ywccpackage.com\/product\/e-commerce-shipping-poly-mailers-for-clothing-matte-black-interior-crystal-clear-exterior\/#primaryimage","url":"https:\/\/www.ywccpackage.com\/wp-content\/uploads\/2025\/07\/E-Commerce-Shipping-Bags-Matte-Black-Interior-Crystal-Clear-Exterior1.webp","contentUrl":"https:\/\/www.ywccpackage.com\/wp-content\/uploads\/2025\/07\/E-Commerce-Shipping-Bags-Matte-Black-Interior-Crystal-Clear-Exterior1.webp","width":1200,"height":1200,"caption":"E-Commerce Shipping Bags Matte Black Interior & Crystal Clear Exterior"},{"@type":"BreadcrumbList","@id":"https:\/\/www.ywccpackage.com\/product\/e-commerce-shipping-poly-mailers-for-clothing-matte-black-interior-crystal-clear-exterior\/#breadcrumb","itemListElement":[{"@type":"ListItem","position":1,"name":"Home","item":"https:\/\/www.ywccpackage.com\/"},{"@type":"ListItem","position":2,"name":"Products","item":"https:\/\/www.ywccpackage.com\/shop\/"},{"@type":"ListItem","position":3,"name":"E-Commerce Shipping Poly Mailers for Clothing: Matte Black Interior &#038; Crystal Clear Exterior"}]},{"@type":"WebSite","@id":"https:\/\/www.ywccpackage.com\/#website","url":"https:\/\/www.ywccpackage.com\/","name":"YWCC Package","description":"YWCC Package","potentialAction":[{"@type":"SearchAction","target":{"@type":"EntryPoint","urlTemplate":"https:\/\/www.ywccpackage.com\/?s={search_term_string}"},"query-input":"required name=search_term_string"}],"inLanguage":"es"}]}},"_links":{"self":[{"href":"https:\/\/www.ywccpackage.com\/es\/wp-json\/wp\/v2\/product\/12671"}],"collection":[{"href":"https:\/\/www.ywccpackage.com\/es\/wp-json\/wp\/v2\/product"}],"about":[{"href":"https:\/\/www.ywccpackage.com\/es\/wp-json\/wp\/v2\/types\/product"}],"wp:featuredmedia":[{"embeddable":true,"href":"https:\/\/www.ywccpackage.com\/es\/wp-json\/wp\/v2\/media\/12673"}],"wp:attachment":[{"href":"https:\/\/www.ywccpackage.com\/es\/wp-json\/wp\/v2\/media?parent=12671"}],"wp:term":[{"taxonomy":"product_cat","embeddable":true,"href":"https:\/\/www.ywccpackage.com\/es\/wp-json\/wp\/v2\/product_cat?post=12671"},{"taxonomy":"product_tag","embeddable":true,"href":"https:\/\/www.ywccpackage.com\/es\/wp-json\/wp\/v2\/product_tag?post=12671"}],"curies":[{"name":"wp","href":"https:\/\/api.w.org\/{rel}","templated":true}]}}