{"id":12693,"date":"2025-07-13T10:46:12","date_gmt":"2025-07-13T10:46:12","guid":{"rendered":"https:\/\/www.ywccpackage.com\/?post_type=product&#038;p=12693"},"modified":"2025-08-20T08:19:32","modified_gmt":"2025-08-20T08:19:32","slug":"blue-clear-reusable-zipper-plastic-bags-for-business-heavy-duty-airtight-resealable-plastic-pouches","status":"publish","type":"product","link":"https:\/\/www.ywccpackage.com\/es\/producto\/blue-clear-reusable-zipper-plastic-bags-for-business-heavy-duty-airtight-resealable-plastic-pouches\/","title":{"rendered":"Bolsas de pl\u00e1stico reutilizables con cremallera azules y transparentes para negocios - Bolsas de pl\u00e1stico herm\u00e9ticas y resellables de alta resistencia"},"content":{"rendered":"<h2>Bolsas de pl\u00e1stico para empresas Descripci\u00f3n<\/h2>\n<ol class=\"auto-hide-last-sibling-br\">\n<li>Excelente identificaci\u00f3n visual y gesti\u00f3n del contenido de <a href=\"https:\/\/www.ywccpackage.com\/es\/producto\/blue-clear-reusable-zipper-plastic-bags-for-business-heavy-duty-airtight-resealable-plastic-pouches\/\"><strong>Bolsas de pl\u00e1stico para empresas<\/strong><\/a>:<br class=\"container-utlnW2 wrapper-d0Cc1k undefined\" \/>Mejore la eficiencia y tenga todo claro de un vistazo. La cara transparente permite ver claramente el contenido, lo que permite identificarlo r\u00e1pidamente sin necesidad de etiquetas.<\/li>\n<li>Privacy Protection and Aesthetic Concealment: Conceal items that you don&#8217;t want to be fully exposed (such as underwear, hygiene products, personal documents, scattered small items), maintaining a neat and aesthetic appearance on the outside. One bag serves two purposes, being both practical and decent. The blue side provides the necessary concealment, avoiding embarrassment or a messy look.<\/li>\n<li>Control de la luz y protecci\u00f3n de art\u00edculos: Protege los art\u00edculos sensibles a la luz (como ciertos medicamentos, cosm\u00e9ticos, pel\u00edculas, componentes electr\u00f3nicos) de los efectos de la luz. La cara azul bloquea eficazmente parte de la luz (especialmente la ultravioleta), proporcionando una capa protectora adicional para los art\u00edculos sensibles.<\/li>\n<li>Versatility and Scenario Adaptability: Adapt to different scenario needs (viewing contents vs. concealing contents vs. avoiding light). It offers extremely high flexibility in use. Whether it is for daily storage, travel packing, sample display, or material storage, it can handle the task. Users don&#8217;t need to prepare multiple bags for different purposes.<\/li>\n<li>Rendimiento b\u00e1sico duradero y fiable: El <a href=\"https:\/\/www.ywccpackage.com\/es\/category\/zipper-bag\/\"><strong>bolsa con cremallera<\/strong><\/a> puede evitar que los objetos se humedezcan, se llenen de polvo, se desparramen o se pierdan. Los materiales de PE\/PP\/PVC de alta calidad proporcionan un buen rendimiento a prueba de agua, humedad y polvo; las robustas cremalleras de doble o una v\u00eda garantizan un sellado fiable y no se da\u00f1an f\u00e1cilmente al abrirlas y cerrarlas repetidamente; el propio material tambi\u00e9n ofrece cierta resistencia al desgarro.<\/li>\n<\/ol>\n<h2>Aplicaci\u00f3n de las bolsas de pl\u00e1stico a las empresas<\/h2>\n<p>Home storage: Underwear and socks (blue side facing out), toy parts (transparent side facing out for easy part &#8211; finding), medicine (blue side for light &#8211; blocking), certificates and documents (blue side for privacy protection), data cables\/small accessories (transparent side for easy identification).<br class=\"container-utlnW2 wrapper-d0Cc1k undefined\" \/>Travel and business trips: Toiletries in sub &#8211; packages (transparent side to see the contents), dirty clothes storage (blue side for blocking), important documents\/valuables (blue side for protection).<br class=\"container-utlnW2 wrapper-d0Cc1k undefined\" \/>Commercial use: Sample display (transparent side for display), spare parts storage (transparent side for identification), internal document\/voucher transfer (blue side for privacy protection), industrial parts that need light &#8211; blocking.<br class=\"container-utlnW2 wrapper-d0Cc1k undefined\" \/>Maternity and baby products: Baby bottle\/tableware sub &#8211; packages (transparent side), diapers\/wipes (blue side for tidiness), small toys (transparent side).<br class=\"container-utlnW2 wrapper-d0Cc1k undefined\" \/>Papeler\u00eda y oficina: Almacenamiento de art\u00edculos de papeler\u00eda (lado transparente), billetes\/sellos importantes (lado azul).<\/p>\n<p><strong>Aceptar servicios personalizados diversificados de los clientes.<\/strong><br class=\"container-utlnW2 wrapper-d0Cc1k undefined\" \/><strong>Si tiene alg\u00fan dise\u00f1o o idea, no dude en <a href=\"https:\/\/www.ywccpackage.com\/es\/contact-us\/\">Contacto<\/a>.<\/strong><\/p>\n<h2>F\u00e1brica<\/h2>\n<p>En <a href=\"https:\/\/www.ywccpackage.com\/es\/about-us\/\"><strong>f\u00e1brica de bolsas de embalaje<\/strong><\/a> designa las especificaciones, dimensiones y grosor, con existencias suficientes (sin imprimir) para un env\u00edo r\u00e1pido.<\/p>\n<p>4 sucursales<br \/>\nCapacidad de producci\u00f3n diaria de 200 toneladas<br \/>\nCapacidad de producci\u00f3n diaria de 6 millones de bolsas<br \/>\nEdificios industriales con una superficie de 34.000 metros cuadrados<br \/>\nCumple las certificaciones internacionales, como ISO 9001, SGS, BSCI, FSC, REACH, etc.<\/p>\n<p><img loading=\"lazy\" decoding=\"async\" class=\"size-full wp-image-12579 aligncenter\" data-src=\"https:\/\/www.ywccpackage.com\/wp-content\/uploads\/2025\/06\/factory.webp\" alt=\"F\u00e1brica\" width=\"750\" height=\"2000\" srcset=\"https:\/\/www.ywccpackage.com\/wp-content\/uploads\/2025\/06\/factory.webp 750w, https:\/\/www.ywccpackage.com\/wp-content\/uploads\/2025\/06\/factory-480x1280.webp 480w\" sizes=\"(min-width: 0px) and (max-width: 480px) 480px, (min-width: 481px) 750px, 100vw\" \/> <img loading=\"lazy\" decoding=\"async\" class=\"aligncenter wp-image-12580\" data-src=\"https:\/\/www.ywccpackage.com\/wp-content\/uploads\/2025\/06\/Factory-1.webp\" alt=\"F\u00e1brica\" width=\"750\" height=\"656\" \/> <img loading=\"lazy\" decoding=\"async\" class=\"wp-image-12578 aligncenter\" data-src=\"https:\/\/www.ywccpackage.com\/wp-content\/uploads\/2025\/06\/Factory-2.webp\" alt=\"F\u00e1brica\" width=\"750\" height=\"750\" \/><\/p>\n<h2>Certificaciones: Mostrar logotipos\/certificados<\/h2>\n<p><img loading=\"lazy\" decoding=\"async\" class=\"aligncenter wp-image-12581\" data-src=\"https:\/\/www.ywccpackage.com\/wp-content\/uploads\/2025\/06\/Certificate.webp\" alt=\"Certificado\" width=\"750\" height=\"1113\" srcset=\"https:\/\/www.ywccpackage.com\/wp-content\/uploads\/2025\/06\/Certificate.webp 750w, https:\/\/www.ywccpackage.com\/wp-content\/uploads\/2025\/06\/Certificate-480x713.webp 480w\" sizes=\"(min-width: 0px) and (max-width: 480px) 480px, (min-width: 481px) 750px, 100vw\" \/><\/p>\n<h2>Qui\u00e9nes somos<\/h2>\n<p>Cree envases de marca que destaquen Suministramos envases\u00a0<a href=\"http:\/\/www.ywccpackage.com\/es\/\"><strong>bolsas de pl\u00e1stico personalizadas con logotipo<\/strong><\/a>\u00a0- incluidos los duraderos\u00a0<strong>bolsa con cremallera<\/strong> opciones. Elige vers\u00e1til <strong>bolsa transparente con cremallera<\/strong>,\u00a0<strong>bolsa de pl\u00e1stico con cremallera<\/strong>y\u00a0<strong>bolsa con cremallera de pvc<\/strong> soluciones. Nuestra <strong>bolsas de pl\u00e1stico para empresas<\/strong>\u00a0exhiben el contenido a la vez que protegen los productos. Ideal para tiendas, regalos y promociones. Impermeables, reutilizables y listas para la venta. Aumente la visibilidad de su marca con bolsas profesionales con cremallera impresas a medida. <a href=\"https:\/\/www.ywccpackage.com\/es\/contact-us\/\"><strong>Pida muestras hoy mismo<\/strong><\/a>!<\/p>","protected":false},"excerpt":{"rendered":"<p>Estas bolsas transparentes de color azul ofrecen una visibilidad clara (lado transparente) y privacidad\/bloqueo de la luz (lado azul). Vers\u00e1tiles para el hogar, los viajes, los negocios, etc., son duraderas gracias a sus materiales de calidad y a sus cremalleras fiables, que evitan la humedad y las p\u00e9rdidas. Se pueden personalizar.<\/p>","protected":false},"featured_media":12695,"template":"","meta":{"_et_pb_use_builder":"","_et_pb_old_content":"","_et_gb_content_width":""},"product_cat":[193],"product_tag":[208,209,210],"yoast_head":"<!-- This site is optimized with the Yoast SEO plugin v22.7 - https:\/\/yoast.com\/wordpress\/plugins\/seo\/ -->\n<title>Plastic Bags for Business - Dual-Side Design for Visibility &amp; Privacy<\/title>\n<meta name=\"description\" content=\"Plastic Bags for Business with transparent\/blue dual sides. Ideal for storage, travel &amp; commerce. Protects light-sensitive items, ensures privacy. Durable, customizable.\" \/>\n<meta name=\"robots\" content=\"index, follow, max-snippet:-1, max-image-preview:large, max-video-preview:-1\" \/>\n<link rel=\"canonical\" href=\"https:\/\/www.ywccpackage.com\/es\/producto\/blue-clear-reusable-zipper-plastic-bags-for-business-heavy-duty-airtight-resealable-plastic-pouches\/\" \/>\n<meta property=\"og:locale\" content=\"es_ES\" \/>\n<meta property=\"og:type\" content=\"article\" \/>\n<meta property=\"og:title\" content=\"Plastic Bags for Business - Dual-Side Design for Visibility &amp; Privacy\" \/>\n<meta property=\"og:description\" content=\"Plastic Bags for Business with transparent\/blue dual sides. Ideal for storage, travel &amp; commerce. Protects light-sensitive items, ensures privacy. Durable, customizable.\" \/>\n<meta property=\"og:url\" content=\"https:\/\/www.ywccpackage.com\/es\/producto\/blue-clear-reusable-zipper-plastic-bags-for-business-heavy-duty-airtight-resealable-plastic-pouches\/\" \/>\n<meta property=\"og:site_name\" content=\"YWCC Package\" \/>\n<meta property=\"article:modified_time\" content=\"2025-08-20T08:19:32+00:00\" \/>\n<meta property=\"og:image\" content=\"https:\/\/www.ywccpackage.com\/wp-content\/uploads\/2025\/07\/Blue-Clear-Reusable-Zipper-Storage-Bags-Heavy-Duty-Airtight-Resealable-Plastic-Pouches-1.webp\" \/>\n\t<meta property=\"og:image:width\" content=\"800\" \/>\n\t<meta property=\"og:image:height\" content=\"800\" \/>\n\t<meta property=\"og:image:type\" content=\"image\/webp\" \/>\n<meta name=\"twitter:card\" content=\"summary_large_image\" \/>\n<meta name=\"twitter:label1\" content=\"Tiempo de lectura\" \/>\n\t<meta name=\"twitter:data1\" content=\"4 minutos\" \/>\n<script type=\"application\/ld+json\" class=\"yoast-schema-graph\">{\"@context\":\"https:\/\/schema.org\",\"@graph\":[{\"@type\":\"WebPage\",\"@id\":\"https:\/\/www.ywccpackage.com\/product\/blue-clear-reusable-zipper-plastic-bags-for-business-heavy-duty-airtight-resealable-plastic-pouches\/\",\"url\":\"https:\/\/www.ywccpackage.com\/product\/blue-clear-reusable-zipper-plastic-bags-for-business-heavy-duty-airtight-resealable-plastic-pouches\/\",\"name\":\"Plastic Bags for Business - Dual-Side Design for Visibility & Privacy\",\"isPartOf\":{\"@id\":\"https:\/\/www.ywccpackage.com\/#website\"},\"primaryImageOfPage\":{\"@id\":\"https:\/\/www.ywccpackage.com\/product\/blue-clear-reusable-zipper-plastic-bags-for-business-heavy-duty-airtight-resealable-plastic-pouches\/#primaryimage\"},\"image\":{\"@id\":\"https:\/\/www.ywccpackage.com\/product\/blue-clear-reusable-zipper-plastic-bags-for-business-heavy-duty-airtight-resealable-plastic-pouches\/#primaryimage\"},\"thumbnailUrl\":\"https:\/\/www.ywccpackage.com\/wp-content\/uploads\/2025\/07\/Blue-Clear-Reusable-Zipper-Storage-Bags-Heavy-Duty-Airtight-Resealable-Plastic-Pouches-1.webp\",\"datePublished\":\"2025-07-13T10:46:12+00:00\",\"dateModified\":\"2025-08-20T08:19:32+00:00\",\"description\":\"Plastic Bags for Business with transparent\/blue dual sides. Ideal for storage, travel & commerce. Protects light-sensitive items, ensures privacy. Durable, customizable.\",\"breadcrumb\":{\"@id\":\"https:\/\/www.ywccpackage.com\/product\/blue-clear-reusable-zipper-plastic-bags-for-business-heavy-duty-airtight-resealable-plastic-pouches\/#breadcrumb\"},\"inLanguage\":\"es\",\"potentialAction\":[{\"@type\":\"ReadAction\",\"target\":[\"https:\/\/www.ywccpackage.com\/product\/blue-clear-reusable-zipper-plastic-bags-for-business-heavy-duty-airtight-resealable-plastic-pouches\/\"]}]},{\"@type\":\"ImageObject\",\"inLanguage\":\"es\",\"@id\":\"https:\/\/www.ywccpackage.com\/product\/blue-clear-reusable-zipper-plastic-bags-for-business-heavy-duty-airtight-resealable-plastic-pouches\/#primaryimage\",\"url\":\"https:\/\/www.ywccpackage.com\/wp-content\/uploads\/2025\/07\/Blue-Clear-Reusable-Zipper-Storage-Bags-Heavy-Duty-Airtight-Resealable-Plastic-Pouches-1.webp\",\"contentUrl\":\"https:\/\/www.ywccpackage.com\/wp-content\/uploads\/2025\/07\/Blue-Clear-Reusable-Zipper-Storage-Bags-Heavy-Duty-Airtight-Resealable-Plastic-Pouches-1.webp\",\"width\":800,\"height\":800,\"caption\":\"Blue & Clear Reusable Zipper Storage Bags - Heavy Duty Airtight Resealable Plastic Pouches\"},{\"@type\":\"BreadcrumbList\",\"@id\":\"https:\/\/www.ywccpackage.com\/product\/blue-clear-reusable-zipper-plastic-bags-for-business-heavy-duty-airtight-resealable-plastic-pouches\/#breadcrumb\",\"itemListElement\":[{\"@type\":\"ListItem\",\"position\":1,\"name\":\"Home\",\"item\":\"https:\/\/www.ywccpackage.com\/\"},{\"@type\":\"ListItem\",\"position\":2,\"name\":\"Products\",\"item\":\"https:\/\/www.ywccpackage.com\/shop\/\"},{\"@type\":\"ListItem\",\"position\":3,\"name\":\"Blue &#038; Clear Reusable Zipper Plastic Bags for Business &#8211; Heavy Duty Airtight Resealable Plastic Pouches\"}]},{\"@type\":\"WebSite\",\"@id\":\"https:\/\/www.ywccpackage.com\/#website\",\"url\":\"https:\/\/www.ywccpackage.com\/\",\"name\":\"YWCC Package\",\"description\":\"YWCC Package\",\"potentialAction\":[{\"@type\":\"SearchAction\",\"target\":{\"@type\":\"EntryPoint\",\"urlTemplate\":\"https:\/\/www.ywccpackage.com\/?s={search_term_string}\"},\"query-input\":\"required name=search_term_string\"}],\"inLanguage\":\"es\"}]}<\/script>\n<!-- \/ Yoast SEO plugin. -->","yoast_head_json":{"title":"Plastic Bags for Business - Dual-Side Design for Visibility & Privacy","description":"Plastic Bags for Business with transparent\/blue dual sides. Ideal for storage, travel & commerce. Protects light-sensitive items, ensures privacy. Durable, customizable.","robots":{"index":"index","follow":"follow","max-snippet":"max-snippet:-1","max-image-preview":"max-image-preview:large","max-video-preview":"max-video-preview:-1"},"canonical":"https:\/\/www.ywccpackage.com\/es\/producto\/blue-clear-reusable-zipper-plastic-bags-for-business-heavy-duty-airtight-resealable-plastic-pouches\/","og_locale":"es_ES","og_type":"article","og_title":"Plastic Bags for Business - Dual-Side Design for Visibility & Privacy","og_description":"Plastic Bags for Business with transparent\/blue dual sides. Ideal for storage, travel & commerce. Protects light-sensitive items, ensures privacy. Durable, customizable.","og_url":"https:\/\/www.ywccpackage.com\/es\/producto\/blue-clear-reusable-zipper-plastic-bags-for-business-heavy-duty-airtight-resealable-plastic-pouches\/","og_site_name":"YWCC Package","article_modified_time":"2025-08-20T08:19:32+00:00","og_image":[{"width":800,"height":800,"url":"https:\/\/www.ywccpackage.com\/wp-content\/uploads\/2025\/07\/Blue-Clear-Reusable-Zipper-Storage-Bags-Heavy-Duty-Airtight-Resealable-Plastic-Pouches-1.webp","type":"image\/webp"}],"twitter_card":"summary_large_image","twitter_misc":{"Tiempo de lectura":"4 minutos"},"schema":{"@context":"https:\/\/schema.org","@graph":[{"@type":"WebPage","@id":"https:\/\/www.ywccpackage.com\/product\/blue-clear-reusable-zipper-plastic-bags-for-business-heavy-duty-airtight-resealable-plastic-pouches\/","url":"https:\/\/www.ywccpackage.com\/product\/blue-clear-reusable-zipper-plastic-bags-for-business-heavy-duty-airtight-resealable-plastic-pouches\/","name":"Plastic Bags for Business - Dual-Side Design for Visibility & Privacy","isPartOf":{"@id":"https:\/\/www.ywccpackage.com\/#website"},"primaryImageOfPage":{"@id":"https:\/\/www.ywccpackage.com\/product\/blue-clear-reusable-zipper-plastic-bags-for-business-heavy-duty-airtight-resealable-plastic-pouches\/#primaryimage"},"image":{"@id":"https:\/\/www.ywccpackage.com\/product\/blue-clear-reusable-zipper-plastic-bags-for-business-heavy-duty-airtight-resealable-plastic-pouches\/#primaryimage"},"thumbnailUrl":"https:\/\/www.ywccpackage.com\/wp-content\/uploads\/2025\/07\/Blue-Clear-Reusable-Zipper-Storage-Bags-Heavy-Duty-Airtight-Resealable-Plastic-Pouches-1.webp","datePublished":"2025-07-13T10:46:12+00:00","dateModified":"2025-08-20T08:19:32+00:00","description":"Plastic Bags for Business with transparent\/blue dual sides. Ideal for storage, travel & commerce. Protects light-sensitive items, ensures privacy. Durable, customizable.","breadcrumb":{"@id":"https:\/\/www.ywccpackage.com\/product\/blue-clear-reusable-zipper-plastic-bags-for-business-heavy-duty-airtight-resealable-plastic-pouches\/#breadcrumb"},"inLanguage":"es","potentialAction":[{"@type":"ReadAction","target":["https:\/\/www.ywccpackage.com\/product\/blue-clear-reusable-zipper-plastic-bags-for-business-heavy-duty-airtight-resealable-plastic-pouches\/"]}]},{"@type":"ImageObject","inLanguage":"es","@id":"https:\/\/www.ywccpackage.com\/product\/blue-clear-reusable-zipper-plastic-bags-for-business-heavy-duty-airtight-resealable-plastic-pouches\/#primaryimage","url":"https:\/\/www.ywccpackage.com\/wp-content\/uploads\/2025\/07\/Blue-Clear-Reusable-Zipper-Storage-Bags-Heavy-Duty-Airtight-Resealable-Plastic-Pouches-1.webp","contentUrl":"https:\/\/www.ywccpackage.com\/wp-content\/uploads\/2025\/07\/Blue-Clear-Reusable-Zipper-Storage-Bags-Heavy-Duty-Airtight-Resealable-Plastic-Pouches-1.webp","width":800,"height":800,"caption":"Blue & Clear Reusable Zipper Storage Bags - Heavy Duty Airtight Resealable Plastic Pouches"},{"@type":"BreadcrumbList","@id":"https:\/\/www.ywccpackage.com\/product\/blue-clear-reusable-zipper-plastic-bags-for-business-heavy-duty-airtight-resealable-plastic-pouches\/#breadcrumb","itemListElement":[{"@type":"ListItem","position":1,"name":"Home","item":"https:\/\/www.ywccpackage.com\/"},{"@type":"ListItem","position":2,"name":"Products","item":"https:\/\/www.ywccpackage.com\/shop\/"},{"@type":"ListItem","position":3,"name":"Blue &#038; Clear Reusable Zipper Plastic Bags for Business &#8211; Heavy Duty Airtight Resealable Plastic Pouches"}]},{"@type":"WebSite","@id":"https:\/\/www.ywccpackage.com\/#website","url":"https:\/\/www.ywccpackage.com\/","name":"YWCC Package","description":"YWCC Package","potentialAction":[{"@type":"SearchAction","target":{"@type":"EntryPoint","urlTemplate":"https:\/\/www.ywccpackage.com\/?s={search_term_string}"},"query-input":"required name=search_term_string"}],"inLanguage":"es"}]}},"_links":{"self":[{"href":"https:\/\/www.ywccpackage.com\/es\/wp-json\/wp\/v2\/product\/12693"}],"collection":[{"href":"https:\/\/www.ywccpackage.com\/es\/wp-json\/wp\/v2\/product"}],"about":[{"href":"https:\/\/www.ywccpackage.com\/es\/wp-json\/wp\/v2\/types\/product"}],"wp:featuredmedia":[{"embeddable":true,"href":"https:\/\/www.ywccpackage.com\/es\/wp-json\/wp\/v2\/media\/12695"}],"wp:attachment":[{"href":"https:\/\/www.ywccpackage.com\/es\/wp-json\/wp\/v2\/media?parent=12693"}],"wp:term":[{"taxonomy":"product_cat","embeddable":true,"href":"https:\/\/www.ywccpackage.com\/es\/wp-json\/wp\/v2\/product_cat?post=12693"},{"taxonomy":"product_tag","embeddable":true,"href":"https:\/\/www.ywccpackage.com\/es\/wp-json\/wp\/v2\/product_tag?post=12693"}],"curies":[{"name":"wp","href":"https:\/\/api.w.org\/{rel}","templated":true}]}}