{"id":12765,"date":"2025-08-01T03:49:43","date_gmt":"2025-08-01T03:49:43","guid":{"rendered":"https:\/\/www.ywccpackage.com\/?post_type=product&#038;p=12765"},"modified":"2025-11-03T08:40:34","modified_gmt":"2025-11-03T08:40:34","slug":"eco-friendly-green-custom-printed-large-mailing-bags-handle-single-color-logo-bulk-shipping","status":"publish","type":"product","link":"https:\/\/www.ywccpackage.com\/es\/producto\/eco-friendly-green-custom-printed-large-mailing-bags-handle-single-color-logo-bulk-shipping\/","title":{"rendered":"Eco-Friendly Green Custom Printed Large Mailing Bags Handle | Single Color Logo | Bulk Shipping"},"content":{"rendered":"<h2>Description of Large Mailing Bags<\/h2>\n<ol class=\"auto-hide-last-sibling-br\">\n<li>Simple and efficient, with optimal cost of <a href=\"https:\/\/www.ywccpackage.com\/es\/producto\/eco-friendly-green-custom-printed-large-mailing-bags-handle-single-color-logo-bulk-shipping\/\"><strong>Bolsas de correo grandes<\/strong><\/a>:<br class=\"container-utlnW2 wrapper-d0Cc1k undefined\" \/>The single-color printing process is simple, with low plate-making costs, fast printing speed, and highly competitive production costs for large quantities.<\/li>\n<li>Eye-catching green, basic brand identification:<br class=\"container-utlnW2 wrapper-d0Cc1k undefined\" \/>Green is eye-catching in itself and easy to identify among numerous packages. Single-color printing can clearly display core information such as the company logo, name, and website address without the need for complex design fees.<\/li>\n<li>Sturdy and durable, with reliable protection<br class=\"container-utlnW2 wrapper-d0Cc1k undefined\" \/>Thickened material: Clearly mark the material thickness (such as \u22650.06mm PE) and weight per unit area, emphasizing tear resistance and puncture resistance.<br class=\"container-utlnW2 wrapper-d0Cc1k undefined\" \/>Firm sealing: High-quality self-adhesive strips with strong adhesion, not easy to burst open, and can be re-pasted.<br class=\"container-utlnW2 wrapper-d0Cc1k undefined\" \/>Load-bearing handle: Thickened handle hole design or reinforced handle strap, with strong load-bearing capacity, convenient for handling and not easy to break.<\/li>\n<li>Lightweight and easy to use, improving efficiency with our <a href=\"https:\/\/www.ywccpackage.com\/es\/category\/mailer\/\"><strong>bolsas de embalaje para correo<\/strong><\/a>!<br class=\"container-utlnW2 wrapper-d0Cc1k undefined\" \/>Self-adhesive strip: It can be torn and sealed immediately, with extremely simple and fast operation, eliminating the need for additional tape.<br class=\"container-utlnW2 wrapper-d0Cc1k undefined\" \/>Handle design: Facilitates handling, stacking, and transportation, improving efficiency in the warehouse and logistics processes.<br class=\"container-utlnW2 wrapper-d0Cc1k undefined\" \/>Lightweight: Under the premise of ensuring strength, it is as light as possible to save shipping costs (especially for customers sensitive to air freight).<\/li>\n<li>Environmentally friendly choice<br class=\"container-utlnW2 wrapper-d0Cc1k undefined\" \/>Escenarios aplicables:<br class=\"container-utlnW2 wrapper-d0Cc1k undefined\" \/>Recyclable materials: The main materials (such as PE) can be recycled.<br class=\"container-utlnW2 wrapper-d0Cc1k undefined\" \/>Contains recycled materials: The product contains a certain proportion of recycled plastics, reducing resource consumption.<br class=\"container-utlnW2 wrapper-d0Cc1k undefined\" \/>Environmental friendliness of single-color printing: Compared with multi-color printing, it uses less ink and causes less pollution.<\/li>\n<li>Versatile applications, widely applicable:<br class=\"container-utlnW2 wrapper-d0Cc1k undefined\" \/>Suitable for various scenarios such as e-commerce shipping, document sending, sample delivery, internal warehouse transfer, and small item storage.<\/li>\n<\/ol>\n<p><strong>Aceptamos diversos servicios personalizados de los clientes.<\/strong><br class=\"container-utlnW2 wrapper-d0Cc1k undefined\" \/><strong>Si tiene alg\u00fan dise\u00f1o o idea, no dude en ponerse en contacto con nosotros.<\/strong><\/p>\n<h2>F\u00e1brica<\/h2>\n<p>La f\u00e1brica designa las especificaciones, dimensiones y grosor, con existencias suficientes (sin imprimir) para un env\u00edo r\u00e1pido.<\/p>\n<p>4 sucursales<br \/>\nCapacidad de producci\u00f3n diaria de 200 toneladas<br \/>\nCapacidad de producci\u00f3n diaria de 6 millones de bolsas<br \/>\nEdificios industriales con una superficie de 34.000 metros cuadrados<br \/>\nCumple las certificaciones internacionales, como ISO 9001, SGS, BSCI, FSC, REACH, etc.<\/p>\n<p><img loading=\"lazy\" decoding=\"async\" class=\"size-full wp-image-12579 aligncenter\" data-src=\"https:\/\/www.ywccpackage.com\/wp-content\/uploads\/2025\/06\/factory.webp\" alt=\"F\u00e1brica\" width=\"750\" height=\"2000\" srcset=\"https:\/\/www.ywccpackage.com\/wp-content\/uploads\/2025\/06\/factory.webp 750w, https:\/\/www.ywccpackage.com\/wp-content\/uploads\/2025\/06\/factory-480x1280.webp 480w\" sizes=\"(min-width: 0px) and (max-width: 480px) 480px, (min-width: 481px) 750px, 100vw\" \/> <img loading=\"lazy\" decoding=\"async\" class=\"aligncenter wp-image-12580\" data-src=\"https:\/\/www.ywccpackage.com\/wp-content\/uploads\/2025\/06\/Factory-1.webp\" alt=\"F\u00e1brica\" width=\"750\" height=\"656\" \/> <img loading=\"lazy\" decoding=\"async\" class=\"size-full wp-image-13110 aligncenter\" data-src=\"https:\/\/www.ywccpackage.com\/wp-content\/uploads\/2025\/07\/photobank.webp\" alt=\"Bolsas impermeables para env\u00edo de ropa\" width=\"800\" height=\"800\" srcset=\"https:\/\/www.ywccpackage.com\/wp-content\/uploads\/2025\/07\/photobank.webp 800w, https:\/\/www.ywccpackage.com\/wp-content\/uploads\/2025\/07\/photobank-480x480.webp 480w\" sizes=\"(min-width: 0px) and (max-width: 480px) 480px, (min-width: 481px) 800px, 100vw\" \/><\/p>\n<h2>Large Mailing Bags \/ Certifications: Display logos\/certificates<\/h2>\n<p><img loading=\"lazy\" decoding=\"async\" class=\"aligncenter wp-image-12581\" data-src=\"https:\/\/www.ywccpackage.com\/wp-content\/uploads\/2025\/06\/Certificate.webp\" alt=\"Certificado\" width=\"750\" height=\"1113\" srcset=\"https:\/\/www.ywccpackage.com\/wp-content\/uploads\/2025\/06\/Certificate.webp 750w, https:\/\/www.ywccpackage.com\/wp-content\/uploads\/2025\/06\/Certificate-480x713.webp 480w\" sizes=\"(min-width: 0px) and (max-width: 480px) 480px, (min-width: 481px) 750px, 100vw\" \/><\/p>\n<h2>Qui\u00e9nes somos<\/h2>\n<p>Premium <strong><a href=\"http:\/\/www.ywccpackage.com\/es\/\">bolsas de polietileno personalizadas<\/a>\u00a0<\/strong>y soluciones de transporte sostenibles. Como su socio de embalaje de confianza, suministramos\u00a0<strong>bolsa de correo<\/strong>\u00a0opciones, incluida la seguridad\u00a0<strong>bolsa expr\u00e9s<\/strong>,\u00a0<strong>bolsas postales<\/strong>y de protecci\u00f3n <strong>Bolsas de correo grandes<\/strong>. Eleve el unboxing con\u00a0<a href=\"https:\/\/www.ywccpackage.com\/es\/about-us\/\"><strong>bolsas postales de marca<\/strong><\/a>\u00a0con logotipos. Elige ecol\u00f3gico\u00a0<strong>bolsas de correo biodegradables<\/strong>\u00a0y\u00a0<strong>bolsas de correo compostables<\/strong>\u00a0para reducir los residuos. Nuestro vers\u00e1til\u00a0<strong>envasado en sobres<\/strong>\u00a0protege los productos a la vez que aumenta la visibilidad de la marca. Protecci\u00f3n profesional para comercio electr\u00f3nico, venta al por menor y publicidad directa. <a href=\"https:\/\/www.ywccpackage.com\/es\/contact-us\/\"><strong>Solicitar muestras<\/strong><\/a> de nuestros buzones personalizados y ecol\u00f3gicos<\/p>","protected":false},"excerpt":{"rendered":"<p>Still worried about the high cost of color-printed packaging bags? Do you need a transportation solution that can clearly display basic brand information, is cost-effective, reliable, and convenient? Our single-color printed green hand-carry express shipping bags are the high-cost-performance choice tailor-made for you!<\/p>","protected":false},"featured_media":12767,"template":"","meta":{"_et_pb_use_builder":"","_et_pb_old_content":"","_et_gb_content_width":""},"product_cat":[191],"product_tag":[204,205,206,207,203],"yoast_head":"<!-- This site is optimized with the Yoast SEO plugin v22.7 - https:\/\/yoast.com\/wordpress\/plugins\/seo\/ -->\n<title>Large Mailing Bags Supplier - Durable &amp; Cost-Effective<\/title>\n<meta name=\"description\" content=\"Green large mailing bags with single-color printing. Sturdy, self-adhesive, recyclable. Ideal for e-commerce, shipping &amp; storage. Customizable, cost-efficient.\" \/>\n<meta name=\"robots\" content=\"index, follow, max-snippet:-1, max-image-preview:large, max-video-preview:-1\" \/>\n<link rel=\"canonical\" href=\"https:\/\/www.ywccpackage.com\/es\/producto\/eco-friendly-green-custom-printed-large-mailing-bags-handle-single-color-logo-bulk-shipping\/\" \/>\n<meta property=\"og:locale\" content=\"es_ES\" \/>\n<meta property=\"og:type\" content=\"article\" \/>\n<meta property=\"og:title\" content=\"Large Mailing Bags Supplier - Durable &amp; Cost-Effective\" \/>\n<meta property=\"og:description\" content=\"Green large mailing bags with single-color printing. Sturdy, self-adhesive, recyclable. Ideal for e-commerce, shipping &amp; storage. Customizable, cost-efficient.\" \/>\n<meta property=\"og:url\" content=\"https:\/\/www.ywccpackage.com\/es\/producto\/eco-friendly-green-custom-printed-large-mailing-bags-handle-single-color-logo-bulk-shipping\/\" \/>\n<meta property=\"og:site_name\" content=\"YWCC Package\" \/>\n<meta property=\"article:modified_time\" content=\"2025-11-03T08:40:34+00:00\" \/>\n<meta property=\"og:image\" content=\"https:\/\/www.ywccpackage.com\/wp-content\/uploads\/2025\/08\/Eco-Friendly-Green-Custom-Printed-Large-Mailing-Bags-Handle-Single-Color-Logo-Bulk-Shipping1.webp\" \/>\n\t<meta property=\"og:image:width\" content=\"1100\" \/>\n\t<meta property=\"og:image:height\" content=\"1100\" \/>\n\t<meta property=\"og:image:type\" content=\"image\/webp\" \/>\n<meta name=\"twitter:card\" content=\"summary_large_image\" \/>\n<meta name=\"twitter:label1\" content=\"Tiempo de lectura\" \/>\n\t<meta name=\"twitter:data1\" content=\"3 minutos\" \/>\n<script type=\"application\/ld+json\" class=\"yoast-schema-graph\">{\"@context\":\"https:\/\/schema.org\",\"@graph\":[{\"@type\":\"WebPage\",\"@id\":\"https:\/\/www.ywccpackage.com\/product\/eco-friendly-green-custom-printed-large-mailing-bags-handle-single-color-logo-bulk-shipping\/\",\"url\":\"https:\/\/www.ywccpackage.com\/product\/eco-friendly-green-custom-printed-large-mailing-bags-handle-single-color-logo-bulk-shipping\/\",\"name\":\"Large Mailing Bags Supplier - Durable & Cost-Effective\",\"isPartOf\":{\"@id\":\"https:\/\/www.ywccpackage.com\/#website\"},\"primaryImageOfPage\":{\"@id\":\"https:\/\/www.ywccpackage.com\/product\/eco-friendly-green-custom-printed-large-mailing-bags-handle-single-color-logo-bulk-shipping\/#primaryimage\"},\"image\":{\"@id\":\"https:\/\/www.ywccpackage.com\/product\/eco-friendly-green-custom-printed-large-mailing-bags-handle-single-color-logo-bulk-shipping\/#primaryimage\"},\"thumbnailUrl\":\"https:\/\/www.ywccpackage.com\/wp-content\/uploads\/2025\/08\/Eco-Friendly-Green-Custom-Printed-Large-Mailing-Bags-Handle-Single-Color-Logo-Bulk-Shipping.webp\",\"datePublished\":\"2025-08-01T03:49:43+00:00\",\"dateModified\":\"2025-11-03T08:40:34+00:00\",\"description\":\"Green large mailing bags with single-color printing. Sturdy, self-adhesive, recyclable. Ideal for e-commerce, shipping & storage. Customizable, cost-efficient.\",\"breadcrumb\":{\"@id\":\"https:\/\/www.ywccpackage.com\/product\/eco-friendly-green-custom-printed-large-mailing-bags-handle-single-color-logo-bulk-shipping\/#breadcrumb\"},\"inLanguage\":\"es\",\"potentialAction\":[{\"@type\":\"ReadAction\",\"target\":[\"https:\/\/www.ywccpackage.com\/product\/eco-friendly-green-custom-printed-large-mailing-bags-handle-single-color-logo-bulk-shipping\/\"]}]},{\"@type\":\"ImageObject\",\"inLanguage\":\"es\",\"@id\":\"https:\/\/www.ywccpackage.com\/product\/eco-friendly-green-custom-printed-large-mailing-bags-handle-single-color-logo-bulk-shipping\/#primaryimage\",\"url\":\"https:\/\/www.ywccpackage.com\/wp-content\/uploads\/2025\/08\/Eco-Friendly-Green-Custom-Printed-Large-Mailing-Bags-Handle-Single-Color-Logo-Bulk-Shipping.webp\",\"contentUrl\":\"https:\/\/www.ywccpackage.com\/wp-content\/uploads\/2025\/08\/Eco-Friendly-Green-Custom-Printed-Large-Mailing-Bags-Handle-Single-Color-Logo-Bulk-Shipping.webp\",\"width\":1100,\"height\":1100,\"caption\":\"Large Mailing Bags\"},{\"@type\":\"BreadcrumbList\",\"@id\":\"https:\/\/www.ywccpackage.com\/product\/eco-friendly-green-custom-printed-large-mailing-bags-handle-single-color-logo-bulk-shipping\/#breadcrumb\",\"itemListElement\":[{\"@type\":\"ListItem\",\"position\":1,\"name\":\"Home\",\"item\":\"https:\/\/www.ywccpackage.com\/\"},{\"@type\":\"ListItem\",\"position\":2,\"name\":\"Products\",\"item\":\"https:\/\/www.ywccpackage.com\/shop\/\"},{\"@type\":\"ListItem\",\"position\":3,\"name\":\"Eco-Friendly Green Custom Printed Large Mailing Bags Handle | Single Color Logo | Bulk Shipping\"}]},{\"@type\":\"WebSite\",\"@id\":\"https:\/\/www.ywccpackage.com\/#website\",\"url\":\"https:\/\/www.ywccpackage.com\/\",\"name\":\"YWCC Package\",\"description\":\"YWCC Package\",\"potentialAction\":[{\"@type\":\"SearchAction\",\"target\":{\"@type\":\"EntryPoint\",\"urlTemplate\":\"https:\/\/www.ywccpackage.com\/?s={search_term_string}\"},\"query-input\":\"required name=search_term_string\"}],\"inLanguage\":\"es\"}]}<\/script>\n<!-- \/ Yoast SEO plugin. -->","yoast_head_json":{"title":"Large Mailing Bags Supplier - Durable & Cost-Effective","description":"Green large mailing bags with single-color printing. Sturdy, self-adhesive, recyclable. Ideal for e-commerce, shipping & storage. Customizable, cost-efficient.","robots":{"index":"index","follow":"follow","max-snippet":"max-snippet:-1","max-image-preview":"max-image-preview:large","max-video-preview":"max-video-preview:-1"},"canonical":"https:\/\/www.ywccpackage.com\/es\/producto\/eco-friendly-green-custom-printed-large-mailing-bags-handle-single-color-logo-bulk-shipping\/","og_locale":"es_ES","og_type":"article","og_title":"Large Mailing Bags Supplier - Durable & Cost-Effective","og_description":"Green large mailing bags with single-color printing. Sturdy, self-adhesive, recyclable. Ideal for e-commerce, shipping & storage. Customizable, cost-efficient.","og_url":"https:\/\/www.ywccpackage.com\/es\/producto\/eco-friendly-green-custom-printed-large-mailing-bags-handle-single-color-logo-bulk-shipping\/","og_site_name":"YWCC Package","article_modified_time":"2025-11-03T08:40:34+00:00","og_image":[{"width":1100,"height":1100,"url":"https:\/\/www.ywccpackage.com\/wp-content\/uploads\/2025\/08\/Eco-Friendly-Green-Custom-Printed-Large-Mailing-Bags-Handle-Single-Color-Logo-Bulk-Shipping1.webp","type":"image\/webp"}],"twitter_card":"summary_large_image","twitter_misc":{"Tiempo de lectura":"3 minutos"},"schema":{"@context":"https:\/\/schema.org","@graph":[{"@type":"WebPage","@id":"https:\/\/www.ywccpackage.com\/product\/eco-friendly-green-custom-printed-large-mailing-bags-handle-single-color-logo-bulk-shipping\/","url":"https:\/\/www.ywccpackage.com\/product\/eco-friendly-green-custom-printed-large-mailing-bags-handle-single-color-logo-bulk-shipping\/","name":"Large Mailing Bags Supplier - Durable & Cost-Effective","isPartOf":{"@id":"https:\/\/www.ywccpackage.com\/#website"},"primaryImageOfPage":{"@id":"https:\/\/www.ywccpackage.com\/product\/eco-friendly-green-custom-printed-large-mailing-bags-handle-single-color-logo-bulk-shipping\/#primaryimage"},"image":{"@id":"https:\/\/www.ywccpackage.com\/product\/eco-friendly-green-custom-printed-large-mailing-bags-handle-single-color-logo-bulk-shipping\/#primaryimage"},"thumbnailUrl":"https:\/\/www.ywccpackage.com\/wp-content\/uploads\/2025\/08\/Eco-Friendly-Green-Custom-Printed-Large-Mailing-Bags-Handle-Single-Color-Logo-Bulk-Shipping.webp","datePublished":"2025-08-01T03:49:43+00:00","dateModified":"2025-11-03T08:40:34+00:00","description":"Green large mailing bags with single-color printing. Sturdy, self-adhesive, recyclable. Ideal for e-commerce, shipping & storage. Customizable, cost-efficient.","breadcrumb":{"@id":"https:\/\/www.ywccpackage.com\/product\/eco-friendly-green-custom-printed-large-mailing-bags-handle-single-color-logo-bulk-shipping\/#breadcrumb"},"inLanguage":"es","potentialAction":[{"@type":"ReadAction","target":["https:\/\/www.ywccpackage.com\/product\/eco-friendly-green-custom-printed-large-mailing-bags-handle-single-color-logo-bulk-shipping\/"]}]},{"@type":"ImageObject","inLanguage":"es","@id":"https:\/\/www.ywccpackage.com\/product\/eco-friendly-green-custom-printed-large-mailing-bags-handle-single-color-logo-bulk-shipping\/#primaryimage","url":"https:\/\/www.ywccpackage.com\/wp-content\/uploads\/2025\/08\/Eco-Friendly-Green-Custom-Printed-Large-Mailing-Bags-Handle-Single-Color-Logo-Bulk-Shipping.webp","contentUrl":"https:\/\/www.ywccpackage.com\/wp-content\/uploads\/2025\/08\/Eco-Friendly-Green-Custom-Printed-Large-Mailing-Bags-Handle-Single-Color-Logo-Bulk-Shipping.webp","width":1100,"height":1100,"caption":"Large Mailing Bags"},{"@type":"BreadcrumbList","@id":"https:\/\/www.ywccpackage.com\/product\/eco-friendly-green-custom-printed-large-mailing-bags-handle-single-color-logo-bulk-shipping\/#breadcrumb","itemListElement":[{"@type":"ListItem","position":1,"name":"Home","item":"https:\/\/www.ywccpackage.com\/"},{"@type":"ListItem","position":2,"name":"Products","item":"https:\/\/www.ywccpackage.com\/shop\/"},{"@type":"ListItem","position":3,"name":"Eco-Friendly Green Custom Printed Large Mailing Bags Handle | Single Color Logo | Bulk Shipping"}]},{"@type":"WebSite","@id":"https:\/\/www.ywccpackage.com\/#website","url":"https:\/\/www.ywccpackage.com\/","name":"YWCC Package","description":"YWCC Package","potentialAction":[{"@type":"SearchAction","target":{"@type":"EntryPoint","urlTemplate":"https:\/\/www.ywccpackage.com\/?s={search_term_string}"},"query-input":"required name=search_term_string"}],"inLanguage":"es"}]}},"_links":{"self":[{"href":"https:\/\/www.ywccpackage.com\/es\/wp-json\/wp\/v2\/product\/12765"}],"collection":[{"href":"https:\/\/www.ywccpackage.com\/es\/wp-json\/wp\/v2\/product"}],"about":[{"href":"https:\/\/www.ywccpackage.com\/es\/wp-json\/wp\/v2\/types\/product"}],"wp:featuredmedia":[{"embeddable":true,"href":"https:\/\/www.ywccpackage.com\/es\/wp-json\/wp\/v2\/media\/12767"}],"wp:attachment":[{"href":"https:\/\/www.ywccpackage.com\/es\/wp-json\/wp\/v2\/media?parent=12765"}],"wp:term":[{"taxonomy":"product_cat","embeddable":true,"href":"https:\/\/www.ywccpackage.com\/es\/wp-json\/wp\/v2\/product_cat?post=12765"},{"taxonomy":"product_tag","embeddable":true,"href":"https:\/\/www.ywccpackage.com\/es\/wp-json\/wp\/v2\/product_tag?post=12765"}],"curies":[{"name":"wp","href":"https:\/\/api.w.org\/{rel}","templated":true}]}}