{"id":13158,"date":"2025-11-04T03:32:31","date_gmt":"2025-11-04T03:32:31","guid":{"rendered":"https:\/\/www.ywccpackage.com\/?post_type=product&#038;p=13158"},"modified":"2025-11-25T14:00:14","modified_gmt":"2025-11-25T14:00:14","slug":"eco-friendly-kraft-paper-bags-for-sustainable-packaging","status":"publish","type":"product","link":"https:\/\/www.ywccpackage.com\/es\/producto\/eco-friendly-kraft-paper-bags-for-sustainable-packaging\/","title":{"rendered":"Bolsas de papel kraft ecol\u00f3gicas para un envasado sostenible"},"content":{"rendered":"<h2>1. Descripci\u00f3n general del producto<\/h2>\n<p>Estos <a href=\"https:\/\/www.ywccpackage.com\/es\/producto\/eco-friendly-kraft-paper-bags-for-sustainable-packaging\/\">envases de papel ecol\u00f3gicos<\/a> est\u00e1n fabricados con papel kraft natural, 100% reciclable y biodegradable, dise\u00f1ado para satisfacer tanto las necesidades medioambientales como de durabilidad. Presentan una gran capacidad de carga, transportan diversos productos y muestran la imagen de su marca, lo que las convierte en la elecci\u00f3n perfecta para un envasado sostenible y respetuoso con el medio ambiente.<\/p>\n<p>Respetuoso con el medio ambiente y biodegradable: 100% reciclable, aline\u00e1ndose con las tendencias ambientales verdes.<\/p>\n<p>Alta resistencia y durabilidad: Resistente al desgarro, garantizando la seguridad de sus mercanc\u00edas.<\/p>\n<p>Dise\u00f1o personalizable: Admite la impresi\u00f3n de logotipos monocromos, lo que mejora la imagen de su marca.<\/p>\n<p>Adecuado para m\u00faltiples escenarios: Adecuado para venta al por menor, catering, regalos y otros escenarios.<\/p>\n<p><img loading=\"lazy\" decoding=\"async\" class=\"size-full wp-image-13162 aligncenter\" data-src=\"https:\/\/www.ywccpackage.com\/wp-content\/uploads\/2025\/11\/eco-friendly-paper-packaging-4.webp\" alt=\"\" width=\"800\" height=\"800\" srcset=\"https:\/\/www.ywccpackage.com\/wp-content\/uploads\/2025\/11\/eco-friendly-paper-packaging-4.webp 800w, https:\/\/www.ywccpackage.com\/wp-content\/uploads\/2025\/11\/eco-friendly-paper-packaging-4-480x480.webp 480w\" sizes=\"(min-width: 0px) and (max-width: 480px) 480px, (min-width: 481px) 800px, 100vw\" \/><\/p>\n<h2>2. Descripci\u00f3n detallada del producto<\/h2>\n<p>Material: Hecho de papel kraft natural resistente y respetuoso con el medio ambiente, duradero y adecuado para un uso a largo plazo.<\/p>\n<p>Tama\u00f1os y especificaciones:<\/p>\n<p>Tama\u00f1o est\u00e1ndar: Adecuado para ropa, libros, alimentos y otros art\u00edculos.<\/p>\n<p>Tama\u00f1os a medida: Disponibles bajo pedido.<\/p>\n<p>Capacidad de carga: Cada bolsa puede contener de 5 a 10 kg, adecuada para compras, venta al por menor y embalaje de regalos.<\/p>\n<p>Dise\u00f1o de aspecto: natural y elegante, en consonancia con los principios medioambientales y reflejando a la perfecci\u00f3n la personalidad de su marca.<\/p>\n<h2>3. Servicios de personalizaci\u00f3n:<\/h2>\n<p>Printing Services: We offer monochrome logo printing to enhance your brand&#8217;s recognizability.<\/p>\n<p>Dise\u00f1o a medida: Podemos dise\u00f1ar y <a href=\"https:\/\/www.ywccpackage.com\/es\/\">bolsas de papel impresas personalizadas<\/a> a sus necesidades, garantizando la coherencia con su imagen de marca.<\/p>\n<p>Plazo de entrega: El plazo de entrega est\u00e1ndar es de 12-16 d\u00edas; para los pedidos urgentes se puede acelerar el proceso.<\/p>\n<h2>4. Sostenibilidad medioambiental:<\/h2>\n<p>Las bolsas de mano de papel kraft cumplen las normas medioambientales, lo que las convierte en la opci\u00f3n ideal para las empresas que buscan envases ecol\u00f3gicos:<\/p>\n<p>100% Biodegradable: Se degrada de forma natural, sin causar ning\u00fan impacto medioambiental a largo plazo.<\/p>\n<p>Materiales respetuosos con el medio ambiente: Reduce el uso de bolsas de pl\u00e1stico, cumpliendo los requisitos de sostenibilidad.<\/p>\n<p>Baja huella de carbono: Utiliza materiales sostenibles, ayudando a reducir las emisiones de carbono y apoyando los esfuerzos medioambientales globales.<\/p>\n<h2>5. Garant\u00eda de calidad y experiencia del usuario:<\/h2>\n<p>Garant\u00eda de calidad: Cada bolsa tote de papel kraft se somete a rigurosos controles de calidad para garantizar que no tiene defectos.<\/p>\n<p>C\u00f3modas asas: Dise\u00f1adas ergon\u00f3micamente para facilitar su transporte durante periodos prolongados.<\/p>\n<p>Impermeable: Impermeable para diversas condiciones clim\u00e1ticas. Compre ahora | Personalice sus bolsas de papel kraft<\/p>\n<p>Personalizar las bolsas de papel kraft le permite conseguir un embalaje ecol\u00f3gico, mejorar su imagen de marca y satisfacer diversas necesidades de embalaje.<\/p>\n<p>Aceptamos diversos servicios de personalizaci\u00f3n.<\/p>\n<p>No dude en consultarnos sus ideas de dise\u00f1o.<\/p>\n<h2>Escenarios adecuados:<\/h2>\n<h3>Tiendas al por menor<\/h3>\n<p>Bolsas de la compra: Para las tiendas ecol\u00f3gicas, como las de alimentos ecol\u00f3gicos y diet\u00e9ticos, proporcionar bolsas de la compra respetuosas con el medio ambiente.<\/p>\n<p>Promoci\u00f3n de la marca: <a href=\"https:\/\/www.ywccpackage.com\/es\/category\/parper-bag\/\">bolsas de papel con logotipo personalizado<\/a> como bolsas de la compra para aumentar la exposici\u00f3n de la marca.<\/p>\n<h3>Envases de regalo<\/h3>\n<p>Bolsas para regalos de gama alta: Para envasar regalos de gama alta y regalos navide\u00f1os, en consonancia con una imagen de marca respetuosa con el medio ambiente.<\/p>\n<p>Custom Gift Bags: Suitable for festive events (such as Christmas and Valentine&#8217;s Day), featuring your company logo or design.<\/p>\n<h3>Industria alimentaria<\/h3>\n<p>Envasado de comida para llevar: Para el sector de la restauraci\u00f3n, envasado de comida para llevar para mantenerla fresca.<\/p>\n<p>Cafeter\u00edas y panader\u00edas: Adecuado para envasar pan, boller\u00eda, aperitivos, etc.<\/p>\n<h3>Exposiciones y actos promocionales<\/h3>\n<p>Bolsas de embalaje para exposiciones: Se utilizan para guardar material promocional y regalos en exposiciones y actos promocionales.<\/p>\n<p>Bolsas de regalo: Se utilizan para distribuir peque\u00f1os regalos o material promocional con el fin de mejorar la exposici\u00f3n de la marca.<\/p>\n<h3>Bodas y eventos festivos<\/h3>\n<p>Bolsas para bodas: Se utilizan para bolsas de regalos de boda o peque\u00f1as bolsas de regalos para invitados, destacando un tema ecol\u00f3gico.<\/p>\n<p>Embalaje para festivales: Se utiliza en festivales como Navidad y el A\u00f1o Nuevo chino para crear un ambiente festivo.<\/p>\n<h3>Embalaje de ropa y accesorios<\/h3>\n<p>Embalaje de ropa: Se utiliza para empaquetar ropa, calzado y accesorios en tiendas minoristas para proteger la mercanc\u00eda y mostrar el producto.<\/p>\n<p>Envases de moda personalizados: Utilizados por marcas de alta gama para resaltar una imagen ecol\u00f3gica y a la moda.<\/p>\n<h3>Productos de salud y belleza<\/h3>\n<p>Envasado de cosm\u00e9ticos: Adecuado para envasar cosm\u00e9ticos y productos para el cuidado de la piel, haciendo hincapi\u00e9 en los ingredientes naturales y respetuosos con el medio ambiente.<\/p>\n<p>Jabones artesanales, productos de herborister\u00eda, etc.: Se utilizan para envasar peque\u00f1os productos de salud y belleza, destacando los ingredientes naturales.<\/p>\n<h3>Embalaje de productos electr\u00f3nicos y accesorios<\/h3>\n<p>Embalaje de accesorios electr\u00f3nicos: Se utiliza para envasar peque\u00f1os productos electr\u00f3nicos, como auriculares y cargadores, mostrando sus caracter\u00edsticas ecol\u00f3gicas.<\/p>\n<h2>Ventajas de la f\u00e1brica:<\/h2>\n<p>4 sucursales<\/p>\n<p>Capacidad de producci\u00f3n diaria: 200 toneladas<\/p>\n<p>Capacidad de producci\u00f3n diaria: 6 millones de bolsas<\/p>\n<p>34.000 metros cuadrados de f\u00e1brica<\/p>\n<p>Cumple las certificaciones internacionales, incluidas ISO 9001, SGS, BSCI, FSC, REACH, etc.<\/p>","protected":false},"excerpt":{"rendered":"<p>Bolsas de papel kraft resistentes y elegantes para soluciones de envasado<\/p>","protected":false},"featured_media":13159,"template":"","meta":{"_et_pb_use_builder":"","_et_pb_old_content":"","_et_gb_content_width":""},"product_cat":[199],"product_tag":[213],"yoast_head":"<!-- This site is optimized with the Yoast SEO plugin v22.7 - https:\/\/yoast.com\/wordpress\/plugins\/seo\/ -->\n<title>China wholesales Eco-Friendly Kraft Paper Bags for Sustainable Packaging supplier - YWCC Package<\/title>\n<meta name=\"description\" content=\"We supply durable, customizable, and eco-friendly Eco-Friendly Kraft Paper Bags for Sustainable Packaging solutions to clients in over 100 countries. Wholesale and OEM available.\" \/>\n<meta name=\"robots\" content=\"index, follow, max-snippet:-1, max-image-preview:large, max-video-preview:-1\" \/>\n<link rel=\"canonical\" href=\"https:\/\/www.ywccpackage.com\/es\/producto\/eco-friendly-kraft-paper-bags-for-sustainable-packaging\/\" \/>\n<meta property=\"og:locale\" content=\"es_ES\" \/>\n<meta property=\"og:type\" content=\"article\" \/>\n<meta property=\"og:title\" content=\"China wholesales Eco-Friendly Kraft Paper Bags for Sustainable Packaging supplier - YWCC Package\" \/>\n<meta property=\"og:description\" content=\"We supply durable, customizable, and eco-friendly Eco-Friendly Kraft Paper Bags for Sustainable Packaging solutions to clients in over 100 countries. Wholesale and OEM available.\" \/>\n<meta property=\"og:url\" content=\"https:\/\/www.ywccpackage.com\/es\/producto\/eco-friendly-kraft-paper-bags-for-sustainable-packaging\/\" \/>\n<meta property=\"og:site_name\" content=\"YWCC Package\" \/>\n<meta property=\"article:modified_time\" content=\"2025-11-25T14:00:14+00:00\" \/>\n<meta property=\"og:image\" content=\"https:\/\/www.ywccpackage.com\/wp-content\/uploads\/2025\/11\/eco-friendly-paper-packaging-1.webp\" \/>\n\t<meta property=\"og:image:width\" content=\"800\" \/>\n\t<meta property=\"og:image:height\" content=\"800\" \/>\n\t<meta property=\"og:image:type\" content=\"image\/webp\" \/>\n<meta name=\"twitter:card\" content=\"summary_large_image\" \/>\n<meta name=\"twitter:label1\" content=\"Tiempo de lectura\" \/>\n\t<meta name=\"twitter:data1\" content=\"4 minutos\" \/>\n<script type=\"application\/ld+json\" class=\"yoast-schema-graph\">{\"@context\":\"https:\/\/schema.org\",\"@graph\":[{\"@type\":\"WebPage\",\"@id\":\"https:\/\/www.ywccpackage.com\/product\/eco-friendly-kraft-paper-bags-for-sustainable-packaging\/\",\"url\":\"https:\/\/www.ywccpackage.com\/product\/eco-friendly-kraft-paper-bags-for-sustainable-packaging\/\",\"name\":\"China wholesales Eco-Friendly Kraft Paper Bags for Sustainable Packaging supplier - YWCC Package\",\"isPartOf\":{\"@id\":\"https:\/\/www.ywccpackage.com\/#website\"},\"primaryImageOfPage\":{\"@id\":\"https:\/\/www.ywccpackage.com\/product\/eco-friendly-kraft-paper-bags-for-sustainable-packaging\/#primaryimage\"},\"image\":{\"@id\":\"https:\/\/www.ywccpackage.com\/product\/eco-friendly-kraft-paper-bags-for-sustainable-packaging\/#primaryimage\"},\"thumbnailUrl\":\"https:\/\/www.ywccpackage.com\/wp-content\/uploads\/2025\/11\/eco-friendly-paper-packaging-1.webp\",\"datePublished\":\"2025-11-04T03:32:31+00:00\",\"dateModified\":\"2025-11-25T14:00:14+00:00\",\"description\":\"We supply durable, customizable, and eco-friendly Eco-Friendly Kraft Paper Bags for Sustainable Packaging solutions to clients in over 100 countries. Wholesale and OEM available.\",\"breadcrumb\":{\"@id\":\"https:\/\/www.ywccpackage.com\/product\/eco-friendly-kraft-paper-bags-for-sustainable-packaging\/#breadcrumb\"},\"inLanguage\":\"es\",\"potentialAction\":[{\"@type\":\"ReadAction\",\"target\":[\"https:\/\/www.ywccpackage.com\/product\/eco-friendly-kraft-paper-bags-for-sustainable-packaging\/\"]}]},{\"@type\":\"ImageObject\",\"inLanguage\":\"es\",\"@id\":\"https:\/\/www.ywccpackage.com\/product\/eco-friendly-kraft-paper-bags-for-sustainable-packaging\/#primaryimage\",\"url\":\"https:\/\/www.ywccpackage.com\/wp-content\/uploads\/2025\/11\/eco-friendly-paper-packaging-1.webp\",\"contentUrl\":\"https:\/\/www.ywccpackage.com\/wp-content\/uploads\/2025\/11\/eco-friendly-paper-packaging-1.webp\",\"width\":800,\"height\":800,\"caption\":\"eco friendly paper packaging\"},{\"@type\":\"BreadcrumbList\",\"@id\":\"https:\/\/www.ywccpackage.com\/product\/eco-friendly-kraft-paper-bags-for-sustainable-packaging\/#breadcrumb\",\"itemListElement\":[{\"@type\":\"ListItem\",\"position\":1,\"name\":\"Home\",\"item\":\"https:\/\/www.ywccpackage.com\/\"},{\"@type\":\"ListItem\",\"position\":2,\"name\":\"Products\",\"item\":\"https:\/\/www.ywccpackage.com\/shop\/\"},{\"@type\":\"ListItem\",\"position\":3,\"name\":\"Eco-Friendly Kraft Paper Bags for Sustainable Packaging\"}]},{\"@type\":\"WebSite\",\"@id\":\"https:\/\/www.ywccpackage.com\/#website\",\"url\":\"https:\/\/www.ywccpackage.com\/\",\"name\":\"YWCC Package\",\"description\":\"YWCC Package\",\"potentialAction\":[{\"@type\":\"SearchAction\",\"target\":{\"@type\":\"EntryPoint\",\"urlTemplate\":\"https:\/\/www.ywccpackage.com\/?s={search_term_string}\"},\"query-input\":\"required name=search_term_string\"}],\"inLanguage\":\"es\"}]}<\/script>\n<!-- \/ Yoast SEO plugin. -->","yoast_head_json":{"title":"China wholesales Eco-Friendly Kraft Paper Bags for Sustainable Packaging supplier - YWCC Package","description":"We supply durable, customizable, and eco-friendly Eco-Friendly Kraft Paper Bags for Sustainable Packaging solutions to clients in over 100 countries. Wholesale and OEM available.","robots":{"index":"index","follow":"follow","max-snippet":"max-snippet:-1","max-image-preview":"max-image-preview:large","max-video-preview":"max-video-preview:-1"},"canonical":"https:\/\/www.ywccpackage.com\/es\/producto\/eco-friendly-kraft-paper-bags-for-sustainable-packaging\/","og_locale":"es_ES","og_type":"article","og_title":"China wholesales Eco-Friendly Kraft Paper Bags for Sustainable Packaging supplier - YWCC Package","og_description":"We supply durable, customizable, and eco-friendly Eco-Friendly Kraft Paper Bags for Sustainable Packaging solutions to clients in over 100 countries. Wholesale and OEM available.","og_url":"https:\/\/www.ywccpackage.com\/es\/producto\/eco-friendly-kraft-paper-bags-for-sustainable-packaging\/","og_site_name":"YWCC Package","article_modified_time":"2025-11-25T14:00:14+00:00","og_image":[{"width":800,"height":800,"url":"https:\/\/www.ywccpackage.com\/wp-content\/uploads\/2025\/11\/eco-friendly-paper-packaging-1.webp","type":"image\/webp"}],"twitter_card":"summary_large_image","twitter_misc":{"Tiempo de lectura":"4 minutos"},"schema":{"@context":"https:\/\/schema.org","@graph":[{"@type":"WebPage","@id":"https:\/\/www.ywccpackage.com\/product\/eco-friendly-kraft-paper-bags-for-sustainable-packaging\/","url":"https:\/\/www.ywccpackage.com\/product\/eco-friendly-kraft-paper-bags-for-sustainable-packaging\/","name":"China wholesales Eco-Friendly Kraft Paper Bags for Sustainable Packaging supplier - YWCC Package","isPartOf":{"@id":"https:\/\/www.ywccpackage.com\/#website"},"primaryImageOfPage":{"@id":"https:\/\/www.ywccpackage.com\/product\/eco-friendly-kraft-paper-bags-for-sustainable-packaging\/#primaryimage"},"image":{"@id":"https:\/\/www.ywccpackage.com\/product\/eco-friendly-kraft-paper-bags-for-sustainable-packaging\/#primaryimage"},"thumbnailUrl":"https:\/\/www.ywccpackage.com\/wp-content\/uploads\/2025\/11\/eco-friendly-paper-packaging-1.webp","datePublished":"2025-11-04T03:32:31+00:00","dateModified":"2025-11-25T14:00:14+00:00","description":"We supply durable, customizable, and eco-friendly Eco-Friendly Kraft Paper Bags for Sustainable Packaging solutions to clients in over 100 countries. Wholesale and OEM available.","breadcrumb":{"@id":"https:\/\/www.ywccpackage.com\/product\/eco-friendly-kraft-paper-bags-for-sustainable-packaging\/#breadcrumb"},"inLanguage":"es","potentialAction":[{"@type":"ReadAction","target":["https:\/\/www.ywccpackage.com\/product\/eco-friendly-kraft-paper-bags-for-sustainable-packaging\/"]}]},{"@type":"ImageObject","inLanguage":"es","@id":"https:\/\/www.ywccpackage.com\/product\/eco-friendly-kraft-paper-bags-for-sustainable-packaging\/#primaryimage","url":"https:\/\/www.ywccpackage.com\/wp-content\/uploads\/2025\/11\/eco-friendly-paper-packaging-1.webp","contentUrl":"https:\/\/www.ywccpackage.com\/wp-content\/uploads\/2025\/11\/eco-friendly-paper-packaging-1.webp","width":800,"height":800,"caption":"eco friendly paper packaging"},{"@type":"BreadcrumbList","@id":"https:\/\/www.ywccpackage.com\/product\/eco-friendly-kraft-paper-bags-for-sustainable-packaging\/#breadcrumb","itemListElement":[{"@type":"ListItem","position":1,"name":"Home","item":"https:\/\/www.ywccpackage.com\/"},{"@type":"ListItem","position":2,"name":"Products","item":"https:\/\/www.ywccpackage.com\/shop\/"},{"@type":"ListItem","position":3,"name":"Eco-Friendly Kraft Paper Bags for Sustainable Packaging"}]},{"@type":"WebSite","@id":"https:\/\/www.ywccpackage.com\/#website","url":"https:\/\/www.ywccpackage.com\/","name":"YWCC Package","description":"YWCC Package","potentialAction":[{"@type":"SearchAction","target":{"@type":"EntryPoint","urlTemplate":"https:\/\/www.ywccpackage.com\/?s={search_term_string}"},"query-input":"required name=search_term_string"}],"inLanguage":"es"}]}},"_links":{"self":[{"href":"https:\/\/www.ywccpackage.com\/es\/wp-json\/wp\/v2\/product\/13158"}],"collection":[{"href":"https:\/\/www.ywccpackage.com\/es\/wp-json\/wp\/v2\/product"}],"about":[{"href":"https:\/\/www.ywccpackage.com\/es\/wp-json\/wp\/v2\/types\/product"}],"wp:featuredmedia":[{"embeddable":true,"href":"https:\/\/www.ywccpackage.com\/es\/wp-json\/wp\/v2\/media\/13159"}],"wp:attachment":[{"href":"https:\/\/www.ywccpackage.com\/es\/wp-json\/wp\/v2\/media?parent=13158"}],"wp:term":[{"taxonomy":"product_cat","embeddable":true,"href":"https:\/\/www.ywccpackage.com\/es\/wp-json\/wp\/v2\/product_cat?post=13158"},{"taxonomy":"product_tag","embeddable":true,"href":"https:\/\/www.ywccpackage.com\/es\/wp-json\/wp\/v2\/product_tag?post=13158"}],"curies":[{"name":"wp","href":"https:\/\/api.w.org\/{rel}","templated":true}]}}