{"id":1622,"date":"2024-01-04T05:06:31","date_gmt":"2024-01-04T05:06:31","guid":{"rendered":"http:\/\/3.215.36.167\/?page_id=1622"},"modified":"2026-04-21T10:05:06","modified_gmt":"2026-04-21T10:05:06","slug":"products","status":"publish","type":"page","link":"https:\/\/www.ywccpackage.com\/fr\/products\/","title":{"rendered":"Produits"},"content":{"rendered":"<p>[et_pb_section fb_built=&#8221;1&#8243; custom_padding_last_edited=&#8221;on|phone&#8221; _builder_version=&#8221;4.21.0&#8243; _module_preset=&#8221;default&#8221; background_enable_color=&#8221;off&#8221; min_height=&#8221;58px&#8221; custom_padding=&#8221;15px||0px||false|false&#8221; custom_padding_tablet=&#8221;35px||0px||false|false&#8221; custom_padding_phone=&#8221;0px||||false|false&#8221; border_color_bottom=&#8221;#eeeeee&#8221; global_colors_info=&#8221;{}&#8221;][et_pb_row custom_padding_last_edited=&#8221;on|phone&#8221; _builder_version=&#8221;4.21.0&#8243; _module_preset=&#8221;default&#8221; min_height=&#8221;43px&#8221; custom_padding=&#8221;0px||15px||false|false&#8221; custom_padding_tablet=&#8221;15px||||false|false&#8221; custom_padding_phone=&#8221;||15px||false|false&#8221; border_width_bottom=&#8221;1px&#8221; border_color_bottom=&#8221;#eeeeee&#8221; global_colors_info=&#8221;{}&#8221;][et_pb_column type=&#8221;4_4&#8243; _builder_version=&#8221;4.21.0&#8243; _module_preset=&#8221;default&#8221; global_colors_info=&#8221;{}&#8221;][dipl_breadcrumb breadcrumb_layout=&#8221;layout2&#8243; separator_text=&#8221;\/&#8221; separator_size=&#8221;18px&#8221; separator_color=&#8221;#888888&#8243; _builder_version=&#8221;4.21.0&#8243; _module_preset=&#8221;default&#8221; global_text_settings_text_align=&#8221;left&#8221; global_text_settings_font_size=&#8221;18px&#8221; text_font=&#8221;||||||||&#8221; text_text_color=&#8221;#000000&#8243; link_text_color=&#8221;#000000&#8243; global_text_settings_font_size_tablet=&#8221;18px&#8221; global_text_settings_font_size_phone=&#8221;14px&#8221; global_text_settings_font_size_last_edited=&#8221;on|phone&#8221; global_colors_info=&#8221;{}&#8221;][\/dipl_breadcrumb][\/et_pb_column][\/et_pb_row][\/et_pb_section][et_pb_section fb_built=&#8221;1&#8243; custom_padding_last_edited=&#8221;on|phone&#8221; _builder_version=&#8221;4.21.0&#8243; _module_preset=&#8221;default&#8221; custom_padding=&#8221;50px||50px||true|false&#8221; custom_padding_tablet=&#8221;25px||25px||true|false&#8221; custom_padding_phone=&#8221;0px||25px||false|false&#8221; global_colors_info=&#8221;{}&#8221;][et_pb_row column_structure=&#8221;1_4,3_4&#8243; use_custom_gutter=&#8221;on&#8221; custom_padding_last_edited=&#8221;on|phone&#8221; module_id=&#8221;row-flex&#8221; _builder_version=&#8221;4.21.0&#8243; _module_preset=&#8221;default&#8221; custom_margin=&#8221;||0px||false|false&#8221; custom_margin_tablet=&#8221;||0px||false|false&#8221; custom_margin_phone=&#8221;||0px||false|false&#8221; custom_margin_last_edited=&#8221;on|desktop&#8221; custom_padding=&#8221;0px||0px||false|false&#8221; custom_padding_tablet=&#8221;25px||0px||false|false&#8221; custom_padding_phone=&#8221;||0px||false|false&#8221; global_colors_info=&#8221;{}&#8221;][et_pb_column type=&#8221;1_4&#8243; _builder_version=&#8221;4.21.0&#8243; _module_preset=&#8221;default&#8221; global_colors_info=&#8221;{}&#8221;][et_pb_sidebar area=&#8221;et_pb_widget_area_1&#8243; show_border=&#8221;off&#8221; disabled_on=&#8221;off|off|off&#8221; module_id=&#8221;pro-sidebar&#8221; _builder_version=&#8221;4.21.0&#8243; _module_preset=&#8221;default&#8221; body_font=&#8221;||||||||&#8221; body_text_color=&#8221;#000000&#8243; body_font_size=&#8221;16px&#8221; custom_margin=&#8221;||0px||false|false&#8221; custom_margin_tablet=&#8221;||0px||false|false&#8221; custom_margin_phone=&#8221;||0px||false|false&#8221; custom_margin_last_edited=&#8221;on|phone&#8221; custom_padding=&#8221;||0px||false|false&#8221; global_colors_info=&#8221;{}&#8221;][\/et_pb_sidebar][et_pb_wc_related_products posts_number=&#8221;5&#8243; columns_number=&#8221;1&#8243; include_categories=&#8221;all&#8221; show_price=&#8221;off&#8221; show_rating=&#8221;off&#8221; show_sale_badge=&#8221;off&#8221; disabled_on=&#8221;on|on|off&#8221; module_id=&#8221;rela-pro&#8221; _builder_version=&#8221;4.21.0&#8243; _module_preset=&#8221;default&#8221; title_font_size=&#8221;18px&#8221; product_title_font_size=&#8221;15px&#8221; global_colors_info=&#8221;{}&#8221;][\/et_pb_wc_related_products][\/et_pb_column][et_pb_column type=&#8221;3_4&#8243; _builder_version=&#8221;4.21.0&#8243; _module_preset=&#8221;default&#8221; global_colors_info=&#8221;{}&#8221;][et_pb_text _builder_version=&#8221;4.21.0&#8243; _module_preset=&#8221;default&#8221; header_font=&#8221;|700|||||||&#8221; header_text_align=&#8221;left&#8221; header_text_color=&#8221;#000000&#8243; header_font_size=&#8221;32px&#8221; custom_margin=&#8221;||15px||false|false&#8221; custom_padding=&#8221;||||false|false&#8221; custom_padding_tablet=&#8221;0px||||false|false&#8221; custom_padding_phone=&#8221;0px||||false|false&#8221; custom_padding_last_edited=&#8221;on|tablet&#8221; header_font_size_tablet=&#8221;40px&#8221; header_font_size_phone=&#8221;18px&#8221; header_font_size_last_edited=&#8221;on|phone&#8221; global_colors_info=&#8221;{}&#8221;]<\/p>\n<h1><span>Sacs d'emballage personnalis\u00e9s<\/span><\/h1>\n<p>[\/et_pb_text][et_pb_text _builder_version=&#8221;4.21.0&#8243; _module_preset=&#8221;default&#8221; custom_padding=&#8221;||0px|||&#8221; hover_enabled=&#8221;0&#8243; global_colors_info=&#8221;{}&#8221; module_id=&#8221;uList&#8221; sticky_enabled=&#8221;0&#8243;]<\/p>\n<p>At <a href=\"https:\/\/www.ywccpackage.com\/fr\/\"><b data-path-to-node=\"5,0\" data-index-in-node=\"3\">YWCC Package<\/b><\/a>, we specialize in providing high-quality, professional packaging solutions tailored to elevate your brand identity. Our extensive product range features everything from <response-element class=\"\" ng-version=\"0.0.0-PLACEHOLDER\"><link-block _nghost-ng-c3235764698=\"\" class=\"ng-star-inserted\">custom paper boxes<\/link-block><\/response-element> for luxury retail to durable <response-element class=\"\" ng-version=\"0.0.0-PLACEHOLDER\"><link-block _nghost-ng-c3235764698=\"\" class=\"ng-star-inserted\">industrial packaging supplies<\/link-block><\/response-element>. As a leading manufacturer committed to sustainability, we offer a diverse selection of <response-element class=\"\" ng-version=\"0.0.0-PLACEHOLDER\"><link-block _nghost-ng-c3235764698=\"\" class=\"ng-star-inserted\">eco-friendly bags<\/link-block><\/response-element> and biodegradable materials. Whether you are looking for bespoke gift packaging or bulk shipping solutions, our team ensures precision engineering and global delivery standards for every order. <span><a href=\"https:\/\/www.ywccpackage.com\/fr\/contact-us\/\">Contactez-nous d\u00e8s aujourd'hui<\/a><\/span>\u00a0pour commencer !<\/p>\n<p>[\/et_pb_text][et_pb_shop posts_number=&#8221;8&#8243; show_pagination=&#8221;on&#8221; columns_number=&#8221;4&#8243; icon_hover_color=&#8221;#FFFFFF&#8221; hover_overlay_color=&#8221;rgba(0,0,0,0.42)&#8221; hover_icon=&#8221;&#x4c;||divi||400&#8243; show_price=&#8221;off&#8221; show_rating=&#8221;off&#8221; show_sale_badge=&#8221;off&#8221; module_id=&#8221;p-list&#8221; _builder_version=&#8221;4.21.0&#8243; _module_preset=&#8221;default&#8221; title_text_align=&#8221;center&#8221; title_font_size=&#8221;15px&#8221; title_line_height=&#8221;1.1em&#8221; global_colors_info=&#8221;{}&#8221;][\/et_pb_shop][et_pb_text _builder_version=&#8221;4.21.0&#8243; _module_preset=&#8221;default&#8221; text_line_height=&#8221;1.8em&#8221; header_2_line_height=&#8221;1.3em&#8221; header_3_line_height=&#8221;1.3em&#8221; hover_enabled=&#8221;0&#8243; header_2_font_size_tablet=&#8221;18px&#8221; header_2_font_size_last_edited=&#8221;off|desktop&#8221; header_3_font_size_tablet=&#8221;16px&#8221; header_3_font_size_phone=&#8221;16px&#8221; header_3_font_size_last_edited=&#8221;on|tablet&#8221; global_colors_info=&#8221;{}&#8221; module_id=&#8221;uList&#8221; sticky_enabled=&#8221;0&#8243;]<\/p>\n<h2><strong>Polyvalent <\/strong><strong>Sacs d'emballage du courrier<\/strong><strong>\u00a0pour chaque entreprise<\/strong><\/h2>\n<p>Notre <span><a href=\"https:\/\/www.ywccpackage.com\/fr\/category\/mailer\/\">sacs d'emballage postal<\/a><\/span>\u00a0offrent une protection fiable pour les exp\u00e9ditions de commerce \u00e9lectronique, de vente au d\u00e9tail et de logistique. Con\u00e7us pour \u00eatre durables et pratiques, ils garantissent que vos produits arrivent \u00e0 bon port tout en am\u00e9liorant la visibilit\u00e9 de votre marque.<\/p>\n<h2><strong>Durable <\/strong><strong>Sacs \u00e9tanches \u00e0 fermeture \u00e9clair<\/strong><strong>\u00a0pour un stockage s\u00e9curis\u00e9<\/strong><\/h2>\n<p>Prot\u00e9gez vos articles de l'humidit\u00e9, de la poussi\u00e8re et de la manipulation gr\u00e2ce \u00e0 nos <span><a href=\"https:\/\/www.ywccpackage.com\/fr\/category\/zipper-bag\/\">sacs \u00e0 fermeture \u00e9clair imperm\u00e9ables<\/a><\/span>. Parfaites pour le stockage, la vente au d\u00e9tail et l'utilisation quotidienne, elles allient praticit\u00e9 et qualit\u00e9 sup\u00e9rieure.<\/p>\n<h2><strong>Personnalisable <\/strong><strong>Sacs \u00e0 cordon en poly\u00e9thyl\u00e8ne<\/strong><strong>\u00a0pour la vente au d\u00e9tail et la promotion<\/strong><\/h2>\n<p>Notre <span><a href=\"https:\/\/www.ywccpackage.com\/fr\/category\/drawstring-bag\/\">sacs \u00e0 cordon en poly\u00e9thyl\u00e8ne<\/a><\/span>\u00a0sont id\u00e9ales pour les emballages de vente au d\u00e9tail, les coffrets cadeaux et les \u00e9v\u00e9nements promotionnels. L\u00e9gers mais solides, ils constituent un moyen \u00e9conomique de pr\u00e9senter vos produits de mani\u00e8re professionnelle.<\/p>\n<h2 data-path-to-node=\"9\"><b data-path-to-node=\"9\" data-index-in-node=\"0\">Why Choose YWCC Package for Your Custom Packaging Needs?<\/b><\/h2>\n<p data-path-to-node=\"10\">In today\u2019s competitive market, packaging is the first physical touchpoint between your brand and your customer. Choosing the right <response-element class=\"\" ng-version=\"0.0.0-PLACEHOLDER\"><link-block _nghost-ng-c3235764698=\"\" class=\"ng-star-inserted\">customized packaging solutions<\/link-block><\/response-element> is essential for brand recall and product protection.<\/p>\n<ul data-path-to-node=\"11\">\n<li>\n<p data-path-to-node=\"11,0,0\"><b data-path-to-node=\"11,0,0\" data-index-in-node=\"0\">Sustainability &amp; Innovation:<\/b> We prioritize the environment without compromising on style. Our <response-element class=\"\" ng-version=\"0.0.0-PLACEHOLDER\"><link-block _nghost-ng-c3235764698=\"\" class=\"ng-star-inserted\">sustainable gift boxes<\/link-block><\/response-element> utilize FSC-certified paper and soy-based inks, ensuring your brand stays ahead of global environmental regulations.<\/p>\n<\/li>\n<li>\n<p data-path-to-node=\"11,1,0\"><b data-path-to-node=\"11,1,0\" data-index-in-node=\"0\">Versatile Industry Applications:<\/b> From high-end cosmetics and jewelry to heavy-duty industrial components, our factory is equipped to handle various specifications. Our <response-element class=\"\" ng-version=\"0.0.0-PLACEHOLDER\"><link-block _nghost-ng-c3235764698=\"\" class=\"ng-star-inserted\">cardboard shipping boxes<\/link-block><\/response-element> are designed for maximum durability during international transit.<\/p>\n<\/li>\n<li>\n<p data-path-to-node=\"11,2,0\"><b data-path-to-node=\"11,2,0\" data-index-in-node=\"0\">End-to-End Manufacturing:<\/b> Unlike many trading companies, we manage the entire process. <response-element class=\"\" ng-version=\"0.0.0-PLACEHOLDER\"><link-block _nghost-ng-c3235764698=\"\" class=\"ng-star-inserted\"><a _ngcontent-ng-c3235764698=\"\" target=\"_blank\" rel=\"noopener\" externallink=\"\" _nghost-ng-c2431760756=\"\" jslog=\"197247;track:generic_click,impression,attention;BardVeMetadataKey:[[&quot;r_9148dd6e4ec1ce95&quot;,&quot;c_672fcec32d7ac6ec&quot;,null,&quot;rc_56f31fddc67ec07b&quot;,null,null,&quot;zh&quot;,null,1,null,null,1,0]]\" href=\"https:\/\/www.ywccpackage.com\/fr\/about-us\/\" class=\"ng-star-inserted\" data-hveid=\"0\" decode-data-ved=\"1\" data-ved=\"0CAAQ_4QMahgKEwj-9cOwh7-TAxUAAAAAHQAAAAAQiwE\">Plastic bag manufacturer <\/a><\/link-block><\/response-element> includes structure design, sample prototyping, and mass production. This ensures consistent quality control and competitive wholesale pricing for our international partners.<\/p>\n<\/li>\n<\/ul>\n<h2 data-path-to-node=\"12\"><b data-path-to-node=\"12\" data-index-in-node=\"0\">Partner with a Proven Leader<\/b><\/h2>\n<p data-path-to-node=\"12\">With years of experience collaborating with globally renowned brands, YWCC Package understands the nuances of mid-to-high-end markets. Our technical team is ready to assist you in selecting the perfect materials and finishes\u2014such as foil stamping, embossing, or matte lamination\u2014to make your products stand out on the shelf.<\/p>\n<p data-path-to-node=\"13\">Ready to start your project? <response-element class=\"\" ng-version=\"0.0.0-PLACEHOLDER\"><link-block _nghost-ng-c3235764698=\"\" class=\"ng-star-inserted\"><a _ngcontent-ng-c3235764698=\"\" target=\"_blank\" rel=\"noopener\" externallink=\"\" _nghost-ng-c2431760756=\"\" jslog=\"197247;track:generic_click,impression,attention;BardVeMetadataKey:[[&quot;r_9148dd6e4ec1ce95&quot;,&quot;c_672fcec32d7ac6ec&quot;,null,&quot;rc_56f31fddc67ec07b&quot;,null,null,&quot;zh&quot;,null,1,null,null,1,0]]\" href=\"https:\/\/www.ywccpackage.com\/fr\/contact-us\/\" class=\"ng-star-inserted\" data-hveid=\"0\" decode-data-ved=\"1\" data-ved=\"0CAAQ_4QMahgKEwj-9cOwh7-TAxUAAAAAHQAAAAAQjAE\">Contact our experts today<\/a><\/link-block><\/response-element> for a free consultation and a detailed quote tailored to your specific requirements.<\/p>\n<p>[\/et_pb_text][et_pb_code _builder_version=&#8221;4.21.0&#8243; _module_preset=&#8221;default&#8221; global_colors_info=&#8221;{}&#8221;]    <div class=\"header_inquiry\" style=\"display: flex; align-items: center; justify-content: center; height: 64vh; background-color: #f1f4f6; width: 100%;\">\n        <div id=\"header_inquiry-form\" style=\"border:1px solid #bfbfbf; padding: 2em; padding-top:2.625em;width: 84%; background-color: #fff;\">\n\n            <div style=\"background-color: #013e5a; color: #fff; padding: 1em; border-radius: 5px; margin-bottom: 2em; text-align: center;\">\n                <h2 style=\"margin: 0; color: #fff;\">Laissez votre message<\/h2>\n            <\/div>\n\n            <form id=\"header_inquiry-form-content\" action=\"#\" method=\"post\" style=\"color: #666;\" data-trp-original-action=\"#\">\n\n                <input type=\"text\" name=\"title\" id=\"name\" placeholder=\"*Nom...\" required style=\"width: 100%; padding: 1em; margin-bottom: 1em; box-sizing: border-box;\">\n                <input type=\"email\" name=\"email\" id=\"email\" placeholder=\"*Email (Nous vous r\u00e9pondrons par email dans les 24 heures)\" required style=\"width: 100%; padding: 1em; margin-bottom: 1em; box-sizing: border-box;\">\n                <input type=\"text\" name=\"telephone\" id=\"phone\" placeholder=\"*T\u00e9l\u00e9phone\/WhatsApp\/WeChat (tr\u00e8s important)\" required style=\"width: 100%; padding: 1em; margin-bottom: 1em; box-sizing: border-box;\">\n                <textarea name=\"message\" id=\"details\" rows=\"4\" placeholder=\"Entrez les d\u00e9tails de l&#039;en-t\u00eate tels que la taille, la couleur, les mat\u00e9riaux, etc. et d&#039;autres exigences sp\u00e9cifiques pour recevoir un devis pr\u00e9cis.\" style=\"width: 100%; padding: 1em; margin-bottom: 1em; box-sizing: border-box;\"><\/textarea>\n\n                <button type=\"submit\" style=\"background-color: #f28808; color: #fff; padding: 1em 1.5em; border: none; border-radius: 3px; cursor: pointer; width: 100%;\">Envoyer<\/button>\n\n            <input type=\"hidden\" name=\"trp-form-language\" value=\"fr\"\/><\/form>\n\n        <\/div>\n    <\/div>\n    [\/et_pb_code][\/et_pb_column][\/et_pb_row][\/et_pb_section]<\/p>","protected":false},"excerpt":{"rendered":"<p><div class=\"et_pb_module dipl_breadcrumb dipl_breadcrumb_0\">\n\t\t\t\t\n\t\t\t\t\n\t\t\t\t\n\t\t\t\t\n\t\t\t\t\n\t\t\t\t\n\t\t\t\t<div class=\"et_pb_module_inner\">\n\t\t\t\t\t<div class=\"dipl-breadcrumb-wrapper layout2\">\n\t\t\t\t\t\t\t\t<ol class=\"dipl-breadcrumb-inner\" vocab=\"https:\/\/schema.org\/\" typeof=\"BreadcrumbList\">\n\t\t\t\t\t\t\t\t\t<li property=\"itemListElement\" typeof=\"ListItem\" data-icon=\"&#x24;\">\n\t\t\t\t\t\t\t\t\t\t\t\t\t    <a class=\"breadcrumb-item dipl-home-page\" href=\"https:\/\/www.ywccpackage.com\/fr\" property=\"item\" typeof=\"WebPage\" >\n\t\t\t\t\t\t\t\t\t\t\t\t\t      \t<span class=\"breadcrumb-page\" property=\"name\">Accueil<\/span>\n\t\t\t\t\t\t\t\t\t\t\t\t\t    <\/a>\n\t\t\t\t\t\t\t\t\t\t\t\t\t    <meta property=\"position\" content=\"1\" \/>\n\t\t\t\t\t\t\t\t\t\t\t\t\t<\/li>\n\t\t\t\t\t\t\t\t<\/ol>\n\t\t\t\t\t\t\t<\/div>\n\t\t\t\t<\/div>\n\t\t\t<\/div>Custom Packaging BagsAt YWCC Package, we specialize in providing high-quality, professional packaging solutions tailored to elevate your brand identity. Our extensive product range features everything from custom paper boxes for luxury retail to durable industrial packaging supplies. As a leading [&hellip;]<\/p>","protected":false},"author":1,"featured_media":12597,"parent":0,"menu_order":0,"comment_status":"closed","ping_status":"closed","template":"","meta":{"_et_pb_use_builder":"on","_et_pb_old_content":"","_et_gb_content_width":"","footnotes":""},"yoast_head":"<!-- This site is optimized with the Yoast SEO plugin v22.7 - https:\/\/yoast.com\/wordpress\/plugins\/seo\/ -->\n<title>Professional Eco-Friendly Packaging Solutions | Wholesale Custom Boxes &amp; Bags - YWCC Package<\/title>\n<meta name=\"description\" content=\"Explore YWCC Package&#039;s extensive range of premium packaging products, including custom paper boxes, eco-friendly bags, and industrial packaging. Quality manufacturing with global shipping. Get a free quote today!\" \/>\n<meta name=\"robots\" content=\"index, follow, max-snippet:-1, max-image-preview:large, max-video-preview:-1\" \/>\n<link rel=\"canonical\" href=\"https:\/\/www.ywccpackage.com\/fr\/products\/\" \/>\n<meta property=\"og:locale\" content=\"fr_FR\" \/>\n<meta property=\"og:type\" content=\"article\" \/>\n<meta property=\"og:title\" content=\"Professional Eco-Friendly Packaging Solutions | Wholesale Custom Boxes &amp; Bags - YWCC Package\" \/>\n<meta property=\"og:description\" content=\"Explore YWCC Package&#039;s extensive range of premium packaging products, including custom paper boxes, eco-friendly bags, and industrial packaging. Quality manufacturing with global shipping. Get a free quote today!\" \/>\n<meta property=\"og:url\" content=\"https:\/\/www.ywccpackage.com\/fr\/products\/\" \/>\n<meta property=\"og:site_name\" content=\"YWCC Package\" \/>\n<meta property=\"article:modified_time\" content=\"2026-04-21T10:05:06+00:00\" \/>\n<meta property=\"og:image\" content=\"https:\/\/www.ywccpackage.com\/wp-content\/uploads\/2025\/06\/Frosted-zipper-bag-3.webp\" \/>\n\t<meta property=\"og:image:width\" content=\"1000\" \/>\n\t<meta property=\"og:image:height\" content=\"1000\" \/>\n\t<meta property=\"og:image:type\" content=\"image\/webp\" \/>\n<meta name=\"twitter:card\" content=\"summary_large_image\" \/>\n<meta name=\"twitter:label1\" content=\"Dur\u00e9e de lecture estim\u00e9e\" \/>\n\t<meta name=\"twitter:data1\" content=\"5 minutes\" \/>\n<script type=\"application\/ld+json\" class=\"yoast-schema-graph\">{\"@context\":\"https:\/\/schema.org\",\"@graph\":[{\"@type\":\"WebPage\",\"@id\":\"https:\/\/www.ywccpackage.com\/products\/\",\"url\":\"https:\/\/www.ywccpackage.com\/products\/\",\"name\":\"Professional Eco-Friendly Packaging Solutions | Wholesale Custom Boxes & Bags - YWCC Package\",\"isPartOf\":{\"@id\":\"https:\/\/www.ywccpackage.com\/#website\"},\"primaryImageOfPage\":{\"@id\":\"https:\/\/www.ywccpackage.com\/products\/#primaryimage\"},\"image\":{\"@id\":\"https:\/\/www.ywccpackage.com\/products\/#primaryimage\"},\"thumbnailUrl\":\"https:\/\/www.ywccpackage.com\/wp-content\/uploads\/2025\/06\/Frosted-zipper-bag-3.webp\",\"datePublished\":\"2024-01-04T05:06:31+00:00\",\"dateModified\":\"2026-04-21T10:05:06+00:00\",\"description\":\"Explore YWCC Package's extensive range of premium packaging products, including custom paper boxes, eco-friendly bags, and industrial packaging. Quality manufacturing with global shipping. Get a free quote today!\",\"breadcrumb\":{\"@id\":\"https:\/\/www.ywccpackage.com\/products\/#breadcrumb\"},\"inLanguage\":\"fr-FR\",\"potentialAction\":[{\"@type\":\"ReadAction\",\"target\":[\"https:\/\/www.ywccpackage.com\/products\/\"]}]},{\"@type\":\"ImageObject\",\"inLanguage\":\"fr-FR\",\"@id\":\"https:\/\/www.ywccpackage.com\/products\/#primaryimage\",\"url\":\"https:\/\/www.ywccpackage.com\/wp-content\/uploads\/2025\/06\/Frosted-zipper-bag-3.webp\",\"contentUrl\":\"https:\/\/www.ywccpackage.com\/wp-content\/uploads\/2025\/06\/Frosted-zipper-bag-3.webp\",\"width\":1000,\"height\":1000,\"caption\":\"Frosted zipper bag\"},{\"@type\":\"BreadcrumbList\",\"@id\":\"https:\/\/www.ywccpackage.com\/products\/#breadcrumb\",\"itemListElement\":[{\"@type\":\"ListItem\",\"position\":1,\"name\":\"Home\",\"item\":\"https:\/\/www.ywccpackage.com\/\"},{\"@type\":\"ListItem\",\"position\":2,\"name\":\"Products\"}]},{\"@type\":\"WebSite\",\"@id\":\"https:\/\/www.ywccpackage.com\/#website\",\"url\":\"https:\/\/www.ywccpackage.com\/\",\"name\":\"YWCC Package\",\"description\":\"YWCC Package\",\"potentialAction\":[{\"@type\":\"SearchAction\",\"target\":{\"@type\":\"EntryPoint\",\"urlTemplate\":\"https:\/\/www.ywccpackage.com\/?s={search_term_string}\"},\"query-input\":\"required name=search_term_string\"}],\"inLanguage\":\"fr-FR\"}]}<\/script>\n<!-- \/ Yoast SEO plugin. -->","yoast_head_json":{"title":"Professional Eco-Friendly Packaging Solutions | Wholesale Custom Boxes & Bags - YWCC Package","description":"Explore YWCC Package's extensive range of premium packaging products, including custom paper boxes, eco-friendly bags, and industrial packaging. Quality manufacturing with global shipping. Get a free quote today!","robots":{"index":"index","follow":"follow","max-snippet":"max-snippet:-1","max-image-preview":"max-image-preview:large","max-video-preview":"max-video-preview:-1"},"canonical":"https:\/\/www.ywccpackage.com\/fr\/products\/","og_locale":"fr_FR","og_type":"article","og_title":"Professional Eco-Friendly Packaging Solutions | Wholesale Custom Boxes & Bags - YWCC Package","og_description":"Explore YWCC Package's extensive range of premium packaging products, including custom paper boxes, eco-friendly bags, and industrial packaging. Quality manufacturing with global shipping. Get a free quote today!","og_url":"https:\/\/www.ywccpackage.com\/fr\/products\/","og_site_name":"YWCC Package","article_modified_time":"2026-04-21T10:05:06+00:00","og_image":[{"width":1000,"height":1000,"url":"https:\/\/www.ywccpackage.com\/wp-content\/uploads\/2025\/06\/Frosted-zipper-bag-3.webp","type":"image\/webp"}],"twitter_card":"summary_large_image","twitter_misc":{"Dur\u00e9e de lecture estim\u00e9e":"5 minutes"},"schema":{"@context":"https:\/\/schema.org","@graph":[{"@type":"WebPage","@id":"https:\/\/www.ywccpackage.com\/products\/","url":"https:\/\/www.ywccpackage.com\/products\/","name":"Professional Eco-Friendly Packaging Solutions | Wholesale Custom Boxes & Bags - YWCC Package","isPartOf":{"@id":"https:\/\/www.ywccpackage.com\/#website"},"primaryImageOfPage":{"@id":"https:\/\/www.ywccpackage.com\/products\/#primaryimage"},"image":{"@id":"https:\/\/www.ywccpackage.com\/products\/#primaryimage"},"thumbnailUrl":"https:\/\/www.ywccpackage.com\/wp-content\/uploads\/2025\/06\/Frosted-zipper-bag-3.webp","datePublished":"2024-01-04T05:06:31+00:00","dateModified":"2026-04-21T10:05:06+00:00","description":"Explore YWCC Package's extensive range of premium packaging products, including custom paper boxes, eco-friendly bags, and industrial packaging. Quality manufacturing with global shipping. Get a free quote today!","breadcrumb":{"@id":"https:\/\/www.ywccpackage.com\/products\/#breadcrumb"},"inLanguage":"fr-FR","potentialAction":[{"@type":"ReadAction","target":["https:\/\/www.ywccpackage.com\/products\/"]}]},{"@type":"ImageObject","inLanguage":"fr-FR","@id":"https:\/\/www.ywccpackage.com\/products\/#primaryimage","url":"https:\/\/www.ywccpackage.com\/wp-content\/uploads\/2025\/06\/Frosted-zipper-bag-3.webp","contentUrl":"https:\/\/www.ywccpackage.com\/wp-content\/uploads\/2025\/06\/Frosted-zipper-bag-3.webp","width":1000,"height":1000,"caption":"Frosted zipper bag"},{"@type":"BreadcrumbList","@id":"https:\/\/www.ywccpackage.com\/products\/#breadcrumb","itemListElement":[{"@type":"ListItem","position":1,"name":"Home","item":"https:\/\/www.ywccpackage.com\/"},{"@type":"ListItem","position":2,"name":"Products"}]},{"@type":"WebSite","@id":"https:\/\/www.ywccpackage.com\/#website","url":"https:\/\/www.ywccpackage.com\/","name":"YWCC Package","description":"YWCC Package","potentialAction":[{"@type":"SearchAction","target":{"@type":"EntryPoint","urlTemplate":"https:\/\/www.ywccpackage.com\/?s={search_term_string}"},"query-input":"required name=search_term_string"}],"inLanguage":"fr-FR"}]}},"_links":{"self":[{"href":"https:\/\/www.ywccpackage.com\/fr\/wp-json\/wp\/v2\/pages\/1622"}],"collection":[{"href":"https:\/\/www.ywccpackage.com\/fr\/wp-json\/wp\/v2\/pages"}],"about":[{"href":"https:\/\/www.ywccpackage.com\/fr\/wp-json\/wp\/v2\/types\/page"}],"author":[{"embeddable":true,"href":"https:\/\/www.ywccpackage.com\/fr\/wp-json\/wp\/v2\/users\/1"}],"replies":[{"embeddable":true,"href":"https:\/\/www.ywccpackage.com\/fr\/wp-json\/wp\/v2\/comments?post=1622"}],"version-history":[{"count":60,"href":"https:\/\/www.ywccpackage.com\/fr\/wp-json\/wp\/v2\/pages\/1622\/revisions"}],"predecessor-version":[{"id":13265,"href":"https:\/\/www.ywccpackage.com\/fr\/wp-json\/wp\/v2\/pages\/1622\/revisions\/13265"}],"wp:featuredmedia":[{"embeddable":true,"href":"https:\/\/www.ywccpackage.com\/fr\/wp-json\/wp\/v2\/media\/12597"}],"wp:attachment":[{"href":"https:\/\/www.ywccpackage.com\/fr\/wp-json\/wp\/v2\/media?parent=1622"}],"curies":[{"name":"wp","href":"https:\/\/api.w.org\/{rel}","templated":true}]}}