{"id":12629,"date":"2025-06-24T08:54:38","date_gmt":"2025-06-24T08:54:38","guid":{"rendered":"https:\/\/www.ywccpackage.com\/?post_type=product&#038;p=12629"},"modified":"2025-11-03T08:42:29","modified_gmt":"2025-11-03T08:42:29","slug":"bulk-bubble-bags-for-shipping-volume-discounts-brand-custom-printed","status":"publish","type":"product","link":"https:\/\/www.ywccpackage.com\/fr\/produit\/bulk-bubble-bags-for-shipping-volume-discounts-brand-custom-printed\/","title":{"rendered":"Sacs \u00e0 bulles en vrac pour l'exp\u00e9dition - Remises sur volume, impression personnalis\u00e9e de la marque"},"content":{"rendered":"<p><img loading=\"lazy\" decoding=\"async\" class=\"size-full wp-image-12635 aligncenter\" data-src=\"https:\/\/www.ywccpackage.com\/wp-content\/uploads\/2025\/06\/bubble-mailer3.webp\" alt=\"enveloppe \u00e0 bulles\" width=\"800\" height=\"800\" srcset=\"https:\/\/www.ywccpackage.com\/wp-content\/uploads\/2025\/06\/bubble-mailer3.webp 800w, https:\/\/www.ywccpackage.com\/wp-content\/uploads\/2025\/06\/bubble-mailer3-480x480.webp 480w\" sizes=\"(min-width: 0px) and (max-width: 480px) 480px, (min-width: 481px) 800px, 100vw\" \/><\/p>\n<h2>Avantages des sacs \u00e0 bulles pour l'exp\u00e9dition<\/h2>\n<p>1. Amortissement et absorption des chocs : La couche interne dense de bulles dans <a href=\"https:\/\/www.ywccpackage.com\/fr\/produit\/bulk-bubble-bags-for-shipping-volume-discounts-brand-custom-printed\/\"><strong>Sacs \u00e0 bulles pour l'exp\u00e9dition<\/strong><\/a> r\u00e9siste efficacement aux chocs et aux chutes, prot\u00e9geant ainsi les articles fragiles tels que les \u00e9crans de produits \u00e9lectroniques, la verrerie et les appareils m\u00e9dicaux, r\u00e9duisant ainsi le taux de dommages li\u00e9s au transport.<br \/>\n2. Moisture and waterproofing: The physical barrier layer blocks the intrusion of moisture and protects the product. Reduces after &#8211; sales issues.<br \/>\n3. Tear &#8211; resistant and anti &#8211; static.<br \/>\n4. Convenient and efficient design: Self &#8211; sealing design enables quick packaging. The sealed mouth is tear &#8211; resistant, ensuring privacy and safety.<br \/>\n5. Cost &#8211; saving: Reduces the total weight of the package, saving approximately 35% of postage.<br \/>\n6. Mat\u00e9riau opaque pour prot\u00e9ger la vie priv\u00e9e.<br \/>\nDegradable materials (PLA\/PBAT): The new &#8211; type bubble &#8211; pressed envelope bags use degradable raw materials that decompose rapidly in the natural environment, reducing white pollution.<br \/>\nMat\u00e9riaux recyclables : Les principaux mat\u00e9riaux tels que le papier kraft et le film PE peuvent \u00eatre recycl\u00e9s.<\/p>\n<h3>Nous pouvons fournir des services diversifi\u00e9s et personnalis\u00e9s en fonction des besoins des clients en mati\u00e8re de sacs \u00e0 bulles d'air pour l'exp\u00e9dition.<\/h3>\n<p>1. Brand customization &#8211; enhance brand image and recognition.<br \/>\n2. Different materials, such as pearlescent film \/ co &#8211; extrusion film. For example, 3 &#8211; layer co &#8211; extruded PE film with 140g thickness can be customized to other thicknesses.<br \/>\n3. A variety of in &#8211; stock styles for quick delivery. Regular colors include black\/white\/pink\/red\/green\/yellow\/light pink\/purple\/blue<\/p>\n<h2>Usine<\/h2>\n<p>4 usines annexes<br \/>\nCapacit\u00e9 de production journali\u00e8re de 200 tonnes de <a href=\"https:\/\/www.ywccpackage.com\/fr\/category\/mailer\/\"><strong>enveloppes \u00e0 bulles en poly\u00e9thyl\u00e8ne<\/strong><\/a><br \/>\nCapacit\u00e9 de production journali\u00e8re de 6 millions de sacs<br \/>\nB\u00e2timents industriels d'une superficie de 34 000 m\u00e8tres carr\u00e9s<br \/>\nConforme aux certifications internationales, telles que ISO 9001, SGS, BSCI, FSC, REACH, etc.<\/p>\n<p><img loading=\"lazy\" decoding=\"async\" class=\"size-full wp-image-12579 aligncenter\" data-src=\"https:\/\/www.ywccpackage.com\/wp-content\/uploads\/2025\/06\/factory.webp\" alt=\"Usine\" width=\"750\" height=\"2000\" srcset=\"https:\/\/www.ywccpackage.com\/wp-content\/uploads\/2025\/06\/factory.webp 750w, https:\/\/www.ywccpackage.com\/wp-content\/uploads\/2025\/06\/factory-480x1280.webp 480w\" sizes=\"(min-width: 0px) and (max-width: 480px) 480px, (min-width: 481px) 750px, 100vw\" \/> <img loading=\"lazy\" decoding=\"async\" class=\"aligncenter wp-image-12580\" data-src=\"https:\/\/www.ywccpackage.com\/wp-content\/uploads\/2025\/06\/Factory-1.webp\" alt=\"Usine\" width=\"750\" height=\"656\" \/> <img loading=\"lazy\" decoding=\"async\" class=\"size-full wp-image-13110 aligncenter\" data-src=\"https:\/\/www.ywccpackage.com\/wp-content\/uploads\/2025\/07\/photobank.webp\" alt=\"Sacs d&#039;exp\u00e9dition de v\u00eatements \u00e9tanches\" width=\"800\" height=\"800\" srcset=\"https:\/\/www.ywccpackage.com\/wp-content\/uploads\/2025\/07\/photobank.webp 800w, https:\/\/www.ywccpackage.com\/wp-content\/uploads\/2025\/07\/photobank-480x480.webp 480w\" sizes=\"(min-width: 0px) and (max-width: 480px) 480px, (min-width: 481px) 800px, 100vw\" \/><\/p>\n<h2>Certifications : Afficher les logos\/certificats<\/h2>\n<p><img loading=\"lazy\" decoding=\"async\" class=\"aligncenter wp-image-12581\" data-src=\"https:\/\/www.ywccpackage.com\/wp-content\/uploads\/2025\/06\/Certificate.webp\" alt=\"Certificat\" width=\"750\" height=\"1113\" srcset=\"https:\/\/www.ywccpackage.com\/wp-content\/uploads\/2025\/06\/Certificate.webp 750w, https:\/\/www.ywccpackage.com\/wp-content\/uploads\/2025\/06\/Certificate-480x713.webp 480w\" sizes=\"(min-width: 0px) and (max-width: 480px) 480px, (min-width: 481px) 750px, 100vw\" \/><\/p>\n<h2>A propos de nous<\/h2>\n<p>Prime <strong><a href=\"http:\/\/www.ywccpackage.com\/fr\/\">sacs d'exp\u00e9dition personnalis\u00e9s en poly\u00e9thyl\u00e8ne<\/a><\/strong>&amp; des solutions d'exp\u00e9dition durables. En tant que partenaire de confiance en mati\u00e8re d'emballage, nous fournissons des solutions d'emballage durables.\u00a0<a href=\"https:\/\/www.ywccpackage.com\/fr\/category\/mailer\/\"><strong>sac postal<\/strong><\/a>\u00a0y compris des options s\u00e9curis\u00e9es\u00a0<strong>sac express<\/strong>,\u00a0<strong>sacs d'affranchissement<\/strong>et de protection\u00a0<strong>sacs \u00e0 bulles pour l'exp\u00e9dition<\/strong>. Am\u00e9liorez l'unboxing avec\u00a0<a href=\"https:\/\/www.ywccpackage.com\/fr\/about-us\/\"><strong>sacs postaux de marque<\/strong><\/a>\u00a0avec des logos. Choisissez l'\u00e9co-responsabilit\u00e9\u00a0<strong>sacs d'exp\u00e9dition biod\u00e9gradables<\/strong>\u00a0et\u00a0<strong>sacs postaux compostables<\/strong>\u00a0pour r\u00e9duire les d\u00e9chets. Nos produits polyvalents\u00a0<strong>emballage des enveloppes<\/strong>\u00a0prot\u00e8ge les marchandises tout en renfor\u00e7ant la visibilit\u00e9 de la marque. Une protection de qualit\u00e9 professionnelle pour le commerce \u00e9lectronique, la vente au d\u00e9tail et le publipostage. Demandez des \u00e9chantillons de nos pochettes personnalis\u00e9es et \u00e9cologiques d\u00e8s aujourd'hui !<\/p>","protected":false},"excerpt":{"rendered":"<p>Ce sac \u00e0 bulles offre un rembourrage, une imperm\u00e9abilit\u00e9 et une r\u00e9sistance \u00e0 la d\u00e9chirure, avec une conception auto-scellante pour plus d'efficacit\u00e9. Il est \u00e9conomique, prot\u00e8ge la vie priv\u00e9e et est disponible dans des mat\u00e9riaux d\u00e9gradables, ce qui permet de personnaliser la marque.<\/p>","protected":false},"featured_media":12631,"template":"","meta":{"_et_pb_use_builder":"","_et_pb_old_content":"","_et_gb_content_width":""},"product_cat":[191],"product_tag":[205,206,207,203,204],"yoast_head":"<!-- This site is optimized with the Yoast SEO plugin v22.7 - https:\/\/yoast.com\/wordpress\/plugins\/seo\/ -->\n<title>Bubble Bags for Shipping Supplier - Waterproof &amp; Eco-Friendly<\/title>\n<meta name=\"description\" content=\"Bubble Bags for Shipping with shock absorption, moisture resistance, and tear resistance. Self-sealing, cost-saving, private. Degradable\/recyclable options. Customizable for brands. Ideal for shipping.\" \/>\n<meta name=\"robots\" content=\"index, follow, max-snippet:-1, max-image-preview:large, max-video-preview:-1\" \/>\n<link rel=\"canonical\" href=\"https:\/\/www.ywccpackage.com\/fr\/produit\/bulk-bubble-bags-for-shipping-volume-discounts-brand-custom-printed\/\" \/>\n<meta property=\"og:locale\" content=\"fr_FR\" \/>\n<meta property=\"og:type\" content=\"article\" \/>\n<meta property=\"og:title\" content=\"Bubble Bags for Shipping Supplier - Waterproof &amp; Eco-Friendly\" \/>\n<meta property=\"og:description\" content=\"Bubble Bags for Shipping with shock absorption, moisture resistance, and tear resistance. Self-sealing, cost-saving, private. Degradable\/recyclable options. Customizable for brands. Ideal for shipping.\" \/>\n<meta property=\"og:url\" content=\"https:\/\/www.ywccpackage.com\/fr\/produit\/bulk-bubble-bags-for-shipping-volume-discounts-brand-custom-printed\/\" \/>\n<meta property=\"og:site_name\" content=\"YWCC Package\" \/>\n<meta property=\"article:modified_time\" content=\"2025-11-03T08:42:29+00:00\" \/>\n<meta property=\"og:image\" content=\"https:\/\/www.ywccpackage.com\/wp-content\/uploads\/2025\/06\/bubble-mailer.webp\" \/>\n\t<meta property=\"og:image:width\" content=\"800\" \/>\n\t<meta property=\"og:image:height\" content=\"800\" \/>\n\t<meta property=\"og:image:type\" content=\"image\/webp\" \/>\n<meta name=\"twitter:card\" content=\"summary_large_image\" \/>\n<meta name=\"twitter:label1\" content=\"Dur\u00e9e de lecture estim\u00e9e\" \/>\n\t<meta name=\"twitter:data1\" content=\"3 minutes\" \/>\n<script type=\"application\/ld+json\" class=\"yoast-schema-graph\">{\"@context\":\"https:\/\/schema.org\",\"@graph\":[{\"@type\":\"WebPage\",\"@id\":\"https:\/\/www.ywccpackage.com\/product\/bulk-bubble-bags-for-shipping-volume-discounts-brand-custom-printed\/\",\"url\":\"https:\/\/www.ywccpackage.com\/product\/bulk-bubble-bags-for-shipping-volume-discounts-brand-custom-printed\/\",\"name\":\"Bubble Bags for Shipping Supplier - Waterproof & Eco-Friendly\",\"isPartOf\":{\"@id\":\"https:\/\/www.ywccpackage.com\/#website\"},\"primaryImageOfPage\":{\"@id\":\"https:\/\/www.ywccpackage.com\/product\/bulk-bubble-bags-for-shipping-volume-discounts-brand-custom-printed\/#primaryimage\"},\"image\":{\"@id\":\"https:\/\/www.ywccpackage.com\/product\/bulk-bubble-bags-for-shipping-volume-discounts-brand-custom-printed\/#primaryimage\"},\"thumbnailUrl\":\"https:\/\/www.ywccpackage.com\/wp-content\/uploads\/2025\/06\/bubble-mailer.webp\",\"datePublished\":\"2025-06-24T08:54:38+00:00\",\"dateModified\":\"2025-11-03T08:42:29+00:00\",\"description\":\"Bubble Bags for Shipping with shock absorption, moisture resistance, and tear resistance. Self-sealing, cost-saving, private. Degradable\/recyclable options. Customizable for brands. Ideal for shipping.\",\"breadcrumb\":{\"@id\":\"https:\/\/www.ywccpackage.com\/product\/bulk-bubble-bags-for-shipping-volume-discounts-brand-custom-printed\/#breadcrumb\"},\"inLanguage\":\"fr-FR\",\"potentialAction\":[{\"@type\":\"ReadAction\",\"target\":[\"https:\/\/www.ywccpackage.com\/product\/bulk-bubble-bags-for-shipping-volume-discounts-brand-custom-printed\/\"]}]},{\"@type\":\"ImageObject\",\"inLanguage\":\"fr-FR\",\"@id\":\"https:\/\/www.ywccpackage.com\/product\/bulk-bubble-bags-for-shipping-volume-discounts-brand-custom-printed\/#primaryimage\",\"url\":\"https:\/\/www.ywccpackage.com\/wp-content\/uploads\/2025\/06\/bubble-mailer.webp\",\"contentUrl\":\"https:\/\/www.ywccpackage.com\/wp-content\/uploads\/2025\/06\/bubble-mailer.webp\",\"width\":800,\"height\":800,\"caption\":\"bubble mailer\"},{\"@type\":\"BreadcrumbList\",\"@id\":\"https:\/\/www.ywccpackage.com\/product\/bulk-bubble-bags-for-shipping-volume-discounts-brand-custom-printed\/#breadcrumb\",\"itemListElement\":[{\"@type\":\"ListItem\",\"position\":1,\"name\":\"Home\",\"item\":\"https:\/\/www.ywccpackage.com\/\"},{\"@type\":\"ListItem\",\"position\":2,\"name\":\"Products\",\"item\":\"https:\/\/www.ywccpackage.com\/shop\/\"},{\"@type\":\"ListItem\",\"position\":3,\"name\":\"Bulk Bubble Bags for Shipping &#8211; Volume Discounts, Brand Custom Printed\"}]},{\"@type\":\"WebSite\",\"@id\":\"https:\/\/www.ywccpackage.com\/#website\",\"url\":\"https:\/\/www.ywccpackage.com\/\",\"name\":\"YWCC Package\",\"description\":\"YWCC Package\",\"potentialAction\":[{\"@type\":\"SearchAction\",\"target\":{\"@type\":\"EntryPoint\",\"urlTemplate\":\"https:\/\/www.ywccpackage.com\/?s={search_term_string}\"},\"query-input\":\"required name=search_term_string\"}],\"inLanguage\":\"fr-FR\"}]}<\/script>\n<!-- \/ Yoast SEO plugin. -->","yoast_head_json":{"title":"Bubble Bags for Shipping Supplier - Waterproof & Eco-Friendly","description":"Bubble Bags for Shipping with shock absorption, moisture resistance, and tear resistance. Self-sealing, cost-saving, private. Degradable\/recyclable options. Customizable for brands. Ideal for shipping.","robots":{"index":"index","follow":"follow","max-snippet":"max-snippet:-1","max-image-preview":"max-image-preview:large","max-video-preview":"max-video-preview:-1"},"canonical":"https:\/\/www.ywccpackage.com\/fr\/produit\/bulk-bubble-bags-for-shipping-volume-discounts-brand-custom-printed\/","og_locale":"fr_FR","og_type":"article","og_title":"Bubble Bags for Shipping Supplier - Waterproof & Eco-Friendly","og_description":"Bubble Bags for Shipping with shock absorption, moisture resistance, and tear resistance. Self-sealing, cost-saving, private. Degradable\/recyclable options. Customizable for brands. Ideal for shipping.","og_url":"https:\/\/www.ywccpackage.com\/fr\/produit\/bulk-bubble-bags-for-shipping-volume-discounts-brand-custom-printed\/","og_site_name":"YWCC Package","article_modified_time":"2025-11-03T08:42:29+00:00","og_image":[{"width":800,"height":800,"url":"https:\/\/www.ywccpackage.com\/wp-content\/uploads\/2025\/06\/bubble-mailer.webp","type":"image\/webp"}],"twitter_card":"summary_large_image","twitter_misc":{"Dur\u00e9e de lecture estim\u00e9e":"3 minutes"},"schema":{"@context":"https:\/\/schema.org","@graph":[{"@type":"WebPage","@id":"https:\/\/www.ywccpackage.com\/product\/bulk-bubble-bags-for-shipping-volume-discounts-brand-custom-printed\/","url":"https:\/\/www.ywccpackage.com\/product\/bulk-bubble-bags-for-shipping-volume-discounts-brand-custom-printed\/","name":"Bubble Bags for Shipping Supplier - Waterproof & Eco-Friendly","isPartOf":{"@id":"https:\/\/www.ywccpackage.com\/#website"},"primaryImageOfPage":{"@id":"https:\/\/www.ywccpackage.com\/product\/bulk-bubble-bags-for-shipping-volume-discounts-brand-custom-printed\/#primaryimage"},"image":{"@id":"https:\/\/www.ywccpackage.com\/product\/bulk-bubble-bags-for-shipping-volume-discounts-brand-custom-printed\/#primaryimage"},"thumbnailUrl":"https:\/\/www.ywccpackage.com\/wp-content\/uploads\/2025\/06\/bubble-mailer.webp","datePublished":"2025-06-24T08:54:38+00:00","dateModified":"2025-11-03T08:42:29+00:00","description":"Bubble Bags for Shipping with shock absorption, moisture resistance, and tear resistance. Self-sealing, cost-saving, private. Degradable\/recyclable options. Customizable for brands. Ideal for shipping.","breadcrumb":{"@id":"https:\/\/www.ywccpackage.com\/product\/bulk-bubble-bags-for-shipping-volume-discounts-brand-custom-printed\/#breadcrumb"},"inLanguage":"fr-FR","potentialAction":[{"@type":"ReadAction","target":["https:\/\/www.ywccpackage.com\/product\/bulk-bubble-bags-for-shipping-volume-discounts-brand-custom-printed\/"]}]},{"@type":"ImageObject","inLanguage":"fr-FR","@id":"https:\/\/www.ywccpackage.com\/product\/bulk-bubble-bags-for-shipping-volume-discounts-brand-custom-printed\/#primaryimage","url":"https:\/\/www.ywccpackage.com\/wp-content\/uploads\/2025\/06\/bubble-mailer.webp","contentUrl":"https:\/\/www.ywccpackage.com\/wp-content\/uploads\/2025\/06\/bubble-mailer.webp","width":800,"height":800,"caption":"bubble mailer"},{"@type":"BreadcrumbList","@id":"https:\/\/www.ywccpackage.com\/product\/bulk-bubble-bags-for-shipping-volume-discounts-brand-custom-printed\/#breadcrumb","itemListElement":[{"@type":"ListItem","position":1,"name":"Home","item":"https:\/\/www.ywccpackage.com\/"},{"@type":"ListItem","position":2,"name":"Products","item":"https:\/\/www.ywccpackage.com\/shop\/"},{"@type":"ListItem","position":3,"name":"Bulk Bubble Bags for Shipping &#8211; Volume Discounts, Brand Custom Printed"}]},{"@type":"WebSite","@id":"https:\/\/www.ywccpackage.com\/#website","url":"https:\/\/www.ywccpackage.com\/","name":"YWCC Package","description":"YWCC Package","potentialAction":[{"@type":"SearchAction","target":{"@type":"EntryPoint","urlTemplate":"https:\/\/www.ywccpackage.com\/?s={search_term_string}"},"query-input":"required name=search_term_string"}],"inLanguage":"fr-FR"}]}},"_links":{"self":[{"href":"https:\/\/www.ywccpackage.com\/fr\/wp-json\/wp\/v2\/product\/12629"}],"collection":[{"href":"https:\/\/www.ywccpackage.com\/fr\/wp-json\/wp\/v2\/product"}],"about":[{"href":"https:\/\/www.ywccpackage.com\/fr\/wp-json\/wp\/v2\/types\/product"}],"wp:featuredmedia":[{"embeddable":true,"href":"https:\/\/www.ywccpackage.com\/fr\/wp-json\/wp\/v2\/media\/12631"}],"wp:attachment":[{"href":"https:\/\/www.ywccpackage.com\/fr\/wp-json\/wp\/v2\/media?parent=12629"}],"wp:term":[{"taxonomy":"product_cat","embeddable":true,"href":"https:\/\/www.ywccpackage.com\/fr\/wp-json\/wp\/v2\/product_cat?post=12629"},{"taxonomy":"product_tag","embeddable":true,"href":"https:\/\/www.ywccpackage.com\/fr\/wp-json\/wp\/v2\/product_tag?post=12629"}],"curies":[{"name":"wp","href":"https:\/\/api.w.org\/{rel}","templated":true}]}}