{"id":12644,"date":"2025-06-24T09:07:13","date_gmt":"2025-06-24T09:07:13","guid":{"rendered":"https:\/\/www.ywccpackage.com\/?post_type=product&#038;p=12644"},"modified":"2025-11-03T08:42:11","modified_gmt":"2025-11-03T08:42:11","slug":"plastic-waterproof-shipping-bags-with-handle-e-pack-essentials-wholesale","status":"publish","type":"product","link":"https:\/\/www.ywccpackage.com\/fr\/produit\/plastic-waterproof-shipping-bags-with-handle-e-pack-essentials-wholesale\/","title":{"rendered":"Sacs d'exp\u00e9dition \u00e9tanches en plastique avec poign\u00e9e E-Pack Essentials Wholesale"},"content":{"rendered":"<h2>Product Details Page: Advantages of Waterproof Shipping Bags<\/h2>\n<p>1. <a href=\"https:\/\/www.ywccpackage.com\/fr\/produit\/plastic-waterproof-shipping-bags-with-handle-e-pack-essentials-wholesale\/\"><strong>Waterproof Shipping Bags<\/strong><\/a> are Lightweight and durable, easy to carry, reducing the overall logistics cost.<br \/>\n2. Product protection, waterproof, moisture-proof, shock-absorbing and anti-seismic.<br \/>\n3. Efficiency improvement, self-adhesive sealing design, tear and use immediately, packing speed increased by 50%, suitable for high-frequency shipping during e-commerce promotion periods.<br \/>\n4. Brand value-added, support custom LOGO, environmental protection slogans, QR codes, etc., the package becomes a mobile advertising space, enhancing customers&#8217; brand memory.<br \/>\n5. Destructive tape design, opaque bag design to protect product privacy.<br \/>\n6. Diverse materials to choose from:<br \/>\n&#8211; Degradable materials (PLA\/PBAT), which decompose into carbon dioxide and water, solving the problem of traditional plastic pollution and complying with local policies.<br \/>\n&#8211; Recycled materials, with a 30% reduction in the carbon footprint of recycled plastics, in line with the ESG goals of international brands.<br \/>\n&#8211; New materials, with matte\/bright matte and other textures, providing customers with a unique tactile experience and enhancing brand value.<\/p>\n<h3>Can undertake diverse customized services according to customer needs of Waterproof Shipping Bags:<\/h3>\n<p>For example:<br \/>\n1. 20 &#8211; silk thickened anti &#8211; pollution customization, preferred by luxury brands.<br \/>\n2. Special large &#8211; size customization to meet the special needs of the textile industry\/small &#8211; size customization, an economical choice for small &#8211; item e &#8211; commerce logistics.<br \/>\n3. Inner composite bubble, greatly strengthening the anti &#8211; seismic design, providing high &#8211; quality protection for fragile and delicate items, etc.<br \/>\n4. High &#8211; transparency material design, suitable for goods that need to be inspected conveniently.<br \/>\n5. Additional pocket design, can add invoices, logistics waybill information. Waybill protection to avoid the situation of waybill wear.<\/p>\n<h2>Usine<\/h2>\n<p>Les <a href=\"https:\/\/www.ywccpackage.com\/fr\/about-us\/\"><strong>plastic bag factory<\/strong><\/a> d\u00e9signe les sp\u00e9cifications, les dimensions et l'\u00e9paisseur, avec un stock suffisant (non imprim\u00e9) pour une exp\u00e9dition rapide.<\/p>\n<p>4 usines annexes de <a href=\"https:\/\/www.ywccpackage.com\/fr\/category\/mailer\/\"><strong>sac postal<\/strong><\/a><br \/>\nCapacit\u00e9 de production journali\u00e8re de 200 tonnes<br \/>\nCapacit\u00e9 de production journali\u00e8re de 6 millions de sacs<br \/>\nB\u00e2timents industriels d'une superficie de 34 000 m\u00e8tres carr\u00e9s<br \/>\nConforme aux certifications internationales, telles que ISO 9001, SGS, BSCI, FSC, REACH, etc.<\/p>\n<p><img loading=\"lazy\" decoding=\"async\" class=\"size-full wp-image-12579 aligncenter\" data-src=\"https:\/\/www.ywccpackage.com\/wp-content\/uploads\/2025\/06\/factory.webp\" alt=\"Usine\" width=\"750\" height=\"2000\" srcset=\"https:\/\/www.ywccpackage.com\/wp-content\/uploads\/2025\/06\/factory.webp 750w, https:\/\/www.ywccpackage.com\/wp-content\/uploads\/2025\/06\/factory-480x1280.webp 480w\" sizes=\"(min-width: 0px) and (max-width: 480px) 480px, (min-width: 481px) 750px, 100vw\" \/> <img loading=\"lazy\" decoding=\"async\" class=\"aligncenter wp-image-12580\" data-src=\"https:\/\/www.ywccpackage.com\/wp-content\/uploads\/2025\/06\/Factory-1.webp\" alt=\"Usine\" width=\"750\" height=\"656\" \/> <img loading=\"lazy\" decoding=\"async\" class=\"size-full wp-image-13110 aligncenter\" data-src=\"https:\/\/www.ywccpackage.com\/wp-content\/uploads\/2025\/07\/photobank.webp\" alt=\"Sacs d&#039;exp\u00e9dition de v\u00eatements \u00e9tanches\" width=\"800\" height=\"800\" srcset=\"https:\/\/www.ywccpackage.com\/wp-content\/uploads\/2025\/07\/photobank.webp 800w, https:\/\/www.ywccpackage.com\/wp-content\/uploads\/2025\/07\/photobank-480x480.webp 480w\" sizes=\"(min-width: 0px) and (max-width: 480px) 480px, (min-width: 481px) 800px, 100vw\" \/><\/p>\n<h2>Certifications : Afficher les logos\/certificats<\/h2>\n<p><img loading=\"lazy\" decoding=\"async\" class=\"aligncenter wp-image-12581\" data-src=\"https:\/\/www.ywccpackage.com\/wp-content\/uploads\/2025\/06\/Certificate.webp\" alt=\"Certificat\" width=\"750\" height=\"1113\" srcset=\"https:\/\/www.ywccpackage.com\/wp-content\/uploads\/2025\/06\/Certificate.webp 750w, https:\/\/www.ywccpackage.com\/wp-content\/uploads\/2025\/06\/Certificate-480x713.webp 480w\" sizes=\"(min-width: 0px) and (max-width: 480px) 480px, (min-width: 481px) 750px, 100vw\" \/><\/p>\n<h2>A propos de nous<\/h2>\n<p>Prime <strong><a href=\"http:\/\/www.ywccpackage.com\/fr\/\">sacs d'exp\u00e9dition personnalis\u00e9s en poly\u00e9thyl\u00e8ne<\/a>\u00a0<\/strong>&amp; des solutions d'exp\u00e9dition durables. En tant que partenaire de confiance en mati\u00e8re d'emballage, nous fournissons des solutions d'emballage durables.\u00a0<strong>sac postal<\/strong>\u00a0y compris des options s\u00e9curis\u00e9es\u00a0<strong>sac express<\/strong>,\u00a0<strong>sacs d'affranchissement<\/strong>et de protection <strong>sacs d'exp\u00e9dition imperm\u00e9ables<\/strong>. Am\u00e9liorez l'unboxing avec\u00a0<a href=\"https:\/\/www.ywccpackage.com\/fr\/about-us\/\"><strong>sacs postaux de marque<\/strong><\/a>\u00a0avec des logos. Choisissez l'\u00e9co-responsabilit\u00e9\u00a0<strong>sacs d'exp\u00e9dition biod\u00e9gradables<\/strong>\u00a0et\u00a0<strong>sacs postaux compostables<\/strong>\u00a0pour r\u00e9duire les d\u00e9chets. Nos produits polyvalents\u00a0<strong>emballage des enveloppes<\/strong>\u00a0prot\u00e8ge les marchandises tout en renfor\u00e7ant la visibilit\u00e9 de la marque. Une protection de qualit\u00e9 professionnelle pour le commerce \u00e9lectronique, la vente au d\u00e9tail et le publipostage. Demandez des \u00e9chantillons de nos pochettes personnalis\u00e9es et \u00e9cologiques d\u00e8s aujourd'hui !<\/p>","protected":false},"excerpt":{"rendered":"<p>This handheld express bag is lightweight, durable, and waterproof, with self-adhesive sealing for 50% faster packing. It supports custom logos and offers eco-friendly materials like degradable PLA\/PBAT.<\/p>","protected":false},"featured_media":12646,"template":"","meta":{"_et_pb_use_builder":"","_et_pb_old_content":"","_et_gb_content_width":""},"product_cat":[191],"product_tag":[203,204,205,206,207],"yoast_head":"<!-- This site is optimized with the Yoast SEO plugin v22.7 - https:\/\/yoast.com\/wordpress\/plugins\/seo\/ -->\n<title>Waterproof Shipping Bags - Lightweight, Durable &amp; Customizable<\/title>\n<meta name=\"description\" content=\"Handheld express bags with self-adhesive seal, waterproof protection. Custom LOGO, eco-friendly materials. Boost efficiency, ideal for e-commerce. Versatile designs available.\" \/>\n<meta name=\"robots\" content=\"index, follow, max-snippet:-1, max-image-preview:large, max-video-preview:-1\" \/>\n<link rel=\"canonical\" href=\"https:\/\/www.ywccpackage.com\/fr\/produit\/plastic-waterproof-shipping-bags-with-handle-e-pack-essentials-wholesale\/\" \/>\n<meta property=\"og:locale\" content=\"fr_FR\" \/>\n<meta property=\"og:type\" content=\"article\" \/>\n<meta property=\"og:title\" content=\"Waterproof Shipping Bags - Lightweight, Durable &amp; Customizable\" \/>\n<meta property=\"og:description\" content=\"Handheld express bags with self-adhesive seal, waterproof protection. Custom LOGO, eco-friendly materials. Boost efficiency, ideal for e-commerce. Versatile designs available.\" \/>\n<meta property=\"og:url\" content=\"https:\/\/www.ywccpackage.com\/fr\/produit\/plastic-waterproof-shipping-bags-with-handle-e-pack-essentials-wholesale\/\" \/>\n<meta property=\"og:site_name\" content=\"YWCC Package\" \/>\n<meta property=\"article:modified_time\" content=\"2025-11-03T08:42:11+00:00\" \/>\n<meta property=\"og:image\" content=\"https:\/\/www.ywccpackage.com\/wp-content\/uploads\/2025\/06\/Mailer-Bag-with-Handle-.webp\" \/>\n\t<meta property=\"og:image:width\" content=\"800\" \/>\n\t<meta property=\"og:image:height\" content=\"800\" \/>\n\t<meta property=\"og:image:type\" content=\"image\/webp\" \/>\n<meta name=\"twitter:card\" content=\"summary_large_image\" \/>\n<meta name=\"twitter:label1\" content=\"Dur\u00e9e de lecture estim\u00e9e\" \/>\n\t<meta name=\"twitter:data1\" content=\"3 minutes\" \/>\n<script type=\"application\/ld+json\" class=\"yoast-schema-graph\">{\"@context\":\"https:\/\/schema.org\",\"@graph\":[{\"@type\":\"WebPage\",\"@id\":\"https:\/\/www.ywccpackage.com\/product\/plastic-waterproof-shipping-bags-with-handle-e-pack-essentials-wholesale\/\",\"url\":\"https:\/\/www.ywccpackage.com\/product\/plastic-waterproof-shipping-bags-with-handle-e-pack-essentials-wholesale\/\",\"name\":\"Waterproof Shipping Bags - Lightweight, Durable & Customizable\",\"isPartOf\":{\"@id\":\"https:\/\/www.ywccpackage.com\/#website\"},\"primaryImageOfPage\":{\"@id\":\"https:\/\/www.ywccpackage.com\/product\/plastic-waterproof-shipping-bags-with-handle-e-pack-essentials-wholesale\/#primaryimage\"},\"image\":{\"@id\":\"https:\/\/www.ywccpackage.com\/product\/plastic-waterproof-shipping-bags-with-handle-e-pack-essentials-wholesale\/#primaryimage\"},\"thumbnailUrl\":\"https:\/\/www.ywccpackage.com\/wp-content\/uploads\/2025\/06\/Mailer-Bag-with-Handle-.webp\",\"datePublished\":\"2025-06-24T09:07:13+00:00\",\"dateModified\":\"2025-11-03T08:42:11+00:00\",\"description\":\"Handheld express bags with self-adhesive seal, waterproof protection. Custom LOGO, eco-friendly materials. Boost efficiency, ideal for e-commerce. Versatile designs available.\",\"breadcrumb\":{\"@id\":\"https:\/\/www.ywccpackage.com\/product\/plastic-waterproof-shipping-bags-with-handle-e-pack-essentials-wholesale\/#breadcrumb\"},\"inLanguage\":\"fr-FR\",\"potentialAction\":[{\"@type\":\"ReadAction\",\"target\":[\"https:\/\/www.ywccpackage.com\/product\/plastic-waterproof-shipping-bags-with-handle-e-pack-essentials-wholesale\/\"]}]},{\"@type\":\"ImageObject\",\"inLanguage\":\"fr-FR\",\"@id\":\"https:\/\/www.ywccpackage.com\/product\/plastic-waterproof-shipping-bags-with-handle-e-pack-essentials-wholesale\/#primaryimage\",\"url\":\"https:\/\/www.ywccpackage.com\/wp-content\/uploads\/2025\/06\/Mailer-Bag-with-Handle-.webp\",\"contentUrl\":\"https:\/\/www.ywccpackage.com\/wp-content\/uploads\/2025\/06\/Mailer-Bag-with-Handle-.webp\",\"width\":800,\"height\":800,\"caption\":\"waterproof shipping bags\"},{\"@type\":\"BreadcrumbList\",\"@id\":\"https:\/\/www.ywccpackage.com\/product\/plastic-waterproof-shipping-bags-with-handle-e-pack-essentials-wholesale\/#breadcrumb\",\"itemListElement\":[{\"@type\":\"ListItem\",\"position\":1,\"name\":\"Home\",\"item\":\"https:\/\/www.ywccpackage.com\/\"},{\"@type\":\"ListItem\",\"position\":2,\"name\":\"Products\",\"item\":\"https:\/\/www.ywccpackage.com\/shop\/\"},{\"@type\":\"ListItem\",\"position\":3,\"name\":\"Plastic Waterproof Shipping Bags with Handle E-Pack Essentials Wholesale\"}]},{\"@type\":\"WebSite\",\"@id\":\"https:\/\/www.ywccpackage.com\/#website\",\"url\":\"https:\/\/www.ywccpackage.com\/\",\"name\":\"YWCC Package\",\"description\":\"YWCC Package\",\"potentialAction\":[{\"@type\":\"SearchAction\",\"target\":{\"@type\":\"EntryPoint\",\"urlTemplate\":\"https:\/\/www.ywccpackage.com\/?s={search_term_string}\"},\"query-input\":\"required name=search_term_string\"}],\"inLanguage\":\"fr-FR\"}]}<\/script>\n<!-- \/ Yoast SEO plugin. -->","yoast_head_json":{"title":"Waterproof Shipping Bags - Lightweight, Durable & Customizable","description":"Handheld express bags with self-adhesive seal, waterproof protection. Custom LOGO, eco-friendly materials. Boost efficiency, ideal for e-commerce. Versatile designs available.","robots":{"index":"index","follow":"follow","max-snippet":"max-snippet:-1","max-image-preview":"max-image-preview:large","max-video-preview":"max-video-preview:-1"},"canonical":"https:\/\/www.ywccpackage.com\/fr\/produit\/plastic-waterproof-shipping-bags-with-handle-e-pack-essentials-wholesale\/","og_locale":"fr_FR","og_type":"article","og_title":"Waterproof Shipping Bags - Lightweight, Durable & Customizable","og_description":"Handheld express bags with self-adhesive seal, waterproof protection. Custom LOGO, eco-friendly materials. Boost efficiency, ideal for e-commerce. Versatile designs available.","og_url":"https:\/\/www.ywccpackage.com\/fr\/produit\/plastic-waterproof-shipping-bags-with-handle-e-pack-essentials-wholesale\/","og_site_name":"YWCC Package","article_modified_time":"2025-11-03T08:42:11+00:00","og_image":[{"width":800,"height":800,"url":"https:\/\/www.ywccpackage.com\/wp-content\/uploads\/2025\/06\/Mailer-Bag-with-Handle-.webp","type":"image\/webp"}],"twitter_card":"summary_large_image","twitter_misc":{"Dur\u00e9e de lecture estim\u00e9e":"3 minutes"},"schema":{"@context":"https:\/\/schema.org","@graph":[{"@type":"WebPage","@id":"https:\/\/www.ywccpackage.com\/product\/plastic-waterproof-shipping-bags-with-handle-e-pack-essentials-wholesale\/","url":"https:\/\/www.ywccpackage.com\/product\/plastic-waterproof-shipping-bags-with-handle-e-pack-essentials-wholesale\/","name":"Waterproof Shipping Bags - Lightweight, Durable & Customizable","isPartOf":{"@id":"https:\/\/www.ywccpackage.com\/#website"},"primaryImageOfPage":{"@id":"https:\/\/www.ywccpackage.com\/product\/plastic-waterproof-shipping-bags-with-handle-e-pack-essentials-wholesale\/#primaryimage"},"image":{"@id":"https:\/\/www.ywccpackage.com\/product\/plastic-waterproof-shipping-bags-with-handle-e-pack-essentials-wholesale\/#primaryimage"},"thumbnailUrl":"https:\/\/www.ywccpackage.com\/wp-content\/uploads\/2025\/06\/Mailer-Bag-with-Handle-.webp","datePublished":"2025-06-24T09:07:13+00:00","dateModified":"2025-11-03T08:42:11+00:00","description":"Handheld express bags with self-adhesive seal, waterproof protection. Custom LOGO, eco-friendly materials. Boost efficiency, ideal for e-commerce. Versatile designs available.","breadcrumb":{"@id":"https:\/\/www.ywccpackage.com\/product\/plastic-waterproof-shipping-bags-with-handle-e-pack-essentials-wholesale\/#breadcrumb"},"inLanguage":"fr-FR","potentialAction":[{"@type":"ReadAction","target":["https:\/\/www.ywccpackage.com\/product\/plastic-waterproof-shipping-bags-with-handle-e-pack-essentials-wholesale\/"]}]},{"@type":"ImageObject","inLanguage":"fr-FR","@id":"https:\/\/www.ywccpackage.com\/product\/plastic-waterproof-shipping-bags-with-handle-e-pack-essentials-wholesale\/#primaryimage","url":"https:\/\/www.ywccpackage.com\/wp-content\/uploads\/2025\/06\/Mailer-Bag-with-Handle-.webp","contentUrl":"https:\/\/www.ywccpackage.com\/wp-content\/uploads\/2025\/06\/Mailer-Bag-with-Handle-.webp","width":800,"height":800,"caption":"waterproof shipping bags"},{"@type":"BreadcrumbList","@id":"https:\/\/www.ywccpackage.com\/product\/plastic-waterproof-shipping-bags-with-handle-e-pack-essentials-wholesale\/#breadcrumb","itemListElement":[{"@type":"ListItem","position":1,"name":"Home","item":"https:\/\/www.ywccpackage.com\/"},{"@type":"ListItem","position":2,"name":"Products","item":"https:\/\/www.ywccpackage.com\/shop\/"},{"@type":"ListItem","position":3,"name":"Plastic Waterproof Shipping Bags with Handle E-Pack Essentials Wholesale"}]},{"@type":"WebSite","@id":"https:\/\/www.ywccpackage.com\/#website","url":"https:\/\/www.ywccpackage.com\/","name":"YWCC Package","description":"YWCC Package","potentialAction":[{"@type":"SearchAction","target":{"@type":"EntryPoint","urlTemplate":"https:\/\/www.ywccpackage.com\/?s={search_term_string}"},"query-input":"required name=search_term_string"}],"inLanguage":"fr-FR"}]}},"_links":{"self":[{"href":"https:\/\/www.ywccpackage.com\/fr\/wp-json\/wp\/v2\/product\/12644"}],"collection":[{"href":"https:\/\/www.ywccpackage.com\/fr\/wp-json\/wp\/v2\/product"}],"about":[{"href":"https:\/\/www.ywccpackage.com\/fr\/wp-json\/wp\/v2\/types\/product"}],"wp:featuredmedia":[{"embeddable":true,"href":"https:\/\/www.ywccpackage.com\/fr\/wp-json\/wp\/v2\/media\/12646"}],"wp:attachment":[{"href":"https:\/\/www.ywccpackage.com\/fr\/wp-json\/wp\/v2\/media?parent=12644"}],"wp:term":[{"taxonomy":"product_cat","embeddable":true,"href":"https:\/\/www.ywccpackage.com\/fr\/wp-json\/wp\/v2\/product_cat?post=12644"},{"taxonomy":"product_tag","embeddable":true,"href":"https:\/\/www.ywccpackage.com\/fr\/wp-json\/wp\/v2\/product_tag?post=12644"}],"curies":[{"name":"wp","href":"https:\/\/api.w.org\/{rel}","templated":true}]}}