{"id":12664,"date":"2025-07-02T10:22:20","date_gmt":"2025-07-02T10:22:20","guid":{"rendered":"https:\/\/www.ywccpackage.com\/?post_type=product&#038;p=12664"},"modified":"2025-11-03T08:41:26","modified_gmt":"2025-11-03T08:41:26","slug":"custom-branded-matte-poly-mailers-recyclable-waterproof-shipping-bags-for-clothing","status":"publish","type":"product","link":"https:\/\/www.ywccpackage.com\/fr\/produit\/custom-branded-matte-poly-mailers-recyclable-waterproof-shipping-bags-for-clothing\/","title":{"rendered":"Sacs d'exp\u00e9dition en poly\u00e9thyl\u00e8ne mat personnalis\u00e9s - Sacs d'exp\u00e9dition recyclables et imperm\u00e9ables pour v\u00eatements"},"content":{"rendered":"<h2>Caract\u00e9ristiques des sacs d'exp\u00e9dition pour v\u00eatements :<\/h2>\n<h3>1. Protection du produit<\/h3>\n<p>R\u00e9sistance \u00e0 la d\u00e9chirure et \u00e0 la perforation <a href=\"https:\/\/www.ywccpackage.com\/fr\/produit\/custom-branded-matte-poly-mailers-recyclable-waterproof-shipping-bags-for-clothing\/\"><strong>Sacs d'exp\u00e9dition pour v\u00eatements<\/strong><\/a><br \/>\nWater repellency and weather resistance. The water &#8211; repellent feature can resist brief rain or humid air during transportation. It doesn&#8217;t crack in severe cold and doesn&#8217;t stick in high temperatures, adapting to the logistics environment in all four seasons worldwide.<\/p>\n<h3>2. Sacs d'exp\u00e9dition pour v\u00eatements : confidentialit\u00e9 et s\u00e9curit\u00e9<\/h3>\n<p>Opacit\u00e9 du noir<br \/>\nProt\u00e8ge la vie priv\u00e9e et emp\u00eache l'indiscr\u00e9tion.<\/p>\n<h3>3. Sacs d'exp\u00e9dition pour v\u00eatements : prime \u00e0 la marque et am\u00e9lioration de l'efficacit\u00e9<\/h3>\n<p>Achieving high &#8211; end texture at low cost<br \/>\nMatte texture: It has a delicate touch and a low &#8211; key yet high &#8211; end visual effect (increasing customer favorability by 30% compared to shiny bags).<br \/>\nSelf &#8211; adhesive closure can be completed in 3 seconds. The adhesion of the matte &#8211; side back glue is increased by 50%. No sorting is required, and it can be directly transported due to its opacity.<\/p>\n<h3>4. Protection de l'environnement et \u00e9conomie<\/h3>\n<p><strong>Cost &#8211; effective<\/strong><br \/>\nRaw material savings: The cost is 40% &#8211; 50% lower than that of <a href=\"https:\/\/www.ywccpackage.com\/fr\/category\/mailer\/\"><strong>sacs postaux en plastique<\/strong><\/a>.<br \/>\nLightweight: The average self &#8211; weight is only 6 &#8211; 10g. Shipping costs for 10,000 packages can be saved by over \u00a5300.<br \/>\n100% attribut vert recyclable<br \/>\nLe mat\u00e9riau PE\/PP unique r\u00e9pond aux normes de recyclage mondiales (telles que la directive SUP de l'UE), avec un taux de recyclage et de r\u00e9g\u00e9n\u00e9ration de 95%.<br \/>\nR\u00e9duit l'empreinte carbone.<\/p>\n<h2>Sc\u00e9narios applicables :<\/h2>\n<p>Pour le commerce \u00e9lectronique de v\u00eatements, exp\u00e9dition ind\u00e9pendante de T-shirts, sous-v\u00eatements, chaussettes, etc. Servir de publicit\u00e9 ambulante pour promouvoir la marque, laisser une impression profonde sur les clients et surpasser les concurrents.<br \/>\nPour les prestataires de services de logistique documentaire, anti-piratage + texture professionnelle. Pour l'envoi de contrats, d'offres et de dossiers.<br \/>\nPour les grossistes en petites marchandises, distribution de boutons, de fils et de petite quincaillerie.<br \/>\nPour les entreprises de la cha\u00eene d'approvisionnement \u00e9cologique, l'emballage recyclable de 100% permet de r\u00e9duire l'empreinte carbone.<\/p>\n<h2>Usine<\/h2>\n<p>Les <a href=\"https:\/\/www.ywccpackage.com\/fr\/about-us\/\"><strong>usine de sacs d'emballage<\/strong><\/a>\u00a0d\u00e9signe les sp\u00e9cifications, les dimensions et l'\u00e9paisseur, avec un stock suffisant (non imprim\u00e9) pour une exp\u00e9dition rapide.<\/p>\n<p>4 usines annexes<br \/>\nCapacit\u00e9 de production journali\u00e8re de 200 tonnes<br \/>\nCapacit\u00e9 de production journali\u00e8re de 6 millions de sacs<br \/>\nB\u00e2timents industriels d'une superficie de 34 000 m\u00e8tres carr\u00e9s<br \/>\nConforme aux certifications internationales, telles que ISO 9001, SGS, BSCI, FSC, REACH, etc.<\/p>\n<p><img loading=\"lazy\" decoding=\"async\" class=\"size-full wp-image-12579 aligncenter\" data-src=\"https:\/\/www.ywccpackage.com\/wp-content\/uploads\/2025\/06\/factory.webp\" alt=\"Usine\" width=\"750\" height=\"2000\" srcset=\"https:\/\/www.ywccpackage.com\/wp-content\/uploads\/2025\/06\/factory.webp 750w, https:\/\/www.ywccpackage.com\/wp-content\/uploads\/2025\/06\/factory-480x1280.webp 480w\" sizes=\"(min-width: 0px) and (max-width: 480px) 480px, (min-width: 481px) 750px, 100vw\" \/> <img loading=\"lazy\" decoding=\"async\" class=\"aligncenter wp-image-12580\" data-src=\"https:\/\/www.ywccpackage.com\/wp-content\/uploads\/2025\/06\/Factory-1.webp\" alt=\"Usine\" width=\"750\" height=\"656\" \/> <img loading=\"lazy\" decoding=\"async\" class=\"size-full wp-image-13110 aligncenter\" data-src=\"https:\/\/www.ywccpackage.com\/wp-content\/uploads\/2025\/07\/photobank.webp\" alt=\"Sacs d&#039;exp\u00e9dition de v\u00eatements \u00e9tanches\" width=\"800\" height=\"800\" srcset=\"https:\/\/www.ywccpackage.com\/wp-content\/uploads\/2025\/07\/photobank.webp 800w, https:\/\/www.ywccpackage.com\/wp-content\/uploads\/2025\/07\/photobank-480x480.webp 480w\" sizes=\"(min-width: 0px) and (max-width: 480px) 480px, (min-width: 481px) 800px, 100vw\" \/><\/p>\n<h2>Certifications : Afficher les logos\/certificats<\/h2>\n<p><img loading=\"lazy\" decoding=\"async\" class=\"aligncenter wp-image-12581\" data-src=\"https:\/\/www.ywccpackage.com\/wp-content\/uploads\/2025\/06\/Certificate.webp\" alt=\"Certificat\" width=\"750\" height=\"1113\" srcset=\"https:\/\/www.ywccpackage.com\/wp-content\/uploads\/2025\/06\/Certificate.webp 750w, https:\/\/www.ywccpackage.com\/wp-content\/uploads\/2025\/06\/Certificate-480x713.webp 480w\" sizes=\"(min-width: 0px) and (max-width: 480px) 480px, (min-width: 481px) 750px, 100vw\" \/><\/p>\n<h2>A propos de nous<\/h2>\n<p>Prime <strong><a href=\"http:\/\/www.ywccpackage.com\/fr\/\">sacs d'exp\u00e9dition personnalis\u00e9s en poly\u00e9thyl\u00e8ne<\/a>\u00a0<\/strong>&amp; des solutions d'exp\u00e9dition durables. En tant que partenaire de confiance en mati\u00e8re d'emballage, nous fournissons des solutions d'emballage durables.\u00a0<strong>sac postal<\/strong>\u00a0y compris des options s\u00e9curis\u00e9es\u00a0<strong>sac express<\/strong>,\u00a0<strong>sacs d'affranchissement<\/strong>et de protection <strong>sacs d'exp\u00e9dition pour v\u00eatements<\/strong>. Am\u00e9liorez l'unboxing avec\u00a0<a href=\"https:\/\/www.ywccpackage.com\/fr\/about-us\/\"><strong>sacs postaux de marque<\/strong><\/a>\u00a0avec des logos. Choisissez l'\u00e9co-responsabilit\u00e9\u00a0<strong>sacs d'exp\u00e9dition biod\u00e9gradables<\/strong>\u00a0et\u00a0<strong>sacs postaux compostables<\/strong>\u00a0pour r\u00e9duire les d\u00e9chets. Nos produits polyvalents\u00a0<strong>emballage des enveloppes<\/strong>\u00a0prot\u00e8ge les marchandises tout en renfor\u00e7ant la visibilit\u00e9 de la marque. Une protection de qualit\u00e9 professionnelle pour le commerce \u00e9lectronique, la vente au d\u00e9tail et le publipostage. Demandez des \u00e9chantillons de nos pochettes personnalis\u00e9es et \u00e9cologiques d\u00e8s aujourd'hui !<\/p>","protected":false},"excerpt":{"rendered":"<p>Les sacs express noirs mats offrent une r\u00e9sistance \u00e0 la d\u00e9chirure et \u00e0 la perforation, une protection contre l'eau et les intemp\u00e9ries et une opacit\u00e9 noire pour la confidentialit\u00e9. Leur texture mate augmente de 30% la sympathie des clients. Ils sont rentables (40-50% moins chers que les sacs \u00e0 bulles), l\u00e9gers et recyclables \u00e0 100%. Ils conviennent pour les v\u00eatements, les documents et les petites marchandises. Les usines garantissent une grande capacit\u00e9 et des certifications.<\/p>","protected":false},"featured_media":12667,"template":"","meta":{"_et_pb_use_builder":"","_et_pb_old_content":"","_et_gb_content_width":""},"product_cat":[191],"product_tag":[203,204,205,206,207],"yoast_head":"<!-- This site is optimized with the Yoast SEO plugin v22.7 - https:\/\/yoast.com\/wordpress\/plugins\/seo\/ -->\n<title>Matte Shipping Bags for Clothing - Durable, Private &amp; Eco-Friendly<\/title>\n<meta name=\"description\" content=\"shipping bags for clothing with tear resistance, water repellency. Ensure privacy, boost brand image. Cost-effective, 100% recyclable. Ideal for e-commerce &amp; logistics.\" \/>\n<meta name=\"robots\" content=\"index, follow, max-snippet:-1, max-image-preview:large, max-video-preview:-1\" \/>\n<link rel=\"canonical\" href=\"https:\/\/www.ywccpackage.com\/fr\/produit\/custom-branded-matte-poly-mailers-recyclable-waterproof-shipping-bags-for-clothing\/\" \/>\n<meta property=\"og:locale\" content=\"fr_FR\" \/>\n<meta property=\"og:type\" content=\"article\" \/>\n<meta property=\"og:title\" content=\"Matte Shipping Bags for Clothing - Durable, Private &amp; Eco-Friendly\" \/>\n<meta property=\"og:description\" content=\"shipping bags for clothing with tear resistance, water repellency. Ensure privacy, boost brand image. Cost-effective, 100% recyclable. Ideal for e-commerce &amp; logistics.\" \/>\n<meta property=\"og:url\" content=\"https:\/\/www.ywccpackage.com\/fr\/produit\/custom-branded-matte-poly-mailers-recyclable-waterproof-shipping-bags-for-clothing\/\" \/>\n<meta property=\"og:site_name\" content=\"YWCC Package\" \/>\n<meta property=\"article:modified_time\" content=\"2025-11-03T08:41:26+00:00\" \/>\n<meta property=\"og:image\" content=\"https:\/\/www.ywccpackage.com\/wp-content\/uploads\/2025\/07\/Custom-Branded-Matte-Poly-Mailers-Recyclable-Waterproof-Shipping-Bags-for-Ecommerce4.webp\" \/>\n\t<meta property=\"og:image:width\" content=\"1200\" \/>\n\t<meta property=\"og:image:height\" content=\"1199\" \/>\n\t<meta property=\"og:image:type\" content=\"image\/webp\" \/>\n<meta name=\"twitter:card\" content=\"summary_large_image\" \/>\n<meta name=\"twitter:label1\" content=\"Dur\u00e9e de lecture estim\u00e9e\" \/>\n\t<meta name=\"twitter:data1\" content=\"3 minutes\" \/>\n<script type=\"application\/ld+json\" class=\"yoast-schema-graph\">{\"@context\":\"https:\/\/schema.org\",\"@graph\":[{\"@type\":\"WebPage\",\"@id\":\"https:\/\/www.ywccpackage.com\/product\/custom-branded-matte-poly-mailers-recyclable-waterproof-shipping-bags-for-clothing\/\",\"url\":\"https:\/\/www.ywccpackage.com\/product\/custom-branded-matte-poly-mailers-recyclable-waterproof-shipping-bags-for-clothing\/\",\"name\":\"Matte Shipping Bags for Clothing - Durable, Private & Eco-Friendly\",\"isPartOf\":{\"@id\":\"https:\/\/www.ywccpackage.com\/#website\"},\"primaryImageOfPage\":{\"@id\":\"https:\/\/www.ywccpackage.com\/product\/custom-branded-matte-poly-mailers-recyclable-waterproof-shipping-bags-for-clothing\/#primaryimage\"},\"image\":{\"@id\":\"https:\/\/www.ywccpackage.com\/product\/custom-branded-matte-poly-mailers-recyclable-waterproof-shipping-bags-for-clothing\/#primaryimage\"},\"thumbnailUrl\":\"https:\/\/www.ywccpackage.com\/wp-content\/uploads\/2025\/07\/Custom-Branded-Matte-Poly-Mailers-Recyclable-Waterproof-Shipping-Bags-for-Ecommerce4.webp\",\"datePublished\":\"2025-07-02T10:22:20+00:00\",\"dateModified\":\"2025-11-03T08:41:26+00:00\",\"description\":\"shipping bags for clothing with tear resistance, water repellency. Ensure privacy, boost brand image. Cost-effective, 100% recyclable. Ideal for e-commerce & logistics.\",\"breadcrumb\":{\"@id\":\"https:\/\/www.ywccpackage.com\/product\/custom-branded-matte-poly-mailers-recyclable-waterproof-shipping-bags-for-clothing\/#breadcrumb\"},\"inLanguage\":\"fr-FR\",\"potentialAction\":[{\"@type\":\"ReadAction\",\"target\":[\"https:\/\/www.ywccpackage.com\/product\/custom-branded-matte-poly-mailers-recyclable-waterproof-shipping-bags-for-clothing\/\"]}]},{\"@type\":\"ImageObject\",\"inLanguage\":\"fr-FR\",\"@id\":\"https:\/\/www.ywccpackage.com\/product\/custom-branded-matte-poly-mailers-recyclable-waterproof-shipping-bags-for-clothing\/#primaryimage\",\"url\":\"https:\/\/www.ywccpackage.com\/wp-content\/uploads\/2025\/07\/Custom-Branded-Matte-Poly-Mailers-Recyclable-Waterproof-Shipping-Bags-for-Ecommerce4.webp\",\"contentUrl\":\"https:\/\/www.ywccpackage.com\/wp-content\/uploads\/2025\/07\/Custom-Branded-Matte-Poly-Mailers-Recyclable-Waterproof-Shipping-Bags-for-Ecommerce4.webp\",\"width\":1200,\"height\":1199,\"caption\":\"Custom Branded Matte Poly Mailers - Recyclable & Waterproof Shipping Bags for Ecommerce\"},{\"@type\":\"BreadcrumbList\",\"@id\":\"https:\/\/www.ywccpackage.com\/product\/custom-branded-matte-poly-mailers-recyclable-waterproof-shipping-bags-for-clothing\/#breadcrumb\",\"itemListElement\":[{\"@type\":\"ListItem\",\"position\":1,\"name\":\"Home\",\"item\":\"https:\/\/www.ywccpackage.com\/\"},{\"@type\":\"ListItem\",\"position\":2,\"name\":\"Products\",\"item\":\"https:\/\/www.ywccpackage.com\/shop\/\"},{\"@type\":\"ListItem\",\"position\":3,\"name\":\"Custom Branded Matte Poly Mailers &#8211; Recyclable &#038; Waterproof Shipping Bags for Clothing\"}]},{\"@type\":\"WebSite\",\"@id\":\"https:\/\/www.ywccpackage.com\/#website\",\"url\":\"https:\/\/www.ywccpackage.com\/\",\"name\":\"YWCC Package\",\"description\":\"YWCC Package\",\"potentialAction\":[{\"@type\":\"SearchAction\",\"target\":{\"@type\":\"EntryPoint\",\"urlTemplate\":\"https:\/\/www.ywccpackage.com\/?s={search_term_string}\"},\"query-input\":\"required name=search_term_string\"}],\"inLanguage\":\"fr-FR\"}]}<\/script>\n<!-- \/ Yoast SEO plugin. -->","yoast_head_json":{"title":"Matte Shipping Bags for Clothing - Durable, Private & Eco-Friendly","description":"shipping bags for clothing with tear resistance, water repellency. Ensure privacy, boost brand image. Cost-effective, 100% recyclable. Ideal for e-commerce & logistics.","robots":{"index":"index","follow":"follow","max-snippet":"max-snippet:-1","max-image-preview":"max-image-preview:large","max-video-preview":"max-video-preview:-1"},"canonical":"https:\/\/www.ywccpackage.com\/fr\/produit\/custom-branded-matte-poly-mailers-recyclable-waterproof-shipping-bags-for-clothing\/","og_locale":"fr_FR","og_type":"article","og_title":"Matte Shipping Bags for Clothing - Durable, Private & Eco-Friendly","og_description":"shipping bags for clothing with tear resistance, water repellency. Ensure privacy, boost brand image. Cost-effective, 100% recyclable. Ideal for e-commerce & logistics.","og_url":"https:\/\/www.ywccpackage.com\/fr\/produit\/custom-branded-matte-poly-mailers-recyclable-waterproof-shipping-bags-for-clothing\/","og_site_name":"YWCC Package","article_modified_time":"2025-11-03T08:41:26+00:00","og_image":[{"width":1200,"height":1199,"url":"https:\/\/www.ywccpackage.com\/wp-content\/uploads\/2025\/07\/Custom-Branded-Matte-Poly-Mailers-Recyclable-Waterproof-Shipping-Bags-for-Ecommerce4.webp","type":"image\/webp"}],"twitter_card":"summary_large_image","twitter_misc":{"Dur\u00e9e de lecture estim\u00e9e":"3 minutes"},"schema":{"@context":"https:\/\/schema.org","@graph":[{"@type":"WebPage","@id":"https:\/\/www.ywccpackage.com\/product\/custom-branded-matte-poly-mailers-recyclable-waterproof-shipping-bags-for-clothing\/","url":"https:\/\/www.ywccpackage.com\/product\/custom-branded-matte-poly-mailers-recyclable-waterproof-shipping-bags-for-clothing\/","name":"Matte Shipping Bags for Clothing - Durable, Private & Eco-Friendly","isPartOf":{"@id":"https:\/\/www.ywccpackage.com\/#website"},"primaryImageOfPage":{"@id":"https:\/\/www.ywccpackage.com\/product\/custom-branded-matte-poly-mailers-recyclable-waterproof-shipping-bags-for-clothing\/#primaryimage"},"image":{"@id":"https:\/\/www.ywccpackage.com\/product\/custom-branded-matte-poly-mailers-recyclable-waterproof-shipping-bags-for-clothing\/#primaryimage"},"thumbnailUrl":"https:\/\/www.ywccpackage.com\/wp-content\/uploads\/2025\/07\/Custom-Branded-Matte-Poly-Mailers-Recyclable-Waterproof-Shipping-Bags-for-Ecommerce4.webp","datePublished":"2025-07-02T10:22:20+00:00","dateModified":"2025-11-03T08:41:26+00:00","description":"shipping bags for clothing with tear resistance, water repellency. Ensure privacy, boost brand image. Cost-effective, 100% recyclable. Ideal for e-commerce & logistics.","breadcrumb":{"@id":"https:\/\/www.ywccpackage.com\/product\/custom-branded-matte-poly-mailers-recyclable-waterproof-shipping-bags-for-clothing\/#breadcrumb"},"inLanguage":"fr-FR","potentialAction":[{"@type":"ReadAction","target":["https:\/\/www.ywccpackage.com\/product\/custom-branded-matte-poly-mailers-recyclable-waterproof-shipping-bags-for-clothing\/"]}]},{"@type":"ImageObject","inLanguage":"fr-FR","@id":"https:\/\/www.ywccpackage.com\/product\/custom-branded-matte-poly-mailers-recyclable-waterproof-shipping-bags-for-clothing\/#primaryimage","url":"https:\/\/www.ywccpackage.com\/wp-content\/uploads\/2025\/07\/Custom-Branded-Matte-Poly-Mailers-Recyclable-Waterproof-Shipping-Bags-for-Ecommerce4.webp","contentUrl":"https:\/\/www.ywccpackage.com\/wp-content\/uploads\/2025\/07\/Custom-Branded-Matte-Poly-Mailers-Recyclable-Waterproof-Shipping-Bags-for-Ecommerce4.webp","width":1200,"height":1199,"caption":"Custom Branded Matte Poly Mailers - Recyclable & Waterproof Shipping Bags for Ecommerce"},{"@type":"BreadcrumbList","@id":"https:\/\/www.ywccpackage.com\/product\/custom-branded-matte-poly-mailers-recyclable-waterproof-shipping-bags-for-clothing\/#breadcrumb","itemListElement":[{"@type":"ListItem","position":1,"name":"Home","item":"https:\/\/www.ywccpackage.com\/"},{"@type":"ListItem","position":2,"name":"Products","item":"https:\/\/www.ywccpackage.com\/shop\/"},{"@type":"ListItem","position":3,"name":"Custom Branded Matte Poly Mailers &#8211; Recyclable &#038; Waterproof Shipping Bags for Clothing"}]},{"@type":"WebSite","@id":"https:\/\/www.ywccpackage.com\/#website","url":"https:\/\/www.ywccpackage.com\/","name":"YWCC Package","description":"YWCC Package","potentialAction":[{"@type":"SearchAction","target":{"@type":"EntryPoint","urlTemplate":"https:\/\/www.ywccpackage.com\/?s={search_term_string}"},"query-input":"required name=search_term_string"}],"inLanguage":"fr-FR"}]}},"_links":{"self":[{"href":"https:\/\/www.ywccpackage.com\/fr\/wp-json\/wp\/v2\/product\/12664"}],"collection":[{"href":"https:\/\/www.ywccpackage.com\/fr\/wp-json\/wp\/v2\/product"}],"about":[{"href":"https:\/\/www.ywccpackage.com\/fr\/wp-json\/wp\/v2\/types\/product"}],"wp:featuredmedia":[{"embeddable":true,"href":"https:\/\/www.ywccpackage.com\/fr\/wp-json\/wp\/v2\/media\/12667"}],"wp:attachment":[{"href":"https:\/\/www.ywccpackage.com\/fr\/wp-json\/wp\/v2\/media?parent=12664"}],"wp:term":[{"taxonomy":"product_cat","embeddable":true,"href":"https:\/\/www.ywccpackage.com\/fr\/wp-json\/wp\/v2\/product_cat?post=12664"},{"taxonomy":"product_tag","embeddable":true,"href":"https:\/\/www.ywccpackage.com\/fr\/wp-json\/wp\/v2\/product_tag?post=12664"}],"curies":[{"name":"wp","href":"https:\/\/api.w.org\/{rel}","templated":true}]}}