{"id":12693,"date":"2025-07-13T10:46:12","date_gmt":"2025-07-13T10:46:12","guid":{"rendered":"https:\/\/www.ywccpackage.com\/?post_type=product&#038;p=12693"},"modified":"2025-08-20T08:19:32","modified_gmt":"2025-08-20T08:19:32","slug":"blue-clear-reusable-zipper-plastic-bags-for-business-heavy-duty-airtight-resealable-plastic-pouches","status":"publish","type":"product","link":"https:\/\/www.ywccpackage.com\/fr\/produit\/blue-clear-reusable-zipper-plastic-bags-for-business-heavy-duty-airtight-resealable-plastic-pouches\/","title":{"rendered":"Sacs en plastique \u00e0 fermeture \u00e9clair r\u00e9utilisables bleus et transparents pour les entreprises - Pochettes en plastique herm\u00e9tiques et refermables tr\u00e8s r\u00e9sistantes"},"content":{"rendered":"<h2>Sacs en plastique pour les entreprises Description<\/h2>\n<ol class=\"auto-hide-last-sibling-br\">\n<li>Excellente identification visuelle et gestion du contenu <a href=\"https:\/\/www.ywccpackage.com\/fr\/produit\/blue-clear-reusable-zipper-plastic-bags-for-business-heavy-duty-airtight-resealable-plastic-pouches\/\"><strong>Sacs en plastique pour les entreprises<\/strong><\/a>:<br class=\"container-utlnW2 wrapper-d0Cc1k undefined\" \/>Am\u00e9liorez l'efficacit\u00e9 et faites en sorte que tout soit clair d'un seul coup d'\u0153il. La face transparente permet de voir clairement le contenu et de l'identifier rapidement sans avoir besoin d'\u00e9tiquettes.<\/li>\n<li>Privacy Protection and Aesthetic Concealment: Conceal items that you don&#8217;t want to be fully exposed (such as underwear, hygiene products, personal documents, scattered small items), maintaining a neat and aesthetic appearance on the outside. One bag serves two purposes, being both practical and decent. The blue side provides the necessary concealment, avoiding embarrassment or a messy look.<\/li>\n<li>Contr\u00f4le de la lumi\u00e8re et protection des objets : Prot\u00e9gez les articles sensibles \u00e0 la lumi\u00e8re (tels que certains m\u00e9dicaments, cosm\u00e9tiques, films, composants \u00e9lectroniques) des effets de la lumi\u00e8re. La face bleue bloque efficacement une partie de la lumi\u00e8re (en particulier la lumi\u00e8re ultraviolette), offrant ainsi une couche de protection suppl\u00e9mentaire aux objets sensibles.<\/li>\n<li>Versatility and Scenario Adaptability: Adapt to different scenario needs (viewing contents vs. concealing contents vs. avoiding light). It offers extremely high flexibility in use. Whether it is for daily storage, travel packing, sample display, or material storage, it can handle the task. Users don&#8217;t need to prepare multiple bags for different purposes.<\/li>\n<li>Performance de base durable et fiable : Les <a href=\"https:\/\/www.ywccpackage.com\/fr\/category\/zipper-bag\/\"><strong>sac avec fermeture \u00e9clair<\/strong><\/a> Les fermetures \u00e0 glissi\u00e8re de haute qualit\u00e9 (PE\/PP\/PVC) sont imperm\u00e9ables \u00e0 l'eau, \u00e0 l'humidit\u00e9 et \u00e0 la poussi\u00e8re. Les mat\u00e9riaux PE\/PP\/PVC de haute qualit\u00e9 assurent une bonne \u00e9tanch\u00e9it\u00e9 \u00e0 l'eau, \u00e0 l'humidit\u00e9 et \u00e0 la poussi\u00e8re ; les fermetures \u00e0 glissi\u00e8re robustes, doubles ou simples, garantissent une \u00e9tanch\u00e9it\u00e9 fiable et ne sont pas facilement endommag\u00e9es par des ouvertures et fermetures r\u00e9p\u00e9t\u00e9es ; le mat\u00e9riau lui-m\u00eame offre \u00e9galement une certaine r\u00e9sistance \u00e0 la d\u00e9chirure.<\/li>\n<\/ol>\n<h2>Application des sacs en plastique pour les entreprises<\/h2>\n<p>Home storage: Underwear and socks (blue side facing out), toy parts (transparent side facing out for easy part &#8211; finding), medicine (blue side for light &#8211; blocking), certificates and documents (blue side for privacy protection), data cables\/small accessories (transparent side for easy identification).<br class=\"container-utlnW2 wrapper-d0Cc1k undefined\" \/>Travel and business trips: Toiletries in sub &#8211; packages (transparent side to see the contents), dirty clothes storage (blue side for blocking), important documents\/valuables (blue side for protection).<br class=\"container-utlnW2 wrapper-d0Cc1k undefined\" \/>Commercial use: Sample display (transparent side for display), spare parts storage (transparent side for identification), internal document\/voucher transfer (blue side for privacy protection), industrial parts that need light &#8211; blocking.<br class=\"container-utlnW2 wrapper-d0Cc1k undefined\" \/>Maternity and baby products: Baby bottle\/tableware sub &#8211; packages (transparent side), diapers\/wipes (blue side for tidiness), small toys (transparent side).<br class=\"container-utlnW2 wrapper-d0Cc1k undefined\" \/>Papeterie et bureau : Rangement de la papeterie (face transparente), factures et scell\u00e9s importants (face bleue).<\/p>\n<p><strong>Accepter des services diversifi\u00e9s et personnalis\u00e9s de la part des clients.<\/strong><br class=\"container-utlnW2 wrapper-d0Cc1k undefined\" \/><strong>Si vous avez des projets ou des id\u00e9es, n'h\u00e9sitez pas \u00e0 nous contacter. <a href=\"https:\/\/www.ywccpackage.com\/fr\/contact-us\/\">nous contacter<\/a>.<\/strong><\/p>\n<h2>Usine<\/h2>\n<p>Les <a href=\"https:\/\/www.ywccpackage.com\/fr\/about-us\/\"><strong>usine de sacs d'emballage<\/strong><\/a> d\u00e9signe les sp\u00e9cifications, les dimensions et l'\u00e9paisseur, avec un stock suffisant (non imprim\u00e9) pour une exp\u00e9dition rapide.<\/p>\n<p>4 usines annexes<br \/>\nCapacit\u00e9 de production journali\u00e8re de 200 tonnes<br \/>\nCapacit\u00e9 de production journali\u00e8re de 6 millions de sacs<br \/>\nB\u00e2timents industriels d'une superficie de 34 000 m\u00e8tres carr\u00e9s<br \/>\nConforme aux certifications internationales, telles que ISO 9001, SGS, BSCI, FSC, REACH, etc.<\/p>\n<p><img loading=\"lazy\" decoding=\"async\" class=\"size-full wp-image-12579 aligncenter\" data-src=\"https:\/\/www.ywccpackage.com\/wp-content\/uploads\/2025\/06\/factory.webp\" alt=\"Usine\" width=\"750\" height=\"2000\" srcset=\"https:\/\/www.ywccpackage.com\/wp-content\/uploads\/2025\/06\/factory.webp 750w, https:\/\/www.ywccpackage.com\/wp-content\/uploads\/2025\/06\/factory-480x1280.webp 480w\" sizes=\"(min-width: 0px) and (max-width: 480px) 480px, (min-width: 481px) 750px, 100vw\" \/> <img loading=\"lazy\" decoding=\"async\" class=\"aligncenter wp-image-12580\" data-src=\"https:\/\/www.ywccpackage.com\/wp-content\/uploads\/2025\/06\/Factory-1.webp\" alt=\"Usine\" width=\"750\" height=\"656\" \/> <img loading=\"lazy\" decoding=\"async\" class=\"wp-image-12578 aligncenter\" data-src=\"https:\/\/www.ywccpackage.com\/wp-content\/uploads\/2025\/06\/Factory-2.webp\" alt=\"Usine\" width=\"750\" height=\"750\" \/><\/p>\n<h2>Certifications : Afficher les logos\/certificats<\/h2>\n<p><img loading=\"lazy\" decoding=\"async\" class=\"aligncenter wp-image-12581\" data-src=\"https:\/\/www.ywccpackage.com\/wp-content\/uploads\/2025\/06\/Certificate.webp\" alt=\"Certificat\" width=\"750\" height=\"1113\" srcset=\"https:\/\/www.ywccpackage.com\/wp-content\/uploads\/2025\/06\/Certificate.webp 750w, https:\/\/www.ywccpackage.com\/wp-content\/uploads\/2025\/06\/Certificate-480x713.webp 480w\" sizes=\"(min-width: 0px) and (max-width: 480px) 480px, (min-width: 481px) 750px, 100vw\" \/><\/p>\n<h2>A propos de nous<\/h2>\n<p>Cr\u00e9ez des emballages de marque qui se d\u00e9marquent ! Nous fournissons des\u00a0<a href=\"http:\/\/www.ywccpackage.com\/fr\/\"><strong>sacs en plastique personnalis\u00e9s avec logo<\/strong><\/a>\u00a0- y compris durable\u00a0<strong>sac avec fermeture \u00e9clair<\/strong> options. Choisissez la polyvalence <strong>sac \u00e0 fermeture \u00e9clair transparent<\/strong>,\u00a0<strong>sac plastique \u00e0 fermeture \u00e9clair<\/strong>et\u00a0<strong>sac \u00e0 fermeture \u00e9clair en pvc<\/strong> solutions. Nos services <strong>sacs en plastique pour les entreprises<\/strong>\u00a0mettent en valeur le contenu tout en prot\u00e9geant les produits. Id\u00e9al pour la vente au d\u00e9tail, les cadeaux et les promotions. Imperm\u00e9ables, r\u00e9utilisables et pr\u00eates pour la vente au d\u00e9tail. Am\u00e9liorez la visibilit\u00e9 de votre marque avec des pochettes zipp\u00e9es personnalis\u00e9es et professionnelles. <a href=\"https:\/\/www.ywccpackage.com\/fr\/contact-us\/\"><strong>Commandez des \u00e9chantillons d\u00e8s aujourd'hui<\/strong><\/a>!<\/p>","protected":false},"excerpt":{"rendered":"<p>Ces sacs bleus transparents offrent une bonne visibilit\u00e9 (c\u00f4t\u00e9 transparent) et une protection contre la lumi\u00e8re (c\u00f4t\u00e9 bleu). Polyvalents pour la maison, les voyages, les affaires, etc., ils sont durables gr\u00e2ce \u00e0 des mat\u00e9riaux de qualit\u00e9 et des fermetures \u00e0 glissi\u00e8re fiables, emp\u00eachant l'humidit\u00e9 et les pertes. Personnalisation possible.<\/p>","protected":false},"featured_media":12695,"template":"","meta":{"_et_pb_use_builder":"","_et_pb_old_content":"","_et_gb_content_width":""},"product_cat":[193],"product_tag":[208,209,210],"yoast_head":"<!-- This site is optimized with the Yoast SEO plugin v22.7 - https:\/\/yoast.com\/wordpress\/plugins\/seo\/ -->\n<title>Plastic Bags for Business - Dual-Side Design for Visibility &amp; Privacy<\/title>\n<meta name=\"description\" content=\"Plastic Bags for Business with transparent\/blue dual sides. Ideal for storage, travel &amp; commerce. Protects light-sensitive items, ensures privacy. Durable, customizable.\" \/>\n<meta name=\"robots\" content=\"index, follow, max-snippet:-1, max-image-preview:large, max-video-preview:-1\" \/>\n<link rel=\"canonical\" href=\"https:\/\/www.ywccpackage.com\/fr\/produit\/blue-clear-reusable-zipper-plastic-bags-for-business-heavy-duty-airtight-resealable-plastic-pouches\/\" \/>\n<meta property=\"og:locale\" content=\"fr_FR\" \/>\n<meta property=\"og:type\" content=\"article\" \/>\n<meta property=\"og:title\" content=\"Plastic Bags for Business - Dual-Side Design for Visibility &amp; Privacy\" \/>\n<meta property=\"og:description\" content=\"Plastic Bags for Business with transparent\/blue dual sides. Ideal for storage, travel &amp; commerce. Protects light-sensitive items, ensures privacy. Durable, customizable.\" \/>\n<meta property=\"og:url\" content=\"https:\/\/www.ywccpackage.com\/fr\/produit\/blue-clear-reusable-zipper-plastic-bags-for-business-heavy-duty-airtight-resealable-plastic-pouches\/\" \/>\n<meta property=\"og:site_name\" content=\"YWCC Package\" \/>\n<meta property=\"article:modified_time\" content=\"2025-08-20T08:19:32+00:00\" \/>\n<meta property=\"og:image\" content=\"https:\/\/www.ywccpackage.com\/wp-content\/uploads\/2025\/07\/Blue-Clear-Reusable-Zipper-Storage-Bags-Heavy-Duty-Airtight-Resealable-Plastic-Pouches-1.webp\" \/>\n\t<meta property=\"og:image:width\" content=\"800\" \/>\n\t<meta property=\"og:image:height\" content=\"800\" \/>\n\t<meta property=\"og:image:type\" content=\"image\/webp\" \/>\n<meta name=\"twitter:card\" content=\"summary_large_image\" \/>\n<meta name=\"twitter:label1\" content=\"Dur\u00e9e de lecture estim\u00e9e\" \/>\n\t<meta name=\"twitter:data1\" content=\"4 minutes\" \/>\n<script type=\"application\/ld+json\" class=\"yoast-schema-graph\">{\"@context\":\"https:\/\/schema.org\",\"@graph\":[{\"@type\":\"WebPage\",\"@id\":\"https:\/\/www.ywccpackage.com\/product\/blue-clear-reusable-zipper-plastic-bags-for-business-heavy-duty-airtight-resealable-plastic-pouches\/\",\"url\":\"https:\/\/www.ywccpackage.com\/product\/blue-clear-reusable-zipper-plastic-bags-for-business-heavy-duty-airtight-resealable-plastic-pouches\/\",\"name\":\"Plastic Bags for Business - Dual-Side Design for Visibility & Privacy\",\"isPartOf\":{\"@id\":\"https:\/\/www.ywccpackage.com\/#website\"},\"primaryImageOfPage\":{\"@id\":\"https:\/\/www.ywccpackage.com\/product\/blue-clear-reusable-zipper-plastic-bags-for-business-heavy-duty-airtight-resealable-plastic-pouches\/#primaryimage\"},\"image\":{\"@id\":\"https:\/\/www.ywccpackage.com\/product\/blue-clear-reusable-zipper-plastic-bags-for-business-heavy-duty-airtight-resealable-plastic-pouches\/#primaryimage\"},\"thumbnailUrl\":\"https:\/\/www.ywccpackage.com\/wp-content\/uploads\/2025\/07\/Blue-Clear-Reusable-Zipper-Storage-Bags-Heavy-Duty-Airtight-Resealable-Plastic-Pouches-1.webp\",\"datePublished\":\"2025-07-13T10:46:12+00:00\",\"dateModified\":\"2025-08-20T08:19:32+00:00\",\"description\":\"Plastic Bags for Business with transparent\/blue dual sides. Ideal for storage, travel & commerce. Protects light-sensitive items, ensures privacy. Durable, customizable.\",\"breadcrumb\":{\"@id\":\"https:\/\/www.ywccpackage.com\/product\/blue-clear-reusable-zipper-plastic-bags-for-business-heavy-duty-airtight-resealable-plastic-pouches\/#breadcrumb\"},\"inLanguage\":\"fr-FR\",\"potentialAction\":[{\"@type\":\"ReadAction\",\"target\":[\"https:\/\/www.ywccpackage.com\/product\/blue-clear-reusable-zipper-plastic-bags-for-business-heavy-duty-airtight-resealable-plastic-pouches\/\"]}]},{\"@type\":\"ImageObject\",\"inLanguage\":\"fr-FR\",\"@id\":\"https:\/\/www.ywccpackage.com\/product\/blue-clear-reusable-zipper-plastic-bags-for-business-heavy-duty-airtight-resealable-plastic-pouches\/#primaryimage\",\"url\":\"https:\/\/www.ywccpackage.com\/wp-content\/uploads\/2025\/07\/Blue-Clear-Reusable-Zipper-Storage-Bags-Heavy-Duty-Airtight-Resealable-Plastic-Pouches-1.webp\",\"contentUrl\":\"https:\/\/www.ywccpackage.com\/wp-content\/uploads\/2025\/07\/Blue-Clear-Reusable-Zipper-Storage-Bags-Heavy-Duty-Airtight-Resealable-Plastic-Pouches-1.webp\",\"width\":800,\"height\":800,\"caption\":\"Blue & Clear Reusable Zipper Storage Bags - Heavy Duty Airtight Resealable Plastic Pouches\"},{\"@type\":\"BreadcrumbList\",\"@id\":\"https:\/\/www.ywccpackage.com\/product\/blue-clear-reusable-zipper-plastic-bags-for-business-heavy-duty-airtight-resealable-plastic-pouches\/#breadcrumb\",\"itemListElement\":[{\"@type\":\"ListItem\",\"position\":1,\"name\":\"Home\",\"item\":\"https:\/\/www.ywccpackage.com\/\"},{\"@type\":\"ListItem\",\"position\":2,\"name\":\"Products\",\"item\":\"https:\/\/www.ywccpackage.com\/shop\/\"},{\"@type\":\"ListItem\",\"position\":3,\"name\":\"Blue &#038; Clear Reusable Zipper Plastic Bags for Business &#8211; Heavy Duty Airtight Resealable Plastic Pouches\"}]},{\"@type\":\"WebSite\",\"@id\":\"https:\/\/www.ywccpackage.com\/#website\",\"url\":\"https:\/\/www.ywccpackage.com\/\",\"name\":\"YWCC Package\",\"description\":\"YWCC Package\",\"potentialAction\":[{\"@type\":\"SearchAction\",\"target\":{\"@type\":\"EntryPoint\",\"urlTemplate\":\"https:\/\/www.ywccpackage.com\/?s={search_term_string}\"},\"query-input\":\"required name=search_term_string\"}],\"inLanguage\":\"fr-FR\"}]}<\/script>\n<!-- \/ Yoast SEO plugin. -->","yoast_head_json":{"title":"Plastic Bags for Business - Dual-Side Design for Visibility & Privacy","description":"Plastic Bags for Business with transparent\/blue dual sides. Ideal for storage, travel & commerce. Protects light-sensitive items, ensures privacy. Durable, customizable.","robots":{"index":"index","follow":"follow","max-snippet":"max-snippet:-1","max-image-preview":"max-image-preview:large","max-video-preview":"max-video-preview:-1"},"canonical":"https:\/\/www.ywccpackage.com\/fr\/produit\/blue-clear-reusable-zipper-plastic-bags-for-business-heavy-duty-airtight-resealable-plastic-pouches\/","og_locale":"fr_FR","og_type":"article","og_title":"Plastic Bags for Business - Dual-Side Design for Visibility & Privacy","og_description":"Plastic Bags for Business with transparent\/blue dual sides. Ideal for storage, travel & commerce. Protects light-sensitive items, ensures privacy. Durable, customizable.","og_url":"https:\/\/www.ywccpackage.com\/fr\/produit\/blue-clear-reusable-zipper-plastic-bags-for-business-heavy-duty-airtight-resealable-plastic-pouches\/","og_site_name":"YWCC Package","article_modified_time":"2025-08-20T08:19:32+00:00","og_image":[{"width":800,"height":800,"url":"https:\/\/www.ywccpackage.com\/wp-content\/uploads\/2025\/07\/Blue-Clear-Reusable-Zipper-Storage-Bags-Heavy-Duty-Airtight-Resealable-Plastic-Pouches-1.webp","type":"image\/webp"}],"twitter_card":"summary_large_image","twitter_misc":{"Dur\u00e9e de lecture estim\u00e9e":"4 minutes"},"schema":{"@context":"https:\/\/schema.org","@graph":[{"@type":"WebPage","@id":"https:\/\/www.ywccpackage.com\/product\/blue-clear-reusable-zipper-plastic-bags-for-business-heavy-duty-airtight-resealable-plastic-pouches\/","url":"https:\/\/www.ywccpackage.com\/product\/blue-clear-reusable-zipper-plastic-bags-for-business-heavy-duty-airtight-resealable-plastic-pouches\/","name":"Plastic Bags for Business - Dual-Side Design for Visibility & Privacy","isPartOf":{"@id":"https:\/\/www.ywccpackage.com\/#website"},"primaryImageOfPage":{"@id":"https:\/\/www.ywccpackage.com\/product\/blue-clear-reusable-zipper-plastic-bags-for-business-heavy-duty-airtight-resealable-plastic-pouches\/#primaryimage"},"image":{"@id":"https:\/\/www.ywccpackage.com\/product\/blue-clear-reusable-zipper-plastic-bags-for-business-heavy-duty-airtight-resealable-plastic-pouches\/#primaryimage"},"thumbnailUrl":"https:\/\/www.ywccpackage.com\/wp-content\/uploads\/2025\/07\/Blue-Clear-Reusable-Zipper-Storage-Bags-Heavy-Duty-Airtight-Resealable-Plastic-Pouches-1.webp","datePublished":"2025-07-13T10:46:12+00:00","dateModified":"2025-08-20T08:19:32+00:00","description":"Plastic Bags for Business with transparent\/blue dual sides. Ideal for storage, travel & commerce. Protects light-sensitive items, ensures privacy. Durable, customizable.","breadcrumb":{"@id":"https:\/\/www.ywccpackage.com\/product\/blue-clear-reusable-zipper-plastic-bags-for-business-heavy-duty-airtight-resealable-plastic-pouches\/#breadcrumb"},"inLanguage":"fr-FR","potentialAction":[{"@type":"ReadAction","target":["https:\/\/www.ywccpackage.com\/product\/blue-clear-reusable-zipper-plastic-bags-for-business-heavy-duty-airtight-resealable-plastic-pouches\/"]}]},{"@type":"ImageObject","inLanguage":"fr-FR","@id":"https:\/\/www.ywccpackage.com\/product\/blue-clear-reusable-zipper-plastic-bags-for-business-heavy-duty-airtight-resealable-plastic-pouches\/#primaryimage","url":"https:\/\/www.ywccpackage.com\/wp-content\/uploads\/2025\/07\/Blue-Clear-Reusable-Zipper-Storage-Bags-Heavy-Duty-Airtight-Resealable-Plastic-Pouches-1.webp","contentUrl":"https:\/\/www.ywccpackage.com\/wp-content\/uploads\/2025\/07\/Blue-Clear-Reusable-Zipper-Storage-Bags-Heavy-Duty-Airtight-Resealable-Plastic-Pouches-1.webp","width":800,"height":800,"caption":"Blue & Clear Reusable Zipper Storage Bags - Heavy Duty Airtight Resealable Plastic Pouches"},{"@type":"BreadcrumbList","@id":"https:\/\/www.ywccpackage.com\/product\/blue-clear-reusable-zipper-plastic-bags-for-business-heavy-duty-airtight-resealable-plastic-pouches\/#breadcrumb","itemListElement":[{"@type":"ListItem","position":1,"name":"Home","item":"https:\/\/www.ywccpackage.com\/"},{"@type":"ListItem","position":2,"name":"Products","item":"https:\/\/www.ywccpackage.com\/shop\/"},{"@type":"ListItem","position":3,"name":"Blue &#038; Clear Reusable Zipper Plastic Bags for Business &#8211; Heavy Duty Airtight Resealable Plastic Pouches"}]},{"@type":"WebSite","@id":"https:\/\/www.ywccpackage.com\/#website","url":"https:\/\/www.ywccpackage.com\/","name":"YWCC Package","description":"YWCC Package","potentialAction":[{"@type":"SearchAction","target":{"@type":"EntryPoint","urlTemplate":"https:\/\/www.ywccpackage.com\/?s={search_term_string}"},"query-input":"required name=search_term_string"}],"inLanguage":"fr-FR"}]}},"_links":{"self":[{"href":"https:\/\/www.ywccpackage.com\/fr\/wp-json\/wp\/v2\/product\/12693"}],"collection":[{"href":"https:\/\/www.ywccpackage.com\/fr\/wp-json\/wp\/v2\/product"}],"about":[{"href":"https:\/\/www.ywccpackage.com\/fr\/wp-json\/wp\/v2\/types\/product"}],"wp:featuredmedia":[{"embeddable":true,"href":"https:\/\/www.ywccpackage.com\/fr\/wp-json\/wp\/v2\/media\/12695"}],"wp:attachment":[{"href":"https:\/\/www.ywccpackage.com\/fr\/wp-json\/wp\/v2\/media?parent=12693"}],"wp:term":[{"taxonomy":"product_cat","embeddable":true,"href":"https:\/\/www.ywccpackage.com\/fr\/wp-json\/wp\/v2\/product_cat?post=12693"},{"taxonomy":"product_tag","embeddable":true,"href":"https:\/\/www.ywccpackage.com\/fr\/wp-json\/wp\/v2\/product_tag?post=12693"}],"curies":[{"name":"wp","href":"https:\/\/api.w.org\/{rel}","templated":true}]}}