{"id":12765,"date":"2025-08-01T03:49:43","date_gmt":"2025-08-01T03:49:43","guid":{"rendered":"https:\/\/www.ywccpackage.com\/?post_type=product&#038;p=12765"},"modified":"2025-11-03T08:40:34","modified_gmt":"2025-11-03T08:40:34","slug":"eco-friendly-green-custom-printed-large-mailing-bags-handle-single-color-logo-bulk-shipping","status":"publish","type":"product","link":"https:\/\/www.ywccpackage.com\/fr\/produit\/eco-friendly-green-custom-printed-large-mailing-bags-handle-single-color-logo-bulk-shipping\/","title":{"rendered":"Sacs d'exp\u00e9dition \u00e9cologiques verts, imprim\u00e9s sur mesure, avec poign\u00e9e, logo unicolore, exp\u00e9dition en vrac"},"content":{"rendered":"<h2>Description des grands sacs postaux<\/h2>\n<ol class=\"auto-hide-last-sibling-br\">\n<li>Simple et efficace, avec un co\u00fbt optimal de <a href=\"https:\/\/www.ywccpackage.com\/fr\/produit\/eco-friendly-green-custom-printed-large-mailing-bags-handle-single-color-logo-bulk-shipping\/\"><strong>Grands sacs postaux<\/strong><\/a>:<br class=\"container-utlnW2 wrapper-d0Cc1k undefined\" \/>Le processus d'impression unicolore est simple, les co\u00fbts de fabrication des plaques sont faibles, la vitesse d'impression est rapide et les co\u00fbts de production sont tr\u00e8s comp\u00e9titifs pour les grandes quantit\u00e9s.<\/li>\n<li>Vert accrocheur, identification de base de la marque :<br class=\"container-utlnW2 wrapper-d0Cc1k undefined\" \/>Le vert attire l'attention par lui-m\u00eame et est facile \u00e0 identifier parmi de nombreux emballages. L'impression en une seule couleur permet d'afficher clairement des informations essentielles telles que le logo de l'entreprise, son nom et l'adresse de son site web, sans qu'il soit n\u00e9cessaire d'engager des frais de conception complexes.<\/li>\n<li>Robuste et durable, avec une protection fiable<br class=\"container-utlnW2 wrapper-d0Cc1k undefined\" \/>Mat\u00e9riau \u00e9paissi : Indiquez clairement l'\u00e9paisseur du mat\u00e9riau (PE \u22650,06 mm, par exemple) et le poids par unit\u00e9 de surface, en mettant l'accent sur la r\u00e9sistance \u00e0 la d\u00e9chirure et \u00e0 la perforation.<br class=\"container-utlnW2 wrapper-d0Cc1k undefined\" \/>Fermeture solide : Bandes autocollantes de haute qualit\u00e9 \u00e0 forte adh\u00e9rence, ne s'ouvrant pas facilement et pouvant \u00eatre recoll\u00e9es.<br class=\"container-utlnW2 wrapper-d0Cc1k undefined\" \/>Poign\u00e9e r\u00e9sistante : Poign\u00e9e \u00e0 trou \u00e9pais ou \u00e0 sangle renforc\u00e9e, avec une forte capacit\u00e9 de charge, pratique \u00e0 manipuler et ne se cassant pas facilement.<\/li>\n<li>L\u00e9ger et facile \u00e0 utiliser, il permet d'am\u00e9liorer l'efficacit\u00e9 gr\u00e2ce \u00e0 notre syst\u00e8me de contr\u00f4le de la qualit\u00e9. <a href=\"https:\/\/www.ywccpackage.com\/fr\/category\/mailer\/\"><strong>sacs d'emballage postal<\/strong><\/a>!<br class=\"container-utlnW2 wrapper-d0Cc1k undefined\" \/>Bande autocollante : Elle peut \u00eatre d\u00e9chir\u00e9e et scell\u00e9e imm\u00e9diatement, avec une op\u00e9ration extr\u00eamement simple et rapide, \u00e9liminant le besoin de ruban adh\u00e9sif suppl\u00e9mentaire.<br class=\"container-utlnW2 wrapper-d0Cc1k undefined\" \/>Conception de la poign\u00e9e : Facilite la manutention, l'empilage et le transport, am\u00e9liorant ainsi l'efficacit\u00e9 des processus d'entreposage et de logistique.<br class=\"container-utlnW2 wrapper-d0Cc1k undefined\" \/>L\u00e9ger : Tout en garantissant sa solidit\u00e9, il est aussi l\u00e9ger que possible pour r\u00e9duire les frais d'exp\u00e9dition (en particulier pour les clients sensibles au fret a\u00e9rien).<\/li>\n<li>Un choix respectueux de l'environnement<br class=\"container-utlnW2 wrapper-d0Cc1k undefined\" \/>Sc\u00e9narios applicables :<br class=\"container-utlnW2 wrapper-d0Cc1k undefined\" \/>Mat\u00e9riaux recyclables : Les principaux mat\u00e9riaux (tels que le PE) peuvent \u00eatre recycl\u00e9s.<br class=\"container-utlnW2 wrapper-d0Cc1k undefined\" \/>Contient des mat\u00e9riaux recycl\u00e9s : Le produit contient une certaine proportion de plastiques recycl\u00e9s, ce qui r\u00e9duit la consommation de ressources.<br class=\"container-utlnW2 wrapper-d0Cc1k undefined\" \/>L'impression monochrome est respectueuse de l'environnement : Par rapport \u00e0 l'impression polychrome, elle utilise moins d'encre et est moins polluante.<\/li>\n<li>Applications polyvalentes, largement applicables :<br class=\"container-utlnW2 wrapper-d0Cc1k undefined\" \/>Il convient \u00e0 divers sc\u00e9narios, tels que l'exp\u00e9dition de marchandises par voie \u00e9lectronique, l'envoi de documents, la livraison d'\u00e9chantillons, le transfert interne d'entrep\u00f4ts et le stockage de petits articles.<\/li>\n<\/ol>\n<p><strong>Nous acceptons divers services personnalis\u00e9s de la part de nos clients.<\/strong><br class=\"container-utlnW2 wrapper-d0Cc1k undefined\" \/><strong>Si vous avez des conceptions ou des id\u00e9es, n'h\u00e9sitez pas \u00e0 nous contacter.<\/strong><\/p>\n<h2>Usine<\/h2>\n<p>L'usine d\u00e9signe les sp\u00e9cifications, les dimensions et l'\u00e9paisseur, avec un stock suffisant (non imprim\u00e9) pour une exp\u00e9dition rapide.<\/p>\n<p>4 usines annexes<br \/>\nCapacit\u00e9 de production journali\u00e8re de 200 tonnes<br \/>\nCapacit\u00e9 de production journali\u00e8re de 6 millions de sacs<br \/>\nB\u00e2timents industriels d'une superficie de 34 000 m\u00e8tres carr\u00e9s<br \/>\nConforme aux certifications internationales, telles que ISO 9001, SGS, BSCI, FSC, REACH, etc.<\/p>\n<p><img loading=\"lazy\" decoding=\"async\" class=\"size-full wp-image-12579 aligncenter\" data-src=\"https:\/\/www.ywccpackage.com\/wp-content\/uploads\/2025\/06\/factory.webp\" alt=\"Usine\" width=\"750\" height=\"2000\" srcset=\"https:\/\/www.ywccpackage.com\/wp-content\/uploads\/2025\/06\/factory.webp 750w, https:\/\/www.ywccpackage.com\/wp-content\/uploads\/2025\/06\/factory-480x1280.webp 480w\" sizes=\"(min-width: 0px) and (max-width: 480px) 480px, (min-width: 481px) 750px, 100vw\" \/> <img loading=\"lazy\" decoding=\"async\" class=\"aligncenter wp-image-12580\" data-src=\"https:\/\/www.ywccpackage.com\/wp-content\/uploads\/2025\/06\/Factory-1.webp\" alt=\"Usine\" width=\"750\" height=\"656\" \/> <img loading=\"lazy\" decoding=\"async\" class=\"size-full wp-image-13110 aligncenter\" data-src=\"https:\/\/www.ywccpackage.com\/wp-content\/uploads\/2025\/07\/photobank.webp\" alt=\"Sacs d&#039;exp\u00e9dition de v\u00eatements \u00e9tanches\" width=\"800\" height=\"800\" srcset=\"https:\/\/www.ywccpackage.com\/wp-content\/uploads\/2025\/07\/photobank.webp 800w, https:\/\/www.ywccpackage.com\/wp-content\/uploads\/2025\/07\/photobank-480x480.webp 480w\" sizes=\"(min-width: 0px) and (max-width: 480px) 480px, (min-width: 481px) 800px, 100vw\" \/><\/p>\n<h2>Grands sacs postaux \/ Certifications : Afficher les logos\/certificats<\/h2>\n<p><img loading=\"lazy\" decoding=\"async\" class=\"aligncenter wp-image-12581\" data-src=\"https:\/\/www.ywccpackage.com\/wp-content\/uploads\/2025\/06\/Certificate.webp\" alt=\"Certificat\" width=\"750\" height=\"1113\" srcset=\"https:\/\/www.ywccpackage.com\/wp-content\/uploads\/2025\/06\/Certificate.webp 750w, https:\/\/www.ywccpackage.com\/wp-content\/uploads\/2025\/06\/Certificate-480x713.webp 480w\" sizes=\"(min-width: 0px) and (max-width: 480px) 480px, (min-width: 481px) 750px, 100vw\" \/><\/p>\n<h2>A propos de nous<\/h2>\n<p>Prime <strong><a href=\"http:\/\/www.ywccpackage.com\/fr\/\">sacs d'exp\u00e9dition personnalis\u00e9s en poly\u00e9thyl\u00e8ne<\/a>\u00a0<\/strong>&amp; des solutions d'exp\u00e9dition durables. En tant que partenaire de confiance en mati\u00e8re d'emballage, nous fournissons des solutions d'emballage durables.\u00a0<strong>sac postal<\/strong>\u00a0y compris des options s\u00e9curis\u00e9es\u00a0<strong>sac express<\/strong>,\u00a0<strong>sacs d'affranchissement<\/strong>et de protection <strong>Grands sacs postaux<\/strong>. Am\u00e9liorez l'unboxing avec\u00a0<a href=\"https:\/\/www.ywccpackage.com\/fr\/about-us\/\"><strong>sacs postaux de marque<\/strong><\/a>\u00a0avec des logos. Choisissez l'\u00e9co-responsabilit\u00e9\u00a0<strong>sacs d'exp\u00e9dition biod\u00e9gradables<\/strong>\u00a0et\u00a0<strong>sacs postaux compostables<\/strong>\u00a0pour r\u00e9duire les d\u00e9chets. Nos produits polyvalents\u00a0<strong>emballage des enveloppes<\/strong>\u00a0prot\u00e8ge les marchandises tout en renfor\u00e7ant la visibilit\u00e9 de la marque. Une protection de qualit\u00e9 professionnelle pour le commerce \u00e9lectronique, la vente au d\u00e9tail et le publipostage. <a href=\"https:\/\/www.ywccpackage.com\/fr\/contact-us\/\"><strong>Demande d'\u00e9chantillons<\/strong><\/a> de nos mailers personnalis\u00e9s et \u00e9cologiques d\u00e8s aujourd'hui !<\/p>","protected":false},"excerpt":{"rendered":"<p>Le co\u00fbt \u00e9lev\u00e9 des sacs d'emballage imprim\u00e9s en couleur vous inqui\u00e8te toujours ? Vous avez besoin d'une solution de transport qui permette d'afficher clairement les informations de base de la marque, qui soit rentable, fiable et pratique ? Nos sacs d'exp\u00e9dition express verts imprim\u00e9s en une seule couleur sont le choix le plus rentable et le plus performant, fait sur mesure pour vous !<\/p>","protected":false},"featured_media":12767,"template":"","meta":{"_et_pb_use_builder":"","_et_pb_old_content":"","_et_gb_content_width":""},"product_cat":[191],"product_tag":[204,205,206,207,203],"yoast_head":"<!-- This site is optimized with the Yoast SEO plugin v22.7 - https:\/\/yoast.com\/wordpress\/plugins\/seo\/ -->\n<title>Large Mailing Bags Supplier - Durable &amp; Cost-Effective<\/title>\n<meta name=\"description\" content=\"Green large mailing bags with single-color printing. Sturdy, self-adhesive, recyclable. Ideal for e-commerce, shipping &amp; storage. Customizable, cost-efficient.\" \/>\n<meta name=\"robots\" content=\"index, follow, max-snippet:-1, max-image-preview:large, max-video-preview:-1\" \/>\n<link rel=\"canonical\" href=\"https:\/\/www.ywccpackage.com\/fr\/produit\/eco-friendly-green-custom-printed-large-mailing-bags-handle-single-color-logo-bulk-shipping\/\" \/>\n<meta property=\"og:locale\" content=\"fr_FR\" \/>\n<meta property=\"og:type\" content=\"article\" \/>\n<meta property=\"og:title\" content=\"Large Mailing Bags Supplier - Durable &amp; Cost-Effective\" \/>\n<meta property=\"og:description\" content=\"Green large mailing bags with single-color printing. Sturdy, self-adhesive, recyclable. Ideal for e-commerce, shipping &amp; storage. Customizable, cost-efficient.\" \/>\n<meta property=\"og:url\" content=\"https:\/\/www.ywccpackage.com\/fr\/produit\/eco-friendly-green-custom-printed-large-mailing-bags-handle-single-color-logo-bulk-shipping\/\" \/>\n<meta property=\"og:site_name\" content=\"YWCC Package\" \/>\n<meta property=\"article:modified_time\" content=\"2025-11-03T08:40:34+00:00\" \/>\n<meta property=\"og:image\" content=\"https:\/\/www.ywccpackage.com\/wp-content\/uploads\/2025\/08\/Eco-Friendly-Green-Custom-Printed-Large-Mailing-Bags-Handle-Single-Color-Logo-Bulk-Shipping1.webp\" \/>\n\t<meta property=\"og:image:width\" content=\"1100\" \/>\n\t<meta property=\"og:image:height\" content=\"1100\" \/>\n\t<meta property=\"og:image:type\" content=\"image\/webp\" \/>\n<meta name=\"twitter:card\" content=\"summary_large_image\" \/>\n<meta name=\"twitter:label1\" content=\"Dur\u00e9e de lecture estim\u00e9e\" \/>\n\t<meta name=\"twitter:data1\" content=\"3 minutes\" \/>\n<script type=\"application\/ld+json\" class=\"yoast-schema-graph\">{\"@context\":\"https:\/\/schema.org\",\"@graph\":[{\"@type\":\"WebPage\",\"@id\":\"https:\/\/www.ywccpackage.com\/product\/eco-friendly-green-custom-printed-large-mailing-bags-handle-single-color-logo-bulk-shipping\/\",\"url\":\"https:\/\/www.ywccpackage.com\/product\/eco-friendly-green-custom-printed-large-mailing-bags-handle-single-color-logo-bulk-shipping\/\",\"name\":\"Large Mailing Bags Supplier - Durable & Cost-Effective\",\"isPartOf\":{\"@id\":\"https:\/\/www.ywccpackage.com\/#website\"},\"primaryImageOfPage\":{\"@id\":\"https:\/\/www.ywccpackage.com\/product\/eco-friendly-green-custom-printed-large-mailing-bags-handle-single-color-logo-bulk-shipping\/#primaryimage\"},\"image\":{\"@id\":\"https:\/\/www.ywccpackage.com\/product\/eco-friendly-green-custom-printed-large-mailing-bags-handle-single-color-logo-bulk-shipping\/#primaryimage\"},\"thumbnailUrl\":\"https:\/\/www.ywccpackage.com\/wp-content\/uploads\/2025\/08\/Eco-Friendly-Green-Custom-Printed-Large-Mailing-Bags-Handle-Single-Color-Logo-Bulk-Shipping.webp\",\"datePublished\":\"2025-08-01T03:49:43+00:00\",\"dateModified\":\"2025-11-03T08:40:34+00:00\",\"description\":\"Green large mailing bags with single-color printing. Sturdy, self-adhesive, recyclable. Ideal for e-commerce, shipping & storage. Customizable, cost-efficient.\",\"breadcrumb\":{\"@id\":\"https:\/\/www.ywccpackage.com\/product\/eco-friendly-green-custom-printed-large-mailing-bags-handle-single-color-logo-bulk-shipping\/#breadcrumb\"},\"inLanguage\":\"fr-FR\",\"potentialAction\":[{\"@type\":\"ReadAction\",\"target\":[\"https:\/\/www.ywccpackage.com\/product\/eco-friendly-green-custom-printed-large-mailing-bags-handle-single-color-logo-bulk-shipping\/\"]}]},{\"@type\":\"ImageObject\",\"inLanguage\":\"fr-FR\",\"@id\":\"https:\/\/www.ywccpackage.com\/product\/eco-friendly-green-custom-printed-large-mailing-bags-handle-single-color-logo-bulk-shipping\/#primaryimage\",\"url\":\"https:\/\/www.ywccpackage.com\/wp-content\/uploads\/2025\/08\/Eco-Friendly-Green-Custom-Printed-Large-Mailing-Bags-Handle-Single-Color-Logo-Bulk-Shipping.webp\",\"contentUrl\":\"https:\/\/www.ywccpackage.com\/wp-content\/uploads\/2025\/08\/Eco-Friendly-Green-Custom-Printed-Large-Mailing-Bags-Handle-Single-Color-Logo-Bulk-Shipping.webp\",\"width\":1100,\"height\":1100,\"caption\":\"Large Mailing Bags\"},{\"@type\":\"BreadcrumbList\",\"@id\":\"https:\/\/www.ywccpackage.com\/product\/eco-friendly-green-custom-printed-large-mailing-bags-handle-single-color-logo-bulk-shipping\/#breadcrumb\",\"itemListElement\":[{\"@type\":\"ListItem\",\"position\":1,\"name\":\"Home\",\"item\":\"https:\/\/www.ywccpackage.com\/\"},{\"@type\":\"ListItem\",\"position\":2,\"name\":\"Products\",\"item\":\"https:\/\/www.ywccpackage.com\/shop\/\"},{\"@type\":\"ListItem\",\"position\":3,\"name\":\"Eco-Friendly Green Custom Printed Large Mailing Bags Handle | Single Color Logo | Bulk Shipping\"}]},{\"@type\":\"WebSite\",\"@id\":\"https:\/\/www.ywccpackage.com\/#website\",\"url\":\"https:\/\/www.ywccpackage.com\/\",\"name\":\"YWCC Package\",\"description\":\"YWCC Package\",\"potentialAction\":[{\"@type\":\"SearchAction\",\"target\":{\"@type\":\"EntryPoint\",\"urlTemplate\":\"https:\/\/www.ywccpackage.com\/?s={search_term_string}\"},\"query-input\":\"required name=search_term_string\"}],\"inLanguage\":\"fr-FR\"}]}<\/script>\n<!-- \/ Yoast SEO plugin. -->","yoast_head_json":{"title":"Large Mailing Bags Supplier - Durable & Cost-Effective","description":"Green large mailing bags with single-color printing. Sturdy, self-adhesive, recyclable. Ideal for e-commerce, shipping & storage. Customizable, cost-efficient.","robots":{"index":"index","follow":"follow","max-snippet":"max-snippet:-1","max-image-preview":"max-image-preview:large","max-video-preview":"max-video-preview:-1"},"canonical":"https:\/\/www.ywccpackage.com\/fr\/produit\/eco-friendly-green-custom-printed-large-mailing-bags-handle-single-color-logo-bulk-shipping\/","og_locale":"fr_FR","og_type":"article","og_title":"Large Mailing Bags Supplier - Durable & Cost-Effective","og_description":"Green large mailing bags with single-color printing. Sturdy, self-adhesive, recyclable. Ideal for e-commerce, shipping & storage. Customizable, cost-efficient.","og_url":"https:\/\/www.ywccpackage.com\/fr\/produit\/eco-friendly-green-custom-printed-large-mailing-bags-handle-single-color-logo-bulk-shipping\/","og_site_name":"YWCC Package","article_modified_time":"2025-11-03T08:40:34+00:00","og_image":[{"width":1100,"height":1100,"url":"https:\/\/www.ywccpackage.com\/wp-content\/uploads\/2025\/08\/Eco-Friendly-Green-Custom-Printed-Large-Mailing-Bags-Handle-Single-Color-Logo-Bulk-Shipping1.webp","type":"image\/webp"}],"twitter_card":"summary_large_image","twitter_misc":{"Dur\u00e9e de lecture estim\u00e9e":"3 minutes"},"schema":{"@context":"https:\/\/schema.org","@graph":[{"@type":"WebPage","@id":"https:\/\/www.ywccpackage.com\/product\/eco-friendly-green-custom-printed-large-mailing-bags-handle-single-color-logo-bulk-shipping\/","url":"https:\/\/www.ywccpackage.com\/product\/eco-friendly-green-custom-printed-large-mailing-bags-handle-single-color-logo-bulk-shipping\/","name":"Large Mailing Bags Supplier - Durable & Cost-Effective","isPartOf":{"@id":"https:\/\/www.ywccpackage.com\/#website"},"primaryImageOfPage":{"@id":"https:\/\/www.ywccpackage.com\/product\/eco-friendly-green-custom-printed-large-mailing-bags-handle-single-color-logo-bulk-shipping\/#primaryimage"},"image":{"@id":"https:\/\/www.ywccpackage.com\/product\/eco-friendly-green-custom-printed-large-mailing-bags-handle-single-color-logo-bulk-shipping\/#primaryimage"},"thumbnailUrl":"https:\/\/www.ywccpackage.com\/wp-content\/uploads\/2025\/08\/Eco-Friendly-Green-Custom-Printed-Large-Mailing-Bags-Handle-Single-Color-Logo-Bulk-Shipping.webp","datePublished":"2025-08-01T03:49:43+00:00","dateModified":"2025-11-03T08:40:34+00:00","description":"Green large mailing bags with single-color printing. Sturdy, self-adhesive, recyclable. Ideal for e-commerce, shipping & storage. Customizable, cost-efficient.","breadcrumb":{"@id":"https:\/\/www.ywccpackage.com\/product\/eco-friendly-green-custom-printed-large-mailing-bags-handle-single-color-logo-bulk-shipping\/#breadcrumb"},"inLanguage":"fr-FR","potentialAction":[{"@type":"ReadAction","target":["https:\/\/www.ywccpackage.com\/product\/eco-friendly-green-custom-printed-large-mailing-bags-handle-single-color-logo-bulk-shipping\/"]}]},{"@type":"ImageObject","inLanguage":"fr-FR","@id":"https:\/\/www.ywccpackage.com\/product\/eco-friendly-green-custom-printed-large-mailing-bags-handle-single-color-logo-bulk-shipping\/#primaryimage","url":"https:\/\/www.ywccpackage.com\/wp-content\/uploads\/2025\/08\/Eco-Friendly-Green-Custom-Printed-Large-Mailing-Bags-Handle-Single-Color-Logo-Bulk-Shipping.webp","contentUrl":"https:\/\/www.ywccpackage.com\/wp-content\/uploads\/2025\/08\/Eco-Friendly-Green-Custom-Printed-Large-Mailing-Bags-Handle-Single-Color-Logo-Bulk-Shipping.webp","width":1100,"height":1100,"caption":"Large Mailing Bags"},{"@type":"BreadcrumbList","@id":"https:\/\/www.ywccpackage.com\/product\/eco-friendly-green-custom-printed-large-mailing-bags-handle-single-color-logo-bulk-shipping\/#breadcrumb","itemListElement":[{"@type":"ListItem","position":1,"name":"Home","item":"https:\/\/www.ywccpackage.com\/"},{"@type":"ListItem","position":2,"name":"Products","item":"https:\/\/www.ywccpackage.com\/shop\/"},{"@type":"ListItem","position":3,"name":"Eco-Friendly Green Custom Printed Large Mailing Bags Handle | Single Color Logo | Bulk Shipping"}]},{"@type":"WebSite","@id":"https:\/\/www.ywccpackage.com\/#website","url":"https:\/\/www.ywccpackage.com\/","name":"YWCC Package","description":"YWCC Package","potentialAction":[{"@type":"SearchAction","target":{"@type":"EntryPoint","urlTemplate":"https:\/\/www.ywccpackage.com\/?s={search_term_string}"},"query-input":"required name=search_term_string"}],"inLanguage":"fr-FR"}]}},"_links":{"self":[{"href":"https:\/\/www.ywccpackage.com\/fr\/wp-json\/wp\/v2\/product\/12765"}],"collection":[{"href":"https:\/\/www.ywccpackage.com\/fr\/wp-json\/wp\/v2\/product"}],"about":[{"href":"https:\/\/www.ywccpackage.com\/fr\/wp-json\/wp\/v2\/types\/product"}],"wp:featuredmedia":[{"embeddable":true,"href":"https:\/\/www.ywccpackage.com\/fr\/wp-json\/wp\/v2\/media\/12767"}],"wp:attachment":[{"href":"https:\/\/www.ywccpackage.com\/fr\/wp-json\/wp\/v2\/media?parent=12765"}],"wp:term":[{"taxonomy":"product_cat","embeddable":true,"href":"https:\/\/www.ywccpackage.com\/fr\/wp-json\/wp\/v2\/product_cat?post=12765"},{"taxonomy":"product_tag","embeddable":true,"href":"https:\/\/www.ywccpackage.com\/fr\/wp-json\/wp\/v2\/product_tag?post=12765"}],"curies":[{"name":"wp","href":"https:\/\/api.w.org\/{rel}","templated":true}]}}