{"id":12777,"date":"2025-08-01T06:25:09","date_gmt":"2025-08-01T06:25:09","guid":{"rendered":"https:\/\/www.ywccpackage.com\/?post_type=product&#038;p=12777"},"modified":"2025-11-03T08:39:58","modified_gmt":"2025-11-03T08:39:58","slug":"custom-single-color-printed-frosted-pe-self-seal-bags-wholesale-bulk-protective-packaging-resealable-bags-for-packaging","status":"publish","type":"product","link":"https:\/\/www.ywccpackage.com\/fr\/produit\/custom-single-color-printed-frosted-pe-self-seal-bags-wholesale-bulk-protective-packaging-resealable-bags-for-packaging\/","title":{"rendered":"Sacs autocollants en PE givr\u00e9 imprim\u00e9s d'une seule couleur, en gros, pour l'emballage de protection Sacs refermables pour l'emballage"},"content":{"rendered":"<h2>Resealable Bags for Packaging Description<\/h2>\n<ol class=\"auto-hide-last-sibling-br\">\n<li>Basic protection requirements of our <a href=\"https:\/\/www.ywccpackage.com\/fr\/produit\/custom-single-color-printed-frosted-pe-self-seal-bags-wholesale-bulk-protective-packaging-resealable-bags-for-packaging\/\"><strong>Resealable Bags for Packaging<\/strong><\/a><br class=\"container-utlnW2 wrapper-d0Cc1k undefined\" \/>The PE material provides basic physical protection against dust, moisture, and minor scratches.<\/li>\n<li>Privacy protection requirements:<br class=\"container-utlnW2 wrapper-d0Cc1k undefined\" \/>The frosted treatment creates a hazy effect, effectively obscuring the details of the contents and protecting privacy.<\/li>\n<li>Brand identification and information transmission requirements:<br class=\"container-utlnW2 wrapper-d0Cc1k undefined\" \/>Single &#8211; color printing can clearly print key elements such as the logo, brand name, product information, instructions for use, barcodes, QR codes, and warning messages.<\/li>\n<li>Convenient packaging requirements:<br class=\"container-utlnW2 wrapper-d0Cc1k undefined\" \/>The self &#8211; adhesive seal (self &#8211; adhesive strip) design is easy to open and close, reusable, and has good sealing performance.<\/li>\n<li>Cost &#8211; effectiveness and practicality requirements:<br class=\"container-utlnW2 wrapper-d0Cc1k undefined\" \/>The cost of the PE material is relatively low. The combination of frosting and single &#8211; color printing, while meeting the privacy and identification requirements, is more cost &#8211; effective than full &#8211; color printing or more complex materials. The self &#8211; sealing design enhances practicality.<\/li>\n<li>Flexible customization:<br class=\"container-utlnW2 wrapper-d0Cc1k undefined\" \/>Single &#8211; color printing allows for customized content (logos, text, icons, barcodes, etc.), meeting the information transmission needs of different brands and products.<\/li>\n<li>Lightweight and durable:<br class=\"container-utlnW2 wrapper-d0Cc1k undefined\" \/>The PE material is lightweight and has a certain degree of toughness, not easily broken, ensuring transportation safety.<\/li>\n<\/ol>\n<p><strong>Applicable scenarios<\/strong>: clothing, accessories, cosmetic samples, electronic product accessories, stationery, handicrafts, small food packaging (food &#8211; grade needs to be confirmed), documents, sensitive items, etc.<\/p>\n<p>Matte PE self &#8211; adhesive bags, matte PE self &#8211; sealing bags, single &#8211; color printed self &#8211; sealing bags, printed matte self &#8211; adhesive bags, PE matte packaging bags, customized matte self &#8211; sealing bags<br class=\"container-utlnW2 wrapper-d0Cc1k undefined\" \/>Privacy packaging bags, opaque self &#8211; sealing bags, dust &#8211; proof packaging bags, moisture &#8211; proof packaging bags, brand packaging bags, Logo &#8211; printed bags, barcode packaging bags, QR &#8211; code packaging bags<br class=\"container-utlnW2 wrapper-d0Cc1k undefined\" \/>Matte &#8211; effect Logo self &#8211; sealing bags<br class=\"container-utlnW2 wrapper-d0Cc1k undefined\" \/>Single &#8211; color printed privacy &#8211; protection bags<br class=\"container-utlnW2 wrapper-d0Cc1k undefined\" \/>Custom &#8211; sized matte PE self &#8211; adhesive bags<br class=\"container-utlnW2 wrapper-d0Cc1k undefined\" \/>Small &#8211; batch printed matte self &#8211; sealing bags<br class=\"container-utlnW2 wrapper-d0Cc1k undefined\" \/>Matte packaging bags for clothing accessories<br class=\"container-utlnW2 wrapper-d0Cc1k undefined\" \/>Moisture &#8211; proof matte bags for electronic products<br class=\"container-utlnW2 wrapper-d0Cc1k undefined\" \/>Privacy packaging bags for cosmetics<br class=\"container-utlnW2 wrapper-d0Cc1k undefined\" \/>Reusable matte self &#8211; sealing bags<br class=\"container-utlnW2 wrapper-d0Cc1k undefined\" \/>Economical brand packaging solutions<br class=\"container-utlnW2 wrapper-d0Cc1k undefined\" \/>Matte PE bags with self &#8211; sealing strips<br class=\"container-utlnW2 wrapper-d0Cc1k undefined\" \/>Economical packaging bags, practical packaging bags, convenient self &#8211; sealing bags, resealable bags, customized packaging bags, double &#8211; protection packaging, <a href=\"https:\/\/www.ywccpackage.com\/fr\/category\/mailer\/\"><strong>sacs d'emballage postal<\/strong><\/a><\/p>\n<p><strong>Accepter des services diversifi\u00e9s et personnalis\u00e9s de la part des clients.<\/strong><br class=\"container-utlnW2 wrapper-d0Cc1k undefined\" \/><strong>Si vous avez des projets ou des id\u00e9es, n'h\u00e9sitez pas \u00e0 nous contacter. <a href=\"https:\/\/www.ywccpackage.com\/fr\/contact-us\/\">nous contacter<\/a>.<\/strong><\/p>\n<h2>Usine<\/h2>\n<p>Les <a href=\"https:\/\/www.ywccpackage.com\/fr\/about-us\/\"><strong>usine de sacs d'emballage<\/strong><\/a> d\u00e9signe les sp\u00e9cifications, les dimensions et l'\u00e9paisseur, avec un stock suffisant (non imprim\u00e9) pour une exp\u00e9dition rapide.<\/p>\n<p>4 usines annexes<br \/>\nCapacit\u00e9 de production journali\u00e8re de 200 tonnes<br \/>\nCapacit\u00e9 de production journali\u00e8re de 6 millions de sacs<br \/>\nB\u00e2timents industriels d'une superficie de 34 000 m\u00e8tres carr\u00e9s<br \/>\nConforme aux certifications internationales, telles que ISO 9001, SGS, BSCI, FSC, REACH, etc.<\/p>\n<p><img loading=\"lazy\" decoding=\"async\" class=\"size-full wp-image-12579 aligncenter\" data-src=\"https:\/\/www.ywccpackage.com\/wp-content\/uploads\/2025\/06\/factory.webp\" alt=\"Usine\" width=\"750\" height=\"2000\" srcset=\"https:\/\/www.ywccpackage.com\/wp-content\/uploads\/2025\/06\/factory.webp 750w, https:\/\/www.ywccpackage.com\/wp-content\/uploads\/2025\/06\/factory-480x1280.webp 480w\" sizes=\"(min-width: 0px) and (max-width: 480px) 480px, (min-width: 481px) 750px, 100vw\" \/> <img loading=\"lazy\" decoding=\"async\" class=\"aligncenter wp-image-12580\" data-src=\"https:\/\/www.ywccpackage.com\/wp-content\/uploads\/2025\/06\/Factory-1.webp\" alt=\"Usine\" width=\"750\" height=\"656\" \/> <img loading=\"lazy\" decoding=\"async\" class=\"size-full wp-image-13110 aligncenter\" data-src=\"https:\/\/www.ywccpackage.com\/wp-content\/uploads\/2025\/07\/photobank.webp\" alt=\"Sacs d&#039;exp\u00e9dition de v\u00eatements \u00e9tanches\" width=\"800\" height=\"800\" srcset=\"https:\/\/www.ywccpackage.com\/wp-content\/uploads\/2025\/07\/photobank.webp 800w, https:\/\/www.ywccpackage.com\/wp-content\/uploads\/2025\/07\/photobank-480x480.webp 480w\" sizes=\"(min-width: 0px) and (max-width: 480px) 480px, (min-width: 481px) 800px, 100vw\" \/><\/p>\n<h2>Certifications: Display logos\/certificates Resealable Bags for Packaging<\/h2>\n<p><img loading=\"lazy\" decoding=\"async\" class=\"aligncenter wp-image-12581\" data-src=\"https:\/\/www.ywccpackage.com\/wp-content\/uploads\/2025\/06\/Certificate.webp\" alt=\"Certificat\" width=\"750\" height=\"1113\" srcset=\"https:\/\/www.ywccpackage.com\/wp-content\/uploads\/2025\/06\/Certificate.webp 750w, https:\/\/www.ywccpackage.com\/wp-content\/uploads\/2025\/06\/Certificate-480x713.webp 480w\" sizes=\"(min-width: 0px) and (max-width: 480px) 480px, (min-width: 481px) 750px, 100vw\" \/><\/p>\n<h2>A propos de nous<\/h2>\n<p>Cr\u00e9ez des emballages de marque qui se d\u00e9marquent ! Nous fournissons des\u00a0<a href=\"http:\/\/www.ywccpackage.com\/fr\/\"><strong>sacs en plastique personnalis\u00e9s avec logo<\/strong><\/a>\u00a0- y compris durable\u00a0<a href=\"https:\/\/www.ywccpackage.com\/fr\/category\/zipper-bag\/\"><strong>sac avec fermeture \u00e9clair<\/strong><\/a> options. Choisissez la polyvalence <strong>sac \u00e0 fermeture \u00e9clair transparent<\/strong>,\u00a0<strong>sac plastique \u00e0 fermeture \u00e9clair<\/strong>et\u00a0<strong>sac \u00e0 fermeture \u00e9clair en pvc<\/strong> solutions. Nos services <strong>Resealable Bags for Packaging<\/strong>\u00a0mettent en valeur le contenu tout en prot\u00e9geant les produits. Id\u00e9al pour la vente au d\u00e9tail, les cadeaux et les promotions. Imperm\u00e9ables, r\u00e9utilisables et pr\u00eates pour la vente au d\u00e9tail. Am\u00e9liorez la visibilit\u00e9 de votre marque avec des pochettes zipp\u00e9es personnalis\u00e9es et professionnelles. <a href=\"https:\/\/www.ywccpackage.com\/fr\/contact-us\/\"><strong>Commandez des \u00e9chantillons d\u00e8s aujourd'hui<\/strong><\/a>!<\/p>","protected":false},"excerpt":{"rendered":"<p>Resealable PE bags offer dust\/moisture protection, frosted privacy, single-color printing for branding. Self-adhesive, reusable, cost-effective. Customizable, lightweight, durable. For clothing, cosmetics, electronics, etc. Contact for designs.<\/p>","protected":false},"featured_media":12779,"template":"","meta":{"_et_pb_use_builder":"","_et_pb_old_content":"","_et_gb_content_width":""},"product_cat":[191],"product_tag":[207,203,204,205,206],"yoast_head":"<!-- This site is optimized with the Yoast SEO plugin v22.7 - https:\/\/yoast.com\/wordpress\/plugins\/seo\/ -->\n<title>Resealable Bags for Packaging Supplier - Custom &amp; Cost-Effective<\/title>\n<meta name=\"description\" content=\"Resealable Bags for Packaging with frosted privacy, single-color printing. Self-adhesive, reusable, dust\/moisture-proof. Ideal for clothing, cosmetics &amp; electronics. Affordable customization.\" \/>\n<meta name=\"robots\" content=\"index, follow, max-snippet:-1, max-image-preview:large, max-video-preview:-1\" \/>\n<link rel=\"canonical\" href=\"https:\/\/www.ywccpackage.com\/fr\/produit\/custom-single-color-printed-frosted-pe-self-seal-bags-wholesale-bulk-protective-packaging-resealable-bags-for-packaging\/\" \/>\n<meta property=\"og:locale\" content=\"fr_FR\" \/>\n<meta property=\"og:type\" content=\"article\" \/>\n<meta property=\"og:title\" content=\"Resealable Bags for Packaging Supplier - Custom &amp; Cost-Effective\" \/>\n<meta property=\"og:description\" content=\"Resealable Bags for Packaging with frosted privacy, single-color printing. Self-adhesive, reusable, dust\/moisture-proof. Ideal for clothing, cosmetics &amp; electronics. Affordable customization.\" \/>\n<meta property=\"og:url\" content=\"https:\/\/www.ywccpackage.com\/fr\/produit\/custom-single-color-printed-frosted-pe-self-seal-bags-wholesale-bulk-protective-packaging-resealable-bags-for-packaging\/\" \/>\n<meta property=\"og:site_name\" content=\"YWCC Package\" \/>\n<meta property=\"article:modified_time\" content=\"2025-11-03T08:39:58+00:00\" \/>\n<meta property=\"og:image\" content=\"https:\/\/www.ywccpackage.com\/wp-content\/uploads\/2025\/08\/Custom-Single-Color-Printed-Frosted-PE-Self-Seal-Bags-Wholesale-Bulk-Protective-Packaging-Resealable-Bags-for-Packaging1.webp\" \/>\n\t<meta property=\"og:image:width\" content=\"1100\" \/>\n\t<meta property=\"og:image:height\" content=\"1100\" \/>\n\t<meta property=\"og:image:type\" content=\"image\/webp\" \/>\n<meta name=\"twitter:card\" content=\"summary_large_image\" \/>\n<meta name=\"twitter:label1\" content=\"Dur\u00e9e de lecture estim\u00e9e\" \/>\n\t<meta name=\"twitter:data1\" content=\"4 minutes\" \/>\n<script type=\"application\/ld+json\" class=\"yoast-schema-graph\">{\"@context\":\"https:\/\/schema.org\",\"@graph\":[{\"@type\":\"WebPage\",\"@id\":\"https:\/\/www.ywccpackage.com\/product\/custom-single-color-printed-frosted-pe-self-seal-bags-wholesale-bulk-protective-packaging-resealable-bags-for-packaging\/\",\"url\":\"https:\/\/www.ywccpackage.com\/product\/custom-single-color-printed-frosted-pe-self-seal-bags-wholesale-bulk-protective-packaging-resealable-bags-for-packaging\/\",\"name\":\"Resealable Bags for Packaging Supplier - Custom & Cost-Effective\",\"isPartOf\":{\"@id\":\"https:\/\/www.ywccpackage.com\/#website\"},\"primaryImageOfPage\":{\"@id\":\"https:\/\/www.ywccpackage.com\/product\/custom-single-color-printed-frosted-pe-self-seal-bags-wholesale-bulk-protective-packaging-resealable-bags-for-packaging\/#primaryimage\"},\"image\":{\"@id\":\"https:\/\/www.ywccpackage.com\/product\/custom-single-color-printed-frosted-pe-self-seal-bags-wholesale-bulk-protective-packaging-resealable-bags-for-packaging\/#primaryimage\"},\"thumbnailUrl\":\"https:\/\/www.ywccpackage.com\/wp-content\/uploads\/2025\/08\/Custom-Single-Color-Printed-Frosted-PE-Self-Seal-Bags-Wholesale-Bulk-Protective-Packaging-Resealable-Bags-for-Packaging1.webp\",\"datePublished\":\"2025-08-01T06:25:09+00:00\",\"dateModified\":\"2025-11-03T08:39:58+00:00\",\"description\":\"Resealable Bags for Packaging with frosted privacy, single-color printing. Self-adhesive, reusable, dust\/moisture-proof. Ideal for clothing, cosmetics & electronics. Affordable customization.\",\"breadcrumb\":{\"@id\":\"https:\/\/www.ywccpackage.com\/product\/custom-single-color-printed-frosted-pe-self-seal-bags-wholesale-bulk-protective-packaging-resealable-bags-for-packaging\/#breadcrumb\"},\"inLanguage\":\"fr-FR\",\"potentialAction\":[{\"@type\":\"ReadAction\",\"target\":[\"https:\/\/www.ywccpackage.com\/product\/custom-single-color-printed-frosted-pe-self-seal-bags-wholesale-bulk-protective-packaging-resealable-bags-for-packaging\/\"]}]},{\"@type\":\"ImageObject\",\"inLanguage\":\"fr-FR\",\"@id\":\"https:\/\/www.ywccpackage.com\/product\/custom-single-color-printed-frosted-pe-self-seal-bags-wholesale-bulk-protective-packaging-resealable-bags-for-packaging\/#primaryimage\",\"url\":\"https:\/\/www.ywccpackage.com\/wp-content\/uploads\/2025\/08\/Custom-Single-Color-Printed-Frosted-PE-Self-Seal-Bags-Wholesale-Bulk-Protective-Packaging-Resealable-Bags-for-Packaging1.webp\",\"contentUrl\":\"https:\/\/www.ywccpackage.com\/wp-content\/uploads\/2025\/08\/Custom-Single-Color-Printed-Frosted-PE-Self-Seal-Bags-Wholesale-Bulk-Protective-Packaging-Resealable-Bags-for-Packaging1.webp\",\"width\":1100,\"height\":1100,\"caption\":\"Custom Single Color Printed Frosted PE Self Seal Bags Wholesale Bulk Protective Packaging Resealable Bags for Packaging\"},{\"@type\":\"BreadcrumbList\",\"@id\":\"https:\/\/www.ywccpackage.com\/product\/custom-single-color-printed-frosted-pe-self-seal-bags-wholesale-bulk-protective-packaging-resealable-bags-for-packaging\/#breadcrumb\",\"itemListElement\":[{\"@type\":\"ListItem\",\"position\":1,\"name\":\"Home\",\"item\":\"https:\/\/www.ywccpackage.com\/\"},{\"@type\":\"ListItem\",\"position\":2,\"name\":\"Products\",\"item\":\"https:\/\/www.ywccpackage.com\/shop\/\"},{\"@type\":\"ListItem\",\"position\":3,\"name\":\"Custom Single Color Printed Frosted PE Self Seal Bags | Wholesale Bulk Protective Packaging Resealable Bags for Packaging\"}]},{\"@type\":\"WebSite\",\"@id\":\"https:\/\/www.ywccpackage.com\/#website\",\"url\":\"https:\/\/www.ywccpackage.com\/\",\"name\":\"YWCC Package\",\"description\":\"YWCC Package\",\"potentialAction\":[{\"@type\":\"SearchAction\",\"target\":{\"@type\":\"EntryPoint\",\"urlTemplate\":\"https:\/\/www.ywccpackage.com\/?s={search_term_string}\"},\"query-input\":\"required name=search_term_string\"}],\"inLanguage\":\"fr-FR\"}]}<\/script>\n<!-- \/ Yoast SEO plugin. -->","yoast_head_json":{"title":"Resealable Bags for Packaging Supplier - Custom & Cost-Effective","description":"Resealable Bags for Packaging with frosted privacy, single-color printing. Self-adhesive, reusable, dust\/moisture-proof. Ideal for clothing, cosmetics & electronics. Affordable customization.","robots":{"index":"index","follow":"follow","max-snippet":"max-snippet:-1","max-image-preview":"max-image-preview:large","max-video-preview":"max-video-preview:-1"},"canonical":"https:\/\/www.ywccpackage.com\/fr\/produit\/custom-single-color-printed-frosted-pe-self-seal-bags-wholesale-bulk-protective-packaging-resealable-bags-for-packaging\/","og_locale":"fr_FR","og_type":"article","og_title":"Resealable Bags for Packaging Supplier - Custom & Cost-Effective","og_description":"Resealable Bags for Packaging with frosted privacy, single-color printing. Self-adhesive, reusable, dust\/moisture-proof. Ideal for clothing, cosmetics & electronics. Affordable customization.","og_url":"https:\/\/www.ywccpackage.com\/fr\/produit\/custom-single-color-printed-frosted-pe-self-seal-bags-wholesale-bulk-protective-packaging-resealable-bags-for-packaging\/","og_site_name":"YWCC Package","article_modified_time":"2025-11-03T08:39:58+00:00","og_image":[{"width":1100,"height":1100,"url":"https:\/\/www.ywccpackage.com\/wp-content\/uploads\/2025\/08\/Custom-Single-Color-Printed-Frosted-PE-Self-Seal-Bags-Wholesale-Bulk-Protective-Packaging-Resealable-Bags-for-Packaging1.webp","type":"image\/webp"}],"twitter_card":"summary_large_image","twitter_misc":{"Dur\u00e9e de lecture estim\u00e9e":"4 minutes"},"schema":{"@context":"https:\/\/schema.org","@graph":[{"@type":"WebPage","@id":"https:\/\/www.ywccpackage.com\/product\/custom-single-color-printed-frosted-pe-self-seal-bags-wholesale-bulk-protective-packaging-resealable-bags-for-packaging\/","url":"https:\/\/www.ywccpackage.com\/product\/custom-single-color-printed-frosted-pe-self-seal-bags-wholesale-bulk-protective-packaging-resealable-bags-for-packaging\/","name":"Resealable Bags for Packaging Supplier - Custom & Cost-Effective","isPartOf":{"@id":"https:\/\/www.ywccpackage.com\/#website"},"primaryImageOfPage":{"@id":"https:\/\/www.ywccpackage.com\/product\/custom-single-color-printed-frosted-pe-self-seal-bags-wholesale-bulk-protective-packaging-resealable-bags-for-packaging\/#primaryimage"},"image":{"@id":"https:\/\/www.ywccpackage.com\/product\/custom-single-color-printed-frosted-pe-self-seal-bags-wholesale-bulk-protective-packaging-resealable-bags-for-packaging\/#primaryimage"},"thumbnailUrl":"https:\/\/www.ywccpackage.com\/wp-content\/uploads\/2025\/08\/Custom-Single-Color-Printed-Frosted-PE-Self-Seal-Bags-Wholesale-Bulk-Protective-Packaging-Resealable-Bags-for-Packaging1.webp","datePublished":"2025-08-01T06:25:09+00:00","dateModified":"2025-11-03T08:39:58+00:00","description":"Resealable Bags for Packaging with frosted privacy, single-color printing. Self-adhesive, reusable, dust\/moisture-proof. Ideal for clothing, cosmetics & electronics. Affordable customization.","breadcrumb":{"@id":"https:\/\/www.ywccpackage.com\/product\/custom-single-color-printed-frosted-pe-self-seal-bags-wholesale-bulk-protective-packaging-resealable-bags-for-packaging\/#breadcrumb"},"inLanguage":"fr-FR","potentialAction":[{"@type":"ReadAction","target":["https:\/\/www.ywccpackage.com\/product\/custom-single-color-printed-frosted-pe-self-seal-bags-wholesale-bulk-protective-packaging-resealable-bags-for-packaging\/"]}]},{"@type":"ImageObject","inLanguage":"fr-FR","@id":"https:\/\/www.ywccpackage.com\/product\/custom-single-color-printed-frosted-pe-self-seal-bags-wholesale-bulk-protective-packaging-resealable-bags-for-packaging\/#primaryimage","url":"https:\/\/www.ywccpackage.com\/wp-content\/uploads\/2025\/08\/Custom-Single-Color-Printed-Frosted-PE-Self-Seal-Bags-Wholesale-Bulk-Protective-Packaging-Resealable-Bags-for-Packaging1.webp","contentUrl":"https:\/\/www.ywccpackage.com\/wp-content\/uploads\/2025\/08\/Custom-Single-Color-Printed-Frosted-PE-Self-Seal-Bags-Wholesale-Bulk-Protective-Packaging-Resealable-Bags-for-Packaging1.webp","width":1100,"height":1100,"caption":"Custom Single Color Printed Frosted PE Self Seal Bags Wholesale Bulk Protective Packaging Resealable Bags for Packaging"},{"@type":"BreadcrumbList","@id":"https:\/\/www.ywccpackage.com\/product\/custom-single-color-printed-frosted-pe-self-seal-bags-wholesale-bulk-protective-packaging-resealable-bags-for-packaging\/#breadcrumb","itemListElement":[{"@type":"ListItem","position":1,"name":"Home","item":"https:\/\/www.ywccpackage.com\/"},{"@type":"ListItem","position":2,"name":"Products","item":"https:\/\/www.ywccpackage.com\/shop\/"},{"@type":"ListItem","position":3,"name":"Custom Single Color Printed Frosted PE Self Seal Bags | Wholesale Bulk Protective Packaging Resealable Bags for Packaging"}]},{"@type":"WebSite","@id":"https:\/\/www.ywccpackage.com\/#website","url":"https:\/\/www.ywccpackage.com\/","name":"YWCC Package","description":"YWCC Package","potentialAction":[{"@type":"SearchAction","target":{"@type":"EntryPoint","urlTemplate":"https:\/\/www.ywccpackage.com\/?s={search_term_string}"},"query-input":"required name=search_term_string"}],"inLanguage":"fr-FR"}]}},"_links":{"self":[{"href":"https:\/\/www.ywccpackage.com\/fr\/wp-json\/wp\/v2\/product\/12777"}],"collection":[{"href":"https:\/\/www.ywccpackage.com\/fr\/wp-json\/wp\/v2\/product"}],"about":[{"href":"https:\/\/www.ywccpackage.com\/fr\/wp-json\/wp\/v2\/types\/product"}],"wp:featuredmedia":[{"embeddable":true,"href":"https:\/\/www.ywccpackage.com\/fr\/wp-json\/wp\/v2\/media\/12779"}],"wp:attachment":[{"href":"https:\/\/www.ywccpackage.com\/fr\/wp-json\/wp\/v2\/media?parent=12777"}],"wp:term":[{"taxonomy":"product_cat","embeddable":true,"href":"https:\/\/www.ywccpackage.com\/fr\/wp-json\/wp\/v2\/product_cat?post=12777"},{"taxonomy":"product_tag","embeddable":true,"href":"https:\/\/www.ywccpackage.com\/fr\/wp-json\/wp\/v2\/product_tag?post=12777"}],"curies":[{"name":"wp","href":"https:\/\/api.w.org\/{rel}","templated":true}]}}