{"id":12791,"date":"2025-08-01T06:52:05","date_gmt":"2025-08-01T06:52:05","guid":{"rendered":"https:\/\/www.ywccpackage.com\/?post_type=product&#038;p=12791"},"modified":"2025-08-20T07:52:02","modified_gmt":"2025-08-20T07:52:02","slug":"custom-packaging-bags-for-clothing-printed-frosted-matte-zipper-bags-resealable-stand-up-pouches-single-color","status":"publish","type":"product","link":"https:\/\/www.ywccpackage.com\/fr\/produit\/custom-packaging-bags-for-clothing-printed-frosted-matte-zipper-bags-resealable-stand-up-pouches-single-color\/","title":{"rendered":"Sacs d'emballage personnalis\u00e9s pour v\u00eatements Sacs \u00e0 fermeture \u00e9clair mats imprim\u00e9s et givr\u00e9s Pochettes refermables unicolores"},"content":{"rendered":"<h2>Sacs d'emballage personnalis\u00e9s pour v\u00eatements Description<\/h2>\n<ol class=\"auto-hide-last-sibling-br\">\n<li>Protection de la vie priv\u00e9e et dissimulation des <a href=\"https:\/\/www.ywccpackage.com\/fr\/produit\/custom-packaging-bags-for-clothing-printed-frosted-matte-zipper-bags-resealable-stand-up-pouches-single-color\/\"><strong>Sacs d'emballage personnalis\u00e9s pour v\u00eatements<\/strong><\/a><br class=\"container-utlnW2 wrapper-d0Cc1k undefined\" \/>Le mat\u00e9riau givr\u00e9 offre un excellent effet opaque mat, dissimulant efficacement le contenu et garantissant la confidentialit\u00e9 et la s\u00e9curit\u00e9.<\/li>\n<li>Protection du contenu<br class=\"container-utlnW2 wrapper-d0Cc1k undefined\" \/>La fermeture \u00e0 glissi\u00e8re assure une fermeture herm\u00e9tique, emp\u00eachant efficacement l'humidit\u00e9, la poussi\u00e8re et la salet\u00e9. Des mat\u00e9riaux de haute qualit\u00e9, tels que le PE\/PO, sont s\u00e9lectionn\u00e9s pour assurer une protection de base.<\/li>\n<li>Utilisation pratique et r\u00e9utilisation<br class=\"container-utlnW2 wrapper-d0Cc1k undefined\" \/>La fermeture \u00e0 glissi\u00e8re lisse et durable permet une ouverture et une fermeture faciles, avec une \u00e9tanch\u00e9it\u00e9 s\u00fbre et fiable. Le sac est solide et durable, il peut \u00eatre ouvert et ferm\u00e9 plusieurs fois pour \u00eatre r\u00e9utilis\u00e9, ce qui est \u00e9conomique et respectueux de l'environnement.<\/li>\n<li>Am\u00e9lioration de l'image de marque et du professionnalisme<br class=\"container-utlnW2 wrapper-d0Cc1k undefined\" \/>La surface noire givr\u00e9e donne une impression de haut de gamme, de professionnalisme et de myst\u00e8re. Elle permet une impression de haute qualit\u00e9, faisant appara\u00eetre clairement le logo de la marque, les informations ou le dessin, am\u00e9liorant ainsi la reconnaissance de la marque et l'image globale.<\/li>\n<li>Sc\u00e9narios d'application polyvalents<br class=\"container-utlnW2 wrapper-d0Cc1k undefined\" \/>Son champ d'application est vaste : bijoux, accessoires \u00e9lectroniques, cosm\u00e9tiques, aliments (produits secs), m\u00e9dicaments, articles de papeterie, objets de collection, \u00e9chantillons, stockage pour les voyages, etc. C'est un choix id\u00e9al pour l'emballage de d\u00e9tail, le stockage interne et le transport logistique.<\/li>\n<li>Excellente protection de la vie priv\u00e9e<br class=\"container-utlnW2 wrapper-d0Cc1k undefined\" \/>L'effet mat d\u00e9poli de qualit\u00e9 sup\u00e9rieure bloque compl\u00e8tement la ligne de vue, prot\u00e9geant ainsi votre vie priv\u00e9e et la s\u00e9curit\u00e9 de vos objets de valeur.<\/li>\n<li>Protection fiable de l'\u00e9tanch\u00e9it\u00e9<br class=\"container-utlnW2 wrapper-d0Cc1k undefined\" \/>L'\u00e9tanch\u00e9it\u00e9 \u00e0 l'humidit\u00e9, \u00e0 la poussi\u00e8re et \u00e0 la salet\u00e9 garantit que le contenu est sec et propre, ce qui prolonge la dur\u00e9e de stockage des articles.<\/li>\n<li>Texture haut de gamme et renforcement de la marque<br class=\"container-utlnW2 wrapper-d0Cc1k undefined\" \/>Le mat\u00e9riau noir givr\u00e9 met en valeur le luxe discret et la qualit\u00e9 professionnelle. L'impression personnalis\u00e9e est claire et durable, ce qui en fait un outil puissant pour am\u00e9liorer l'image de marque et la valeur ajout\u00e9e du produit.<\/li>\n<\/ol>\n<h2>Applications<\/h2>\n<p><strong>Industrie de la beaut\u00e9 et des soins personnels :<\/strong><br class=\"container-utlnW2 wrapper-d0Cc1k undefined\" \/>Notre <a href=\"https:\/\/www.ywccpackage.com\/fr\/category\/zipper-bag\/\"><strong>rouleau de sac en plastique<\/strong><\/a> Contient des \u00e9chantillons de produits de soin de la peau\/cosm\u00e9tiques, des produits en format voyage, des masques pour le visage, des rouges \u00e0 l\u00e8vres\/mascaras individuels, des pinceaux de maquillage, des outils de beaut\u00e9, des \u00e9chantillons de parfum, des produits pour les ongles, des faux cils, des cotons-tiges, des tampons de maquillage.<br class=\"container-utlnW2 wrapper-d0Cc1k undefined\" \/><strong>Industrie de l'\u00e9lectronique et des accessoires :<\/strong><br class=\"container-utlnW2 wrapper-d0Cc1k undefined\" \/>C\u00e2bles de donn\u00e9es, \u00e9couteurs, chargeurs, adaptateurs, cartes SD\/lecteurs USB, accessoires pour t\u00e9l\u00e9phones portables (bagues, protections d'\u00e9cran), petits haut-parleurs, bracelets pour montres intelligentes, piles, manuels d'utilisation\/carte de garantie.<br class=\"container-utlnW2 wrapper-d0Cc1k undefined\" \/><strong>Industrie de l'alimentation et des boissons (contact non direct\/aliments secs) :<\/strong><br class=\"container-utlnW2 wrapper-d0Cc1k undefined\" \/>Sachets de th\u00e9, poudre de caf\u00e9\/\u00e9chantillons de grains, \u00e9chantillons d'assaisonnements solides, \u00e9chantillons de bonbons\/chocolats, \u00e9chantillons de snacks cuits au four, \u00e9chantillons de noix, \u00e9chantillons d'aliments pour animaux de compagnie, \u00e9chantillons de poudres pour aliments di\u00e9t\u00e9tiques.<br class=\"container-utlnW2 wrapper-d0Cc1k undefined\" \/><strong>Accessoires de mode\/cadeaux Industrie :<\/strong><br class=\"container-utlnW2 wrapper-d0Cc1k undefined\" \/>Colliers, boucles d'oreilles, bracelets, bagues, broches, accessoires pour cheveux, boutons de manchette, petite maroquinerie, porte-cl\u00e9s, articles culturels et cr\u00e9atifs, jouets blind box, cartes \u00e0 collectionner.<br \/>\n<strong>Papeterie et fournitures de bureau \/ Industrie culturelle et cr\u00e9ative :<\/strong><br class=\"container-utlnW2 wrapper-d0Cc1k undefined\" \/>Cl\u00e9s USB, stylos, gommes, r\u00e8gles, notes adh\u00e9sives, trombones, cartes de visite, sceaux, autocollants, petits carnets, cartes de v\u0153ux, marque-pages.<br class=\"container-utlnW2 wrapper-d0Cc1k undefined\" \/><strong>M\u00e9dical et sant\u00e9\/industrie de l'\u00e9chantillonnage :<\/strong><br class=\"container-utlnW2 wrapper-d0Cc1k undefined\" \/>\u00c9chantillons de comprim\u00e9s\/capsules, cotons-tiges\/tampons d'alcool, pansements, petites pi\u00e8ces de dispositifs m\u00e9dicaux, \u00e9chantillons de poudres\/comprim\u00e9s de produits de sant\u00e9, paquets d'essai d'huiles essentielles, patchs de pl\u00e2tre.<br class=\"container-utlnW2 wrapper-d0Cc1k undefined\" \/><strong>Industrie\/Accessoires de quincaillerie m\u00e9tallique :<\/strong><br class=\"container-utlnW2 wrapper-d0Cc1k undefined\" \/>Vis et \u00e9crous, petits roulements, joints, composants \u00e9lectroniques (r\u00e9sistances et condensateurs), petits outils, lames de rechange, joints toriques, \u00e9chantillons.<\/p>\n<p><strong>Accepter des services diversifi\u00e9s et personnalis\u00e9s de la part des clients.<\/strong><br class=\"container-utlnW2 wrapper-d0Cc1k undefined\" \/><strong>Si vous avez des projets ou des id\u00e9es, n'h\u00e9sitez pas \u00e0 nous contacter. <a href=\"https:\/\/www.ywccpackage.com\/fr\/contact-us\/\">nous contacter<\/a>.<\/strong><\/p>\n<h2>Usine<\/h2>\n<p>Les <a href=\"https:\/\/www.ywccpackage.com\/fr\/about-us\/\"><strong>usine de sacs d'emballage<\/strong><\/a> d\u00e9signe les sp\u00e9cifications, les dimensions et l'\u00e9paisseur, avec un stock suffisant (non imprim\u00e9) pour une exp\u00e9dition rapide.<\/p>\n<p>4 usines annexes<br \/>\nCapacit\u00e9 de production journali\u00e8re de 200 tonnes<br \/>\nCapacit\u00e9 de production journali\u00e8re de 6 millions de sacs<br \/>\nB\u00e2timents industriels d'une superficie de 34 000 m\u00e8tres carr\u00e9s<br \/>\nConforme aux certifications internationales, telles que ISO 9001, SGS, BSCI, FSC, REACH, etc.<\/p>\n<p><img loading=\"lazy\" decoding=\"async\" class=\"size-full wp-image-12579 aligncenter\" data-src=\"https:\/\/www.ywccpackage.com\/wp-content\/uploads\/2025\/06\/factory.webp\" alt=\"Usine\" width=\"750\" height=\"2000\" srcset=\"https:\/\/www.ywccpackage.com\/wp-content\/uploads\/2025\/06\/factory.webp 750w, https:\/\/www.ywccpackage.com\/wp-content\/uploads\/2025\/06\/factory-480x1280.webp 480w\" sizes=\"(min-width: 0px) and (max-width: 480px) 480px, (min-width: 481px) 750px, 100vw\" \/> <img loading=\"lazy\" decoding=\"async\" class=\"aligncenter wp-image-12580\" data-src=\"https:\/\/www.ywccpackage.com\/wp-content\/uploads\/2025\/06\/Factory-1.webp\" alt=\"Usine\" width=\"750\" height=\"656\" \/> <img loading=\"lazy\" decoding=\"async\" class=\"wp-image-12578 aligncenter\" data-src=\"https:\/\/www.ywccpackage.com\/wp-content\/uploads\/2025\/06\/Factory-2.webp\" alt=\"Usine\" width=\"750\" height=\"750\" \/><\/p>\n<h2>Certifications : Affichage des logos\/certificats Sacs d'emballage personnalis\u00e9s pour v\u00eatements<\/h2>\n<p><img loading=\"lazy\" decoding=\"async\" class=\"aligncenter wp-image-12581\" data-src=\"https:\/\/www.ywccpackage.com\/wp-content\/uploads\/2025\/06\/Certificate.webp\" alt=\"Certificat\" width=\"750\" height=\"1113\" srcset=\"https:\/\/www.ywccpackage.com\/wp-content\/uploads\/2025\/06\/Certificate.webp 750w, https:\/\/www.ywccpackage.com\/wp-content\/uploads\/2025\/06\/Certificate-480x713.webp 480w\" sizes=\"(min-width: 0px) and (max-width: 480px) 480px, (min-width: 481px) 750px, 100vw\" \/><\/p>\n<h2>A propos de nous<\/h2>\n<p>Cr\u00e9ez des emballages de marque qui se d\u00e9marquent ! Nous fournissons des\u00a0<a href=\"http:\/\/www.ywccpackage.com\/fr\/\"><strong>sacs en plastique personnalis\u00e9s avec logo<\/strong><\/a>\u00a0- y compris durable\u00a0<strong>sac avec fermeture \u00e9clair<\/strong> options. Choisissez la polyvalence <strong>sac \u00e0 fermeture \u00e9clair transparent<\/strong>,\u00a0<strong>sac plastique \u00e0 fermeture \u00e9clair<\/strong>et\u00a0<strong>sac \u00e0 fermeture \u00e9clair en pvc<\/strong> solutions. Nos services <strong>Sacs d'emballage personnalis\u00e9s pour v\u00eatements<\/strong>\u00a0mettent en valeur le contenu tout en prot\u00e9geant les produits. Id\u00e9al pour la vente au d\u00e9tail, les cadeaux et les promotions. Imperm\u00e9ables, r\u00e9utilisables et pr\u00eates pour la vente au d\u00e9tail. Am\u00e9liorez la visibilit\u00e9 de votre marque avec des pochettes zipp\u00e9es personnalis\u00e9es et professionnelles. <a href=\"https:\/\/www.ywccpackage.com\/fr\/contact-us\/\"><strong>Commandez des \u00e9chantillons d\u00e8s aujourd'hui<\/strong><\/a>!<\/p>","protected":false},"excerpt":{"rendered":"<p>Sacs d'emballage de v\u00eatements personnalis\u00e9s : givr\u00e9s pour plus d'intimit\u00e9, ferm\u00e9s par une fermeture \u00e9clair pour r\u00e9sister \u00e0 l'humidit\u00e9 et \u00e0 la poussi\u00e8re. R\u00e9utilisable, noir givr\u00e9 pour le luxe. L'impression personnalis\u00e9e renforce la notori\u00e9t\u00e9 de la marque. Convient aux produits de beaut\u00e9, \u00e9lectroniques, alimentaires et aux accessoires. Contactez-nous pour obtenir des mod\u00e8les.<\/p>","protected":false},"featured_media":12793,"template":"","meta":{"_et_pb_use_builder":"","_et_pb_old_content":"","_et_gb_content_width":""},"product_cat":[193],"product_tag":[210,208,209],"yoast_head":"<!-- This site is optimized with the Yoast SEO plugin v22.7 - https:\/\/yoast.com\/wordpress\/plugins\/seo\/ -->\n<title>Custom Packaging Bags for Clothing - Privacy &amp; Brand Supplier<\/title>\n<meta name=\"description\" content=\"Custom clothing packaging bags with frosted privacy, secure zipper seal. Reusable, high-end, ideal for retail &amp; logistics. Enhance brand image with custom printing.\" \/>\n<meta name=\"robots\" content=\"index, follow, max-snippet:-1, max-image-preview:large, max-video-preview:-1\" \/>\n<link rel=\"canonical\" href=\"https:\/\/www.ywccpackage.com\/fr\/produit\/custom-packaging-bags-for-clothing-printed-frosted-matte-zipper-bags-resealable-stand-up-pouches-single-color\/\" \/>\n<meta property=\"og:locale\" content=\"fr_FR\" \/>\n<meta property=\"og:type\" content=\"article\" \/>\n<meta property=\"og:title\" content=\"Custom Packaging Bags for Clothing - Privacy &amp; Brand Supplier\" \/>\n<meta property=\"og:description\" content=\"Custom clothing packaging bags with frosted privacy, secure zipper seal. Reusable, high-end, ideal for retail &amp; logistics. Enhance brand image with custom printing.\" \/>\n<meta property=\"og:url\" content=\"https:\/\/www.ywccpackage.com\/fr\/produit\/custom-packaging-bags-for-clothing-printed-frosted-matte-zipper-bags-resealable-stand-up-pouches-single-color\/\" \/>\n<meta property=\"og:site_name\" content=\"YWCC Package\" \/>\n<meta property=\"article:modified_time\" content=\"2025-08-20T07:52:02+00:00\" \/>\n<meta property=\"og:image\" content=\"https:\/\/www.ywccpackage.com\/wp-content\/uploads\/2025\/08\/Custom-Packaging-Bags-for-Clothing-Printed-Frosted-Matte-Zipper-Bags-Resealable-Stand-Up-Pouches-Single-Color5.webp\" \/>\n\t<meta property=\"og:image:width\" content=\"1100\" \/>\n\t<meta property=\"og:image:height\" content=\"1100\" \/>\n\t<meta property=\"og:image:type\" content=\"image\/webp\" \/>\n<meta name=\"twitter:card\" content=\"summary_large_image\" \/>\n<meta name=\"twitter:label1\" content=\"Dur\u00e9e de lecture estim\u00e9e\" \/>\n\t<meta name=\"twitter:data1\" content=\"4 minutes\" \/>\n<script type=\"application\/ld+json\" class=\"yoast-schema-graph\">{\"@context\":\"https:\/\/schema.org\",\"@graph\":[{\"@type\":\"WebPage\",\"@id\":\"https:\/\/www.ywccpackage.com\/product\/custom-packaging-bags-for-clothing-printed-frosted-matte-zipper-bags-resealable-stand-up-pouches-single-color\/\",\"url\":\"https:\/\/www.ywccpackage.com\/product\/custom-packaging-bags-for-clothing-printed-frosted-matte-zipper-bags-resealable-stand-up-pouches-single-color\/\",\"name\":\"Custom Packaging Bags for Clothing - Privacy & Brand Supplier\",\"isPartOf\":{\"@id\":\"https:\/\/www.ywccpackage.com\/#website\"},\"primaryImageOfPage\":{\"@id\":\"https:\/\/www.ywccpackage.com\/product\/custom-packaging-bags-for-clothing-printed-frosted-matte-zipper-bags-resealable-stand-up-pouches-single-color\/#primaryimage\"},\"image\":{\"@id\":\"https:\/\/www.ywccpackage.com\/product\/custom-packaging-bags-for-clothing-printed-frosted-matte-zipper-bags-resealable-stand-up-pouches-single-color\/#primaryimage\"},\"thumbnailUrl\":\"https:\/\/www.ywccpackage.com\/wp-content\/uploads\/2025\/08\/Custom-Packaging-Bags-for-Clothing-Printed-Frosted-Matte-Zipper-Bags-Resealable-Stand-Up-Pouches-Single-Color5.webp\",\"datePublished\":\"2025-08-01T06:52:05+00:00\",\"dateModified\":\"2025-08-20T07:52:02+00:00\",\"description\":\"Custom clothing packaging bags with frosted privacy, secure zipper seal. Reusable, high-end, ideal for retail & logistics. Enhance brand image with custom printing.\",\"breadcrumb\":{\"@id\":\"https:\/\/www.ywccpackage.com\/product\/custom-packaging-bags-for-clothing-printed-frosted-matte-zipper-bags-resealable-stand-up-pouches-single-color\/#breadcrumb\"},\"inLanguage\":\"fr-FR\",\"potentialAction\":[{\"@type\":\"ReadAction\",\"target\":[\"https:\/\/www.ywccpackage.com\/product\/custom-packaging-bags-for-clothing-printed-frosted-matte-zipper-bags-resealable-stand-up-pouches-single-color\/\"]}]},{\"@type\":\"ImageObject\",\"inLanguage\":\"fr-FR\",\"@id\":\"https:\/\/www.ywccpackage.com\/product\/custom-packaging-bags-for-clothing-printed-frosted-matte-zipper-bags-resealable-stand-up-pouches-single-color\/#primaryimage\",\"url\":\"https:\/\/www.ywccpackage.com\/wp-content\/uploads\/2025\/08\/Custom-Packaging-Bags-for-Clothing-Printed-Frosted-Matte-Zipper-Bags-Resealable-Stand-Up-Pouches-Single-Color5.webp\",\"contentUrl\":\"https:\/\/www.ywccpackage.com\/wp-content\/uploads\/2025\/08\/Custom-Packaging-Bags-for-Clothing-Printed-Frosted-Matte-Zipper-Bags-Resealable-Stand-Up-Pouches-Single-Color5.webp\",\"width\":1100,\"height\":1100,\"caption\":\"Custom Packaging Bags for Clothing Printed Frosted Matte Zipper Bags Resealable Stand Up Pouches Single Color\"},{\"@type\":\"BreadcrumbList\",\"@id\":\"https:\/\/www.ywccpackage.com\/product\/custom-packaging-bags-for-clothing-printed-frosted-matte-zipper-bags-resealable-stand-up-pouches-single-color\/#breadcrumb\",\"itemListElement\":[{\"@type\":\"ListItem\",\"position\":1,\"name\":\"Home\",\"item\":\"https:\/\/www.ywccpackage.com\/\"},{\"@type\":\"ListItem\",\"position\":2,\"name\":\"Products\",\"item\":\"https:\/\/www.ywccpackage.com\/shop\/\"},{\"@type\":\"ListItem\",\"position\":3,\"name\":\"Custom Packaging Bags for Clothing Printed Frosted Matte Zipper Bags Resealable Stand Up Pouches Single Color\"}]},{\"@type\":\"WebSite\",\"@id\":\"https:\/\/www.ywccpackage.com\/#website\",\"url\":\"https:\/\/www.ywccpackage.com\/\",\"name\":\"YWCC Package\",\"description\":\"YWCC Package\",\"potentialAction\":[{\"@type\":\"SearchAction\",\"target\":{\"@type\":\"EntryPoint\",\"urlTemplate\":\"https:\/\/www.ywccpackage.com\/?s={search_term_string}\"},\"query-input\":\"required name=search_term_string\"}],\"inLanguage\":\"fr-FR\"}]}<\/script>\n<!-- \/ Yoast SEO plugin. -->","yoast_head_json":{"title":"Custom Packaging Bags for Clothing - Privacy & Brand Supplier","description":"Custom clothing packaging bags with frosted privacy, secure zipper seal. Reusable, high-end, ideal for retail & logistics. Enhance brand image with custom printing.","robots":{"index":"index","follow":"follow","max-snippet":"max-snippet:-1","max-image-preview":"max-image-preview:large","max-video-preview":"max-video-preview:-1"},"canonical":"https:\/\/www.ywccpackage.com\/fr\/produit\/custom-packaging-bags-for-clothing-printed-frosted-matte-zipper-bags-resealable-stand-up-pouches-single-color\/","og_locale":"fr_FR","og_type":"article","og_title":"Custom Packaging Bags for Clothing - Privacy & Brand Supplier","og_description":"Custom clothing packaging bags with frosted privacy, secure zipper seal. Reusable, high-end, ideal for retail & logistics. Enhance brand image with custom printing.","og_url":"https:\/\/www.ywccpackage.com\/fr\/produit\/custom-packaging-bags-for-clothing-printed-frosted-matte-zipper-bags-resealable-stand-up-pouches-single-color\/","og_site_name":"YWCC Package","article_modified_time":"2025-08-20T07:52:02+00:00","og_image":[{"width":1100,"height":1100,"url":"https:\/\/www.ywccpackage.com\/wp-content\/uploads\/2025\/08\/Custom-Packaging-Bags-for-Clothing-Printed-Frosted-Matte-Zipper-Bags-Resealable-Stand-Up-Pouches-Single-Color5.webp","type":"image\/webp"}],"twitter_card":"summary_large_image","twitter_misc":{"Dur\u00e9e de lecture estim\u00e9e":"4 minutes"},"schema":{"@context":"https:\/\/schema.org","@graph":[{"@type":"WebPage","@id":"https:\/\/www.ywccpackage.com\/product\/custom-packaging-bags-for-clothing-printed-frosted-matte-zipper-bags-resealable-stand-up-pouches-single-color\/","url":"https:\/\/www.ywccpackage.com\/product\/custom-packaging-bags-for-clothing-printed-frosted-matte-zipper-bags-resealable-stand-up-pouches-single-color\/","name":"Custom Packaging Bags for Clothing - Privacy & Brand Supplier","isPartOf":{"@id":"https:\/\/www.ywccpackage.com\/#website"},"primaryImageOfPage":{"@id":"https:\/\/www.ywccpackage.com\/product\/custom-packaging-bags-for-clothing-printed-frosted-matte-zipper-bags-resealable-stand-up-pouches-single-color\/#primaryimage"},"image":{"@id":"https:\/\/www.ywccpackage.com\/product\/custom-packaging-bags-for-clothing-printed-frosted-matte-zipper-bags-resealable-stand-up-pouches-single-color\/#primaryimage"},"thumbnailUrl":"https:\/\/www.ywccpackage.com\/wp-content\/uploads\/2025\/08\/Custom-Packaging-Bags-for-Clothing-Printed-Frosted-Matte-Zipper-Bags-Resealable-Stand-Up-Pouches-Single-Color5.webp","datePublished":"2025-08-01T06:52:05+00:00","dateModified":"2025-08-20T07:52:02+00:00","description":"Custom clothing packaging bags with frosted privacy, secure zipper seal. Reusable, high-end, ideal for retail & logistics. Enhance brand image with custom printing.","breadcrumb":{"@id":"https:\/\/www.ywccpackage.com\/product\/custom-packaging-bags-for-clothing-printed-frosted-matte-zipper-bags-resealable-stand-up-pouches-single-color\/#breadcrumb"},"inLanguage":"fr-FR","potentialAction":[{"@type":"ReadAction","target":["https:\/\/www.ywccpackage.com\/product\/custom-packaging-bags-for-clothing-printed-frosted-matte-zipper-bags-resealable-stand-up-pouches-single-color\/"]}]},{"@type":"ImageObject","inLanguage":"fr-FR","@id":"https:\/\/www.ywccpackage.com\/product\/custom-packaging-bags-for-clothing-printed-frosted-matte-zipper-bags-resealable-stand-up-pouches-single-color\/#primaryimage","url":"https:\/\/www.ywccpackage.com\/wp-content\/uploads\/2025\/08\/Custom-Packaging-Bags-for-Clothing-Printed-Frosted-Matte-Zipper-Bags-Resealable-Stand-Up-Pouches-Single-Color5.webp","contentUrl":"https:\/\/www.ywccpackage.com\/wp-content\/uploads\/2025\/08\/Custom-Packaging-Bags-for-Clothing-Printed-Frosted-Matte-Zipper-Bags-Resealable-Stand-Up-Pouches-Single-Color5.webp","width":1100,"height":1100,"caption":"Custom Packaging Bags for Clothing Printed Frosted Matte Zipper Bags Resealable Stand Up Pouches Single Color"},{"@type":"BreadcrumbList","@id":"https:\/\/www.ywccpackage.com\/product\/custom-packaging-bags-for-clothing-printed-frosted-matte-zipper-bags-resealable-stand-up-pouches-single-color\/#breadcrumb","itemListElement":[{"@type":"ListItem","position":1,"name":"Home","item":"https:\/\/www.ywccpackage.com\/"},{"@type":"ListItem","position":2,"name":"Products","item":"https:\/\/www.ywccpackage.com\/shop\/"},{"@type":"ListItem","position":3,"name":"Custom Packaging Bags for Clothing Printed Frosted Matte Zipper Bags Resealable Stand Up Pouches Single Color"}]},{"@type":"WebSite","@id":"https:\/\/www.ywccpackage.com\/#website","url":"https:\/\/www.ywccpackage.com\/","name":"YWCC Package","description":"YWCC Package","potentialAction":[{"@type":"SearchAction","target":{"@type":"EntryPoint","urlTemplate":"https:\/\/www.ywccpackage.com\/?s={search_term_string}"},"query-input":"required name=search_term_string"}],"inLanguage":"fr-FR"}]}},"_links":{"self":[{"href":"https:\/\/www.ywccpackage.com\/fr\/wp-json\/wp\/v2\/product\/12791"}],"collection":[{"href":"https:\/\/www.ywccpackage.com\/fr\/wp-json\/wp\/v2\/product"}],"about":[{"href":"https:\/\/www.ywccpackage.com\/fr\/wp-json\/wp\/v2\/types\/product"}],"wp:featuredmedia":[{"embeddable":true,"href":"https:\/\/www.ywccpackage.com\/fr\/wp-json\/wp\/v2\/media\/12793"}],"wp:attachment":[{"href":"https:\/\/www.ywccpackage.com\/fr\/wp-json\/wp\/v2\/media?parent=12791"}],"wp:term":[{"taxonomy":"product_cat","embeddable":true,"href":"https:\/\/www.ywccpackage.com\/fr\/wp-json\/wp\/v2\/product_cat?post=12791"},{"taxonomy":"product_tag","embeddable":true,"href":"https:\/\/www.ywccpackage.com\/fr\/wp-json\/wp\/v2\/product_tag?post=12791"}],"curies":[{"name":"wp","href":"https:\/\/api.w.org\/{rel}","templated":true}]}}