{"id":12798,"date":"2025-08-01T07:02:08","date_gmt":"2025-08-01T07:02:08","guid":{"rendered":"https:\/\/www.ywccpackage.com\/?post_type=product&#038;p=12798"},"modified":"2025-08-20T07:47:10","modified_gmt":"2025-08-20T07:47:10","slug":"full-print-zip-pouches-custom-packaging-for-clothing-brand-for-cosmetics-travel","status":"publish","type":"product","link":"https:\/\/www.ywccpackage.com\/fr\/produit\/full-print-zip-pouches-custom-packaging-for-clothing-brand-for-cosmetics-travel\/","title":{"rendered":"Pochettes zipp\u00e9es enti\u00e8rement imprim\u00e9es - Emballage personnalis\u00e9 pour une marque de v\u00eatements, de cosm\u00e9tiques et de voyages"},"content":{"rendered":"<h2>Pourquoi les marques abandonnent-elles l'emballage personnalis\u00e9 pour les marques de v\u00eatements ?<\/h2>\n<p>L'\u00e9tag\u00e8re de <a href=\"https:\/\/www.ywccpackage.com\/fr\/produit\/full-print-zip-pouches-custom-packaging-for-clothing-brand-for-cosmetics-travel\/\"><strong>Emballage personnalis\u00e9 pour une marque de v\u00eatements<\/strong><\/a> Le taux de reconnaissance est augment\u00e9 de 300%, ce qui cr\u00e9e un symbole visuel pour la cat\u00e9gorie.<br class=\"container-utlnW2 wrapper-d0Cc1k undefined\" \/>Le chargement en un clic de codes QR\/codes promotionnels\/listes d'ingr\u00e9dients permet de r\u00e9duire les co\u00fbts de publicit\u00e9.<br class=\"container-utlnW2 wrapper-d0Cc1k undefined\" \/>La valeur moyenne des commandes des clients augmente de 15 - 30%, et la sensation de haut de gamme est visible \u00e0 l'\u0153il nu.<br class=\"container-utlnW2 wrapper-d0Cc1k undefined\" \/>Adapt\u00e9 aux secteurs de l'alimentation, de la beaut\u00e9 et de l'\u00e9lectronique, un seul sac d\u00e9termine le succ\u00e8s.<br class=\"container-utlnW2 wrapper-d0Cc1k undefined\" \/>Pr\u00e9venir la contrefa\u00e7on et prot\u00e9ger les actifs de la marque.<\/p>\n<h2>Comment l'impression pleine page r\u00e9\u00e9crit-elle les r\u00e8gles du march\u00e9 ?<\/h2>\n<p>Une nouvelle marque de noix prometteuse \"Apr\u00e8s le passage \u00e0 un emballage illustr\u00e9 en pleine page, le taux de rotation des ventes terminales a augment\u00e9 de 37%, et les vid\u00e9os de diffusion naturelle sur Douyin ont augment\u00e9 de 220%\" Une usine OEM de produits chimiques quotidiens se transforme en une marque ind\u00e9pendante \"Impression en pleine page + conception de fermeture \u00e9clair anti-contrefa\u00e7on, z\u00e9ro plainte de produit contrefait, et la quantit\u00e9 de marchandises prises par les distributeurs a doubl\u00e9\"<\/p>\n<ol class=\"auto-hide-last-sibling-br\">\n<li>Exp\u00e9rience en rayon : Le taux d'attention de 0,5 seconde d'un emballage imprim\u00e9 pleine page est 7,2 fois sup\u00e9rieur \u00e0 celui d'un sac vide (donn\u00e9es Nielsen eye tracking).<\/li>\n<li>E - commerce Mesure r\u00e9elle : L'utilisation d'images de sc\u00e8ne sur la page d\u00e9taill\u00e9e augmente le taux de conversion de 22% (r\u00e9sultats du test A\/B).<\/li>\n<li>Couverture de l'industrie : Au service des clients dans 23 sous-domaines, et un taux de rachat de 90% v\u00e9rifie l'adaptabilit\u00e9 de la sc\u00e8ne.<\/li>\n<\/ol>\n<h2>Application<\/h2>\n<p>Alimentation - Emballages personnalis\u00e9s pour snacks <a href=\"https:\/\/www.ywccpackage.com\/fr\/category\/zipper-bag\/\"><strong>Sac plastique \u00e0 fermeture \u00e9clair<\/strong><\/a><br class=\"container-utlnW2 wrapper-d0Cc1k undefined\" \/>Beaut\u00e9 et soins personnels - Fabricant de sacs en aluminium-plastique pour masques<br class=\"container-utlnW2 wrapper-d0Cc1k undefined\" \/>\u00c9chantillons de beaut\u00e9, Cat\u00e9gories de masques, Essences haut de gamme<br class=\"container-utlnW2 wrapper-d0Cc1k undefined\" \/>\u00c9lectronique et num\u00e9rique - Sacs d'emballage antistatiques<br class=\"container-utlnW2 wrapper-d0Cc1k undefined\" \/>C\u00e2bles de donn\u00e9es\/\u00e9couteurs, Accessoires pour t\u00e9l\u00e9phones mobiles, Pi\u00e8ces de pr\u00e9cision<br class=\"container-utlnW2 wrapper-d0Cc1k undefined\" \/>Jouets \u00e0 la mode - Sacs d'emballage personnalis\u00e9s pour bo\u00eetes aveugles<br class=\"container-utlnW2 wrapper-d0Cc1k undefined\" \/>Figurines jouets tendance, aliments pour animaux, cadeaux culturels et cr\u00e9atifs<\/p>\n<p><strong>Nous acceptons divers services personnalis\u00e9s de la part de nos clients. Si vous avez des conceptions ou des id\u00e9es, n'h\u00e9sitez pas \u00e0 nous contacter. <a href=\"https:\/\/www.ywccpackage.com\/fr\/contact-us\/\">nous contacter<\/a>.<\/strong><\/p>\n<h2>Usine<\/h2>\n<p>Les <a href=\"https:\/\/www.ywccpackage.com\/fr\/about-us\/\"><strong>usine de sacs d'emballage<\/strong><\/a> d\u00e9signe les sp\u00e9cifications, les dimensions et l'\u00e9paisseur, avec un stock suffisant (non imprim\u00e9) pour une exp\u00e9dition rapide.<\/p>\n<p>4 usines annexes de <a href=\"https:\/\/www.ywccpackage.com\/fr\/products\/\"><strong>sacs ziplock imprim\u00e9s personnalis\u00e9s<\/strong><\/a><br \/>\nCapacit\u00e9 de production journali\u00e8re de 200 tonnes<br \/>\nCapacit\u00e9 de production journali\u00e8re de 6 millions de sacs<br \/>\nB\u00e2timents industriels d'une superficie de 34 000 m\u00e8tres carr\u00e9s<br \/>\nConforme aux certifications internationales, telles que ISO 9001, SGS, BSCI, FSC, REACH, etc.<\/p>\n<p><img loading=\"lazy\" decoding=\"async\" class=\"size-full wp-image-12579 aligncenter\" data-src=\"https:\/\/www.ywccpackage.com\/wp-content\/uploads\/2025\/06\/factory.webp\" alt=\"Usine\" width=\"750\" height=\"2000\" srcset=\"https:\/\/www.ywccpackage.com\/wp-content\/uploads\/2025\/06\/factory.webp 750w, https:\/\/www.ywccpackage.com\/wp-content\/uploads\/2025\/06\/factory-480x1280.webp 480w\" sizes=\"(min-width: 0px) and (max-width: 480px) 480px, (min-width: 481px) 750px, 100vw\" \/> <img loading=\"lazy\" decoding=\"async\" class=\"aligncenter wp-image-12580\" data-src=\"https:\/\/www.ywccpackage.com\/wp-content\/uploads\/2025\/06\/Factory-1.webp\" alt=\"Usine\" width=\"750\" height=\"656\" \/> <img loading=\"lazy\" decoding=\"async\" class=\"wp-image-12578 aligncenter\" data-src=\"https:\/\/www.ywccpackage.com\/wp-content\/uploads\/2025\/06\/Factory-2.webp\" alt=\"Usine\" width=\"750\" height=\"750\" \/><\/p>\n<h2>Certifications : Affichage des logos\/certificats Emballage personnalis\u00e9 pour une marque de v\u00eatements<\/h2>\n<p><img loading=\"lazy\" decoding=\"async\" class=\"aligncenter wp-image-12581\" data-src=\"https:\/\/www.ywccpackage.com\/wp-content\/uploads\/2025\/06\/Certificate.webp\" alt=\"Certificat\" width=\"750\" height=\"1113\" srcset=\"https:\/\/www.ywccpackage.com\/wp-content\/uploads\/2025\/06\/Certificate.webp 750w, https:\/\/www.ywccpackage.com\/wp-content\/uploads\/2025\/06\/Certificate-480x713.webp 480w\" sizes=\"(min-width: 0px) and (max-width: 480px) 480px, (min-width: 481px) 750px, 100vw\" \/><\/p>\n<h2>A propos de nous<\/h2>\n<p>Cr\u00e9ez des emballages de marque qui se d\u00e9marquent ! Nous fournissons des\u00a0<a href=\"http:\/\/www.ywccpackage.com\/fr\/\"><strong>sacs en plastique personnalis\u00e9s avec logo<\/strong><\/a>\u00a0- y compris durable\u00a0<strong>sac avec fermeture \u00e9clair<\/strong> options. Choisissez la polyvalence <strong>sac \u00e0 fermeture \u00e9clair transparent<\/strong>,\u00a0<strong>sac plastique \u00e0 fermeture \u00e9clair<\/strong>et\u00a0<strong>sac \u00e0 fermeture \u00e9clair en pvc<\/strong> solutions. Nos services <strong>Emballage personnalis\u00e9 pour une marque de v\u00eatements<\/strong>\u00a0mettent en valeur le contenu tout en prot\u00e9geant les produits. Id\u00e9al pour la vente au d\u00e9tail, les cadeaux et les promotions. Imperm\u00e9ables, r\u00e9utilisables et pr\u00eates pour la vente au d\u00e9tail. Am\u00e9liorez la visibilit\u00e9 de votre marque avec des pochettes zipp\u00e9es personnalis\u00e9es et professionnelles. <a href=\"https:\/\/www.ywccpackage.com\/fr\/contact-us\/\"><strong>Commandez des \u00e9chantillons d\u00e8s aujourd'hui<\/strong><\/a>!<\/p>","protected":false},"excerpt":{"rendered":"<p>Canevas de marque \u00e0 360\u00b0, laissez le produit parler de lui-m\u00eame !<br class=\"container-utlnW2 wrapper-d0Cc1k undefined\" \/>&#8220;When consumers make the first &#8211; glance purchase decision \u2014\u2014<br class=\"container-utlnW2 wrapper-d0Cc1k undefined\" \/>Full &#8211; page printed packaging bags create a panoramic visual impact, breaking through hesitation in 0.3 seconds!<br class=\"container-utlnW2 wrapper-d0Cc1k undefined\" \/>Bid farewell to mediocre white &#8211; background packaging, seize the mind with stunning colors,<br class=\"container-utlnW2 wrapper-d0Cc1k undefined\" \/>and make the packaging a &#8216;Silent Salesperson&#8217; that operates 24 hours a day.<\/p>","protected":false},"featured_media":12800,"template":"","meta":{"_et_pb_use_builder":"","_et_pb_old_content":"","_et_gb_content_width":""},"product_cat":[193],"product_tag":[208,209,210],"yoast_head":"<!-- This site is optimized with the Yoast SEO plugin v22.7 - https:\/\/yoast.com\/wordpress\/plugins\/seo\/ -->\n<title>Custom Packaging for Clothing Brand - Boost Sales &amp; Recognition<\/title>\n<meta name=\"description\" content=\"Custom packaging for clothing brands enhances shelf appeal, boosts order value, and prevents counterfeiting. Full-page printing drives sales. Trusted by 23+ sub-fields.\" \/>\n<meta name=\"robots\" content=\"index, follow, max-snippet:-1, max-image-preview:large, max-video-preview:-1\" \/>\n<link rel=\"canonical\" href=\"https:\/\/www.ywccpackage.com\/fr\/produit\/full-print-zip-pouches-custom-packaging-for-clothing-brand-for-cosmetics-travel\/\" \/>\n<meta property=\"og:locale\" content=\"fr_FR\" \/>\n<meta property=\"og:type\" content=\"article\" \/>\n<meta property=\"og:title\" content=\"Custom Packaging for Clothing Brand - Boost Sales &amp; Recognition\" \/>\n<meta property=\"og:description\" content=\"Custom packaging for clothing brands enhances shelf appeal, boosts order value, and prevents counterfeiting. Full-page printing drives sales. Trusted by 23+ sub-fields.\" \/>\n<meta property=\"og:url\" content=\"https:\/\/www.ywccpackage.com\/fr\/produit\/full-print-zip-pouches-custom-packaging-for-clothing-brand-for-cosmetics-travel\/\" \/>\n<meta property=\"og:site_name\" content=\"YWCC Package\" \/>\n<meta property=\"article:modified_time\" content=\"2025-08-20T07:47:10+00:00\" \/>\n<meta property=\"og:image\" content=\"https:\/\/www.ywccpackage.com\/wp-content\/uploads\/2025\/08\/Custom-Packaging-for-Clothing-Brand1.webp\" \/>\n\t<meta property=\"og:image:width\" content=\"1100\" \/>\n\t<meta property=\"og:image:height\" content=\"1100\" \/>\n\t<meta property=\"og:image:type\" content=\"image\/webp\" \/>\n<meta name=\"twitter:card\" content=\"summary_large_image\" \/>\n<meta name=\"twitter:label1\" content=\"Dur\u00e9e de lecture estim\u00e9e\" \/>\n\t<meta name=\"twitter:data1\" content=\"3 minutes\" \/>\n<script type=\"application\/ld+json\" class=\"yoast-schema-graph\">{\"@context\":\"https:\/\/schema.org\",\"@graph\":[{\"@type\":\"WebPage\",\"@id\":\"https:\/\/www.ywccpackage.com\/product\/full-print-zip-pouches-custom-packaging-for-clothing-brand-for-cosmetics-travel\/\",\"url\":\"https:\/\/www.ywccpackage.com\/product\/full-print-zip-pouches-custom-packaging-for-clothing-brand-for-cosmetics-travel\/\",\"name\":\"Custom Packaging for Clothing Brand - Boost Sales & Recognition\",\"isPartOf\":{\"@id\":\"https:\/\/www.ywccpackage.com\/#website\"},\"primaryImageOfPage\":{\"@id\":\"https:\/\/www.ywccpackage.com\/product\/full-print-zip-pouches-custom-packaging-for-clothing-brand-for-cosmetics-travel\/#primaryimage\"},\"image\":{\"@id\":\"https:\/\/www.ywccpackage.com\/product\/full-print-zip-pouches-custom-packaging-for-clothing-brand-for-cosmetics-travel\/#primaryimage\"},\"thumbnailUrl\":\"https:\/\/www.ywccpackage.com\/wp-content\/uploads\/2025\/08\/Custom-Packaging-for-Clothing-Brand1.webp\",\"datePublished\":\"2025-08-01T07:02:08+00:00\",\"dateModified\":\"2025-08-20T07:47:10+00:00\",\"description\":\"Custom packaging for clothing brands enhances shelf appeal, boosts order value, and prevents counterfeiting. Full-page printing drives sales. Trusted by 23+ sub-fields.\",\"breadcrumb\":{\"@id\":\"https:\/\/www.ywccpackage.com\/product\/full-print-zip-pouches-custom-packaging-for-clothing-brand-for-cosmetics-travel\/#breadcrumb\"},\"inLanguage\":\"fr-FR\",\"potentialAction\":[{\"@type\":\"ReadAction\",\"target\":[\"https:\/\/www.ywccpackage.com\/product\/full-print-zip-pouches-custom-packaging-for-clothing-brand-for-cosmetics-travel\/\"]}]},{\"@type\":\"ImageObject\",\"inLanguage\":\"fr-FR\",\"@id\":\"https:\/\/www.ywccpackage.com\/product\/full-print-zip-pouches-custom-packaging-for-clothing-brand-for-cosmetics-travel\/#primaryimage\",\"url\":\"https:\/\/www.ywccpackage.com\/wp-content\/uploads\/2025\/08\/Custom-Packaging-for-Clothing-Brand1.webp\",\"contentUrl\":\"https:\/\/www.ywccpackage.com\/wp-content\/uploads\/2025\/08\/Custom-Packaging-for-Clothing-Brand1.webp\",\"width\":1100,\"height\":1100,\"caption\":\"Custom Packaging for Clothing Brand\"},{\"@type\":\"BreadcrumbList\",\"@id\":\"https:\/\/www.ywccpackage.com\/product\/full-print-zip-pouches-custom-packaging-for-clothing-brand-for-cosmetics-travel\/#breadcrumb\",\"itemListElement\":[{\"@type\":\"ListItem\",\"position\":1,\"name\":\"Home\",\"item\":\"https:\/\/www.ywccpackage.com\/\"},{\"@type\":\"ListItem\",\"position\":2,\"name\":\"Products\",\"item\":\"https:\/\/www.ywccpackage.com\/shop\/\"},{\"@type\":\"ListItem\",\"position\":3,\"name\":\"Full Print Zip Pouches | Custom Packaging for Clothing Brand for Cosmetics &#038; Travel\"}]},{\"@type\":\"WebSite\",\"@id\":\"https:\/\/www.ywccpackage.com\/#website\",\"url\":\"https:\/\/www.ywccpackage.com\/\",\"name\":\"YWCC Package\",\"description\":\"YWCC Package\",\"potentialAction\":[{\"@type\":\"SearchAction\",\"target\":{\"@type\":\"EntryPoint\",\"urlTemplate\":\"https:\/\/www.ywccpackage.com\/?s={search_term_string}\"},\"query-input\":\"required name=search_term_string\"}],\"inLanguage\":\"fr-FR\"}]}<\/script>\n<!-- \/ Yoast SEO plugin. -->","yoast_head_json":{"title":"Custom Packaging for Clothing Brand - Boost Sales & Recognition","description":"Custom packaging for clothing brands enhances shelf appeal, boosts order value, and prevents counterfeiting. Full-page printing drives sales. Trusted by 23+ sub-fields.","robots":{"index":"index","follow":"follow","max-snippet":"max-snippet:-1","max-image-preview":"max-image-preview:large","max-video-preview":"max-video-preview:-1"},"canonical":"https:\/\/www.ywccpackage.com\/fr\/produit\/full-print-zip-pouches-custom-packaging-for-clothing-brand-for-cosmetics-travel\/","og_locale":"fr_FR","og_type":"article","og_title":"Custom Packaging for Clothing Brand - Boost Sales & Recognition","og_description":"Custom packaging for clothing brands enhances shelf appeal, boosts order value, and prevents counterfeiting. Full-page printing drives sales. Trusted by 23+ sub-fields.","og_url":"https:\/\/www.ywccpackage.com\/fr\/produit\/full-print-zip-pouches-custom-packaging-for-clothing-brand-for-cosmetics-travel\/","og_site_name":"YWCC Package","article_modified_time":"2025-08-20T07:47:10+00:00","og_image":[{"width":1100,"height":1100,"url":"https:\/\/www.ywccpackage.com\/wp-content\/uploads\/2025\/08\/Custom-Packaging-for-Clothing-Brand1.webp","type":"image\/webp"}],"twitter_card":"summary_large_image","twitter_misc":{"Dur\u00e9e de lecture estim\u00e9e":"3 minutes"},"schema":{"@context":"https:\/\/schema.org","@graph":[{"@type":"WebPage","@id":"https:\/\/www.ywccpackage.com\/product\/full-print-zip-pouches-custom-packaging-for-clothing-brand-for-cosmetics-travel\/","url":"https:\/\/www.ywccpackage.com\/product\/full-print-zip-pouches-custom-packaging-for-clothing-brand-for-cosmetics-travel\/","name":"Custom Packaging for Clothing Brand - Boost Sales & Recognition","isPartOf":{"@id":"https:\/\/www.ywccpackage.com\/#website"},"primaryImageOfPage":{"@id":"https:\/\/www.ywccpackage.com\/product\/full-print-zip-pouches-custom-packaging-for-clothing-brand-for-cosmetics-travel\/#primaryimage"},"image":{"@id":"https:\/\/www.ywccpackage.com\/product\/full-print-zip-pouches-custom-packaging-for-clothing-brand-for-cosmetics-travel\/#primaryimage"},"thumbnailUrl":"https:\/\/www.ywccpackage.com\/wp-content\/uploads\/2025\/08\/Custom-Packaging-for-Clothing-Brand1.webp","datePublished":"2025-08-01T07:02:08+00:00","dateModified":"2025-08-20T07:47:10+00:00","description":"Custom packaging for clothing brands enhances shelf appeal, boosts order value, and prevents counterfeiting. Full-page printing drives sales. Trusted by 23+ sub-fields.","breadcrumb":{"@id":"https:\/\/www.ywccpackage.com\/product\/full-print-zip-pouches-custom-packaging-for-clothing-brand-for-cosmetics-travel\/#breadcrumb"},"inLanguage":"fr-FR","potentialAction":[{"@type":"ReadAction","target":["https:\/\/www.ywccpackage.com\/product\/full-print-zip-pouches-custom-packaging-for-clothing-brand-for-cosmetics-travel\/"]}]},{"@type":"ImageObject","inLanguage":"fr-FR","@id":"https:\/\/www.ywccpackage.com\/product\/full-print-zip-pouches-custom-packaging-for-clothing-brand-for-cosmetics-travel\/#primaryimage","url":"https:\/\/www.ywccpackage.com\/wp-content\/uploads\/2025\/08\/Custom-Packaging-for-Clothing-Brand1.webp","contentUrl":"https:\/\/www.ywccpackage.com\/wp-content\/uploads\/2025\/08\/Custom-Packaging-for-Clothing-Brand1.webp","width":1100,"height":1100,"caption":"Custom Packaging for Clothing Brand"},{"@type":"BreadcrumbList","@id":"https:\/\/www.ywccpackage.com\/product\/full-print-zip-pouches-custom-packaging-for-clothing-brand-for-cosmetics-travel\/#breadcrumb","itemListElement":[{"@type":"ListItem","position":1,"name":"Home","item":"https:\/\/www.ywccpackage.com\/"},{"@type":"ListItem","position":2,"name":"Products","item":"https:\/\/www.ywccpackage.com\/shop\/"},{"@type":"ListItem","position":3,"name":"Full Print Zip Pouches | Custom Packaging for Clothing Brand for Cosmetics &#038; Travel"}]},{"@type":"WebSite","@id":"https:\/\/www.ywccpackage.com\/#website","url":"https:\/\/www.ywccpackage.com\/","name":"YWCC Package","description":"YWCC Package","potentialAction":[{"@type":"SearchAction","target":{"@type":"EntryPoint","urlTemplate":"https:\/\/www.ywccpackage.com\/?s={search_term_string}"},"query-input":"required name=search_term_string"}],"inLanguage":"fr-FR"}]}},"_links":{"self":[{"href":"https:\/\/www.ywccpackage.com\/fr\/wp-json\/wp\/v2\/product\/12798"}],"collection":[{"href":"https:\/\/www.ywccpackage.com\/fr\/wp-json\/wp\/v2\/product"}],"about":[{"href":"https:\/\/www.ywccpackage.com\/fr\/wp-json\/wp\/v2\/types\/product"}],"wp:featuredmedia":[{"embeddable":true,"href":"https:\/\/www.ywccpackage.com\/fr\/wp-json\/wp\/v2\/media\/12800"}],"wp:attachment":[{"href":"https:\/\/www.ywccpackage.com\/fr\/wp-json\/wp\/v2\/media?parent=12798"}],"wp:term":[{"taxonomy":"product_cat","embeddable":true,"href":"https:\/\/www.ywccpackage.com\/fr\/wp-json\/wp\/v2\/product_cat?post=12798"},{"taxonomy":"product_tag","embeddable":true,"href":"https:\/\/www.ywccpackage.com\/fr\/wp-json\/wp\/v2\/product_tag?post=12798"}],"curies":[{"name":"wp","href":"https:\/\/api.w.org\/{rel}","templated":true}]}}