{"id":12805,"date":"2025-08-01T08:34:30","date_gmt":"2025-08-01T08:34:30","guid":{"rendered":"https:\/\/www.ywccpackage.com\/?post_type=product&#038;p=12805"},"modified":"2025-11-03T08:39:36","modified_gmt":"2025-11-03T08:39:36","slug":"self-seal-19x24-poly-mailers-waterproof-resealable-adhesive-bags-ecommerce-packaging","status":"publish","type":"product","link":"https:\/\/www.ywccpackage.com\/fr\/produit\/self-seal-19x24-poly-mailers-waterproof-resealable-adhesive-bags-ecommerce-packaging\/","title":{"rendered":"Self Seal 19\u00d724 Poly Mailers - Sacs adh\u00e9sifs imperm\u00e9ables et refermables | Emballage Ecommerce"},"content":{"rendered":"<div class=\"flex w-full\">\n<div class=\"w-full h-fit show-scroll-bar\" data-testid=\"receive-message-box\" data-plugin-identifier=\"Symbol(default-receive-message-box)\">\n<div class=\"container-ZYIsnH flow-markdown-body theme-samantha-Nbr9UN\" dir=\"ltr\" data-testid=\"message_text_content\" data-show-indicator=\"false\">\n<div class=\"auto-hide-last-sibling-br paragraph-JOTKXA paragraph-element br-paragraph-space\">\n<h2>Why Choose Our 19&#215;24 Poly Mailers<\/h2>\n<div class=\"auto-hide-last-sibling-br paragraph-JOTKXA paragraph-element br-paragraph-space\"><strong><a href=\"https:\/\/www.ywccpackage.com\/fr\/produit\/self-seal-19x24-poly-mailers-waterproof-resealable-adhesive-bags-ecommerce-packaging\/\">19&#215;24 Poly Mailers<\/a> Rituel de d\u00e9ballage - Catalyseur d'achats r\u00e9p\u00e9t\u00e9s<\/strong>. Vous n\u00e9gligez souvent les cartes de remerciement et les coupons ? Placez-les \u00e0 la premi\u00e8re vue lors du d\u00e9ballage, et les taux de remboursement des coupons augmenteront de 90%. Cela favorise les achats r\u00e9p\u00e9t\u00e9s.<\/div>\n<p>&nbsp;<\/p>\n<div class=\"auto-hide-last-sibling-br paragraph-JOTKXA paragraph-element br-paragraph-space\"><strong>Impression de la marque | Espace publicitaire \u00e0 co\u00fbt z\u00e9ro<\/strong>. Do you forget plain packaging once opened? Custom logo adhesive bags can stick to users&#8217; desktops or notebooks, getting 15 daily brand exposures on average.<\/div>\n<p>&nbsp;<\/p>\n<div class=\"auto-hide-last-sibling-br paragraph-JOTKXA paragraph-element br-paragraph-space\"><strong>Tri efficace - Entrep\u00f4t<\/strong>. L'assemblage de commandes multi-SKU est-il inefficace ? Si l'on ajoute des kits d'accessoires pr\u00e9encoll\u00e9s, chaque ouvrier de la cha\u00eene de montage peut traiter en moyenne 50 commandes suppl\u00e9mentaires par jour.<\/div>\n<p>&nbsp;<\/p>\n<div class=\"auto-hide-last-sibling-br paragraph-JOTKXA paragraph-element br-paragraph-space\"><strong>Efficacit\u00e9 ultime<\/strong>: Il suffit de d\u00e9tacher d\u00e9licatement la bande de protection adh\u00e9sive, de l'aligner sur la zone de scellage et d'appuyer pour sceller. L'ensemble du processus ne prend que quelques secondes. Il est beaucoup plus efficace que l'emballage traditionnel \u00e0 l'aide de ruban adh\u00e9sif, en particulier pour l'emballage \u00e0 haute intensit\u00e9 comme le commerce \u00e9lectronique et la logistique.<\/div>\n<p>&nbsp;<\/p>\n<div class=\"auto-hide-last-sibling-br paragraph-JOTKXA paragraph-element br-paragraph-space\"><strong>Une protection fiable<\/strong>: Il utilise [description sp\u00e9cifique, telle que l'adh\u00e9sif autocollant haute performance\/l'adh\u00e9sif thermofusible]. L'adh\u00e9rence forte et durable maintient le sceau fermement lors des chocs du transport, prot\u00e9geant ainsi les articles \u00e0 l'int\u00e9rieur. Il laisse peu de r\u00e9sidus lorsqu'il est arrach\u00e9, ce qui permet de garder les articles propres (en particulier pour la version en papier kraft).<\/div>\n<p>&nbsp;<\/p>\n<div class=\"auto-hide-last-sibling-br paragraph-JOTKXA paragraph-element br-paragraph-space\"><strong>Image professionnelle<\/strong>: Le scellage plat et lisse donne \u00e0 votre paquet ou \u00e0 votre pochette de documents un aspect plus net et plus professionnel. L'image de marque et la confiance des clients s'en trouvent instantan\u00e9ment renforc\u00e9es.<\/div>\n<p>&nbsp;<\/p>\n<div class=\"auto-hide-last-sibling-br paragraph-JOTKXA paragraph-element br-paragraph-space\"><strong>Flexible et pratique<\/strong> (le cas \u00e9ch\u00e9ant) : Certains mod\u00e8les adh\u00e9sifs permettent de les ouvrir et de les fermer plusieurs fois. Il est ainsi facile de v\u00e9rifier ou d'obtenir des articles dans le sac \u00e0 tout moment. Il est parfait pour envoyer des \u00e9chantillons, ranger des accessoires et g\u00e9rer des documents.<\/div>\n<p>&nbsp;<\/p>\n<div class=\"auto-hide-last-sibling-br paragraph-JOTKXA paragraph-element br-paragraph-space\"><strong>\u00c9conomique et respectueux de l'environnement<\/strong>: Il remplace le ruban adh\u00e9sif, ce qui r\u00e9duit les achats de ruban et les d\u00e9chets. Il acc\u00e9l\u00e8re l'emballage, r\u00e9duisant ainsi les co\u00fbts de main-d'\u0153uvre. Nous proposons des options de papier kraft recyclable pour soutenir la protection de l'environnement et renforcer la responsabilit\u00e9 sociale de votre entreprise.<\/div>\n<\/div>\n<\/div>\n<\/div>\n<\/div>\n<div><\/div>\n<div><strong>\u00c9l\u00e9gant et beau<\/strong>: Am\u00e9liorer l'image professionnelle du paquet pour une meilleure exp\u00e9rience client.<\/div>\n<div><\/div>\n<div><strong>Plusieurs tailles disponibles<\/strong>: Convient parfaitement \u00e0 tous les objets, des cartes aux documents.<\/div>\n<div><\/div>\n<div><strong>Mati\u00e8re plastique \u00e0 haute transparence<\/strong>: Le contenu est clairement visible et peut \u00eatre identifi\u00e9 sans ouvrir le sac ! Il facilite la gestion des stocks, la recherche d'articles et l'inspection de la qualit\u00e9.<\/div>\n<div><\/div>\n<div><strong>Barri\u00e8re de protection de base<\/strong>: &#8220;Comprehensive protection to keep items clean as new!&#8221; Prolong the storage time and service condition of items.<\/div>\n<div><\/div>\n<div><strong>Service personnalis\u00e9<\/strong>: Des solutions sur mesure pour r\u00e9pondre \u00e0 vos besoins uniques !<\/div>\n<div><\/div>\n<div><strong>Les produits font l'objet de plusieurs descriptions pour r\u00e9pondre \u00e0 diff\u00e9rents sc\u00e9narios.<\/strong><\/div>\n<div><br class=\"container-utlnW2 wrapper-d0Cc1k undefined\" \/>Adhesive-backed bags, self-adhesive bags, plastic bags with adhesive, glue-bonded bags, self &#8211; sealing adhesive bags, bags with adhesive bottom, self &#8211; adhesive label bags<br class=\"container-utlnW2 wrapper-d0Cc1k undefined\" \/>Sacs fixes, sacs anti-glissement, sacs anti-d\u00e9versement, sacs anti-d\u00e9placement, sacs de positionnement, sacs de collage, sacs d'emballage<br class=\"container-utlnW2 wrapper-d0Cc1k undefined\" \/>sacs \u00e0 dos adh\u00e9sifs en PET, sacs \u00e0 dos adh\u00e9sifs en PP, sacs \u00e0 dos adh\u00e9sifs en PE, sacs \u00e0 dos adh\u00e9sifs transparents, sacs \u00e0 dos adh\u00e9sifs \u00e0 haute viscosit\u00e9, sacs \u00e0 dos adh\u00e9sifs r\u00e9sistants, sacs \u00e0 dos adh\u00e9sifs amovibles (s'ils s'enl\u00e8vent sans laisser de r\u00e9sidus), sacs \u00e0 dos adh\u00e9sifs antistatiques, sacs \u00e0 dos adh\u00e9sifs personnalis\u00e9s<\/div>\n<div><\/div>\n<h2>Applications of the\u00a019&#215;24 Poly Mailers<\/h2>\n<div class=\"auto-hide-last-sibling-br paragraph-JOTKXA paragraph-element br-paragraph-space\"><strong>Industrie manufacturi\u00e8re et \u00e9lectronique<\/strong><br class=\"container-utlnW2 wrapper-d0Cc1k undefined\" \/>Probl\u00e8mes : Dispersion des petites pi\u00e8ces, dommages \u00e9lectrostatiques, processus de production inefficaces<br class=\"container-utlnW2 wrapper-d0Cc1k undefined\" \/>Electronic components: Anti &#8211; static packaging for SMT patches, IC chips, capacitors and resistors (Anti &#8211; static adhesive &#8211; backed bags, electronic component packaging bags)<br class=\"container-utlnW2 wrapper-d0Cc1k undefined\" \/>Precision instruments: Fixing and preventing loss of screws, springs, and micro &#8211; gears (Small parts anti &#8211; scattering bags, hardware accessory positioning bags)<br class=\"container-utlnW2 wrapper-d0Cc1k undefined\" \/>Assembly line operations: Quickly paste labels\/instructions on product casings (Industrial self &#8211; adhesive packaging bags, high &#8211; efficiency production line packaging)<\/div>\n<p>&nbsp;<\/p>\n<div class=\"auto-hide-last-sibling-br paragraph-JOTKXA paragraph-element br-paragraph-space\"><strong>E &#8211; commerce Logistics and Product Packaging<\/strong><br class=\"container-utlnW2 wrapper-d0Cc1k undefined\" \/>Probl\u00e8mes rencontr\u00e9s : Articles d\u00e9plac\u00e9s pendant le transport, mauvaise exp\u00e9rience de d\u00e9ballage, faible perception de la marque<br class=\"container-utlnW2 wrapper-d0Cc1k undefined\" \/>Product fixation: Stick lipsticks and sample trial packs inside express boxes to prevent shaking (Keywords: E &#8211; commerce shock &#8211; proof packaging bags, express &#8211; fixing self &#8211; adhesive bags)<br class=\"container-utlnW2 wrapper-d0Cc1k undefined\" \/>Unboxing experience: Paste warranty cards\/thank &#8211; you cards on the inner wall of the packaging box (Keywords: Brand adhesive &#8211; backed accessory bags, unboxing surprise design)<br class=\"container-utlnW2 wrapper-d0Cc1k undefined\" \/>Multi &#8211; product combination: Adhere free gifts to the main product packaging (Keywords: Combined marketing adhesive &#8211; backed bags, free &#8211; gift fixation solutions)<\/div>\n<p>&nbsp;<\/p>\n<div class=\"auto-hide-last-sibling-br paragraph-JOTKXA paragraph-element br-paragraph-space\"><strong>Pr\u00e9sentation au d\u00e9tail et gestion des produits<\/strong><br class=\"container-utlnW2 wrapper-d0Cc1k undefined\" \/>Core pain points: Messy displays, price tags prone to falling off, anti &#8211; theft needs<br class=\"container-utlnW2 wrapper-d0Cc1k undefined\" \/>Applications sc\u00e9niques :<br class=\"container-utlnW2 wrapper-d0Cc1k undefined\" \/>Shelf display: Paste small items (earrings, buttons) on display cards (Retail display adhesive &#8211; backed bags, anti &#8211; theft transparent packaging)<br class=\"container-utlnW2 wrapper-d0Cc1k undefined\" \/>Dynamic pricing: Price &#8211; tag adhesive &#8211; backed bags directly cover old prices (Replaceable price &#8211; tag bags, promotion information fixation)<br class=\"container-utlnW2 wrapper-d0Cc1k undefined\" \/>Sample management: Paste cosmetic sample trial packs on the trial wall (Cosmetic sample display bags, nail &#8211; free pasting solutions)<\/div>\n<p>&nbsp;<\/p>\n<div class=\"auto-hide-last-sibling-br paragraph-JOTKXA paragraph-element br-paragraph-space\"><strong>Documents de bureau et conception cr\u00e9ative dans l'UE <a href=\"https:\/\/www.ywccpackage.com\/fr\/category\/mailer\/\">sacs postaux en plastique<\/a><\/strong><br class=\"container-utlnW2 wrapper-d0Cc1k undefined\" \/>Principaux points faibles : Perte de documents, inconv\u00e9nients li\u00e9s \u00e0 l'affichage temporaire, manque de professionnalisme<br class=\"container-utlnW2 wrapper-d0Cc1k undefined\" \/>Applications sc\u00e9niques :<br class=\"container-utlnW2 wrapper-d0Cc1k undefined\" \/>File archiving: Paste receipts\/invoices on the inner pages of account books (Invoice &#8211; fixing adhesive &#8211; backed bags, accounting transparent storage)<br class=\"container-utlnW2 wrapper-d0Cc1k undefined\" \/>Pr\u00e9sentation du portfolio : Coller les \u00e9bauches de dessins et les \u00e9chantillons de tissus sur des panneaux d'exposition (sacs d'\u00e9chantillons de dessins cr\u00e9atifs, protection adh\u00e9sive amovible).<br class=\"container-utlnW2 wrapper-d0Cc1k undefined\" \/>Meeting tools: Paste name &#8211; card holders and agenda sheets on the desktop (Meeting table &#8211; card fixing bags, temporary display magic tools)<\/div>\n<div><\/div>\n<div><strong>Nous acceptons divers services personnalis\u00e9s de la part de nos clients. Si vous avez des conceptions ou des id\u00e9es, n'h\u00e9sitez pas \u00e0 nous contacter. <a href=\"https:\/\/www.ywccpackage.com\/fr\/contact-us\/\">nous contacter<\/a>.<\/strong><\/div>\n<div>\n<h2>Usine<\/h2>\n<p>Les <a href=\"https:\/\/www.ywccpackage.com\/fr\/about-us\/\"><strong>sacs postaux de marque<\/strong><\/a> l'usine d\u00e9signe les sp\u00e9cifications, les dimensions et l'\u00e9paisseur, avec un stock suffisant (non imprim\u00e9) pour une exp\u00e9dition rapide.<\/p>\n<p>4 usines annexes<br \/>\nCapacit\u00e9 de production journali\u00e8re de 200 tonnes<br \/>\nCapacit\u00e9 de production journali\u00e8re de 6 millions de sacs<br \/>\nB\u00e2timents industriels d'une superficie de 34 000 m\u00e8tres carr\u00e9s<br \/>\nConforme aux certifications internationales, telles que ISO 9001, SGS, BSCI, FSC, REACH, etc.<\/p>\n<p><img loading=\"lazy\" decoding=\"async\" class=\"size-full wp-image-12579 aligncenter\" data-src=\"https:\/\/www.ywccpackage.com\/wp-content\/uploads\/2025\/06\/factory.webp\" alt=\"Usine\" width=\"750\" height=\"2000\" srcset=\"https:\/\/www.ywccpackage.com\/wp-content\/uploads\/2025\/06\/factory.webp 750w, https:\/\/www.ywccpackage.com\/wp-content\/uploads\/2025\/06\/factory-480x1280.webp 480w\" sizes=\"(min-width: 0px) and (max-width: 480px) 480px, (min-width: 481px) 750px, 100vw\" \/> <img loading=\"lazy\" decoding=\"async\" class=\"aligncenter wp-image-12580\" data-src=\"https:\/\/www.ywccpackage.com\/wp-content\/uploads\/2025\/06\/Factory-1.webp\" alt=\"Usine\" width=\"750\" height=\"656\" \/> <img loading=\"lazy\" decoding=\"async\" class=\"size-full wp-image-13110 aligncenter\" data-src=\"https:\/\/www.ywccpackage.com\/wp-content\/uploads\/2025\/07\/photobank.webp\" alt=\"Sacs d&#039;exp\u00e9dition de v\u00eatements \u00e9tanches\" width=\"800\" height=\"800\" srcset=\"https:\/\/www.ywccpackage.com\/wp-content\/uploads\/2025\/07\/photobank.webp 800w, https:\/\/www.ywccpackage.com\/wp-content\/uploads\/2025\/07\/photobank-480x480.webp 480w\" sizes=\"(min-width: 0px) and (max-width: 480px) 480px, (min-width: 481px) 800px, 100vw\" \/><\/p>\n<h2>Certifications : Affichage des logos\/certificats Emballage personnalis\u00e9 pour une marque de v\u00eatements<\/h2>\n<p><img loading=\"lazy\" decoding=\"async\" class=\"aligncenter wp-image-12581\" data-src=\"https:\/\/www.ywccpackage.com\/wp-content\/uploads\/2025\/06\/Certificate.webp\" alt=\"Certificat\" width=\"750\" height=\"1113\" srcset=\"https:\/\/www.ywccpackage.com\/wp-content\/uploads\/2025\/06\/Certificate.webp 750w, https:\/\/www.ywccpackage.com\/wp-content\/uploads\/2025\/06\/Certificate-480x713.webp 480w\" sizes=\"(min-width: 0px) and (max-width: 480px) 480px, (min-width: 481px) 750px, 100vw\" \/><\/p>\n<h2>A propos de nous<\/h2>\n<p>Cr\u00e9ez des emballages de marque qui se d\u00e9marquent ! Nous fournissons des\u00a0<a href=\"http:\/\/www.ywccpackage.com\/fr\/\"><strong>sacs en plastique personnalis\u00e9s avec logo<\/strong><\/a> - y compris des options de sacs durables. Choisissez la polyvalence <strong>sac \u00e0 fermeture \u00e9clair transparent<\/strong>,\u00a0<strong>sac plastique \u00e0 fermeture \u00e9clair<\/strong>et\u00a0<strong>sac \u00e0 fermeture \u00e9clair en pvc<\/strong> solutions. Nos services <strong>19&#215;24 Poly Mailers<\/strong> mettent en valeur le contenu tout en prot\u00e9geant les produits. Id\u00e9al pour la vente au d\u00e9tail, les cadeaux et les promotions. Imperm\u00e9ables, r\u00e9utilisables et pr\u00eates pour la vente au d\u00e9tail. Am\u00e9liorez la visibilit\u00e9 de votre marque avec des pochettes zipp\u00e9es professionnelles imprim\u00e9es sur mesure. <a href=\"https:\/\/www.ywccpackage.com\/fr\/contact-us\/\"><strong>Commandez des \u00e9chantillons d\u00e8s aujourd'hui<\/strong><\/a>!<\/p>\n<\/div>","protected":false},"excerpt":{"rendered":"<p>Vous avez encore des maux de t\u00eate \u00e0 ce sujet ?<br class=\"container-utlnW2 wrapper-d0Cc1k undefined\" \/>Vous recevez des critiques n\u00e9gatives parce que les cadeaux sont perdus ?<br class=\"container-utlnW2 wrapper-d0Cc1k undefined\" \/>Des petits objets se prom\u00e8nent-ils dans la bo\u00eete ?<br class=\"container-utlnW2 wrapper-d0Cc1k undefined\" \/>Les clients ne se souviennent pas de la marque ?<br class=\"container-utlnW2 wrapper-d0Cc1k undefined\" \/>--Un seul sac autocollant r\u00e9sout tous les probl\u00e8mes !<br class=\"container-utlnW2 wrapper-d0Cc1k undefined\" \/>Terminateur antiperte et antichoc. Les \u00e9chantillons de rouge \u00e0 l\u00e8vres et les c\u00e2bles de donn\u00e9es ne dispara\u00eetront plus jamais dans le coin de la bo\u00eete express.<br class=\"container-utlnW2 wrapper-d0Cc1k undefined\" \/>R\u00e9duire les litiges apr\u00e8s-vente caus\u00e9s par la perte d'accessoires par 30%.<\/p>","protected":false},"featured_media":12807,"template":"","meta":{"_et_pb_use_builder":"","_et_pb_old_content":"","_et_gb_content_width":""},"product_cat":[191],"product_tag":[203,204,205,206,207],"yoast_head":"<!-- This site is optimized with the Yoast SEO plugin v22.7 - https:\/\/yoast.com\/wordpress\/plugins\/seo\/ -->\n<title>19x24 Poly Mailers - Boost Brand &amp; Efficiency in Packaging<\/title>\n<meta name=\"description\" content=\"19x24 Poly Mailers enhance unboxing, aid brand exposure &amp; warehouse efficiency. Secure, customizable, ideal for e-commerce, retail &amp; offices. Eco-friendly options available.\" \/>\n<meta name=\"robots\" content=\"index, follow, max-snippet:-1, max-image-preview:large, max-video-preview:-1\" \/>\n<link rel=\"canonical\" href=\"https:\/\/www.ywccpackage.com\/fr\/produit\/self-seal-19x24-poly-mailers-waterproof-resealable-adhesive-bags-ecommerce-packaging\/\" \/>\n<meta property=\"og:locale\" content=\"fr_FR\" \/>\n<meta property=\"og:type\" content=\"article\" \/>\n<meta property=\"og:title\" content=\"19x24 Poly Mailers - Boost Brand &amp; Efficiency in Packaging\" \/>\n<meta property=\"og:description\" content=\"19x24 Poly Mailers enhance unboxing, aid brand exposure &amp; warehouse efficiency. Secure, customizable, ideal for e-commerce, retail &amp; offices. Eco-friendly options available.\" \/>\n<meta property=\"og:url\" content=\"https:\/\/www.ywccpackage.com\/fr\/produit\/self-seal-19x24-poly-mailers-waterproof-resealable-adhesive-bags-ecommerce-packaging\/\" \/>\n<meta property=\"og:site_name\" content=\"YWCC Package\" \/>\n<meta property=\"article:modified_time\" content=\"2025-11-03T08:39:36+00:00\" \/>\n<meta property=\"og:image\" content=\"https:\/\/www.ywccpackage.com\/wp-content\/uploads\/2025\/08\/Self-Seal-Poly-Bags-Waterproof-Resealable-Adhesive-Bags-Ecommerce-Packaging1.webp\" \/>\n\t<meta property=\"og:image:width\" content=\"1100\" \/>\n\t<meta property=\"og:image:height\" content=\"1100\" \/>\n\t<meta property=\"og:image:type\" content=\"image\/webp\" \/>\n<meta name=\"twitter:card\" content=\"summary_large_image\" \/>\n<meta name=\"twitter:label1\" content=\"Dur\u00e9e de lecture estim\u00e9e\" \/>\n\t<meta name=\"twitter:data1\" content=\"6 minutes\" \/>\n<script type=\"application\/ld+json\" class=\"yoast-schema-graph\">{\"@context\":\"https:\/\/schema.org\",\"@graph\":[{\"@type\":\"WebPage\",\"@id\":\"https:\/\/www.ywccpackage.com\/product\/self-seal-19x24-poly-mailers-waterproof-resealable-adhesive-bags-ecommerce-packaging\/\",\"url\":\"https:\/\/www.ywccpackage.com\/product\/self-seal-19x24-poly-mailers-waterproof-resealable-adhesive-bags-ecommerce-packaging\/\",\"name\":\"19x24 Poly Mailers - Boost Brand & Efficiency in Packaging\",\"isPartOf\":{\"@id\":\"https:\/\/www.ywccpackage.com\/#website\"},\"primaryImageOfPage\":{\"@id\":\"https:\/\/www.ywccpackage.com\/product\/self-seal-19x24-poly-mailers-waterproof-resealable-adhesive-bags-ecommerce-packaging\/#primaryimage\"},\"image\":{\"@id\":\"https:\/\/www.ywccpackage.com\/product\/self-seal-19x24-poly-mailers-waterproof-resealable-adhesive-bags-ecommerce-packaging\/#primaryimage\"},\"thumbnailUrl\":\"https:\/\/www.ywccpackage.com\/wp-content\/uploads\/2025\/08\/Self-Seal-Poly-Bags-Waterproof-Resealable-Adhesive-Bags-Ecommerce-Packaging1.webp\",\"datePublished\":\"2025-08-01T08:34:30+00:00\",\"dateModified\":\"2025-11-03T08:39:36+00:00\",\"description\":\"19x24 Poly Mailers enhance unboxing, aid brand exposure & warehouse efficiency. Secure, customizable, ideal for e-commerce, retail & offices. Eco-friendly options available.\",\"breadcrumb\":{\"@id\":\"https:\/\/www.ywccpackage.com\/product\/self-seal-19x24-poly-mailers-waterproof-resealable-adhesive-bags-ecommerce-packaging\/#breadcrumb\"},\"inLanguage\":\"fr-FR\",\"potentialAction\":[{\"@type\":\"ReadAction\",\"target\":[\"https:\/\/www.ywccpackage.com\/product\/self-seal-19x24-poly-mailers-waterproof-resealable-adhesive-bags-ecommerce-packaging\/\"]}]},{\"@type\":\"ImageObject\",\"inLanguage\":\"fr-FR\",\"@id\":\"https:\/\/www.ywccpackage.com\/product\/self-seal-19x24-poly-mailers-waterproof-resealable-adhesive-bags-ecommerce-packaging\/#primaryimage\",\"url\":\"https:\/\/www.ywccpackage.com\/wp-content\/uploads\/2025\/08\/Self-Seal-Poly-Bags-Waterproof-Resealable-Adhesive-Bags-Ecommerce-Packaging1.webp\",\"contentUrl\":\"https:\/\/www.ywccpackage.com\/wp-content\/uploads\/2025\/08\/Self-Seal-Poly-Bags-Waterproof-Resealable-Adhesive-Bags-Ecommerce-Packaging1.webp\",\"width\":1100,\"height\":1100,\"caption\":\"Self Seal Poly Bags - Waterproof Resealable Adhesive Bags Ecommerce Packaging\"},{\"@type\":\"BreadcrumbList\",\"@id\":\"https:\/\/www.ywccpackage.com\/product\/self-seal-19x24-poly-mailers-waterproof-resealable-adhesive-bags-ecommerce-packaging\/#breadcrumb\",\"itemListElement\":[{\"@type\":\"ListItem\",\"position\":1,\"name\":\"Home\",\"item\":\"https:\/\/www.ywccpackage.com\/\"},{\"@type\":\"ListItem\",\"position\":2,\"name\":\"Products\",\"item\":\"https:\/\/www.ywccpackage.com\/shop\/\"},{\"@type\":\"ListItem\",\"position\":3,\"name\":\"Self Seal 19&#215;24 Poly Mailers &#8211; Waterproof Resealable Adhesive Bags | Ecommerce Packaging\"}]},{\"@type\":\"WebSite\",\"@id\":\"https:\/\/www.ywccpackage.com\/#website\",\"url\":\"https:\/\/www.ywccpackage.com\/\",\"name\":\"YWCC Package\",\"description\":\"YWCC Package\",\"potentialAction\":[{\"@type\":\"SearchAction\",\"target\":{\"@type\":\"EntryPoint\",\"urlTemplate\":\"https:\/\/www.ywccpackage.com\/?s={search_term_string}\"},\"query-input\":\"required name=search_term_string\"}],\"inLanguage\":\"fr-FR\"}]}<\/script>\n<!-- \/ Yoast SEO plugin. -->","yoast_head_json":{"title":"19x24 Poly Mailers - Boost Brand & Efficiency in Packaging","description":"19x24 Poly Mailers enhance unboxing, aid brand exposure & warehouse efficiency. Secure, customizable, ideal for e-commerce, retail & offices. Eco-friendly options available.","robots":{"index":"index","follow":"follow","max-snippet":"max-snippet:-1","max-image-preview":"max-image-preview:large","max-video-preview":"max-video-preview:-1"},"canonical":"https:\/\/www.ywccpackage.com\/fr\/produit\/self-seal-19x24-poly-mailers-waterproof-resealable-adhesive-bags-ecommerce-packaging\/","og_locale":"fr_FR","og_type":"article","og_title":"19x24 Poly Mailers - Boost Brand & Efficiency in Packaging","og_description":"19x24 Poly Mailers enhance unboxing, aid brand exposure & warehouse efficiency. Secure, customizable, ideal for e-commerce, retail & offices. Eco-friendly options available.","og_url":"https:\/\/www.ywccpackage.com\/fr\/produit\/self-seal-19x24-poly-mailers-waterproof-resealable-adhesive-bags-ecommerce-packaging\/","og_site_name":"YWCC Package","article_modified_time":"2025-11-03T08:39:36+00:00","og_image":[{"width":1100,"height":1100,"url":"https:\/\/www.ywccpackage.com\/wp-content\/uploads\/2025\/08\/Self-Seal-Poly-Bags-Waterproof-Resealable-Adhesive-Bags-Ecommerce-Packaging1.webp","type":"image\/webp"}],"twitter_card":"summary_large_image","twitter_misc":{"Dur\u00e9e de lecture estim\u00e9e":"6 minutes"},"schema":{"@context":"https:\/\/schema.org","@graph":[{"@type":"WebPage","@id":"https:\/\/www.ywccpackage.com\/product\/self-seal-19x24-poly-mailers-waterproof-resealable-adhesive-bags-ecommerce-packaging\/","url":"https:\/\/www.ywccpackage.com\/product\/self-seal-19x24-poly-mailers-waterproof-resealable-adhesive-bags-ecommerce-packaging\/","name":"19x24 Poly Mailers - Boost Brand & Efficiency in Packaging","isPartOf":{"@id":"https:\/\/www.ywccpackage.com\/#website"},"primaryImageOfPage":{"@id":"https:\/\/www.ywccpackage.com\/product\/self-seal-19x24-poly-mailers-waterproof-resealable-adhesive-bags-ecommerce-packaging\/#primaryimage"},"image":{"@id":"https:\/\/www.ywccpackage.com\/product\/self-seal-19x24-poly-mailers-waterproof-resealable-adhesive-bags-ecommerce-packaging\/#primaryimage"},"thumbnailUrl":"https:\/\/www.ywccpackage.com\/wp-content\/uploads\/2025\/08\/Self-Seal-Poly-Bags-Waterproof-Resealable-Adhesive-Bags-Ecommerce-Packaging1.webp","datePublished":"2025-08-01T08:34:30+00:00","dateModified":"2025-11-03T08:39:36+00:00","description":"19x24 Poly Mailers enhance unboxing, aid brand exposure & warehouse efficiency. Secure, customizable, ideal for e-commerce, retail & offices. Eco-friendly options available.","breadcrumb":{"@id":"https:\/\/www.ywccpackage.com\/product\/self-seal-19x24-poly-mailers-waterproof-resealable-adhesive-bags-ecommerce-packaging\/#breadcrumb"},"inLanguage":"fr-FR","potentialAction":[{"@type":"ReadAction","target":["https:\/\/www.ywccpackage.com\/product\/self-seal-19x24-poly-mailers-waterproof-resealable-adhesive-bags-ecommerce-packaging\/"]}]},{"@type":"ImageObject","inLanguage":"fr-FR","@id":"https:\/\/www.ywccpackage.com\/product\/self-seal-19x24-poly-mailers-waterproof-resealable-adhesive-bags-ecommerce-packaging\/#primaryimage","url":"https:\/\/www.ywccpackage.com\/wp-content\/uploads\/2025\/08\/Self-Seal-Poly-Bags-Waterproof-Resealable-Adhesive-Bags-Ecommerce-Packaging1.webp","contentUrl":"https:\/\/www.ywccpackage.com\/wp-content\/uploads\/2025\/08\/Self-Seal-Poly-Bags-Waterproof-Resealable-Adhesive-Bags-Ecommerce-Packaging1.webp","width":1100,"height":1100,"caption":"Self Seal Poly Bags - Waterproof Resealable Adhesive Bags Ecommerce Packaging"},{"@type":"BreadcrumbList","@id":"https:\/\/www.ywccpackage.com\/product\/self-seal-19x24-poly-mailers-waterproof-resealable-adhesive-bags-ecommerce-packaging\/#breadcrumb","itemListElement":[{"@type":"ListItem","position":1,"name":"Home","item":"https:\/\/www.ywccpackage.com\/"},{"@type":"ListItem","position":2,"name":"Products","item":"https:\/\/www.ywccpackage.com\/shop\/"},{"@type":"ListItem","position":3,"name":"Self Seal 19&#215;24 Poly Mailers &#8211; Waterproof Resealable Adhesive Bags | Ecommerce Packaging"}]},{"@type":"WebSite","@id":"https:\/\/www.ywccpackage.com\/#website","url":"https:\/\/www.ywccpackage.com\/","name":"YWCC Package","description":"YWCC Package","potentialAction":[{"@type":"SearchAction","target":{"@type":"EntryPoint","urlTemplate":"https:\/\/www.ywccpackage.com\/?s={search_term_string}"},"query-input":"required name=search_term_string"}],"inLanguage":"fr-FR"}]}},"_links":{"self":[{"href":"https:\/\/www.ywccpackage.com\/fr\/wp-json\/wp\/v2\/product\/12805"}],"collection":[{"href":"https:\/\/www.ywccpackage.com\/fr\/wp-json\/wp\/v2\/product"}],"about":[{"href":"https:\/\/www.ywccpackage.com\/fr\/wp-json\/wp\/v2\/types\/product"}],"wp:featuredmedia":[{"embeddable":true,"href":"https:\/\/www.ywccpackage.com\/fr\/wp-json\/wp\/v2\/media\/12807"}],"wp:attachment":[{"href":"https:\/\/www.ywccpackage.com\/fr\/wp-json\/wp\/v2\/media?parent=12805"}],"wp:term":[{"taxonomy":"product_cat","embeddable":true,"href":"https:\/\/www.ywccpackage.com\/fr\/wp-json\/wp\/v2\/product_cat?post=12805"},{"taxonomy":"product_tag","embeddable":true,"href":"https:\/\/www.ywccpackage.com\/fr\/wp-json\/wp\/v2\/product_tag?post=12805"}],"curies":[{"name":"wp","href":"https:\/\/api.w.org\/{rel}","templated":true}]}}