{"id":12813,"date":"2025-08-01T08:44:30","date_gmt":"2025-08-01T08:44:30","guid":{"rendered":"https:\/\/www.ywccpackage.com\/?post_type=product&#038;p=12813"},"modified":"2025-11-03T08:36:33","modified_gmt":"2025-11-03T08:36:33","slug":"low-density-hdpe-poly-mailers-10x13-waterproof-durable-shipping-envelopes-eco-friendly-bulk-wholesale","status":"publish","type":"product","link":"https:\/\/www.ywccpackage.com\/fr\/produit\/low-density-hdpe-poly-mailers-10x13-waterproof-durable-shipping-envelopes-eco-friendly-bulk-wholesale\/","title":{"rendered":"HDPE Poly Mailers 10\u00d713 | Enveloppes d'exp\u00e9dition imperm\u00e9ables et durables | Respectueuses de l'environnement et vente en gros"},"content":{"rendered":"<h2>Description of Low Density HDPE Poly Mailers 10&#215;13<\/h2>\n<ul>\n<li><strong>R\u00e9duire consid\u00e9rablement les co\u00fbts d'emballage de <a href=\"https:\/\/www.ywccpackage.com\/fr\/produit\/low-density-hdpe-poly-mailers-10x13-waterproof-durable-shipping-envelopes-eco-friendly-bulk-wholesale\/\">Poly Mailers 10&#215;13<\/a><\/strong>: Le mat\u00e9riau lui-m\u00eame est peu co\u00fbteux et son excellente durabilit\u00e9 r\u00e9duit consid\u00e9rablement les co\u00fbts li\u00e9s aux dommages, aux retours et aux \u00e9changes pendant le transport.<\/li>\n<li><strong>Excellente r\u00e9sistance \u00e0 la perforation et \u00e0 l'abrasion<\/strong>: Le mat\u00e9riau PEHD basse pression pr\u00e9sente une r\u00e9sistance et une robustesse \u00e9lev\u00e9es, et r\u00e9siste efficacement aux frottements, \u00e0 l'extrusion et aux petites perforations pendant le transport.<\/li>\n<li><strong>Hautement recyclable et potentiel de r\u00e9duction du plastique<\/strong>: Le PEHD est le plastique #2 le plus largement recycl\u00e9. Il est plus facile \u00e0 recycler que les mat\u00e9riaux composites ou le papier bulle.<\/li>\n<li><strong>Excellentes propri\u00e9t\u00e9s d'imperm\u00e9abilit\u00e9 \u00e0 l'eau et \u00e0 l'humidit\u00e9<\/strong>: Isolation totale de la vapeur d'eau et des liquides, protection des articles internes (tels que les documents, les v\u00eatements, les articles non \u00e9lectroniques) contre les dommages caus\u00e9s par la pluie et les environnements humides.<\/li>\n<li><strong>Conception l\u00e9g\u00e8re<\/strong>: Le mat\u00e9riau HDPE lui-m\u00eame a une faible densit\u00e9, et les sacs-enveloppes fabriqu\u00e9s sont tr\u00e8s l\u00e9gers, ce qui contribue \u00e0 r\u00e9duire le poids total du colis et les frais d'exp\u00e9dition.<\/li>\n<li><strong>Utilisation pratique et efficace<\/strong>: Il peut \u00eatre utilis\u00e9 imm\u00e9diatement apr\u00e8s l'ouverture du sac. Apr\u00e8s avoir plac\u00e9 les articles, il suffit de fermer le sac (\u00e0 l'aide d'une bande autocollante) pour compl\u00e9ter l'emballage, ce qui am\u00e9liore consid\u00e9rablement l'efficacit\u00e9 de l'emballage.<\/li>\n<li><strong>Ultra-mince et plat, pour un gain de place<\/strong>: La pochette elle-m\u00eame est tr\u00e8s fine et peut \u00eatre empil\u00e9e pour le stockage, ce qui permet d'\u00e9conomiser de l'espace.<\/li>\n<li><strong>Impression personnalisable<\/strong>: Le <a href=\"https:\/\/www.ywccpackage.com\/fr\/category\/mailer\/\"><strong>sacs d'exp\u00e9dition \u00e9cologiques<\/strong><\/a> fournissent une base propre et professionnelle pour l'impression des logos de la marque et des informations, am\u00e9liorant ainsi l'image de la marque et l'exp\u00e9rience du client.<\/li>\n<\/ul>\n<h2>Applications<\/h2>\n<ul>\n<li>Commerce \u00e9lectronique de mode, boulochage des v\u00eatements d\u00fb au frottement\/\u00e0 la moisissure caus\u00e9e par l'humidit\u00e9. Sacs express en LDPE avec couche int\u00e9rieure super lisse + 100% r\u00e9sistant \u00e0 l'humidit\u00e9, r\u00e9duisant le taux de retour de 18% (test\u00e9 par les clients).<\/li>\n<li>Accessoires \u00e9lectroniques 3C, endommag\u00e9s par l'\u00e9lectricit\u00e9 statique\/la d\u00e9faillance due \u00e0 une l\u00e9g\u00e8re extrusion. Version antistatique ESD + r\u00e9sistance accrue \u00e0 la perforation, r\u00e9ussissant le test de pression statique de 15 kg (certifi\u00e9 internationalement).<\/li>\n<li>Beaut\u00e9 et soins personnels, les fuites de liquide contaminant l'emballage. Bord scell\u00e9 \u00e9paissi (1,5 fois la force de collage), avec une performance de scellage deux fois sup\u00e9rieure \u00e0 la norme nationale.<\/li>\n<li>Accessoires l\u00e9gers de luxe, perte caus\u00e9e par le per\u00e7age d'objets pointus. Structure r\u00e9sistante \u00e0 la perforation, avec une r\u00e9sistance \u00e0 la perforation de 350 N (120 N en moyenne dans l'industrie).<\/li>\n<li>Documents\/contrats, risques juridiques dus \u00e0 l'infiltration de l'eau de pluie. Structure \u00e9tanche enti\u00e8rement scell\u00e9e, imperm\u00e9able \u00e0 l'eau.<\/li>\n<\/ul>\n<p><strong>Nous acceptons divers services personnalis\u00e9s de la part de nos clients. Si vous avez des conceptions ou des id\u00e9es, n'h\u00e9sitez pas \u00e0 nous contacter. <a href=\"https:\/\/www.ywccpackage.com\/fr\/contact-us\/\">nous contacter<\/a>.<\/strong><\/p>\n<p>&nbsp;<\/p>\n<h2>Usine<\/h2>\n<p>Les <a href=\"https:\/\/www.ywccpackage.com\/fr\/about-us\/\"><strong>usine de sacs d'emballage<\/strong><\/a> d\u00e9signe les sp\u00e9cifications, les dimensions et l'\u00e9paisseur, avec un stock suffisant (non imprim\u00e9) pour une exp\u00e9dition rapide.<\/p>\n<p>4 usines annexes<br \/>\nCapacit\u00e9 de production journali\u00e8re de 200 tonnes<br \/>\nCapacit\u00e9 de production journali\u00e8re de 6 millions de sacs<br \/>\nB\u00e2timents industriels d'une superficie de 34 000 m\u00e8tres carr\u00e9s<br \/>\nConforme aux certifications internationales, telles que ISO 9001, SGS, BSCI, FSC, REACH, etc.<\/p>\n<p><img loading=\"lazy\" decoding=\"async\" class=\"size-full wp-image-12579 aligncenter\" data-src=\"https:\/\/www.ywccpackage.com\/wp-content\/uploads\/2025\/06\/factory.webp\" alt=\"Usine\" width=\"750\" height=\"2000\" srcset=\"https:\/\/www.ywccpackage.com\/wp-content\/uploads\/2025\/06\/factory.webp 750w, https:\/\/www.ywccpackage.com\/wp-content\/uploads\/2025\/06\/factory-480x1280.webp 480w\" sizes=\"(min-width: 0px) and (max-width: 480px) 480px, (min-width: 481px) 750px, 100vw\" \/> <img loading=\"lazy\" decoding=\"async\" class=\"aligncenter wp-image-12580\" data-src=\"https:\/\/www.ywccpackage.com\/wp-content\/uploads\/2025\/06\/Factory-1.webp\" alt=\"Usine\" width=\"750\" height=\"656\" \/> <img loading=\"lazy\" decoding=\"async\" class=\"size-full wp-image-13110 aligncenter\" data-src=\"https:\/\/www.ywccpackage.com\/wp-content\/uploads\/2025\/07\/photobank.webp\" alt=\"Sacs d&#039;exp\u00e9dition de v\u00eatements \u00e9tanches\" width=\"800\" height=\"800\" srcset=\"https:\/\/www.ywccpackage.com\/wp-content\/uploads\/2025\/07\/photobank.webp 800w, https:\/\/www.ywccpackage.com\/wp-content\/uploads\/2025\/07\/photobank-480x480.webp 480w\" sizes=\"(min-width: 0px) and (max-width: 480px) 480px, (min-width: 481px) 800px, 100vw\" \/><\/p>\n<h2>Certifications: Display logos\/certificates Poly Mailers 10&#215;13<\/h2>\n<p><img loading=\"lazy\" decoding=\"async\" class=\"aligncenter wp-image-12581\" data-src=\"https:\/\/www.ywccpackage.com\/wp-content\/uploads\/2025\/06\/Certificate.webp\" alt=\"Certificat\" width=\"750\" height=\"1113\" srcset=\"https:\/\/www.ywccpackage.com\/wp-content\/uploads\/2025\/06\/Certificate.webp 750w, https:\/\/www.ywccpackage.com\/wp-content\/uploads\/2025\/06\/Certificate-480x713.webp 480w\" sizes=\"(min-width: 0px) and (max-width: 480px) 480px, (min-width: 481px) 750px, 100vw\" \/><\/p>\n<h2>A propos de nous<\/h2>\n<p>Cr\u00e9ez des emballages de marque qui se d\u00e9marquent ! Nous fournissons des\u00a0<a href=\"http:\/\/www.ywccpackage.com\/fr\/\"><strong>sacs en plastique personnalis\u00e9s avec logo<\/strong><\/a>\u00a0- y compris des options de sacs durables. Choisissez des sacs polyvalents <strong>sac \u00e0 fermeture \u00e9clair transparent<\/strong>,\u00a0<strong>sac plastique \u00e0 fermeture \u00e9clair<\/strong>et\u00a0<strong>sac \u00e0 fermeture \u00e9clair en pvc<\/strong> solutions. Nos services <strong>Poly Mailers 10&#215;13\u00a0<\/strong>mettent en valeur le contenu tout en prot\u00e9geant les produits. Id\u00e9al pour la vente au d\u00e9tail, les cadeaux et les promotions. Imperm\u00e9ables, r\u00e9utilisables et pr\u00eates pour la vente au d\u00e9tail. Am\u00e9liorez la visibilit\u00e9 de votre marque avec des pochettes zipp\u00e9es personnalis\u00e9es et professionnelles. <a href=\"https:\/\/www.ywccpackage.com\/fr\/contact-us\/\"><strong>Commandez des \u00e9chantillons d\u00e8s aujourd'hui<\/strong><\/a>!<\/p>","protected":false},"excerpt":{"rendered":"<p>Les enveloppes 10\u00d713 en PEHD basse densit\u00e9 r\u00e9duisent les co\u00fbts d'emballage, r\u00e9sistent aux perforations\/abrasions, sont recyclables et imperm\u00e9ables. L\u00e9gers, minces, faciles \u00e0 utiliser, personnalisables. Id\u00e9al pour la mode, l'\u00e9lectronique, la beaut\u00e9. Contact pour les designs.<\/p>","protected":false},"featured_media":12815,"template":"","meta":{"_et_pb_use_builder":"","_et_pb_old_content":"","_et_gb_content_width":""},"product_cat":[191],"product_tag":[204,205,206,207,203],"yoast_head":"<!-- This site is optimized with the Yoast SEO plugin v22.7 - https:\/\/yoast.com\/wordpress\/plugins\/seo\/ -->\n<title>Low Density HDPE Poly Mailers 10x13 - Affordable &amp; Durable<\/title>\n<meta name=\"description\" content=\"HDPE Poly Mailers 10x13: cost-effective, waterproof, recyclable. With puncture resistance &amp; custom printing. Ideal for e-commerce, fashion &amp; electronics.\" \/>\n<meta name=\"robots\" content=\"index, follow, max-snippet:-1, max-image-preview:large, max-video-preview:-1\" \/>\n<link rel=\"canonical\" href=\"https:\/\/www.ywccpackage.com\/fr\/produit\/low-density-hdpe-poly-mailers-10x13-waterproof-durable-shipping-envelopes-eco-friendly-bulk-wholesale\/\" \/>\n<meta property=\"og:locale\" content=\"fr_FR\" \/>\n<meta property=\"og:type\" content=\"article\" \/>\n<meta property=\"og:title\" content=\"Low Density HDPE Poly Mailers 10x13 - Affordable &amp; Durable\" \/>\n<meta property=\"og:description\" content=\"HDPE Poly Mailers 10x13: cost-effective, waterproof, recyclable. With puncture resistance &amp; custom printing. Ideal for e-commerce, fashion &amp; electronics.\" \/>\n<meta property=\"og:url\" content=\"https:\/\/www.ywccpackage.com\/fr\/produit\/low-density-hdpe-poly-mailers-10x13-waterproof-durable-shipping-envelopes-eco-friendly-bulk-wholesale\/\" \/>\n<meta property=\"og:site_name\" content=\"YWCC Package\" \/>\n<meta property=\"article:modified_time\" content=\"2025-11-03T08:36:33+00:00\" \/>\n<meta property=\"og:image\" content=\"https:\/\/www.ywccpackage.com\/wp-content\/uploads\/2025\/08\/Low-Density-HDPE-Poly-Mailers-10x13-Waterproof-Durable-Shipping-Envelopes-Eco-Friendly-Bulk-Wholesale1.webp\" \/>\n\t<meta property=\"og:image:width\" content=\"1100\" \/>\n\t<meta property=\"og:image:height\" content=\"1100\" \/>\n\t<meta property=\"og:image:type\" content=\"image\/webp\" \/>\n<meta name=\"twitter:card\" content=\"summary_large_image\" \/>\n<meta name=\"twitter:label1\" content=\"Dur\u00e9e de lecture estim\u00e9e\" \/>\n\t<meta name=\"twitter:data1\" content=\"4 minutes\" \/>\n<script type=\"application\/ld+json\" class=\"yoast-schema-graph\">{\"@context\":\"https:\/\/schema.org\",\"@graph\":[{\"@type\":\"WebPage\",\"@id\":\"https:\/\/www.ywccpackage.com\/product\/low-density-hdpe-poly-mailers-10x13-waterproof-durable-shipping-envelopes-eco-friendly-bulk-wholesale\/\",\"url\":\"https:\/\/www.ywccpackage.com\/product\/low-density-hdpe-poly-mailers-10x13-waterproof-durable-shipping-envelopes-eco-friendly-bulk-wholesale\/\",\"name\":\"Low Density HDPE Poly Mailers 10x13 - Affordable & Durable\",\"isPartOf\":{\"@id\":\"https:\/\/www.ywccpackage.com\/#website\"},\"primaryImageOfPage\":{\"@id\":\"https:\/\/www.ywccpackage.com\/product\/low-density-hdpe-poly-mailers-10x13-waterproof-durable-shipping-envelopes-eco-friendly-bulk-wholesale\/#primaryimage\"},\"image\":{\"@id\":\"https:\/\/www.ywccpackage.com\/product\/low-density-hdpe-poly-mailers-10x13-waterproof-durable-shipping-envelopes-eco-friendly-bulk-wholesale\/#primaryimage\"},\"thumbnailUrl\":\"https:\/\/www.ywccpackage.com\/wp-content\/uploads\/2025\/08\/Low-Density-HDPE-Poly-Mailers-10x13-Waterproof-Durable-Shipping-Envelopes-Eco-Friendly-Bulk-Wholesale1.webp\",\"datePublished\":\"2025-08-01T08:44:30+00:00\",\"dateModified\":\"2025-11-03T08:36:33+00:00\",\"description\":\"HDPE Poly Mailers 10x13: cost-effective, waterproof, recyclable. With puncture resistance & custom printing. Ideal for e-commerce, fashion & electronics.\",\"breadcrumb\":{\"@id\":\"https:\/\/www.ywccpackage.com\/product\/low-density-hdpe-poly-mailers-10x13-waterproof-durable-shipping-envelopes-eco-friendly-bulk-wholesale\/#breadcrumb\"},\"inLanguage\":\"fr-FR\",\"potentialAction\":[{\"@type\":\"ReadAction\",\"target\":[\"https:\/\/www.ywccpackage.com\/product\/low-density-hdpe-poly-mailers-10x13-waterproof-durable-shipping-envelopes-eco-friendly-bulk-wholesale\/\"]}]},{\"@type\":\"ImageObject\",\"inLanguage\":\"fr-FR\",\"@id\":\"https:\/\/www.ywccpackage.com\/product\/low-density-hdpe-poly-mailers-10x13-waterproof-durable-shipping-envelopes-eco-friendly-bulk-wholesale\/#primaryimage\",\"url\":\"https:\/\/www.ywccpackage.com\/wp-content\/uploads\/2025\/08\/Low-Density-HDPE-Poly-Mailers-10x13-Waterproof-Durable-Shipping-Envelopes-Eco-Friendly-Bulk-Wholesale1.webp\",\"contentUrl\":\"https:\/\/www.ywccpackage.com\/wp-content\/uploads\/2025\/08\/Low-Density-HDPE-Poly-Mailers-10x13-Waterproof-Durable-Shipping-Envelopes-Eco-Friendly-Bulk-Wholesale1.webp\",\"width\":1100,\"height\":1100,\"caption\":\"Poly Mailers 10x13\"},{\"@type\":\"BreadcrumbList\",\"@id\":\"https:\/\/www.ywccpackage.com\/product\/low-density-hdpe-poly-mailers-10x13-waterproof-durable-shipping-envelopes-eco-friendly-bulk-wholesale\/#breadcrumb\",\"itemListElement\":[{\"@type\":\"ListItem\",\"position\":1,\"name\":\"Home\",\"item\":\"https:\/\/www.ywccpackage.com\/\"},{\"@type\":\"ListItem\",\"position\":2,\"name\":\"Products\",\"item\":\"https:\/\/www.ywccpackage.com\/shop\/\"},{\"@type\":\"ListItem\",\"position\":3,\"name\":\"Low Density HDPE Poly Mailers 10&#215;13 | Waterproof &#038; Durable Shipping Envelopes | Eco-Friendly &#038; Bulk Wholesale\"}]},{\"@type\":\"WebSite\",\"@id\":\"https:\/\/www.ywccpackage.com\/#website\",\"url\":\"https:\/\/www.ywccpackage.com\/\",\"name\":\"YWCC Package\",\"description\":\"YWCC Package\",\"potentialAction\":[{\"@type\":\"SearchAction\",\"target\":{\"@type\":\"EntryPoint\",\"urlTemplate\":\"https:\/\/www.ywccpackage.com\/?s={search_term_string}\"},\"query-input\":\"required name=search_term_string\"}],\"inLanguage\":\"fr-FR\"}]}<\/script>\n<!-- \/ Yoast SEO plugin. -->","yoast_head_json":{"title":"Low Density HDPE Poly Mailers 10x13 - Affordable & Durable","description":"HDPE Poly Mailers 10x13: cost-effective, waterproof, recyclable. With puncture resistance & custom printing. Ideal for e-commerce, fashion & electronics.","robots":{"index":"index","follow":"follow","max-snippet":"max-snippet:-1","max-image-preview":"max-image-preview:large","max-video-preview":"max-video-preview:-1"},"canonical":"https:\/\/www.ywccpackage.com\/fr\/produit\/low-density-hdpe-poly-mailers-10x13-waterproof-durable-shipping-envelopes-eco-friendly-bulk-wholesale\/","og_locale":"fr_FR","og_type":"article","og_title":"Low Density HDPE Poly Mailers 10x13 - Affordable & Durable","og_description":"HDPE Poly Mailers 10x13: cost-effective, waterproof, recyclable. With puncture resistance & custom printing. Ideal for e-commerce, fashion & electronics.","og_url":"https:\/\/www.ywccpackage.com\/fr\/produit\/low-density-hdpe-poly-mailers-10x13-waterproof-durable-shipping-envelopes-eco-friendly-bulk-wholesale\/","og_site_name":"YWCC Package","article_modified_time":"2025-11-03T08:36:33+00:00","og_image":[{"width":1100,"height":1100,"url":"https:\/\/www.ywccpackage.com\/wp-content\/uploads\/2025\/08\/Low-Density-HDPE-Poly-Mailers-10x13-Waterproof-Durable-Shipping-Envelopes-Eco-Friendly-Bulk-Wholesale1.webp","type":"image\/webp"}],"twitter_card":"summary_large_image","twitter_misc":{"Dur\u00e9e de lecture estim\u00e9e":"4 minutes"},"schema":{"@context":"https:\/\/schema.org","@graph":[{"@type":"WebPage","@id":"https:\/\/www.ywccpackage.com\/product\/low-density-hdpe-poly-mailers-10x13-waterproof-durable-shipping-envelopes-eco-friendly-bulk-wholesale\/","url":"https:\/\/www.ywccpackage.com\/product\/low-density-hdpe-poly-mailers-10x13-waterproof-durable-shipping-envelopes-eco-friendly-bulk-wholesale\/","name":"Low Density HDPE Poly Mailers 10x13 - Affordable & Durable","isPartOf":{"@id":"https:\/\/www.ywccpackage.com\/#website"},"primaryImageOfPage":{"@id":"https:\/\/www.ywccpackage.com\/product\/low-density-hdpe-poly-mailers-10x13-waterproof-durable-shipping-envelopes-eco-friendly-bulk-wholesale\/#primaryimage"},"image":{"@id":"https:\/\/www.ywccpackage.com\/product\/low-density-hdpe-poly-mailers-10x13-waterproof-durable-shipping-envelopes-eco-friendly-bulk-wholesale\/#primaryimage"},"thumbnailUrl":"https:\/\/www.ywccpackage.com\/wp-content\/uploads\/2025\/08\/Low-Density-HDPE-Poly-Mailers-10x13-Waterproof-Durable-Shipping-Envelopes-Eco-Friendly-Bulk-Wholesale1.webp","datePublished":"2025-08-01T08:44:30+00:00","dateModified":"2025-11-03T08:36:33+00:00","description":"HDPE Poly Mailers 10x13: cost-effective, waterproof, recyclable. With puncture resistance & custom printing. Ideal for e-commerce, fashion & electronics.","breadcrumb":{"@id":"https:\/\/www.ywccpackage.com\/product\/low-density-hdpe-poly-mailers-10x13-waterproof-durable-shipping-envelopes-eco-friendly-bulk-wholesale\/#breadcrumb"},"inLanguage":"fr-FR","potentialAction":[{"@type":"ReadAction","target":["https:\/\/www.ywccpackage.com\/product\/low-density-hdpe-poly-mailers-10x13-waterproof-durable-shipping-envelopes-eco-friendly-bulk-wholesale\/"]}]},{"@type":"ImageObject","inLanguage":"fr-FR","@id":"https:\/\/www.ywccpackage.com\/product\/low-density-hdpe-poly-mailers-10x13-waterproof-durable-shipping-envelopes-eco-friendly-bulk-wholesale\/#primaryimage","url":"https:\/\/www.ywccpackage.com\/wp-content\/uploads\/2025\/08\/Low-Density-HDPE-Poly-Mailers-10x13-Waterproof-Durable-Shipping-Envelopes-Eco-Friendly-Bulk-Wholesale1.webp","contentUrl":"https:\/\/www.ywccpackage.com\/wp-content\/uploads\/2025\/08\/Low-Density-HDPE-Poly-Mailers-10x13-Waterproof-Durable-Shipping-Envelopes-Eco-Friendly-Bulk-Wholesale1.webp","width":1100,"height":1100,"caption":"Poly Mailers 10x13"},{"@type":"BreadcrumbList","@id":"https:\/\/www.ywccpackage.com\/product\/low-density-hdpe-poly-mailers-10x13-waterproof-durable-shipping-envelopes-eco-friendly-bulk-wholesale\/#breadcrumb","itemListElement":[{"@type":"ListItem","position":1,"name":"Home","item":"https:\/\/www.ywccpackage.com\/"},{"@type":"ListItem","position":2,"name":"Products","item":"https:\/\/www.ywccpackage.com\/shop\/"},{"@type":"ListItem","position":3,"name":"Low Density HDPE Poly Mailers 10&#215;13 | Waterproof &#038; Durable Shipping Envelopes | Eco-Friendly &#038; Bulk Wholesale"}]},{"@type":"WebSite","@id":"https:\/\/www.ywccpackage.com\/#website","url":"https:\/\/www.ywccpackage.com\/","name":"YWCC Package","description":"YWCC Package","potentialAction":[{"@type":"SearchAction","target":{"@type":"EntryPoint","urlTemplate":"https:\/\/www.ywccpackage.com\/?s={search_term_string}"},"query-input":"required name=search_term_string"}],"inLanguage":"fr-FR"}]}},"_links":{"self":[{"href":"https:\/\/www.ywccpackage.com\/fr\/wp-json\/wp\/v2\/product\/12813"}],"collection":[{"href":"https:\/\/www.ywccpackage.com\/fr\/wp-json\/wp\/v2\/product"}],"about":[{"href":"https:\/\/www.ywccpackage.com\/fr\/wp-json\/wp\/v2\/types\/product"}],"wp:featuredmedia":[{"embeddable":true,"href":"https:\/\/www.ywccpackage.com\/fr\/wp-json\/wp\/v2\/media\/12815"}],"wp:attachment":[{"href":"https:\/\/www.ywccpackage.com\/fr\/wp-json\/wp\/v2\/media?parent=12813"}],"wp:term":[{"taxonomy":"product_cat","embeddable":true,"href":"https:\/\/www.ywccpackage.com\/fr\/wp-json\/wp\/v2\/product_cat?post=12813"},{"taxonomy":"product_tag","embeddable":true,"href":"https:\/\/www.ywccpackage.com\/fr\/wp-json\/wp\/v2\/product_tag?post=12813"}],"curies":[{"name":"wp","href":"https:\/\/api.w.org\/{rel}","templated":true}]}}