{"id":12821,"date":"2025-08-01T08:55:13","date_gmt":"2025-08-01T08:55:13","guid":{"rendered":"https:\/\/www.ywccpackage.com\/?post_type=product&#038;p=12821"},"modified":"2025-11-03T08:35:23","modified_gmt":"2025-11-03T08:35:23","slug":"recyclable-waterproof-tear-resistant-eco-mailer-small-shipping-bags-lightweight-shipping-envelopes-for-ecommerce-waterproof-reusable","status":"publish","type":"product","link":"https:\/\/www.ywccpackage.com\/fr\/produit\/recyclable-waterproof-tear-resistant-eco-mailer-small-shipping-bags-lightweight-shipping-envelopes-for-ecommerce-waterproof-reusable\/","title":{"rendered":"Sacs d'exp\u00e9dition Eco Mailer recyclables, imperm\u00e9ables et r\u00e9sistants \u00e0 la d\u00e9chirure - Enveloppes d'exp\u00e9dition l\u00e9g\u00e8res pour le commerce \u00e9lectronique, imperm\u00e9ables et r\u00e9utilisables"},"content":{"rendered":"<h2>Description des petits sacs d'exp\u00e9dition Resistant Eco Mailer<\/h2>\n<ol class=\"auto-hide-last-sibling-br\">\n<li><a href=\"https:\/\/www.ywccpackage.com\/fr\/produit\/recyclable-waterproof-tear-resistant-eco-mailer-small-shipping-bags-lightweight-shipping-envelopes-for-ecommerce-waterproof-reusable\/\"><strong>Petits sacs d'exp\u00e9dition<\/strong><\/a> une protection ultime, dites adieu \u00e0 la casse ! Prot\u00e9gez vos produits pour qu'ils arrivent \u00e0 bon port, r\u00e9duisez consid\u00e9rablement le taux de perte de transport et les litiges avec les clients.<\/li>\n<li>Ne craignez ni le vent ni la pluie, livrez au sec ! Bloquez efficacement l'eau de pluie et l'humidit\u00e9, veillez \u00e0 ce que les articles int\u00e9rieurs soient secs et intacts, et am\u00e9liorez la satisfaction de vos clients.<\/li>\n<li>Ils permettent de r\u00e9duire consid\u00e9rablement le poids du colis, d'\u00e9conomiser sur les frais d'exp\u00e9dition et, en m\u00eame temps, d'assurer une protection beaucoup plus solide que les sacs ordinaires.<\/li>\n<li>Choose new environmentally friendly materials, reduce plastic pollution, enhance the brand&#8217;s environmental image, meet regulatory requirements, and win the favor of eco-conscious consumers.<\/li>\n<li>Une publicit\u00e9 mobile pour votre marque ! Affichez clairement le logo et le design de votre marque, am\u00e9liorez l'image professionnelle et transmettez continuellement la valeur de la marque pendant le transport.<\/li>\n<li>D\u00e9chirez et collez, avec une fermeture s\u00e9curis\u00e9e ! Simplifiez le processus d'emballage, am\u00e9liorez l'efficacit\u00e9 et veillez \u00e0 ce que le sceau ne s'ouvre pas accidentellement pendant le transport.<\/li>\n<li>Tr\u00e8s grande r\u00e9sistance \u00e0 la d\u00e9chirure : R\u00e9siste \u00e0 la traction, au frottement et \u00e0 l'extrusion pendant le transport.<br class=\"container-utlnW2 wrapper-d0Cc1k undefined\" \/>Excellente r\u00e9sistance \u00e0 la perforation : Emp\u00eache les objets pointus de percer et d'endommager les articles int\u00e9rieurs.<br class=\"container-utlnW2 wrapper-d0Cc1k undefined\" \/>R\u00e9sistance exceptionnelle \u00e0 l'abrasion : R\u00e9duit l'usure de la surface et pr\u00e9serve l'apparence.<\/li>\n<li>High &#8211; efficiency waterproof\/moisture &#8211; proof: Block liquid water and environmental moisture.<br class=\"container-utlnW2 wrapper-d0Cc1k undefined\" \/>(Optional) Anti &#8211; static: Protect sensitive electronic components.<br class=\"container-utlnW2 wrapper-d0Cc1k undefined\" \/>(Optional) Dust &#8211; proof: Keep the inner items clean.<\/li>\n<li>Bon traitement et bonne facilit\u00e9 d'utilisation :<br class=\"container-utlnW2 wrapper-d0Cc1k undefined\" \/>Bonne plan\u00e9it\u00e9 : Facile \u00e0 utiliser avec les \u00e9quipements d'emballage automatique.<br class=\"container-utlnW2 wrapper-d0Cc1k undefined\" \/>Easy to seal: The self &#8211; adhesive strip has strong adhesion and is easy to tear.<br class=\"container-utlnW2 wrapper-d0Cc1k undefined\" \/>Bon effet d'impression : Couleurs vives et motifs clairs.<\/li>\n<\/ol>\n<h2>Applications des petits sacs d'exp\u00e9dition<\/h2>\n<p>Notre <a href=\"https:\/\/www.ywccpackage.com\/fr\/category\/zipper-bag\/\"><strong>sac avec fermeture \u00e9clair<\/strong><\/a> pourrait \u00eatre utilis\u00e9 par :<\/p>\n<p>Commerce \u00e9lectronique de d\u00e9tail, exp\u00e9dition de petits et moyens articles tels que v\u00eatements, accessoires, livres, petits appareils m\u00e9nagers et produits de beaut\u00e9.<br class=\"container-utlnW2 wrapper-d0Cc1k undefined\" \/>Logistique transfrontali\u00e8re, petits colis internationaux, transport transfrontalier d'articles l\u00e9gers et de petite taille<br class=\"container-utlnW2 wrapper-d0Cc1k undefined\" \/>Livraison de documents et de factures, livraison de documents et de factures<br class=\"container-utlnW2 wrapper-d0Cc1k undefined\" \/>Emballages l\u00e9gers frais de la cha\u00eene du froid, aliments r\u00e9frig\u00e9r\u00e9s, produits de sant\u00e9, m\u00e9dicaments \u00e0 basse temp\u00e9rature<br class=\"container-utlnW2 wrapper-d0Cc1k undefined\" \/>Articles de grande valeur et fragiles, produits \u00e9lectroniques, instruments de pr\u00e9cision, produits en verre<br class=\"container-utlnW2 wrapper-d0Cc1k undefined\" \/>Am\u00e9lioration de l'image de marque, marques haut de gamme, commerce \u00e9lectronique DTC, fournisseurs de cadeaux<\/p>\n<p><strong>Nous acceptons divers services personnalis\u00e9s de la part de nos clients. Si vous avez des conceptions ou des id\u00e9es, n'h\u00e9sitez pas \u00e0 nous contacter. <a href=\"https:\/\/www.ywccpackage.com\/fr\/contact-us\/\">nous contacter<\/a>.<\/strong><\/p>\n<h2>Usine<\/h2>\n<p>Les <a href=\"https:\/\/www.ywccpackage.com\/fr\/about-us\/\"><strong>usine de sacs d'emballage<\/strong><\/a> d\u00e9signe les sp\u00e9cifications, les dimensions et l'\u00e9paisseur, avec un stock suffisant (non imprim\u00e9) pour une exp\u00e9dition rapide.<\/p>\n<p>4 usines annexes<br \/>\nCapacit\u00e9 de production journali\u00e8re de 200 tonnes<br \/>\nCapacit\u00e9 de production journali\u00e8re de 6 millions de sacs<br \/>\nB\u00e2timents industriels d'une superficie de 34 000 m\u00e8tres carr\u00e9s<br \/>\nConforme aux certifications internationales, telles que ISO 9001, SGS, BSCI, FSC, REACH, etc.<\/p>\n<p><img loading=\"lazy\" decoding=\"async\" class=\"size-full wp-image-12579 aligncenter\" data-src=\"https:\/\/www.ywccpackage.com\/wp-content\/uploads\/2025\/06\/factory.webp\" alt=\"Usine\" width=\"750\" height=\"2000\" srcset=\"https:\/\/www.ywccpackage.com\/wp-content\/uploads\/2025\/06\/factory.webp 750w, https:\/\/www.ywccpackage.com\/wp-content\/uploads\/2025\/06\/factory-480x1280.webp 480w\" sizes=\"(min-width: 0px) and (max-width: 480px) 480px, (min-width: 481px) 750px, 100vw\" \/> <img loading=\"lazy\" decoding=\"async\" class=\"aligncenter wp-image-12580\" data-src=\"https:\/\/www.ywccpackage.com\/wp-content\/uploads\/2025\/06\/Factory-1.webp\" alt=\"Usine\" width=\"750\" height=\"656\" \/> <img loading=\"lazy\" decoding=\"async\" class=\"wp-image-13110 aligncenter\" data-src=\"https:\/\/www.ywccpackage.com\/wp-content\/uploads\/2025\/07\/photobank.webp\" alt=\"Sacs d&#039;exp\u00e9dition de v\u00eatements \u00e9tanches\" width=\"759\" height=\"759\" srcset=\"https:\/\/www.ywccpackage.com\/wp-content\/uploads\/2025\/07\/photobank.webp 759w, https:\/\/www.ywccpackage.com\/wp-content\/uploads\/2025\/07\/photobank-480x480.webp 480w\" sizes=\"(min-width: 0px) and (max-width: 480px) 480px, (min-width: 481px) 759px, 100vw\" \/><\/p>\n<h2>Certifications : Affichage des logos\/certificats Emballage personnalis\u00e9 pour une marque de v\u00eatements<\/h2>\n<p><img loading=\"lazy\" decoding=\"async\" class=\"aligncenter wp-image-12581\" data-src=\"https:\/\/www.ywccpackage.com\/wp-content\/uploads\/2025\/06\/Certificate.webp\" alt=\"Certificat\" width=\"750\" height=\"1113\" srcset=\"https:\/\/www.ywccpackage.com\/wp-content\/uploads\/2025\/06\/Certificate.webp 750w, https:\/\/www.ywccpackage.com\/wp-content\/uploads\/2025\/06\/Certificate-480x713.webp 480w\" sizes=\"(min-width: 0px) and (max-width: 480px) 480px, (min-width: 481px) 750px, 100vw\" \/><\/p>\n<h2>A propos de nous<\/h2>\n<p>Cr\u00e9ez des emballages de marque qui se d\u00e9marquent ! Nous fournissons des\u00a0<a href=\"http:\/\/www.ywccpackage.com\/fr\/\"><strong>sacs en plastique personnalis\u00e9s avec logo<\/strong><\/a>\u00a0- y compris durable\u00a0<strong>sac avec fermeture \u00e9clair<\/strong> options. Choisissez la polyvalence <strong>sac \u00e0 fermeture \u00e9clair transparent<\/strong>,\u00a0<strong>sac plastique \u00e0 fermeture \u00e9clair<\/strong>et\u00a0<strong>sac \u00e0 fermeture \u00e9clair en pvc<\/strong> solutions. Nos services <strong>petits sacs d'exp\u00e9dition<\/strong>\u00a0mettent en valeur le contenu tout en prot\u00e9geant les produits. Id\u00e9al pour la vente au d\u00e9tail, les cadeaux et les promotions. Imperm\u00e9ables, r\u00e9utilisables et pr\u00eates pour la vente au d\u00e9tail. Am\u00e9liorez la visibilit\u00e9 de votre marque avec des pochettes zipp\u00e9es personnalis\u00e9es et professionnelles. <a href=\"https:\/\/www.ywccpackage.com\/fr\/contact-us\/\"><strong>Commandez des \u00e9chantillons d\u00e8s aujourd'hui<\/strong><\/a>!<\/p>","protected":false},"excerpt":{"rendered":"<p>Les petits sacs d'exp\u00e9dition Eco Mailer r\u00e9sistants offrent une protection ultime, bloquant l'eau\/l'humidit\u00e9. L\u00e9gers, respectueux de l'environnement et dot\u00e9s d'une fermeture solide. Personnalisables, ils r\u00e9sistent aux d\u00e9chirures et aux perforations. Pour le commerce \u00e9lectronique, la logistique, les documents. Contactez-nous pour obtenir des mod\u00e8les.<\/p>","protected":false},"featured_media":12823,"template":"","meta":{"_et_pb_use_builder":"","_et_pb_old_content":"","_et_gb_content_width":""},"product_cat":[191],"product_tag":[203,204,205,206,207],"yoast_head":"<!-- This site is optimized with the Yoast SEO plugin v22.7 - https:\/\/yoast.com\/wordpress\/plugins\/seo\/ -->\n<title>Resistant Eco Mailer Small Shipping Bags - Secure &amp; Green<\/title>\n<meta name=\"description\" content=\"Eco-friendly small shipping bags with ultimate protection. Waterproof, tear-resistant &amp; customizable. Ideal for e-commerce, cross-border logistics. Enhance brand image.\" \/>\n<meta name=\"robots\" content=\"index, follow, max-snippet:-1, max-image-preview:large, max-video-preview:-1\" \/>\n<link rel=\"canonical\" href=\"https:\/\/www.ywccpackage.com\/fr\/produit\/recyclable-waterproof-tear-resistant-eco-mailer-small-shipping-bags-lightweight-shipping-envelopes-for-ecommerce-waterproof-reusable\/\" \/>\n<meta property=\"og:locale\" content=\"fr_FR\" \/>\n<meta property=\"og:type\" content=\"article\" \/>\n<meta property=\"og:title\" content=\"Resistant Eco Mailer Small Shipping Bags - Secure &amp; Green\" \/>\n<meta property=\"og:description\" content=\"Eco-friendly small shipping bags with ultimate protection. Waterproof, tear-resistant &amp; customizable. Ideal for e-commerce, cross-border logistics. Enhance brand image.\" \/>\n<meta property=\"og:url\" content=\"https:\/\/www.ywccpackage.com\/fr\/produit\/recyclable-waterproof-tear-resistant-eco-mailer-small-shipping-bags-lightweight-shipping-envelopes-for-ecommerce-waterproof-reusable\/\" \/>\n<meta property=\"og:site_name\" content=\"YWCC Package\" \/>\n<meta property=\"article:modified_time\" content=\"2025-11-03T08:35:23+00:00\" \/>\n<meta property=\"og:image\" content=\"https:\/\/www.ywccpackage.com\/wp-content\/uploads\/2025\/08\/Small-Shipping-Bags1.webp\" \/>\n\t<meta property=\"og:image:width\" content=\"1100\" \/>\n\t<meta property=\"og:image:height\" content=\"1100\" \/>\n\t<meta property=\"og:image:type\" content=\"image\/webp\" \/>\n<meta name=\"twitter:card\" content=\"summary_large_image\" \/>\n<meta name=\"twitter:label1\" content=\"Dur\u00e9e de lecture estim\u00e9e\" \/>\n\t<meta name=\"twitter:data1\" content=\"4 minutes\" \/>\n<script type=\"application\/ld+json\" class=\"yoast-schema-graph\">{\"@context\":\"https:\/\/schema.org\",\"@graph\":[{\"@type\":\"WebPage\",\"@id\":\"https:\/\/www.ywccpackage.com\/product\/recyclable-waterproof-tear-resistant-eco-mailer-small-shipping-bags-lightweight-shipping-envelopes-for-ecommerce-waterproof-reusable\/\",\"url\":\"https:\/\/www.ywccpackage.com\/product\/recyclable-waterproof-tear-resistant-eco-mailer-small-shipping-bags-lightweight-shipping-envelopes-for-ecommerce-waterproof-reusable\/\",\"name\":\"Resistant Eco Mailer Small Shipping Bags - Secure & Green\",\"isPartOf\":{\"@id\":\"https:\/\/www.ywccpackage.com\/#website\"},\"primaryImageOfPage\":{\"@id\":\"https:\/\/www.ywccpackage.com\/product\/recyclable-waterproof-tear-resistant-eco-mailer-small-shipping-bags-lightweight-shipping-envelopes-for-ecommerce-waterproof-reusable\/#primaryimage\"},\"image\":{\"@id\":\"https:\/\/www.ywccpackage.com\/product\/recyclable-waterproof-tear-resistant-eco-mailer-small-shipping-bags-lightweight-shipping-envelopes-for-ecommerce-waterproof-reusable\/#primaryimage\"},\"thumbnailUrl\":\"https:\/\/www.ywccpackage.com\/wp-content\/uploads\/2025\/08\/Small-Shipping-Bags1.webp\",\"datePublished\":\"2025-08-01T08:55:13+00:00\",\"dateModified\":\"2025-11-03T08:35:23+00:00\",\"description\":\"Eco-friendly small shipping bags with ultimate protection. Waterproof, tear-resistant & customizable. Ideal for e-commerce, cross-border logistics. Enhance brand image.\",\"breadcrumb\":{\"@id\":\"https:\/\/www.ywccpackage.com\/product\/recyclable-waterproof-tear-resistant-eco-mailer-small-shipping-bags-lightweight-shipping-envelopes-for-ecommerce-waterproof-reusable\/#breadcrumb\"},\"inLanguage\":\"fr-FR\",\"potentialAction\":[{\"@type\":\"ReadAction\",\"target\":[\"https:\/\/www.ywccpackage.com\/product\/recyclable-waterproof-tear-resistant-eco-mailer-small-shipping-bags-lightweight-shipping-envelopes-for-ecommerce-waterproof-reusable\/\"]}]},{\"@type\":\"ImageObject\",\"inLanguage\":\"fr-FR\",\"@id\":\"https:\/\/www.ywccpackage.com\/product\/recyclable-waterproof-tear-resistant-eco-mailer-small-shipping-bags-lightweight-shipping-envelopes-for-ecommerce-waterproof-reusable\/#primaryimage\",\"url\":\"https:\/\/www.ywccpackage.com\/wp-content\/uploads\/2025\/08\/Small-Shipping-Bags1.webp\",\"contentUrl\":\"https:\/\/www.ywccpackage.com\/wp-content\/uploads\/2025\/08\/Small-Shipping-Bags1.webp\",\"width\":1100,\"height\":1100,\"caption\":\"Small Shipping Bags\"},{\"@type\":\"BreadcrumbList\",\"@id\":\"https:\/\/www.ywccpackage.com\/product\/recyclable-waterproof-tear-resistant-eco-mailer-small-shipping-bags-lightweight-shipping-envelopes-for-ecommerce-waterproof-reusable\/#breadcrumb\",\"itemListElement\":[{\"@type\":\"ListItem\",\"position\":1,\"name\":\"Home\",\"item\":\"https:\/\/www.ywccpackage.com\/\"},{\"@type\":\"ListItem\",\"position\":2,\"name\":\"Products\",\"item\":\"https:\/\/www.ywccpackage.com\/shop\/\"},{\"@type\":\"ListItem\",\"position\":3,\"name\":\"Recyclable Waterproof Tear-Resistant Eco Mailer Small Shipping Bags &#8211; Lightweight Shipping Envelopes for Ecommerce, Waterproof &#038; Reusable\"}]},{\"@type\":\"WebSite\",\"@id\":\"https:\/\/www.ywccpackage.com\/#website\",\"url\":\"https:\/\/www.ywccpackage.com\/\",\"name\":\"YWCC Package\",\"description\":\"YWCC Package\",\"potentialAction\":[{\"@type\":\"SearchAction\",\"target\":{\"@type\":\"EntryPoint\",\"urlTemplate\":\"https:\/\/www.ywccpackage.com\/?s={search_term_string}\"},\"query-input\":\"required name=search_term_string\"}],\"inLanguage\":\"fr-FR\"}]}<\/script>\n<!-- \/ Yoast SEO plugin. -->","yoast_head_json":{"title":"Resistant Eco Mailer Small Shipping Bags - Secure & Green","description":"Eco-friendly small shipping bags with ultimate protection. Waterproof, tear-resistant & customizable. Ideal for e-commerce, cross-border logistics. Enhance brand image.","robots":{"index":"index","follow":"follow","max-snippet":"max-snippet:-1","max-image-preview":"max-image-preview:large","max-video-preview":"max-video-preview:-1"},"canonical":"https:\/\/www.ywccpackage.com\/fr\/produit\/recyclable-waterproof-tear-resistant-eco-mailer-small-shipping-bags-lightweight-shipping-envelopes-for-ecommerce-waterproof-reusable\/","og_locale":"fr_FR","og_type":"article","og_title":"Resistant Eco Mailer Small Shipping Bags - Secure & Green","og_description":"Eco-friendly small shipping bags with ultimate protection. Waterproof, tear-resistant & customizable. Ideal for e-commerce, cross-border logistics. Enhance brand image.","og_url":"https:\/\/www.ywccpackage.com\/fr\/produit\/recyclable-waterproof-tear-resistant-eco-mailer-small-shipping-bags-lightweight-shipping-envelopes-for-ecommerce-waterproof-reusable\/","og_site_name":"YWCC Package","article_modified_time":"2025-11-03T08:35:23+00:00","og_image":[{"width":1100,"height":1100,"url":"https:\/\/www.ywccpackage.com\/wp-content\/uploads\/2025\/08\/Small-Shipping-Bags1.webp","type":"image\/webp"}],"twitter_card":"summary_large_image","twitter_misc":{"Dur\u00e9e de lecture estim\u00e9e":"4 minutes"},"schema":{"@context":"https:\/\/schema.org","@graph":[{"@type":"WebPage","@id":"https:\/\/www.ywccpackage.com\/product\/recyclable-waterproof-tear-resistant-eco-mailer-small-shipping-bags-lightweight-shipping-envelopes-for-ecommerce-waterproof-reusable\/","url":"https:\/\/www.ywccpackage.com\/product\/recyclable-waterproof-tear-resistant-eco-mailer-small-shipping-bags-lightweight-shipping-envelopes-for-ecommerce-waterproof-reusable\/","name":"Resistant Eco Mailer Small Shipping Bags - Secure & Green","isPartOf":{"@id":"https:\/\/www.ywccpackage.com\/#website"},"primaryImageOfPage":{"@id":"https:\/\/www.ywccpackage.com\/product\/recyclable-waterproof-tear-resistant-eco-mailer-small-shipping-bags-lightweight-shipping-envelopes-for-ecommerce-waterproof-reusable\/#primaryimage"},"image":{"@id":"https:\/\/www.ywccpackage.com\/product\/recyclable-waterproof-tear-resistant-eco-mailer-small-shipping-bags-lightweight-shipping-envelopes-for-ecommerce-waterproof-reusable\/#primaryimage"},"thumbnailUrl":"https:\/\/www.ywccpackage.com\/wp-content\/uploads\/2025\/08\/Small-Shipping-Bags1.webp","datePublished":"2025-08-01T08:55:13+00:00","dateModified":"2025-11-03T08:35:23+00:00","description":"Eco-friendly small shipping bags with ultimate protection. Waterproof, tear-resistant & customizable. Ideal for e-commerce, cross-border logistics. Enhance brand image.","breadcrumb":{"@id":"https:\/\/www.ywccpackage.com\/product\/recyclable-waterproof-tear-resistant-eco-mailer-small-shipping-bags-lightweight-shipping-envelopes-for-ecommerce-waterproof-reusable\/#breadcrumb"},"inLanguage":"fr-FR","potentialAction":[{"@type":"ReadAction","target":["https:\/\/www.ywccpackage.com\/product\/recyclable-waterproof-tear-resistant-eco-mailer-small-shipping-bags-lightweight-shipping-envelopes-for-ecommerce-waterproof-reusable\/"]}]},{"@type":"ImageObject","inLanguage":"fr-FR","@id":"https:\/\/www.ywccpackage.com\/product\/recyclable-waterproof-tear-resistant-eco-mailer-small-shipping-bags-lightweight-shipping-envelopes-for-ecommerce-waterproof-reusable\/#primaryimage","url":"https:\/\/www.ywccpackage.com\/wp-content\/uploads\/2025\/08\/Small-Shipping-Bags1.webp","contentUrl":"https:\/\/www.ywccpackage.com\/wp-content\/uploads\/2025\/08\/Small-Shipping-Bags1.webp","width":1100,"height":1100,"caption":"Small Shipping Bags"},{"@type":"BreadcrumbList","@id":"https:\/\/www.ywccpackage.com\/product\/recyclable-waterproof-tear-resistant-eco-mailer-small-shipping-bags-lightweight-shipping-envelopes-for-ecommerce-waterproof-reusable\/#breadcrumb","itemListElement":[{"@type":"ListItem","position":1,"name":"Home","item":"https:\/\/www.ywccpackage.com\/"},{"@type":"ListItem","position":2,"name":"Products","item":"https:\/\/www.ywccpackage.com\/shop\/"},{"@type":"ListItem","position":3,"name":"Recyclable Waterproof Tear-Resistant Eco Mailer Small Shipping Bags &#8211; Lightweight Shipping Envelopes for Ecommerce, Waterproof &#038; Reusable"}]},{"@type":"WebSite","@id":"https:\/\/www.ywccpackage.com\/#website","url":"https:\/\/www.ywccpackage.com\/","name":"YWCC Package","description":"YWCC Package","potentialAction":[{"@type":"SearchAction","target":{"@type":"EntryPoint","urlTemplate":"https:\/\/www.ywccpackage.com\/?s={search_term_string}"},"query-input":"required name=search_term_string"}],"inLanguage":"fr-FR"}]}},"_links":{"self":[{"href":"https:\/\/www.ywccpackage.com\/fr\/wp-json\/wp\/v2\/product\/12821"}],"collection":[{"href":"https:\/\/www.ywccpackage.com\/fr\/wp-json\/wp\/v2\/product"}],"about":[{"href":"https:\/\/www.ywccpackage.com\/fr\/wp-json\/wp\/v2\/types\/product"}],"wp:featuredmedia":[{"embeddable":true,"href":"https:\/\/www.ywccpackage.com\/fr\/wp-json\/wp\/v2\/media\/12823"}],"wp:attachment":[{"href":"https:\/\/www.ywccpackage.com\/fr\/wp-json\/wp\/v2\/media?parent=12821"}],"wp:term":[{"taxonomy":"product_cat","embeddable":true,"href":"https:\/\/www.ywccpackage.com\/fr\/wp-json\/wp\/v2\/product_cat?post=12821"},{"taxonomy":"product_tag","embeddable":true,"href":"https:\/\/www.ywccpackage.com\/fr\/wp-json\/wp\/v2\/product_tag?post=12821"}],"curies":[{"name":"wp","href":"https:\/\/api.w.org\/{rel}","templated":true}]}}