{"id":13114,"date":"2025-11-03T09:12:30","date_gmt":"2025-11-03T09:12:30","guid":{"rendered":"https:\/\/www.ywccpackage.com\/?post_type=product&#038;p=13114"},"modified":"2025-11-04T03:02:35","modified_gmt":"2025-11-04T03:02:35","slug":"custom-printed-kraft-paper-bags-for-retail-and-promotional-use","status":"publish","type":"product","link":"https:\/\/www.ywccpackage.com\/fr\/produit\/custom-printed-kraft-paper-bags-for-retail-and-promotional-use\/","title":{"rendered":"Sacs en papier kraft imprim\u00e9s sur mesure pour la vente au d\u00e9tail et la promotion"},"content":{"rendered":"<h2>1. Vue d'ensemble du produit et points forts<\/h2>\n<p>Ces imprim\u00e9s multicolores <a href=\"https:\/\/www.ywccpackage.com\/fr\/produit\/custom-printed-kraft-paper-bags-for-retail-and-promotional-use\/\">sacs en papier kraft avec poign\u00e9es<\/a> sont fabriqu\u00e9s \u00e0 partir de papier kraft naturel et combin\u00e9s \u00e0 une technologie d'impression multicolore exquise, ce qui permet de r\u00e9pondre aux exigences de protection de l'environnement et d'am\u00e9liorer l'image de marque. Leur capacit\u00e9 de charge \u00e9lev\u00e9e et leur aspect \u00e9l\u00e9gant les destinent \u00e0 divers sc\u00e9narios, tels que l'emballage de produits de d\u00e9tail et de cadeaux.<\/p>\n<p>Respectueux de l'environnement et biod\u00e9gradable : 100% recyclable, en accord avec les tendances environnementales.<\/p>\n<p>Impression multicolore : Prise en charge de l'impression multicolore, am\u00e9liorant l'attrait visuel de la marque.<\/p>\n<p>Capacit\u00e9 de charge \u00e9lev\u00e9e : Assure la s\u00e9curit\u00e9 du produit.<\/p>\n<p>Conception personnalis\u00e9e : Il est possible d'imprimer des logos ou des motifs personnalis\u00e9s.<\/p>\n<p><img loading=\"lazy\" decoding=\"async\" class=\"size-full wp-image-13122 aligncenter\" data-src=\"https:\/\/www.ywccpackage.com\/wp-content\/uploads\/2025\/11\/Custom-Printed-Kraft-Paper-Bags-9.webp\" alt=\"Sacs en papier kraft imprim\u00e9s sur mesure\" width=\"800\" height=\"800\" srcset=\"https:\/\/www.ywccpackage.com\/wp-content\/uploads\/2025\/11\/Custom-Printed-Kraft-Paper-Bags-9.webp 800w, https:\/\/www.ywccpackage.com\/wp-content\/uploads\/2025\/11\/Custom-Printed-Kraft-Paper-Bags-9-480x480.webp 480w\" sizes=\"(min-width: 0px) and (max-width: 480px) 480px, (min-width: 481px) 800px, 100vw\" \/><\/p>\n<h2>2. Description d\u00e9taill\u00e9e du produit<\/h2>\n<p>Mat\u00e9riau : Papier kraft naturel, respectueux de l'environnement et robuste.<\/p>\n<p>Dimensions et sp\u00e9cifications :<\/p>\n<p>Taille standard : Convient \u00e0 divers produits.<\/p>\n<p>Taille personnalis\u00e9e : Disponible sur demande.<\/p>\n<p>Capacit\u00e9 de charge : Supporte 5 \u00e0 10 kg, convient pour les achats quotidiens et la vente au d\u00e9tail.<\/p>\n<p>Conception de l'apparence : Naturelle et \u00e9l\u00e9gante, elle met en valeur la personnalit\u00e9 de la marque.<\/p>\n<p><img loading=\"lazy\" decoding=\"async\" class=\"size-full wp-image-13123 aligncenter\" data-src=\"https:\/\/www.ywccpackage.com\/wp-content\/uploads\/2025\/11\/Custom-Printed-Kraft-Paper-Bags-10.webp\" alt=\"Sacs en papier kraft imprim\u00e9s sur mesure\" width=\"800\" height=\"800\" srcset=\"https:\/\/www.ywccpackage.com\/wp-content\/uploads\/2025\/11\/Custom-Printed-Kraft-Paper-Bags-10.webp 800w, https:\/\/www.ywccpackage.com\/wp-content\/uploads\/2025\/11\/Custom-Printed-Kraft-Paper-Bags-10-480x480.webp 480w\" sizes=\"(min-width: 0px) and (max-width: 480px) 480px, (min-width: 481px) 800px, 100vw\" \/><\/p>\n<h2>3. Services de personnalisation<\/h2>\n<p>Impression multicolore : Permet d'imprimer des logos, des slogans de marque ou des images. <a href=\"https:\/\/www.ywccpackage.com\/fr\/\">sacs en papier imprim\u00e9s personnalis\u00e9s<\/a>.<\/p>\n<p>Processus de personnalisation :<\/p>\n<p>S\u00e9lectionnez la taille et la quantit\u00e9.<\/p>\n<p>Fournissez un mod\u00e8le ou collaborez avec nous pour la personnalisation.<\/p>\n<p>La production commence apr\u00e8s confirmation de la conception.<\/p>\n<p>Livraison dans les d\u00e9lais.<\/p>\n<p>D\u00e9lai de livraison : 7-14 jours, possibilit\u00e9 de commandes acc\u00e9l\u00e9r\u00e9es.<\/p>\n<p><img loading=\"lazy\" decoding=\"async\" class=\"size-full wp-image-13124 aligncenter\" data-src=\"https:\/\/www.ywccpackage.com\/wp-content\/uploads\/2025\/11\/Custom-Printed-Kraft-Paper-Bags-11.webp\" alt=\"\" width=\"800\" height=\"800\" srcset=\"https:\/\/www.ywccpackage.com\/wp-content\/uploads\/2025\/11\/Custom-Printed-Kraft-Paper-Bags-11.webp 800w, https:\/\/www.ywccpackage.com\/wp-content\/uploads\/2025\/11\/Custom-Printed-Kraft-Paper-Bags-11-480x480.webp 480w\" sizes=\"(min-width: 0px) and (max-width: 480px) 480px, (min-width: 481px) 800px, 100vw\" \/><\/p>\n<h2>4. Protection de l'environnement et d\u00e9veloppement durable<\/h2>\n<p>100% Biod\u00e9gradable : Pas de pollution environnementale \u00e0 long terme.<\/p>\n<p>Mat\u00e9riaux \u00e9cologiques : R\u00e9duit l'utilisation de sacs en plastique.<\/p>\n<p>Faible empreinte carbone : Favorise la consommation \u00e9cologique et r\u00e9duit les \u00e9missions de carbone.<\/p>\n<p><img loading=\"lazy\" decoding=\"async\" class=\"size-full wp-image-13125 aligncenter\" data-src=\"https:\/\/www.ywccpackage.com\/wp-content\/uploads\/2025\/11\/Custom-Printed-Kraft-Paper-Bags-12.webp\" alt=\"Sacs en papier kraft imprim\u00e9s sur mesure\" width=\"800\" height=\"800\" srcset=\"https:\/\/www.ywccpackage.com\/wp-content\/uploads\/2025\/11\/Custom-Printed-Kraft-Paper-Bags-12.webp 800w, https:\/\/www.ywccpackage.com\/wp-content\/uploads\/2025\/11\/Custom-Printed-Kraft-Paper-Bags-12-480x480.webp 480w\" sizes=\"(min-width: 0px) and (max-width: 480px) 480px, (min-width: 481px) 800px, 100vw\" \/><\/p>\n<h2>5. Assurance qualit\u00e9 et exp\u00e9rience utilisateur<\/h2>\n<p>Contr\u00f4le de la qualit\u00e9 : Inspection rigoureuse pour garantir la perfection dans les moindres d\u00e9tails.<\/p>\n<p>Poign\u00e9e confortable : Conception ergonomique.<\/p>\n<p>Durable et \u00e9tanche : Durable et \u00e9tanche, il convient \u00e0 divers environnements.<\/p>\n<p><img loading=\"lazy\" decoding=\"async\" class=\"size-full wp-image-13126 aligncenter\" data-src=\"https:\/\/www.ywccpackage.com\/wp-content\/uploads\/2025\/11\/Custom-Printed-Kraft-Paper-Bags-14.webp\" alt=\"Sacs en papier kraft imprim\u00e9s sur mesure\" width=\"800\" height=\"800\" srcset=\"https:\/\/www.ywccpackage.com\/wp-content\/uploads\/2025\/11\/Custom-Printed-Kraft-Paper-Bags-14.webp 800w, https:\/\/www.ywccpackage.com\/wp-content\/uploads\/2025\/11\/Custom-Printed-Kraft-Paper-Bags-14-480x480.webp 480w\" sizes=\"(min-width: 0px) and (max-width: 480px) 480px, (min-width: 481px) 800px, 100vw\" \/><\/p>\n<h2>6. Sc\u00e9narios applicables<\/h2>\n<p>Magasins de d\u00e9tail : Offre une exp\u00e9rience d'achat respectueuse de l'environnement.<\/p>\n<p>Emballage cadeau : Am\u00e9liore l'image de la marque.<\/p>\n<p>Livraison de nourriture : Augmente l'exposition de la marque.<\/p>\n<p>\u00c9v\u00e9nements sp\u00e9ciaux : Mariages, expositions, etc.<\/p>\n<p><img loading=\"lazy\" decoding=\"async\" class=\"size-full wp-image-13127 aligncenter\" data-src=\"https:\/\/www.ywccpackage.com\/wp-content\/uploads\/2025\/11\/Custom-Printed-Kraft-Paper-Bags-15.webp\" alt=\"Sacs en papier kraft imprim\u00e9s sur mesure\" width=\"800\" height=\"800\" srcset=\"https:\/\/www.ywccpackage.com\/wp-content\/uploads\/2025\/11\/Custom-Printed-Kraft-Paper-Bags-15.webp 800w, https:\/\/www.ywccpackage.com\/wp-content\/uploads\/2025\/11\/Custom-Printed-Kraft-Paper-Bags-15-480x480.webp 480w\" sizes=\"(min-width: 0px) and (max-width: 480px) 480px, (min-width: 481px) 800px, 100vw\" \/><\/p>\n<h2>7. Prix et offres<\/h2>\n<p>Prix transparents : Offre des prix standard et des prix de gros. Remises en gros : Remises plus importantes pour les grandes quantit\u00e9s.<\/p>\n<p>Activit\u00e9s promotionnelles : Promotions r\u00e9guli\u00e8res pour r\u00e9duire les co\u00fbts.<\/p>\n<p>Acheter maintenant | Personnalisez vos sacs fourre-tout en papier kraft imprim\u00e9 multicolore<\/p>\n<p>Personnalisez des emballages \u00e9cologiques pour am\u00e9liorer votre image de marque et r\u00e9pondre \u00e0 vos besoins en mati\u00e8re d'emballage.<\/p>\n<p>Nous acceptons divers services de personnalisation.<\/p>\n<p>N'h\u00e9sitez pas \u00e0 nous contacter pour nous faire part de vos id\u00e9es de design.<\/p>\n<p><img loading=\"lazy\" decoding=\"async\" class=\"size-full wp-image-13129 aligncenter\" data-src=\"https:\/\/www.ywccpackage.com\/wp-content\/uploads\/2025\/11\/Custom-Printed-Kraft-Paper-Bags-16.webp\" alt=\"\" width=\"800\" height=\"800\" srcset=\"https:\/\/www.ywccpackage.com\/wp-content\/uploads\/2025\/11\/Custom-Printed-Kraft-Paper-Bags-16.webp 800w, https:\/\/www.ywccpackage.com\/wp-content\/uploads\/2025\/11\/Custom-Printed-Kraft-Paper-Bags-16-480x480.webp 480w\" sizes=\"(min-width: 0px) and (max-width: 480px) 480px, (min-width: 481px) 800px, 100vw\" \/><\/p>\n<h2>Sc\u00e9narios appropri\u00e9s :<\/h2>\n<h3>Magasins de d\u00e9tail<\/h3>\n<p>Sacs \u00e0 provisions : Pour les magasins respectueux de l'environnement, tels que les magasins d'alimentation biologique et les magasins de produits di\u00e9t\u00e9tiques, fournir des sacs \u00e0 provisions \u00e9cologiques.<\/p>\n<p>Promotion de la marque : Personnaliser <a href=\"https:\/\/www.ywccpackage.com\/fr\/category\/parper-bag\/\">sac en papier kraft<\/a> comme sacs \u00e0 provisions afin d'accro\u00eetre la visibilit\u00e9 de la marque.<\/p>\n<h3>Emballage cadeau<\/h3>\n<p>Sacs cadeaux haut de gamme : Pour l'emballage de cadeaux haut de gamme et de cadeaux de vacances, en accord avec une image de marque respectueuse de l'environnement.<\/p>\n<p>Custom Gift Bags: Suitable for festive events (such as Christmas and Valentine&#8217;s Day), featuring your company logo or design.<\/p>\n<h3>Industrie alimentaire<\/h3>\n<p>Emballage pour la vente \u00e0 emporter : Pour le secteur de la restauration, emballage des plats \u00e0 emporter pour en pr\u00e9server la fra\u00eecheur.<\/p>\n<p>Caf\u00e9s et boulangeries : Convient \u00e0 l'emballage du pain, des p\u00e2tisseries, des snacks, etc.<\/p>\n<h3>Salons professionnels et \u00e9v\u00e9nements promotionnels<\/h3>\n<p>Sacs d'exposition : Utilis\u00e9s pour contenir du mat\u00e9riel promotionnel et des cadeaux publicitaires lors de salons et d'\u00e9v\u00e9nements promotionnels.<\/p>\n<p>Sacs cadeaux : Utilis\u00e9s pour distribuer de petits cadeaux ou du mat\u00e9riel promotionnel, ils renforcent la visibilit\u00e9 de la marque.<\/p>\n<h3>Mariages et \u00e9v\u00e9nements festifs<\/h3>\n<p>Sacs de mariage : Utilis\u00e9s pour les sacs de cadeaux de mariage ou les petits sacs de cadeaux pour les invit\u00e9s, en mettant l'accent sur le th\u00e8me de l'environnement.<\/p>\n<p>Emballage festif : Utilis\u00e9 lors de festivals tels que No\u00ebl et le Nouvel An chinois, il refl\u00e8te une atmosph\u00e8re festive.<\/p>\n<h3>Emballages de v\u00eatements et d'accessoires<\/h3>\n<p>Emballage de v\u00eatements : Utilis\u00e9 pour emballer les v\u00eatements, les chaussures et les accessoires dans les magasins de d\u00e9tail, pour prot\u00e9ger la marchandise et mettre en valeur le produit.<\/p>\n<p>Emballage de mode personnalis\u00e9 : Utilis\u00e9s par les marques haut de gamme, ils mettent en avant une image respectueuse de l'environnement et de la mode.<\/p>\n<h3>Produits de sant\u00e9 et de beaut\u00e9<\/h3>\n<p>Emballage cosm\u00e9tique : Convient \u00e0 l'emballage de produits cosm\u00e9tiques et de soins de la peau, en mettant l'accent sur les ingr\u00e9dients naturels et respectueux de l'environnement.<\/p>\n<p>Savons artisanaux, produits \u00e0 base de plantes, etc. : Emballage de petits produits de sant\u00e9 et de beaut\u00e9, mettant en valeur les ingr\u00e9dients naturels.<\/p>\n<h3>Emballages de produits \u00e9lectroniques et d'accessoires<\/h3>\n<p>Emballage d'accessoires \u00e9lectroniques : Utilis\u00e9 pour l'emballage de petits produits \u00e9lectroniques tels que les \u00e9couteurs et les chargeurs, mettant en valeur les caract\u00e9ristiques \u00e9cologiques.<\/p>\n<h2>Avantages de l'usine :<\/h2>\n<p>4 usines annexes<\/p>\n<p>Capacit\u00e9 de production journali\u00e8re : 200 tonnes<\/p>\n<p>Capacit\u00e9 de production journali\u00e8re : 6 millions de sacs<\/p>\n<p>34 000 m\u00e8tres carr\u00e9s d'espace industriel<\/p>\n<p>Conforme aux certifications internationales, notamment ISO 9001, SGS, BSCI, FSC, REACH, etc.<\/p>","protected":false},"excerpt":{"rendered":"<p>Sacs en papier kraft en gros - \u00e9cologiques et abordables<\/p>","protected":false},"featured_media":13115,"template":"","meta":{"_et_pb_use_builder":"","_et_pb_old_content":"","_et_gb_content_width":""},"product_cat":[199],"product_tag":[211,215],"yoast_head":"<!-- This site is optimized with the Yoast SEO plugin v22.7 - https:\/\/yoast.com\/wordpress\/plugins\/seo\/ -->\n<title>China wholesales Custom Printed Kraft Paper Bags for Retail and Promotional Use supplier - YWCC Package<\/title>\n<meta name=\"description\" content=\"We supply durable, customizable, and eco-friendly Custom Printed Kraft Paper Bags for Retail and Promotional Use solutions to clients in over 100 countries. Wholesale and OEM available.\" \/>\n<meta name=\"robots\" content=\"index, follow, max-snippet:-1, max-image-preview:large, max-video-preview:-1\" \/>\n<link rel=\"canonical\" href=\"https:\/\/www.ywccpackage.com\/fr\/produit\/custom-printed-kraft-paper-bags-for-retail-and-promotional-use\/\" \/>\n<meta property=\"og:locale\" content=\"fr_FR\" \/>\n<meta property=\"og:type\" content=\"article\" \/>\n<meta property=\"og:title\" content=\"China wholesales Custom Printed Kraft Paper Bags for Retail and Promotional Use supplier - YWCC Package\" \/>\n<meta property=\"og:description\" content=\"We supply durable, customizable, and eco-friendly Custom Printed Kraft Paper Bags for Retail and Promotional Use solutions to clients in over 100 countries. Wholesale and OEM available.\" \/>\n<meta property=\"og:url\" content=\"https:\/\/www.ywccpackage.com\/fr\/produit\/custom-printed-kraft-paper-bags-for-retail-and-promotional-use\/\" \/>\n<meta property=\"og:site_name\" content=\"YWCC Package\" \/>\n<meta property=\"article:modified_time\" content=\"2025-11-04T03:02:35+00:00\" \/>\n<meta property=\"og:image\" content=\"https:\/\/www.ywccpackage.com\/wp-content\/uploads\/2025\/11\/Custom-Printed-Kraft-Paper-Bags-2.webp\" \/>\n\t<meta property=\"og:image:width\" content=\"800\" \/>\n\t<meta property=\"og:image:height\" content=\"800\" \/>\n\t<meta property=\"og:image:type\" content=\"image\/webp\" \/>\n<meta name=\"twitter:card\" content=\"summary_large_image\" \/>\n<meta name=\"twitter:label1\" content=\"Dur\u00e9e de lecture estim\u00e9e\" \/>\n\t<meta name=\"twitter:data1\" content=\"5 minutes\" \/>\n<script type=\"application\/ld+json\" class=\"yoast-schema-graph\">{\"@context\":\"https:\/\/schema.org\",\"@graph\":[{\"@type\":\"WebPage\",\"@id\":\"https:\/\/www.ywccpackage.com\/product\/custom-printed-kraft-paper-bags-for-retail-and-promotional-use\/\",\"url\":\"https:\/\/www.ywccpackage.com\/product\/custom-printed-kraft-paper-bags-for-retail-and-promotional-use\/\",\"name\":\"China wholesales Custom Printed Kraft Paper Bags for Retail and Promotional Use supplier - YWCC Package\",\"isPartOf\":{\"@id\":\"https:\/\/www.ywccpackage.com\/#website\"},\"primaryImageOfPage\":{\"@id\":\"https:\/\/www.ywccpackage.com\/product\/custom-printed-kraft-paper-bags-for-retail-and-promotional-use\/#primaryimage\"},\"image\":{\"@id\":\"https:\/\/www.ywccpackage.com\/product\/custom-printed-kraft-paper-bags-for-retail-and-promotional-use\/#primaryimage\"},\"thumbnailUrl\":\"https:\/\/www.ywccpackage.com\/wp-content\/uploads\/2025\/11\/Custom-Printed-Kraft-Paper-Bags-2.webp\",\"datePublished\":\"2025-11-03T09:12:30+00:00\",\"dateModified\":\"2025-11-04T03:02:35+00:00\",\"description\":\"We supply durable, customizable, and eco-friendly Custom Printed Kraft Paper Bags for Retail and Promotional Use solutions to clients in over 100 countries. Wholesale and OEM available.\",\"breadcrumb\":{\"@id\":\"https:\/\/www.ywccpackage.com\/product\/custom-printed-kraft-paper-bags-for-retail-and-promotional-use\/#breadcrumb\"},\"inLanguage\":\"fr-FR\",\"potentialAction\":[{\"@type\":\"ReadAction\",\"target\":[\"https:\/\/www.ywccpackage.com\/product\/custom-printed-kraft-paper-bags-for-retail-and-promotional-use\/\"]}]},{\"@type\":\"ImageObject\",\"inLanguage\":\"fr-FR\",\"@id\":\"https:\/\/www.ywccpackage.com\/product\/custom-printed-kraft-paper-bags-for-retail-and-promotional-use\/#primaryimage\",\"url\":\"https:\/\/www.ywccpackage.com\/wp-content\/uploads\/2025\/11\/Custom-Printed-Kraft-Paper-Bags-2.webp\",\"contentUrl\":\"https:\/\/www.ywccpackage.com\/wp-content\/uploads\/2025\/11\/Custom-Printed-Kraft-Paper-Bags-2.webp\",\"width\":800,\"height\":800,\"caption\":\"Custom Printed Kraft Paper Bags\"},{\"@type\":\"BreadcrumbList\",\"@id\":\"https:\/\/www.ywccpackage.com\/product\/custom-printed-kraft-paper-bags-for-retail-and-promotional-use\/#breadcrumb\",\"itemListElement\":[{\"@type\":\"ListItem\",\"position\":1,\"name\":\"Home\",\"item\":\"https:\/\/www.ywccpackage.com\/\"},{\"@type\":\"ListItem\",\"position\":2,\"name\":\"Products\",\"item\":\"https:\/\/www.ywccpackage.com\/shop\/\"},{\"@type\":\"ListItem\",\"position\":3,\"name\":\"Custom Printed Kraft Paper Bags for Retail and Promotional Use\"}]},{\"@type\":\"WebSite\",\"@id\":\"https:\/\/www.ywccpackage.com\/#website\",\"url\":\"https:\/\/www.ywccpackage.com\/\",\"name\":\"YWCC Package\",\"description\":\"YWCC Package\",\"potentialAction\":[{\"@type\":\"SearchAction\",\"target\":{\"@type\":\"EntryPoint\",\"urlTemplate\":\"https:\/\/www.ywccpackage.com\/?s={search_term_string}\"},\"query-input\":\"required name=search_term_string\"}],\"inLanguage\":\"fr-FR\"}]}<\/script>\n<!-- \/ Yoast SEO plugin. -->","yoast_head_json":{"title":"China wholesales Custom Printed Kraft Paper Bags for Retail and Promotional Use supplier - YWCC Package","description":"We supply durable, customizable, and eco-friendly Custom Printed Kraft Paper Bags for Retail and Promotional Use solutions to clients in over 100 countries. Wholesale and OEM available.","robots":{"index":"index","follow":"follow","max-snippet":"max-snippet:-1","max-image-preview":"max-image-preview:large","max-video-preview":"max-video-preview:-1"},"canonical":"https:\/\/www.ywccpackage.com\/fr\/produit\/custom-printed-kraft-paper-bags-for-retail-and-promotional-use\/","og_locale":"fr_FR","og_type":"article","og_title":"China wholesales Custom Printed Kraft Paper Bags for Retail and Promotional Use supplier - YWCC Package","og_description":"We supply durable, customizable, and eco-friendly Custom Printed Kraft Paper Bags for Retail and Promotional Use solutions to clients in over 100 countries. Wholesale and OEM available.","og_url":"https:\/\/www.ywccpackage.com\/fr\/produit\/custom-printed-kraft-paper-bags-for-retail-and-promotional-use\/","og_site_name":"YWCC Package","article_modified_time":"2025-11-04T03:02:35+00:00","og_image":[{"width":800,"height":800,"url":"https:\/\/www.ywccpackage.com\/wp-content\/uploads\/2025\/11\/Custom-Printed-Kraft-Paper-Bags-2.webp","type":"image\/webp"}],"twitter_card":"summary_large_image","twitter_misc":{"Dur\u00e9e de lecture estim\u00e9e":"5 minutes"},"schema":{"@context":"https:\/\/schema.org","@graph":[{"@type":"WebPage","@id":"https:\/\/www.ywccpackage.com\/product\/custom-printed-kraft-paper-bags-for-retail-and-promotional-use\/","url":"https:\/\/www.ywccpackage.com\/product\/custom-printed-kraft-paper-bags-for-retail-and-promotional-use\/","name":"China wholesales Custom Printed Kraft Paper Bags for Retail and Promotional Use supplier - YWCC Package","isPartOf":{"@id":"https:\/\/www.ywccpackage.com\/#website"},"primaryImageOfPage":{"@id":"https:\/\/www.ywccpackage.com\/product\/custom-printed-kraft-paper-bags-for-retail-and-promotional-use\/#primaryimage"},"image":{"@id":"https:\/\/www.ywccpackage.com\/product\/custom-printed-kraft-paper-bags-for-retail-and-promotional-use\/#primaryimage"},"thumbnailUrl":"https:\/\/www.ywccpackage.com\/wp-content\/uploads\/2025\/11\/Custom-Printed-Kraft-Paper-Bags-2.webp","datePublished":"2025-11-03T09:12:30+00:00","dateModified":"2025-11-04T03:02:35+00:00","description":"We supply durable, customizable, and eco-friendly Custom Printed Kraft Paper Bags for Retail and Promotional Use solutions to clients in over 100 countries. Wholesale and OEM available.","breadcrumb":{"@id":"https:\/\/www.ywccpackage.com\/product\/custom-printed-kraft-paper-bags-for-retail-and-promotional-use\/#breadcrumb"},"inLanguage":"fr-FR","potentialAction":[{"@type":"ReadAction","target":["https:\/\/www.ywccpackage.com\/product\/custom-printed-kraft-paper-bags-for-retail-and-promotional-use\/"]}]},{"@type":"ImageObject","inLanguage":"fr-FR","@id":"https:\/\/www.ywccpackage.com\/product\/custom-printed-kraft-paper-bags-for-retail-and-promotional-use\/#primaryimage","url":"https:\/\/www.ywccpackage.com\/wp-content\/uploads\/2025\/11\/Custom-Printed-Kraft-Paper-Bags-2.webp","contentUrl":"https:\/\/www.ywccpackage.com\/wp-content\/uploads\/2025\/11\/Custom-Printed-Kraft-Paper-Bags-2.webp","width":800,"height":800,"caption":"Custom Printed Kraft Paper Bags"},{"@type":"BreadcrumbList","@id":"https:\/\/www.ywccpackage.com\/product\/custom-printed-kraft-paper-bags-for-retail-and-promotional-use\/#breadcrumb","itemListElement":[{"@type":"ListItem","position":1,"name":"Home","item":"https:\/\/www.ywccpackage.com\/"},{"@type":"ListItem","position":2,"name":"Products","item":"https:\/\/www.ywccpackage.com\/shop\/"},{"@type":"ListItem","position":3,"name":"Custom Printed Kraft Paper Bags for Retail and Promotional Use"}]},{"@type":"WebSite","@id":"https:\/\/www.ywccpackage.com\/#website","url":"https:\/\/www.ywccpackage.com\/","name":"YWCC Package","description":"YWCC Package","potentialAction":[{"@type":"SearchAction","target":{"@type":"EntryPoint","urlTemplate":"https:\/\/www.ywccpackage.com\/?s={search_term_string}"},"query-input":"required name=search_term_string"}],"inLanguage":"fr-FR"}]}},"_links":{"self":[{"href":"https:\/\/www.ywccpackage.com\/fr\/wp-json\/wp\/v2\/product\/13114"}],"collection":[{"href":"https:\/\/www.ywccpackage.com\/fr\/wp-json\/wp\/v2\/product"}],"about":[{"href":"https:\/\/www.ywccpackage.com\/fr\/wp-json\/wp\/v2\/types\/product"}],"wp:featuredmedia":[{"embeddable":true,"href":"https:\/\/www.ywccpackage.com\/fr\/wp-json\/wp\/v2\/media\/13115"}],"wp:attachment":[{"href":"https:\/\/www.ywccpackage.com\/fr\/wp-json\/wp\/v2\/media?parent=13114"}],"wp:term":[{"taxonomy":"product_cat","embeddable":true,"href":"https:\/\/www.ywccpackage.com\/fr\/wp-json\/wp\/v2\/product_cat?post=13114"},{"taxonomy":"product_tag","embeddable":true,"href":"https:\/\/www.ywccpackage.com\/fr\/wp-json\/wp\/v2\/product_tag?post=13114"}],"curies":[{"name":"wp","href":"https:\/\/api.w.org\/{rel}","templated":true}]}}