{"id":12623,"date":"2025-06-24T08:45:12","date_gmt":"2025-06-24T08:45:12","guid":{"rendered":"https:\/\/www.ywccpackage.com\/?post_type=product&#038;p=12623"},"modified":"2025-08-20T08:39:40","modified_gmt":"2025-08-20T08:39:40","slug":"custom-eva-zip-poly-bag-manufacturer-your-packaging-solution","status":"publish","type":"product","link":"https:\/\/www.ywccpackage.com\/pt\/produto\/custom-eva-zip-poly-bag-manufacturer-your-packaging-solution\/","title":{"rendered":"Fabricante de sacos de polietileno EVA Zip personalizados - A sua solu\u00e7\u00e3o de embalagem"},"content":{"rendered":"<h2>Description Zip Poly Bag<\/h2>\n<p>1. The material of the <a href=\"https:\/\/www.ywccpackage.com\/pt\/produto\/custom-eva-zip-poly-bag-manufacturer-your-packaging-solution\/\"><strong>Zip\u00a0Poly Bag<\/strong><\/a> is food-grade, non-toxic and odorless, compliant with food contact standards, and can be directly used in scenarios such as children&#8217;s products and food preservation (e.g., dried fruits, snacks).<br \/>\n2. High toughness and resilience, strong tear resistance. It can quickly return to a flat state after being repeatedly rubbed and is not easy to deform.<br \/>\n3. Waterproof and moisture-proof, washable.<br \/>\n4. Shockproof and buffer. The frosted or thickened EVA layer can absorb impacts and is suitable for packaging digital devices and fragile items.<br \/>\n5. Visual management. The transparent bag body is convenient for searching and supports classified storage. The frosted bag body provides anti-slip and privacy protection.<br \/>\n6. Reusable, meeting environmental protection requirements.<\/p>\n<h3>We can undertake diversified customized services according to customers&#8217; needs of Zip Poly Bag<\/h3>\n<p>1. Gusseted bottom design of <a href=\"https:\/\/www.ywccpackage.com\/pt\/category\/zipper-bag\/\"><strong>zipper plastic bag<\/strong><\/a> (Side Gusset Bag)\/block bottom self-standing bag (Block Bottom Bag). Set up three-dimensional folds that fold inward on both sides (or one side) of the bag (similar to the telescopic structure of an accordion). When the bag is filled with contents, the folds expand to form a stable support surface, allowing the bag to stand naturally.<br \/>\n2. Customize brand logo design to enhance brand value.<br \/>\n3. Customized packaging solutions for clothing, accessories, cosmetics, and electronic products, with customizable size and thickness.<br \/>\n4. Factory direct sales, sufficient stock sizes (unprinted), and fast delivery.<br \/>\n5. Customizable hole-punching and lanyard design for easy carrying.<\/p>\n<h2>F\u00e1brica<\/h2>\n<p>4 f\u00e1bricas de sucursais<br \/>\nDaily production capacity of 200 tons in our <a href=\"https:\/\/www.ywccpackage.com\/pt\/about-us\/\"><strong>f\u00e1brica de sacos de embalagem<\/strong><\/a><br \/>\nCapacidade de produ\u00e7\u00e3o di\u00e1ria de 6 milh\u00f5es de sacos<br \/>\nEdif\u00edcios fabris com uma \u00e1rea de 34.000 metros quadrados<br \/>\nEm conformidade com as certifica\u00e7\u00f5es internacionais, tais como ISO 9001, SGS, BSCI, FSC, REACH, etc.<\/p>\n<p><img loading=\"lazy\" decoding=\"async\" class=\"size-full wp-image-12579 aligncenter\" data-src=\"https:\/\/www.ywccpackage.com\/wp-content\/uploads\/2025\/06\/factory.webp\" alt=\"F\u00e1brica\" width=\"750\" height=\"2000\" srcset=\"https:\/\/www.ywccpackage.com\/wp-content\/uploads\/2025\/06\/factory.webp 750w, https:\/\/www.ywccpackage.com\/wp-content\/uploads\/2025\/06\/factory-480x1280.webp 480w\" sizes=\"(min-width: 0px) and (max-width: 480px) 480px, (min-width: 481px) 750px, 100vw\" \/> <img loading=\"lazy\" decoding=\"async\" class=\"aligncenter wp-image-12580\" data-src=\"https:\/\/www.ywccpackage.com\/wp-content\/uploads\/2025\/06\/Factory-1.webp\" alt=\"F\u00e1brica\" width=\"750\" height=\"656\" \/> <img loading=\"lazy\" decoding=\"async\" class=\"wp-image-12578 aligncenter\" data-src=\"https:\/\/www.ywccpackage.com\/wp-content\/uploads\/2025\/06\/Factory-2.webp\" alt=\"F\u00e1brica\" width=\"750\" height=\"750\" \/><\/p>\n<h2>Certifica\u00e7\u00f5es: Apresentar log\u00f3tipos\/certificados<\/h2>\n<p><img loading=\"lazy\" decoding=\"async\" class=\"aligncenter wp-image-12581\" data-src=\"https:\/\/www.ywccpackage.com\/wp-content\/uploads\/2025\/06\/Certificate.webp\" alt=\"Certificado\" width=\"750\" height=\"1113\" srcset=\"https:\/\/www.ywccpackage.com\/wp-content\/uploads\/2025\/06\/Certificate.webp 750w, https:\/\/www.ywccpackage.com\/wp-content\/uploads\/2025\/06\/Certificate-480x713.webp 480w\" sizes=\"(min-width: 0px) and (max-width: 480px) 480px, (min-width: 481px) 750px, 100vw\" \/><\/p>\n<h2>Sobre n\u00f3s<\/h2>\n<p>Crie embalagens de marca que se destaquem! Fornecemos embalagens\u00a0<a href=\"http:\/\/www.ywccpackage.com\/pt\/\"><strong>sacos de pl\u00e1stico personalizados com log\u00f3tipo<\/strong><\/a>\u00a0- incluindo dur\u00e1vel\u00a0<strong>saco com fecho de correr<\/strong> op\u00e7\u00f5es. Escolha vers\u00e1til <strong>saco transparente com fecho de correr<\/strong>,\u00a0<strong>saco de pl\u00e1stico com fecho<\/strong>e\u00a0<strong>saco com fecho de correr em pvc<\/strong> solu\u00e7\u00f5es. As nossas <strong>zip <\/strong><strong>poly<\/strong><strong> bag<\/strong>\u00a0apresentam o conte\u00fado e protegem os produtos. Ideal para venda a retalho, ofertas e promo\u00e7\u00f5es. \u00c0 prova de \u00e1gua, reutiliz\u00e1vel e pronta para venda a retalho. Aumente a visibilidade da sua marca com bolsas com fecho de correr personalizadas e profissionais. <a href=\"https:\/\/www.ywccpackage.com\/pt\/contact-us\/\"><strong>Encomendar amostras hoje<\/strong><\/a>!<\/p>","protected":false},"excerpt":{"rendered":"<p>This food-grade zipper bag features high toughness, waterproofing, and shockproof EVA layer, ideal for food and fragile items, with customizable designs and factory-direct supply.<\/p>","protected":false},"featured_media":12625,"template":"","meta":{"_et_pb_use_builder":"","_et_pb_old_content":"","_et_gb_content_width":""},"product_cat":[193],"product_tag":[208,209,210],"yoast_head":"<!-- This site is optimized with the Yoast SEO plugin v22.7 - https:\/\/yoast.com\/wordpress\/plugins\/seo\/ -->\n<title>Zip Poly Bag - Food-Grade, Durable &amp; Eco-Friendly<\/title>\n<meta name=\"description\" content=\"Zip poly bag with food-grade material, waterproof &amp; reusable. Transparent\/frosted options for storage. Customizable designs, ideal for food, electronics &amp; more.\" \/>\n<meta name=\"robots\" content=\"index, follow, max-snippet:-1, max-image-preview:large, max-video-preview:-1\" \/>\n<link rel=\"canonical\" href=\"https:\/\/www.ywccpackage.com\/pt\/produto\/custom-eva-zip-poly-bag-manufacturer-your-packaging-solution\/\" \/>\n<meta property=\"og:locale\" content=\"pt_PT\" \/>\n<meta property=\"og:type\" content=\"article\" \/>\n<meta property=\"og:title\" content=\"Zip Poly Bag - Food-Grade, Durable &amp; Eco-Friendly\" \/>\n<meta property=\"og:description\" content=\"Zip poly bag with food-grade material, waterproof &amp; reusable. Transparent\/frosted options for storage. Customizable designs, ideal for food, electronics &amp; more.\" \/>\n<meta property=\"og:url\" content=\"https:\/\/www.ywccpackage.com\/pt\/produto\/custom-eva-zip-poly-bag-manufacturer-your-packaging-solution\/\" \/>\n<meta property=\"og:site_name\" content=\"YWCC Package\" \/>\n<meta property=\"article:modified_time\" content=\"2025-08-20T08:39:40+00:00\" \/>\n<meta property=\"og:image\" content=\"https:\/\/www.ywccpackage.com\/wp-content\/uploads\/2025\/06\/EVA-zipper-BAG.webp\" \/>\n\t<meta property=\"og:image:width\" content=\"800\" \/>\n\t<meta property=\"og:image:height\" content=\"800\" \/>\n\t<meta property=\"og:image:type\" content=\"image\/webp\" \/>\n<meta name=\"twitter:card\" content=\"summary_large_image\" \/>\n<meta name=\"twitter:label1\" content=\"Tempo estimado de leitura\" \/>\n\t<meta name=\"twitter:data1\" content=\"3 minutos\" \/>\n<script type=\"application\/ld+json\" class=\"yoast-schema-graph\">{\"@context\":\"https:\/\/schema.org\",\"@graph\":[{\"@type\":\"WebPage\",\"@id\":\"https:\/\/www.ywccpackage.com\/product\/custom-eva-zip-poly-bag-manufacturer-your-packaging-solution\/\",\"url\":\"https:\/\/www.ywccpackage.com\/product\/custom-eva-zip-poly-bag-manufacturer-your-packaging-solution\/\",\"name\":\"Zip Poly Bag - Food-Grade, Durable & Eco-Friendly\",\"isPartOf\":{\"@id\":\"https:\/\/www.ywccpackage.com\/#website\"},\"primaryImageOfPage\":{\"@id\":\"https:\/\/www.ywccpackage.com\/product\/custom-eva-zip-poly-bag-manufacturer-your-packaging-solution\/#primaryimage\"},\"image\":{\"@id\":\"https:\/\/www.ywccpackage.com\/product\/custom-eva-zip-poly-bag-manufacturer-your-packaging-solution\/#primaryimage\"},\"thumbnailUrl\":\"https:\/\/www.ywccpackage.com\/wp-content\/uploads\/2025\/06\/EVA-zipper-BAG.webp\",\"datePublished\":\"2025-06-24T08:45:12+00:00\",\"dateModified\":\"2025-08-20T08:39:40+00:00\",\"description\":\"Zip poly bag with food-grade material, waterproof & reusable. Transparent\/frosted options for storage. Customizable designs, ideal for food, electronics & more.\",\"breadcrumb\":{\"@id\":\"https:\/\/www.ywccpackage.com\/product\/custom-eva-zip-poly-bag-manufacturer-your-packaging-solution\/#breadcrumb\"},\"inLanguage\":\"pt-PT\",\"potentialAction\":[{\"@type\":\"ReadAction\",\"target\":[\"https:\/\/www.ywccpackage.com\/product\/custom-eva-zip-poly-bag-manufacturer-your-packaging-solution\/\"]}]},{\"@type\":\"ImageObject\",\"inLanguage\":\"pt-PT\",\"@id\":\"https:\/\/www.ywccpackage.com\/product\/custom-eva-zip-poly-bag-manufacturer-your-packaging-solution\/#primaryimage\",\"url\":\"https:\/\/www.ywccpackage.com\/wp-content\/uploads\/2025\/06\/EVA-zipper-BAG.webp\",\"contentUrl\":\"https:\/\/www.ywccpackage.com\/wp-content\/uploads\/2025\/06\/EVA-zipper-BAG.webp\",\"width\":800,\"height\":800,\"caption\":\"EVA zipper BAG\"},{\"@type\":\"BreadcrumbList\",\"@id\":\"https:\/\/www.ywccpackage.com\/product\/custom-eva-zip-poly-bag-manufacturer-your-packaging-solution\/#breadcrumb\",\"itemListElement\":[{\"@type\":\"ListItem\",\"position\":1,\"name\":\"Home\",\"item\":\"https:\/\/www.ywccpackage.com\/\"},{\"@type\":\"ListItem\",\"position\":2,\"name\":\"Products\",\"item\":\"https:\/\/www.ywccpackage.com\/shop\/\"},{\"@type\":\"ListItem\",\"position\":3,\"name\":\"Custom EVA Zip\u00a0Poly Bag Manufacturer &#8211; Your Packaging Solution\"}]},{\"@type\":\"WebSite\",\"@id\":\"https:\/\/www.ywccpackage.com\/#website\",\"url\":\"https:\/\/www.ywccpackage.com\/\",\"name\":\"YWCC Package\",\"description\":\"YWCC Package\",\"potentialAction\":[{\"@type\":\"SearchAction\",\"target\":{\"@type\":\"EntryPoint\",\"urlTemplate\":\"https:\/\/www.ywccpackage.com\/?s={search_term_string}\"},\"query-input\":\"required name=search_term_string\"}],\"inLanguage\":\"pt-PT\"}]}<\/script>\n<!-- \/ Yoast SEO plugin. -->","yoast_head_json":{"title":"Zip Poly Bag - Food-Grade, Durable & Eco-Friendly","description":"Zip poly bag with food-grade material, waterproof & reusable. Transparent\/frosted options for storage. Customizable designs, ideal for food, electronics & more.","robots":{"index":"index","follow":"follow","max-snippet":"max-snippet:-1","max-image-preview":"max-image-preview:large","max-video-preview":"max-video-preview:-1"},"canonical":"https:\/\/www.ywccpackage.com\/pt\/produto\/custom-eva-zip-poly-bag-manufacturer-your-packaging-solution\/","og_locale":"pt_PT","og_type":"article","og_title":"Zip Poly Bag - Food-Grade, Durable & Eco-Friendly","og_description":"Zip poly bag with food-grade material, waterproof & reusable. Transparent\/frosted options for storage. Customizable designs, ideal for food, electronics & more.","og_url":"https:\/\/www.ywccpackage.com\/pt\/produto\/custom-eva-zip-poly-bag-manufacturer-your-packaging-solution\/","og_site_name":"YWCC Package","article_modified_time":"2025-08-20T08:39:40+00:00","og_image":[{"width":800,"height":800,"url":"https:\/\/www.ywccpackage.com\/wp-content\/uploads\/2025\/06\/EVA-zipper-BAG.webp","type":"image\/webp"}],"twitter_card":"summary_large_image","twitter_misc":{"Tempo estimado de leitura":"3 minutos"},"schema":{"@context":"https:\/\/schema.org","@graph":[{"@type":"WebPage","@id":"https:\/\/www.ywccpackage.com\/product\/custom-eva-zip-poly-bag-manufacturer-your-packaging-solution\/","url":"https:\/\/www.ywccpackage.com\/product\/custom-eva-zip-poly-bag-manufacturer-your-packaging-solution\/","name":"Zip Poly Bag - Food-Grade, Durable & Eco-Friendly","isPartOf":{"@id":"https:\/\/www.ywccpackage.com\/#website"},"primaryImageOfPage":{"@id":"https:\/\/www.ywccpackage.com\/product\/custom-eva-zip-poly-bag-manufacturer-your-packaging-solution\/#primaryimage"},"image":{"@id":"https:\/\/www.ywccpackage.com\/product\/custom-eva-zip-poly-bag-manufacturer-your-packaging-solution\/#primaryimage"},"thumbnailUrl":"https:\/\/www.ywccpackage.com\/wp-content\/uploads\/2025\/06\/EVA-zipper-BAG.webp","datePublished":"2025-06-24T08:45:12+00:00","dateModified":"2025-08-20T08:39:40+00:00","description":"Zip poly bag with food-grade material, waterproof & reusable. Transparent\/frosted options for storage. Customizable designs, ideal for food, electronics & more.","breadcrumb":{"@id":"https:\/\/www.ywccpackage.com\/product\/custom-eva-zip-poly-bag-manufacturer-your-packaging-solution\/#breadcrumb"},"inLanguage":"pt-PT","potentialAction":[{"@type":"ReadAction","target":["https:\/\/www.ywccpackage.com\/product\/custom-eva-zip-poly-bag-manufacturer-your-packaging-solution\/"]}]},{"@type":"ImageObject","inLanguage":"pt-PT","@id":"https:\/\/www.ywccpackage.com\/product\/custom-eva-zip-poly-bag-manufacturer-your-packaging-solution\/#primaryimage","url":"https:\/\/www.ywccpackage.com\/wp-content\/uploads\/2025\/06\/EVA-zipper-BAG.webp","contentUrl":"https:\/\/www.ywccpackage.com\/wp-content\/uploads\/2025\/06\/EVA-zipper-BAG.webp","width":800,"height":800,"caption":"EVA zipper BAG"},{"@type":"BreadcrumbList","@id":"https:\/\/www.ywccpackage.com\/product\/custom-eva-zip-poly-bag-manufacturer-your-packaging-solution\/#breadcrumb","itemListElement":[{"@type":"ListItem","position":1,"name":"Home","item":"https:\/\/www.ywccpackage.com\/"},{"@type":"ListItem","position":2,"name":"Products","item":"https:\/\/www.ywccpackage.com\/shop\/"},{"@type":"ListItem","position":3,"name":"Custom EVA Zip\u00a0Poly Bag Manufacturer &#8211; Your Packaging Solution"}]},{"@type":"WebSite","@id":"https:\/\/www.ywccpackage.com\/#website","url":"https:\/\/www.ywccpackage.com\/","name":"YWCC Package","description":"YWCC Package","potentialAction":[{"@type":"SearchAction","target":{"@type":"EntryPoint","urlTemplate":"https:\/\/www.ywccpackage.com\/?s={search_term_string}"},"query-input":"required name=search_term_string"}],"inLanguage":"pt-PT"}]}},"_links":{"self":[{"href":"https:\/\/www.ywccpackage.com\/pt\/wp-json\/wp\/v2\/product\/12623"}],"collection":[{"href":"https:\/\/www.ywccpackage.com\/pt\/wp-json\/wp\/v2\/product"}],"about":[{"href":"https:\/\/www.ywccpackage.com\/pt\/wp-json\/wp\/v2\/types\/product"}],"wp:featuredmedia":[{"embeddable":true,"href":"https:\/\/www.ywccpackage.com\/pt\/wp-json\/wp\/v2\/media\/12625"}],"wp:attachment":[{"href":"https:\/\/www.ywccpackage.com\/pt\/wp-json\/wp\/v2\/media?parent=12623"}],"wp:term":[{"taxonomy":"product_cat","embeddable":true,"href":"https:\/\/www.ywccpackage.com\/pt\/wp-json\/wp\/v2\/product_cat?post=12623"},{"taxonomy":"product_tag","embeddable":true,"href":"https:\/\/www.ywccpackage.com\/pt\/wp-json\/wp\/v2\/product_tag?post=12623"}],"curies":[{"name":"wp","href":"https:\/\/api.w.org\/{rel}","templated":true}]}}