{"id":12629,"date":"2025-06-24T08:54:38","date_gmt":"2025-06-24T08:54:38","guid":{"rendered":"https:\/\/www.ywccpackage.com\/?post_type=product&#038;p=12629"},"modified":"2025-11-03T08:42:29","modified_gmt":"2025-11-03T08:42:29","slug":"bulk-bubble-bags-for-shipping-volume-discounts-brand-custom-printed","status":"publish","type":"product","link":"https:\/\/www.ywccpackage.com\/pt\/produto\/bulk-bubble-bags-for-shipping-volume-discounts-brand-custom-printed\/","title":{"rendered":"Bulk Bubble Bags for Shipping &#8211; Volume Discounts, Brand Custom Printed"},"content":{"rendered":"<p><img loading=\"lazy\" decoding=\"async\" class=\"size-full wp-image-12635 aligncenter\" data-src=\"https:\/\/www.ywccpackage.com\/wp-content\/uploads\/2025\/06\/bubble-mailer3.webp\" alt=\"bubble mailer\" width=\"800\" height=\"800\" srcset=\"https:\/\/www.ywccpackage.com\/wp-content\/uploads\/2025\/06\/bubble-mailer3.webp 800w, https:\/\/www.ywccpackage.com\/wp-content\/uploads\/2025\/06\/bubble-mailer3-480x480.webp 480w\" sizes=\"(min-width: 0px) and (max-width: 480px) 480px, (min-width: 481px) 800px, 100vw\" \/><\/p>\n<h2>Advantages of Bubble Bags for Shipping<\/h2>\n<p>1. Cushioning and shock absorption: The dense inner layer of bubbles in <a href=\"https:\/\/www.ywccpackage.com\/pt\/produto\/bulk-bubble-bags-for-shipping-volume-discounts-brand-custom-printed\/\"><strong>Bubble Bags for Shipping<\/strong><\/a> effectively resists bumps and drops, protecting fragile items such as electronic product screens, glassware, and medical devices, reducing the transportation damage rate.<br \/>\n2. Moisture and waterproofing: The physical barrier layer blocks the intrusion of moisture and protects the product. Reduces after &#8211; sales issues.<br \/>\n3. Tear &#8211; resistant and anti &#8211; static.<br \/>\n4. Convenient and efficient design: Self &#8211; sealing design enables quick packaging. The sealed mouth is tear &#8211; resistant, ensuring privacy and safety.<br \/>\n5. Cost &#8211; saving: Reduces the total weight of the package, saving approximately 35% of postage.<br \/>\n6. Opaque material to protect privacy.<br \/>\nDegradable materials (PLA\/PBAT): The new &#8211; type bubble &#8211; pressed envelope bags use degradable raw materials that decompose rapidly in the natural environment, reducing white pollution.<br \/>\nRecyclable materials: Main materials such as kraft paper and PE film can be recycled.<\/p>\n<h3>We can undertake diversified customized services according to customer needs of Bubble Bags for Shipping<\/h3>\n<p>1. Brand customization &#8211; enhance brand image and recognition.<br \/>\n2. Different materials, such as pearlescent film \/ co &#8211; extrusion film. For example, 3 &#8211; layer co &#8211; extruded PE film with 140g thickness can be customized to other thicknesses.<br \/>\n3. A variety of in &#8211; stock styles for quick delivery. Regular colors include black\/white\/pink\/red\/green\/yellow\/light pink\/purple\/blue<\/p>\n<h2>F\u00e1brica<\/h2>\n<p>4 f\u00e1bricas de sucursais<br \/>\nDaily production capacity of 200 tons of <a href=\"https:\/\/www.ywccpackage.com\/pt\/category\/mailer\/\"><strong>caixas de correio com bolhas de ar<\/strong><\/a><br \/>\nCapacidade de produ\u00e7\u00e3o di\u00e1ria de 6 milh\u00f5es de sacos<br \/>\nEdif\u00edcios fabris com uma \u00e1rea de 34.000 metros quadrados<br \/>\nEm conformidade com as certifica\u00e7\u00f5es internacionais, tais como ISO 9001, SGS, BSCI, FSC, REACH, etc.<\/p>\n<p><img loading=\"lazy\" decoding=\"async\" class=\"size-full wp-image-12579 aligncenter\" data-src=\"https:\/\/www.ywccpackage.com\/wp-content\/uploads\/2025\/06\/factory.webp\" alt=\"F\u00e1brica\" width=\"750\" height=\"2000\" srcset=\"https:\/\/www.ywccpackage.com\/wp-content\/uploads\/2025\/06\/factory.webp 750w, https:\/\/www.ywccpackage.com\/wp-content\/uploads\/2025\/06\/factory-480x1280.webp 480w\" sizes=\"(min-width: 0px) and (max-width: 480px) 480px, (min-width: 481px) 750px, 100vw\" \/> <img loading=\"lazy\" decoding=\"async\" class=\"aligncenter wp-image-12580\" data-src=\"https:\/\/www.ywccpackage.com\/wp-content\/uploads\/2025\/06\/Factory-1.webp\" alt=\"F\u00e1brica\" width=\"750\" height=\"656\" \/> <img loading=\"lazy\" decoding=\"async\" class=\"size-full wp-image-13110 aligncenter\" data-src=\"https:\/\/www.ywccpackage.com\/wp-content\/uploads\/2025\/07\/photobank.webp\" alt=\"Sacos de transporte de vestu\u00e1rio \u00e0 prova de \u00e1gua\" width=\"800\" height=\"800\" srcset=\"https:\/\/www.ywccpackage.com\/wp-content\/uploads\/2025\/07\/photobank.webp 800w, https:\/\/www.ywccpackage.com\/wp-content\/uploads\/2025\/07\/photobank-480x480.webp 480w\" sizes=\"(min-width: 0px) and (max-width: 480px) 480px, (min-width: 481px) 800px, 100vw\" \/><\/p>\n<h2>Certifica\u00e7\u00f5es: Apresentar log\u00f3tipos\/certificados<\/h2>\n<p><img loading=\"lazy\" decoding=\"async\" class=\"aligncenter wp-image-12581\" data-src=\"https:\/\/www.ywccpackage.com\/wp-content\/uploads\/2025\/06\/Certificate.webp\" alt=\"Certificado\" width=\"750\" height=\"1113\" srcset=\"https:\/\/www.ywccpackage.com\/wp-content\/uploads\/2025\/06\/Certificate.webp 750w, https:\/\/www.ywccpackage.com\/wp-content\/uploads\/2025\/06\/Certificate-480x713.webp 480w\" sizes=\"(min-width: 0px) and (max-width: 480px) 480px, (min-width: 481px) 750px, 100vw\" \/><\/p>\n<h2>Sobre n\u00f3s<\/h2>\n<p>Pr\u00e9mio <strong><a href=\"http:\/\/www.ywccpackage.com\/pt\/\">sacos de polietileno personalizados<\/a><\/strong>e solu\u00e7\u00f5es de transporte sustent\u00e1veis. Como seu parceiro de embalagem de confian\u00e7a, fornecemos\u00a0<a href=\"https:\/\/www.ywccpackage.com\/pt\/category\/mailer\/\"><strong>saco de correio<\/strong><\/a>\u00a0op\u00e7\u00f5es, incluindo seguro\u00a0<strong>saco expresso<\/strong>,\u00a0<strong>sacos postais<\/strong>e de prote\u00e7\u00e3o\u00a0<strong>bubble bags for shipping<\/strong>. Elevar o unboxing com\u00a0<a href=\"https:\/\/www.ywccpackage.com\/pt\/about-us\/\"><strong>sacos de correio de marca<\/strong><\/a>\u00a0com log\u00f3tipos. Escolha um produto amigo do ambiente\u00a0<strong>sacos de correio biodegrad\u00e1veis<\/strong>\u00a0e\u00a0<strong>sacos de correio compost\u00e1veis<\/strong>\u00a0para reduzir os res\u00edduos. A nossa versatilidade\u00a0<strong>embalagem de envelopes<\/strong>\u00a0protege as mercadorias e aumenta a visibilidade da marca. Prote\u00e7\u00e3o de n\u00edvel profissional para com\u00e9rcio eletr\u00f3nico, retalho e publicidade endere\u00e7ada. Solicite hoje mesmo amostras dos nossos mailers personalizados e ecol\u00f3gicos!<\/p>","protected":false},"excerpt":{"rendered":"<p>This bubble bag offers cushioning, waterproofing, and tear resistance, with self-sealing design for efficiency. It&#8217;s cost-saving, privacy-protecting, and available in degradable materials, supporting custom branding.<\/p>","protected":false},"featured_media":12631,"template":"","meta":{"_et_pb_use_builder":"","_et_pb_old_content":"","_et_gb_content_width":""},"product_cat":[191],"product_tag":[205,206,207,203,204],"yoast_head":"<!-- This site is optimized with the Yoast SEO plugin v22.7 - https:\/\/yoast.com\/wordpress\/plugins\/seo\/ -->\n<title>Bubble Bags for Shipping Supplier - Waterproof &amp; Eco-Friendly<\/title>\n<meta name=\"description\" content=\"Bubble Bags for Shipping with shock absorption, moisture resistance, and tear resistance. Self-sealing, cost-saving, private. Degradable\/recyclable options. Customizable for brands. Ideal for shipping.\" \/>\n<meta name=\"robots\" content=\"index, follow, max-snippet:-1, max-image-preview:large, max-video-preview:-1\" \/>\n<link rel=\"canonical\" href=\"https:\/\/www.ywccpackage.com\/pt\/produto\/bulk-bubble-bags-for-shipping-volume-discounts-brand-custom-printed\/\" \/>\n<meta property=\"og:locale\" content=\"pt_PT\" \/>\n<meta property=\"og:type\" content=\"article\" \/>\n<meta property=\"og:title\" content=\"Bubble Bags for Shipping Supplier - Waterproof &amp; Eco-Friendly\" \/>\n<meta property=\"og:description\" content=\"Bubble Bags for Shipping with shock absorption, moisture resistance, and tear resistance. Self-sealing, cost-saving, private. Degradable\/recyclable options. Customizable for brands. Ideal for shipping.\" \/>\n<meta property=\"og:url\" content=\"https:\/\/www.ywccpackage.com\/pt\/produto\/bulk-bubble-bags-for-shipping-volume-discounts-brand-custom-printed\/\" \/>\n<meta property=\"og:site_name\" content=\"YWCC Package\" \/>\n<meta property=\"article:modified_time\" content=\"2025-11-03T08:42:29+00:00\" \/>\n<meta property=\"og:image\" content=\"https:\/\/www.ywccpackage.com\/wp-content\/uploads\/2025\/06\/bubble-mailer.webp\" \/>\n\t<meta property=\"og:image:width\" content=\"800\" \/>\n\t<meta property=\"og:image:height\" content=\"800\" \/>\n\t<meta property=\"og:image:type\" content=\"image\/webp\" \/>\n<meta name=\"twitter:card\" content=\"summary_large_image\" \/>\n<meta name=\"twitter:label1\" content=\"Tempo estimado de leitura\" \/>\n\t<meta name=\"twitter:data1\" content=\"3 minutos\" \/>\n<script type=\"application\/ld+json\" class=\"yoast-schema-graph\">{\"@context\":\"https:\/\/schema.org\",\"@graph\":[{\"@type\":\"WebPage\",\"@id\":\"https:\/\/www.ywccpackage.com\/product\/bulk-bubble-bags-for-shipping-volume-discounts-brand-custom-printed\/\",\"url\":\"https:\/\/www.ywccpackage.com\/product\/bulk-bubble-bags-for-shipping-volume-discounts-brand-custom-printed\/\",\"name\":\"Bubble Bags for Shipping Supplier - Waterproof & Eco-Friendly\",\"isPartOf\":{\"@id\":\"https:\/\/www.ywccpackage.com\/#website\"},\"primaryImageOfPage\":{\"@id\":\"https:\/\/www.ywccpackage.com\/product\/bulk-bubble-bags-for-shipping-volume-discounts-brand-custom-printed\/#primaryimage\"},\"image\":{\"@id\":\"https:\/\/www.ywccpackage.com\/product\/bulk-bubble-bags-for-shipping-volume-discounts-brand-custom-printed\/#primaryimage\"},\"thumbnailUrl\":\"https:\/\/www.ywccpackage.com\/wp-content\/uploads\/2025\/06\/bubble-mailer.webp\",\"datePublished\":\"2025-06-24T08:54:38+00:00\",\"dateModified\":\"2025-11-03T08:42:29+00:00\",\"description\":\"Bubble Bags for Shipping with shock absorption, moisture resistance, and tear resistance. Self-sealing, cost-saving, private. Degradable\/recyclable options. Customizable for brands. Ideal for shipping.\",\"breadcrumb\":{\"@id\":\"https:\/\/www.ywccpackage.com\/product\/bulk-bubble-bags-for-shipping-volume-discounts-brand-custom-printed\/#breadcrumb\"},\"inLanguage\":\"pt-PT\",\"potentialAction\":[{\"@type\":\"ReadAction\",\"target\":[\"https:\/\/www.ywccpackage.com\/product\/bulk-bubble-bags-for-shipping-volume-discounts-brand-custom-printed\/\"]}]},{\"@type\":\"ImageObject\",\"inLanguage\":\"pt-PT\",\"@id\":\"https:\/\/www.ywccpackage.com\/product\/bulk-bubble-bags-for-shipping-volume-discounts-brand-custom-printed\/#primaryimage\",\"url\":\"https:\/\/www.ywccpackage.com\/wp-content\/uploads\/2025\/06\/bubble-mailer.webp\",\"contentUrl\":\"https:\/\/www.ywccpackage.com\/wp-content\/uploads\/2025\/06\/bubble-mailer.webp\",\"width\":800,\"height\":800,\"caption\":\"bubble mailer\"},{\"@type\":\"BreadcrumbList\",\"@id\":\"https:\/\/www.ywccpackage.com\/product\/bulk-bubble-bags-for-shipping-volume-discounts-brand-custom-printed\/#breadcrumb\",\"itemListElement\":[{\"@type\":\"ListItem\",\"position\":1,\"name\":\"Home\",\"item\":\"https:\/\/www.ywccpackage.com\/\"},{\"@type\":\"ListItem\",\"position\":2,\"name\":\"Products\",\"item\":\"https:\/\/www.ywccpackage.com\/shop\/\"},{\"@type\":\"ListItem\",\"position\":3,\"name\":\"Bulk Bubble Bags for Shipping &#8211; Volume Discounts, Brand Custom Printed\"}]},{\"@type\":\"WebSite\",\"@id\":\"https:\/\/www.ywccpackage.com\/#website\",\"url\":\"https:\/\/www.ywccpackage.com\/\",\"name\":\"YWCC Package\",\"description\":\"YWCC Package\",\"potentialAction\":[{\"@type\":\"SearchAction\",\"target\":{\"@type\":\"EntryPoint\",\"urlTemplate\":\"https:\/\/www.ywccpackage.com\/?s={search_term_string}\"},\"query-input\":\"required name=search_term_string\"}],\"inLanguage\":\"pt-PT\"}]}<\/script>\n<!-- \/ Yoast SEO plugin. -->","yoast_head_json":{"title":"Bubble Bags for Shipping Supplier - Waterproof & Eco-Friendly","description":"Bubble Bags for Shipping with shock absorption, moisture resistance, and tear resistance. Self-sealing, cost-saving, private. Degradable\/recyclable options. Customizable for brands. Ideal for shipping.","robots":{"index":"index","follow":"follow","max-snippet":"max-snippet:-1","max-image-preview":"max-image-preview:large","max-video-preview":"max-video-preview:-1"},"canonical":"https:\/\/www.ywccpackage.com\/pt\/produto\/bulk-bubble-bags-for-shipping-volume-discounts-brand-custom-printed\/","og_locale":"pt_PT","og_type":"article","og_title":"Bubble Bags for Shipping Supplier - Waterproof & Eco-Friendly","og_description":"Bubble Bags for Shipping with shock absorption, moisture resistance, and tear resistance. Self-sealing, cost-saving, private. Degradable\/recyclable options. Customizable for brands. Ideal for shipping.","og_url":"https:\/\/www.ywccpackage.com\/pt\/produto\/bulk-bubble-bags-for-shipping-volume-discounts-brand-custom-printed\/","og_site_name":"YWCC Package","article_modified_time":"2025-11-03T08:42:29+00:00","og_image":[{"width":800,"height":800,"url":"https:\/\/www.ywccpackage.com\/wp-content\/uploads\/2025\/06\/bubble-mailer.webp","type":"image\/webp"}],"twitter_card":"summary_large_image","twitter_misc":{"Tempo estimado de leitura":"3 minutos"},"schema":{"@context":"https:\/\/schema.org","@graph":[{"@type":"WebPage","@id":"https:\/\/www.ywccpackage.com\/product\/bulk-bubble-bags-for-shipping-volume-discounts-brand-custom-printed\/","url":"https:\/\/www.ywccpackage.com\/product\/bulk-bubble-bags-for-shipping-volume-discounts-brand-custom-printed\/","name":"Bubble Bags for Shipping Supplier - Waterproof & Eco-Friendly","isPartOf":{"@id":"https:\/\/www.ywccpackage.com\/#website"},"primaryImageOfPage":{"@id":"https:\/\/www.ywccpackage.com\/product\/bulk-bubble-bags-for-shipping-volume-discounts-brand-custom-printed\/#primaryimage"},"image":{"@id":"https:\/\/www.ywccpackage.com\/product\/bulk-bubble-bags-for-shipping-volume-discounts-brand-custom-printed\/#primaryimage"},"thumbnailUrl":"https:\/\/www.ywccpackage.com\/wp-content\/uploads\/2025\/06\/bubble-mailer.webp","datePublished":"2025-06-24T08:54:38+00:00","dateModified":"2025-11-03T08:42:29+00:00","description":"Bubble Bags for Shipping with shock absorption, moisture resistance, and tear resistance. Self-sealing, cost-saving, private. Degradable\/recyclable options. Customizable for brands. Ideal for shipping.","breadcrumb":{"@id":"https:\/\/www.ywccpackage.com\/product\/bulk-bubble-bags-for-shipping-volume-discounts-brand-custom-printed\/#breadcrumb"},"inLanguage":"pt-PT","potentialAction":[{"@type":"ReadAction","target":["https:\/\/www.ywccpackage.com\/product\/bulk-bubble-bags-for-shipping-volume-discounts-brand-custom-printed\/"]}]},{"@type":"ImageObject","inLanguage":"pt-PT","@id":"https:\/\/www.ywccpackage.com\/product\/bulk-bubble-bags-for-shipping-volume-discounts-brand-custom-printed\/#primaryimage","url":"https:\/\/www.ywccpackage.com\/wp-content\/uploads\/2025\/06\/bubble-mailer.webp","contentUrl":"https:\/\/www.ywccpackage.com\/wp-content\/uploads\/2025\/06\/bubble-mailer.webp","width":800,"height":800,"caption":"bubble mailer"},{"@type":"BreadcrumbList","@id":"https:\/\/www.ywccpackage.com\/product\/bulk-bubble-bags-for-shipping-volume-discounts-brand-custom-printed\/#breadcrumb","itemListElement":[{"@type":"ListItem","position":1,"name":"Home","item":"https:\/\/www.ywccpackage.com\/"},{"@type":"ListItem","position":2,"name":"Products","item":"https:\/\/www.ywccpackage.com\/shop\/"},{"@type":"ListItem","position":3,"name":"Bulk Bubble Bags for Shipping &#8211; Volume Discounts, Brand Custom Printed"}]},{"@type":"WebSite","@id":"https:\/\/www.ywccpackage.com\/#website","url":"https:\/\/www.ywccpackage.com\/","name":"YWCC Package","description":"YWCC Package","potentialAction":[{"@type":"SearchAction","target":{"@type":"EntryPoint","urlTemplate":"https:\/\/www.ywccpackage.com\/?s={search_term_string}"},"query-input":"required name=search_term_string"}],"inLanguage":"pt-PT"}]}},"_links":{"self":[{"href":"https:\/\/www.ywccpackage.com\/pt\/wp-json\/wp\/v2\/product\/12629"}],"collection":[{"href":"https:\/\/www.ywccpackage.com\/pt\/wp-json\/wp\/v2\/product"}],"about":[{"href":"https:\/\/www.ywccpackage.com\/pt\/wp-json\/wp\/v2\/types\/product"}],"wp:featuredmedia":[{"embeddable":true,"href":"https:\/\/www.ywccpackage.com\/pt\/wp-json\/wp\/v2\/media\/12631"}],"wp:attachment":[{"href":"https:\/\/www.ywccpackage.com\/pt\/wp-json\/wp\/v2\/media?parent=12629"}],"wp:term":[{"taxonomy":"product_cat","embeddable":true,"href":"https:\/\/www.ywccpackage.com\/pt\/wp-json\/wp\/v2\/product_cat?post=12629"},{"taxonomy":"product_tag","embeddable":true,"href":"https:\/\/www.ywccpackage.com\/pt\/wp-json\/wp\/v2\/product_tag?post=12629"}],"curies":[{"name":"wp","href":"https:\/\/api.w.org\/{rel}","templated":true}]}}