{"id":12636,"date":"2025-06-24T09:02:54","date_gmt":"2025-06-24T09:02:54","guid":{"rendered":"https:\/\/www.ywccpackage.com\/?post_type=product&#038;p=12636"},"modified":"2025-08-20T08:36:20","modified_gmt":"2025-08-20T08:36:20","slug":"customizable-clear-pvc-plastic-ziplock-bag-with-handle-zipper-business-packaging-solutions","status":"publish","type":"product","link":"https:\/\/www.ywccpackage.com\/pt\/produto\/customizable-clear-pvc-plastic-ziplock-bag-with-handle-zipper-business-packaging-solutions\/","title":{"rendered":"Saco Ziplock em pl\u00e1stico PVC transparente personaliz\u00e1vel com pega e fecho de correr | Solu\u00e7\u00f5es de embalagem para empresas"},"content":{"rendered":"<p><img loading=\"lazy\" decoding=\"async\" class=\"size-full wp-image-12643 aligncenter\" data-src=\"https:\/\/www.ywccpackage.com\/wp-content\/uploads\/2025\/06\/PVC-zipper-bag-with-handle2.webp\" alt=\"Saco em PVC com fecho de correr e pega\" width=\"800\" height=\"800\" srcset=\"https:\/\/www.ywccpackage.com\/wp-content\/uploads\/2025\/06\/PVC-zipper-bag-with-handle2.webp 800w, https:\/\/www.ywccpackage.com\/wp-content\/uploads\/2025\/06\/PVC-zipper-bag-with-handle2-480x480.webp 480w\" sizes=\"(min-width: 0px) and (max-width: 480px) 480px, (min-width: 481px) 800px, 100vw\" \/><\/p>\n<h2>Plastic Ziplock Bag PVC<\/h2>\n<p>1. High Transparency: Excellent transparency allows the contents on the <a href=\"https:\/\/www.ywccpackage.com\/pt\/produto\/customizable-clear-pvc-plastic-ziplock-bag-with-handle-zipper-business-packaging-solutions\/\"><strong>Plastic Ziplock Bag<\/strong><\/a> to be clearly visible.<br \/>\n2. Good Flexibility: The material is soft, easy to fold, shape, and fill.<br \/>\n3. Strong Durability: Compared with ordinary plastic bags, it is more tear-resistant, wear-resistant, and less likely to be damaged.<br \/>\n4. Waterproof and Moisture-proof: Provides good waterproof and moisture-proof protection.<br \/>\n5. Smooth Surface: Easy to print, presenting exquisite patterns and colors.<br \/>\n6. Handheld Design: There is a handle at the top of the bag opening, which is convenient for carrying by hand. The zipper closure is easy to open and close and has good sealing performance.<br \/>\n7. Reusable: Strong and durable, can be opened and closed for multiple uses.<\/p>\n<h2>Scenarios: Handheld Design of Plastic Ziplock Bag<\/h2>\n<p>1. The ultimate convenience of &#8220;pick up and go, free your hands&#8221; is especially suitable for scenarios such as exhibitions, gift giving, post-shopping carrying, and sample distribution.<br \/>\n2. The reliable sealing of &#8220;tight protection, peace of mind&#8221; effectively isolates dust, moisture, and some pollutants, protecting the internal items.<br \/>\n3. The high transparency of PVC allows for quick identification and searching without opening the bag.<br \/>\n4. The wide applicability of &#8220;versatile use, a great storage tool&#8221; can be used in multiple ways to meet diverse needs. It can be used in many scenarios such as food preservation, cosmetics storage, stationery organization, electronic product accessories, travel storage, sample distribution, exhibition information bags, and small commodity retail packaging.<br \/>\n5. The durable and economical feature of &#8220;strong and resistant, reusable&#8221; reduces long-term use costs, conforms to the environmental protection concept, and reduces waste.<br \/>\n6. The brand promotion with &#8220;low cost and high exposure&#8221; of &#8220;brand business card, mobile advertisement&#8221; enhances product added value and strengthens customer impression.<\/p>\n<h2>F\u00e1brica<\/h2>\n<p>4 branch <a href=\"https:\/\/www.ywccpackage.com\/pt\/about-us\/\"><strong>f\u00e1brica de sacos de embalagem<\/strong><\/a> of <a href=\"https:\/\/www.ywccpackage.com\/pt\/category\/zipper-bag\/\"><strong>saco com fecho de correr<\/strong><\/a><br \/>\nCapacidade de produ\u00e7\u00e3o di\u00e1ria de 200 toneladas<br \/>\nCapacidade de produ\u00e7\u00e3o di\u00e1ria de 6 milh\u00f5es de sacos<br \/>\nEdif\u00edcios fabris com uma \u00e1rea de 34.000 metros quadrados<br \/>\nEm conformidade com as certifica\u00e7\u00f5es internacionais, tais como ISO 9001, SGS, BSCI, FSC, REACH, etc.<\/p>\n<p><img loading=\"lazy\" decoding=\"async\" class=\"size-full wp-image-12579 aligncenter\" data-src=\"https:\/\/www.ywccpackage.com\/wp-content\/uploads\/2025\/06\/factory.webp\" alt=\"F\u00e1brica\" width=\"750\" height=\"2000\" srcset=\"https:\/\/www.ywccpackage.com\/wp-content\/uploads\/2025\/06\/factory.webp 750w, https:\/\/www.ywccpackage.com\/wp-content\/uploads\/2025\/06\/factory-480x1280.webp 480w\" sizes=\"(min-width: 0px) and (max-width: 480px) 480px, (min-width: 481px) 750px, 100vw\" \/> <img loading=\"lazy\" decoding=\"async\" class=\"aligncenter wp-image-12580\" data-src=\"https:\/\/www.ywccpackage.com\/wp-content\/uploads\/2025\/06\/Factory-1.webp\" alt=\"F\u00e1brica\" width=\"750\" height=\"656\" \/> <img loading=\"lazy\" decoding=\"async\" class=\"wp-image-12578 aligncenter\" data-src=\"https:\/\/www.ywccpackage.com\/wp-content\/uploads\/2025\/06\/Factory-2.webp\" alt=\"F\u00e1brica\" width=\"750\" height=\"750\" \/><\/p>\n<h2>Certifica\u00e7\u00f5es: Apresentar log\u00f3tipos\/certificados<\/h2>\n<p><img loading=\"lazy\" decoding=\"async\" class=\"aligncenter wp-image-12581\" data-src=\"https:\/\/www.ywccpackage.com\/wp-content\/uploads\/2025\/06\/Certificate.webp\" alt=\"Certificado\" width=\"750\" height=\"1113\" srcset=\"https:\/\/www.ywccpackage.com\/wp-content\/uploads\/2025\/06\/Certificate.webp 750w, https:\/\/www.ywccpackage.com\/wp-content\/uploads\/2025\/06\/Certificate-480x713.webp 480w\" sizes=\"(min-width: 0px) and (max-width: 480px) 480px, (min-width: 481px) 750px, 100vw\" \/><\/p>\n<h2>Sobre n\u00f3s<\/h2>\n<p>Crie embalagens de marca que se destaquem! Fornecemos embalagens\u00a0<a href=\"http:\/\/www.ywccpackage.com\/pt\/\"><strong>sacos de pl\u00e1stico personalizados com log\u00f3tipo<\/strong><\/a>\u00a0- incluindo dur\u00e1vel\u00a0<a href=\"https:\/\/www.ywccpackage.com\/pt\/category\/zipper-bag\/\"><strong>saco com fecho de correr<\/strong><\/a> op\u00e7\u00f5es. Escolha vers\u00e1til <strong>saco transparente com fecho de correr<\/strong>,\u00a0<strong>saco de pl\u00e1stico com fecho<\/strong>e\u00a0<strong>saco com fecho de correr em pvc<\/strong> solu\u00e7\u00f5es. As nossas <strong>plastic ziplock bag<\/strong> apresentam o conte\u00fado e protegem os produtos. Ideal para venda a retalho, ofertas e promo\u00e7\u00f5es. \u00c0 prova de \u00e1gua, reutiliz\u00e1vel e pronta para venda a retalho. Aumente a visibilidade da sua marca com bolsas com fecho de correr personalizadas e profissionais. <a href=\"https:\/\/www.ywccpackage.com\/pt\/contact-us\/\"><strong>Encomendar amostras hoje<\/strong><\/a>!<\/p>","protected":false},"excerpt":{"rendered":"<p>This PVC handheld zipper bag features high transparency, flexibility, and durability, with a waterproof design and smooth printing surface, ideal for various uses and custom branding.<\/p>","protected":false},"featured_media":12638,"template":"","meta":{"_et_pb_use_builder":"","_et_pb_old_content":"","_et_gb_content_width":""},"product_cat":[193],"product_tag":[208,209,210],"yoast_head":"<!-- This site is optimized with the Yoast SEO plugin v22.7 - https:\/\/yoast.com\/wordpress\/plugins\/seo\/ -->\n<title>Plastic Ziplock Bag Supplier - Transparent, Durable &amp; Reusable<\/title>\n<meta name=\"description\" content=\"Plastic Ziplock Bag with high transparency, waterproof protection. Convenient handle, easy to carry. Ideal for storage, gifts &amp; promotions.\" \/>\n<meta name=\"robots\" content=\"index, follow, max-snippet:-1, max-image-preview:large, max-video-preview:-1\" \/>\n<link rel=\"canonical\" href=\"https:\/\/www.ywccpackage.com\/pt\/produto\/customizable-clear-pvc-plastic-ziplock-bag-with-handle-zipper-business-packaging-solutions\/\" \/>\n<meta property=\"og:locale\" content=\"pt_PT\" \/>\n<meta property=\"og:type\" content=\"article\" \/>\n<meta property=\"og:title\" content=\"Plastic Ziplock Bag Supplier - Transparent, Durable &amp; Reusable\" \/>\n<meta property=\"og:description\" content=\"Plastic Ziplock Bag with high transparency, waterproof protection. Convenient handle, easy to carry. Ideal for storage, gifts &amp; promotions.\" \/>\n<meta property=\"og:url\" content=\"https:\/\/www.ywccpackage.com\/pt\/produto\/customizable-clear-pvc-plastic-ziplock-bag-with-handle-zipper-business-packaging-solutions\/\" \/>\n<meta property=\"og:site_name\" content=\"YWCC Package\" \/>\n<meta property=\"article:modified_time\" content=\"2025-08-20T08:36:20+00:00\" \/>\n<meta property=\"og:image\" content=\"https:\/\/www.ywccpackage.com\/wp-content\/uploads\/2025\/06\/PVC-zipper-bag-with-handle1.webp\" \/>\n\t<meta property=\"og:image:width\" content=\"800\" \/>\n\t<meta property=\"og:image:height\" content=\"800\" \/>\n\t<meta property=\"og:image:type\" content=\"image\/webp\" \/>\n<meta name=\"twitter:card\" content=\"summary_large_image\" \/>\n<meta name=\"twitter:label1\" content=\"Tempo estimado de leitura\" \/>\n\t<meta name=\"twitter:data1\" content=\"3 minutos\" \/>\n<script type=\"application\/ld+json\" class=\"yoast-schema-graph\">{\"@context\":\"https:\/\/schema.org\",\"@graph\":[{\"@type\":\"WebPage\",\"@id\":\"https:\/\/www.ywccpackage.com\/product\/customizable-clear-pvc-plastic-ziplock-bag-with-handle-zipper-business-packaging-solutions\/\",\"url\":\"https:\/\/www.ywccpackage.com\/product\/customizable-clear-pvc-plastic-ziplock-bag-with-handle-zipper-business-packaging-solutions\/\",\"name\":\"Plastic Ziplock Bag Supplier - Transparent, Durable & Reusable\",\"isPartOf\":{\"@id\":\"https:\/\/www.ywccpackage.com\/#website\"},\"primaryImageOfPage\":{\"@id\":\"https:\/\/www.ywccpackage.com\/product\/customizable-clear-pvc-plastic-ziplock-bag-with-handle-zipper-business-packaging-solutions\/#primaryimage\"},\"image\":{\"@id\":\"https:\/\/www.ywccpackage.com\/product\/customizable-clear-pvc-plastic-ziplock-bag-with-handle-zipper-business-packaging-solutions\/#primaryimage\"},\"thumbnailUrl\":\"https:\/\/www.ywccpackage.com\/wp-content\/uploads\/2025\/06\/PVC-zipper-bag-with-handle1.webp\",\"datePublished\":\"2025-06-24T09:02:54+00:00\",\"dateModified\":\"2025-08-20T08:36:20+00:00\",\"description\":\"Plastic Ziplock Bag with high transparency, waterproof protection. Convenient handle, easy to carry. Ideal for storage, gifts & promotions.\",\"breadcrumb\":{\"@id\":\"https:\/\/www.ywccpackage.com\/product\/customizable-clear-pvc-plastic-ziplock-bag-with-handle-zipper-business-packaging-solutions\/#breadcrumb\"},\"inLanguage\":\"pt-PT\",\"potentialAction\":[{\"@type\":\"ReadAction\",\"target\":[\"https:\/\/www.ywccpackage.com\/product\/customizable-clear-pvc-plastic-ziplock-bag-with-handle-zipper-business-packaging-solutions\/\"]}]},{\"@type\":\"ImageObject\",\"inLanguage\":\"pt-PT\",\"@id\":\"https:\/\/www.ywccpackage.com\/product\/customizable-clear-pvc-plastic-ziplock-bag-with-handle-zipper-business-packaging-solutions\/#primaryimage\",\"url\":\"https:\/\/www.ywccpackage.com\/wp-content\/uploads\/2025\/06\/PVC-zipper-bag-with-handle1.webp\",\"contentUrl\":\"https:\/\/www.ywccpackage.com\/wp-content\/uploads\/2025\/06\/PVC-zipper-bag-with-handle1.webp\",\"width\":800,\"height\":800,\"caption\":\"PVC zipper bag with handle\"},{\"@type\":\"BreadcrumbList\",\"@id\":\"https:\/\/www.ywccpackage.com\/product\/customizable-clear-pvc-plastic-ziplock-bag-with-handle-zipper-business-packaging-solutions\/#breadcrumb\",\"itemListElement\":[{\"@type\":\"ListItem\",\"position\":1,\"name\":\"Home\",\"item\":\"https:\/\/www.ywccpackage.com\/\"},{\"@type\":\"ListItem\",\"position\":2,\"name\":\"Products\",\"item\":\"https:\/\/www.ywccpackage.com\/shop\/\"},{\"@type\":\"ListItem\",\"position\":3,\"name\":\"Customizable Clear PVC Plastic Ziplock Bag with Handle &#038; Zipper | Business Packaging Solutions\"}]},{\"@type\":\"WebSite\",\"@id\":\"https:\/\/www.ywccpackage.com\/#website\",\"url\":\"https:\/\/www.ywccpackage.com\/\",\"name\":\"YWCC Package\",\"description\":\"YWCC Package\",\"potentialAction\":[{\"@type\":\"SearchAction\",\"target\":{\"@type\":\"EntryPoint\",\"urlTemplate\":\"https:\/\/www.ywccpackage.com\/?s={search_term_string}\"},\"query-input\":\"required name=search_term_string\"}],\"inLanguage\":\"pt-PT\"}]}<\/script>\n<!-- \/ Yoast SEO plugin. -->","yoast_head_json":{"title":"Plastic Ziplock Bag Supplier - Transparent, Durable & Reusable","description":"Plastic Ziplock Bag with high transparency, waterproof protection. Convenient handle, easy to carry. Ideal for storage, gifts & promotions.","robots":{"index":"index","follow":"follow","max-snippet":"max-snippet:-1","max-image-preview":"max-image-preview:large","max-video-preview":"max-video-preview:-1"},"canonical":"https:\/\/www.ywccpackage.com\/pt\/produto\/customizable-clear-pvc-plastic-ziplock-bag-with-handle-zipper-business-packaging-solutions\/","og_locale":"pt_PT","og_type":"article","og_title":"Plastic Ziplock Bag Supplier - Transparent, Durable & Reusable","og_description":"Plastic Ziplock Bag with high transparency, waterproof protection. Convenient handle, easy to carry. Ideal for storage, gifts & promotions.","og_url":"https:\/\/www.ywccpackage.com\/pt\/produto\/customizable-clear-pvc-plastic-ziplock-bag-with-handle-zipper-business-packaging-solutions\/","og_site_name":"YWCC Package","article_modified_time":"2025-08-20T08:36:20+00:00","og_image":[{"width":800,"height":800,"url":"https:\/\/www.ywccpackage.com\/wp-content\/uploads\/2025\/06\/PVC-zipper-bag-with-handle1.webp","type":"image\/webp"}],"twitter_card":"summary_large_image","twitter_misc":{"Tempo estimado de leitura":"3 minutos"},"schema":{"@context":"https:\/\/schema.org","@graph":[{"@type":"WebPage","@id":"https:\/\/www.ywccpackage.com\/product\/customizable-clear-pvc-plastic-ziplock-bag-with-handle-zipper-business-packaging-solutions\/","url":"https:\/\/www.ywccpackage.com\/product\/customizable-clear-pvc-plastic-ziplock-bag-with-handle-zipper-business-packaging-solutions\/","name":"Plastic Ziplock Bag Supplier - Transparent, Durable & Reusable","isPartOf":{"@id":"https:\/\/www.ywccpackage.com\/#website"},"primaryImageOfPage":{"@id":"https:\/\/www.ywccpackage.com\/product\/customizable-clear-pvc-plastic-ziplock-bag-with-handle-zipper-business-packaging-solutions\/#primaryimage"},"image":{"@id":"https:\/\/www.ywccpackage.com\/product\/customizable-clear-pvc-plastic-ziplock-bag-with-handle-zipper-business-packaging-solutions\/#primaryimage"},"thumbnailUrl":"https:\/\/www.ywccpackage.com\/wp-content\/uploads\/2025\/06\/PVC-zipper-bag-with-handle1.webp","datePublished":"2025-06-24T09:02:54+00:00","dateModified":"2025-08-20T08:36:20+00:00","description":"Plastic Ziplock Bag with high transparency, waterproof protection. Convenient handle, easy to carry. Ideal for storage, gifts & promotions.","breadcrumb":{"@id":"https:\/\/www.ywccpackage.com\/product\/customizable-clear-pvc-plastic-ziplock-bag-with-handle-zipper-business-packaging-solutions\/#breadcrumb"},"inLanguage":"pt-PT","potentialAction":[{"@type":"ReadAction","target":["https:\/\/www.ywccpackage.com\/product\/customizable-clear-pvc-plastic-ziplock-bag-with-handle-zipper-business-packaging-solutions\/"]}]},{"@type":"ImageObject","inLanguage":"pt-PT","@id":"https:\/\/www.ywccpackage.com\/product\/customizable-clear-pvc-plastic-ziplock-bag-with-handle-zipper-business-packaging-solutions\/#primaryimage","url":"https:\/\/www.ywccpackage.com\/wp-content\/uploads\/2025\/06\/PVC-zipper-bag-with-handle1.webp","contentUrl":"https:\/\/www.ywccpackage.com\/wp-content\/uploads\/2025\/06\/PVC-zipper-bag-with-handle1.webp","width":800,"height":800,"caption":"PVC zipper bag with handle"},{"@type":"BreadcrumbList","@id":"https:\/\/www.ywccpackage.com\/product\/customizable-clear-pvc-plastic-ziplock-bag-with-handle-zipper-business-packaging-solutions\/#breadcrumb","itemListElement":[{"@type":"ListItem","position":1,"name":"Home","item":"https:\/\/www.ywccpackage.com\/"},{"@type":"ListItem","position":2,"name":"Products","item":"https:\/\/www.ywccpackage.com\/shop\/"},{"@type":"ListItem","position":3,"name":"Customizable Clear PVC Plastic Ziplock Bag with Handle &#038; Zipper | Business Packaging Solutions"}]},{"@type":"WebSite","@id":"https:\/\/www.ywccpackage.com\/#website","url":"https:\/\/www.ywccpackage.com\/","name":"YWCC Package","description":"YWCC Package","potentialAction":[{"@type":"SearchAction","target":{"@type":"EntryPoint","urlTemplate":"https:\/\/www.ywccpackage.com\/?s={search_term_string}"},"query-input":"required name=search_term_string"}],"inLanguage":"pt-PT"}]}},"_links":{"self":[{"href":"https:\/\/www.ywccpackage.com\/pt\/wp-json\/wp\/v2\/product\/12636"}],"collection":[{"href":"https:\/\/www.ywccpackage.com\/pt\/wp-json\/wp\/v2\/product"}],"about":[{"href":"https:\/\/www.ywccpackage.com\/pt\/wp-json\/wp\/v2\/types\/product"}],"wp:featuredmedia":[{"embeddable":true,"href":"https:\/\/www.ywccpackage.com\/pt\/wp-json\/wp\/v2\/media\/12638"}],"wp:attachment":[{"href":"https:\/\/www.ywccpackage.com\/pt\/wp-json\/wp\/v2\/media?parent=12636"}],"wp:term":[{"taxonomy":"product_cat","embeddable":true,"href":"https:\/\/www.ywccpackage.com\/pt\/wp-json\/wp\/v2\/product_cat?post=12636"},{"taxonomy":"product_tag","embeddable":true,"href":"https:\/\/www.ywccpackage.com\/pt\/wp-json\/wp\/v2\/product_tag?post=12636"}],"curies":[{"name":"wp","href":"https:\/\/api.w.org\/{rel}","templated":true}]}}