{"id":12651,"date":"2025-07-02T10:01:16","date_gmt":"2025-07-02T10:01:16","guid":{"rendered":"https:\/\/www.ywccpackage.com\/?post_type=product&#038;p=12651"},"modified":"2025-08-20T08:31:01","modified_gmt":"2025-08-20T08:31:01","slug":"brand-your-products-now-custom-printed-small-zip-lock-bags-for-e-commerce-full-color-printed","status":"publish","type":"product","link":"https:\/\/www.ywccpackage.com\/pt\/produto\/brand-your-products-now-custom-printed-small-zip-lock-bags-for-e-commerce-full-color-printed\/","title":{"rendered":"Marque j\u00e1 os seus produtos - Sacos pequenos com fecho de correr personalizados para com\u00e9rcio eletr\u00f3nico - Impress\u00e3o a cores"},"content":{"rendered":"<h2>1. Full-page printing of Small Zip Lock Bags<\/h2>\n<p>Maximize brand display, provide a large advertising space, fully showcase the brand logo, product information, exquisite patterns or promotional slogans, and enhance brand recognition and visual impact of <a href=\"https:\/\/www.ywccpackage.com\/pt\/produto\/brand-your-products-now-custom-printed-small-zip-lock-bags-for-e-commerce-full-color-printed\/\"><strong>Small Zip Lock Bags<\/strong><\/a>.<\/p>\n<p>Enhance product attractiveness: Make the packaging itself an eye-catching commodity to stimulate the desire to buy.<\/p>\n<p>Complete information transfer: It can accommodate more detailed product descriptions, usage guides, ingredient lists, etc.<\/p>\n<p>High degree of design freedom: Designers can give full play to their creativity and create a unique visual effect.<\/p>\n<h2>2. Matte material<\/h2>\n<h3>Features<\/h3>\n<p>1. The surface of the bag has undergone special treatment, presenting a matte, misty, and delicate frosted texture, providing a comfortable touch.<br \/>\n2. Enhance the texture and grade: The frosted effect makes the product look more advanced, understated, and tasteful compared to the glossy surface, improving the overall image of the product and its price range.<br \/>\n3. Resistant to fingerprints and scratches: It is not easy to leave fingerprints, oil stains, and minor scratches, maintaining the beauty of the packaging.<br \/>\n4. Improve the hand feel: It offers a comfortable, smooth, and non-slip touch experience.<br \/>\n5. Soft light reflection: The matte effect reduces harsh reflections, making it more visually soft and comfortable.<\/p>\n<p>Increase the privacy\/mystery of the contents: Compared with transparent bags, the matte material makes the contents appear faintly visible or completely hidden (depending on the degree of frosting), protecting privacy or creating a sense of surprise when opening the box.<\/p>\n<p>Significantly enhance the high &#8211; end and quality feel of the product packaging.<\/p>\n<p>Strong practicality: Resistant to dirt and scratches, keeping the appearance clean.<\/p>\n<p>Unique tactile experience: Enhance the sense of interaction between users and the product.<\/p>\n<h2>3. Zipper Seal<\/h2>\n<p>Convenient Sealing of <a href=\"https:\/\/www.ywccpackage.com\/pt\/category\/zipper-bag\/\"><strong>sacos de pl\u00e1stico com fecho de correr<\/strong><\/a>: It can be opened and closed quickly and easily without the need for additional tools.<\/p>\n<p>Reusable: It can be opened and closed multiple times for sealing, ensuring the freshness, moisture-proof, leak-proof, and anti-odor properties of the contents.<\/p>\n<p>Content Protection: It effectively isolates air, moisture, dust, and pollutants.<\/p>\n<p>Improve Usability: Users can take out part of the contents at any time and then reseal it to avoid waste.<\/p>\n<p>Enhance Packaging Functionality: It makes the packaging not only a container but also a storage tool.<\/p>\n<h2>Diversified customized services can be undertaken according to customer needs:<\/h2>\n<p>1. Custom brand logo design to enhance brand value, brand differentiation, and combat competitors. Exquisite printing, high &#8211; quality materials, and convenient &#8211; function packaging significantly enhance the overall grade and perceived value of the product, providing a reasonable price &#8211; increase space for the brand.<\/p>\n<p>2. Accept customized colors, thicknesses, and sizes. (A minimum order quantity of 500 kg is required) Or consider inventory in various colors such as transparent, frosted, and colored. MOQ 500 (silk &#8211; screen printing), MOQ 5000 (gravure printing). If you need in &#8211; stock items, please contact us to obtain all sizes, thicknesses, and colors.<\/p>\n<p>3. High &#8211; quality logistics services, fast delivery, and cost &#8211; effectiveness.<\/p>\n<h2>Factory advantages:<\/h2>\n<p>4 branch factories,<br \/>\nDaily production capacity of 200 tons,<br \/>\nCapacidade de produ\u00e7\u00e3o di\u00e1ria de 6 milh\u00f5es de sacos<br \/>\nA <a href=\"https:\/\/www.ywccpackage.com\/pt\/about-us\/\"><strong>f\u00e1brica de sacos de embalagem<\/strong><\/a> building of 34,000 square meters<br \/>\nEm conformidade com as certifica\u00e7\u00f5es internacionais, tais como ISO 9001, SGS, BSCI, FSC, REACH, etc.<\/p>\n<p><img loading=\"lazy\" decoding=\"async\" class=\"size-full wp-image-12579 aligncenter\" data-src=\"https:\/\/www.ywccpackage.com\/wp-content\/uploads\/2025\/06\/factory.webp\" alt=\"F\u00e1brica\" width=\"750\" height=\"2000\" srcset=\"https:\/\/www.ywccpackage.com\/wp-content\/uploads\/2025\/06\/factory.webp 750w, https:\/\/www.ywccpackage.com\/wp-content\/uploads\/2025\/06\/factory-480x1280.webp 480w\" sizes=\"(min-width: 0px) and (max-width: 480px) 480px, (min-width: 481px) 750px, 100vw\" \/> <img loading=\"lazy\" decoding=\"async\" class=\"aligncenter wp-image-12580\" data-src=\"https:\/\/www.ywccpackage.com\/wp-content\/uploads\/2025\/06\/Factory-1.webp\" alt=\"F\u00e1brica\" width=\"750\" height=\"656\" \/> <img loading=\"lazy\" decoding=\"async\" class=\"wp-image-12578 aligncenter\" data-src=\"https:\/\/www.ywccpackage.com\/wp-content\/uploads\/2025\/06\/Factory-2.webp\" alt=\"F\u00e1brica\" width=\"750\" height=\"750\" \/><\/p>\n<h2>Certifica\u00e7\u00f5es: Apresentar log\u00f3tipos\/certificados<\/h2>\n<p><img loading=\"lazy\" decoding=\"async\" class=\"aligncenter wp-image-12581\" data-src=\"https:\/\/www.ywccpackage.com\/wp-content\/uploads\/2025\/06\/Certificate.webp\" alt=\"Certificado\" width=\"750\" height=\"1113\" srcset=\"https:\/\/www.ywccpackage.com\/wp-content\/uploads\/2025\/06\/Certificate.webp 750w, https:\/\/www.ywccpackage.com\/wp-content\/uploads\/2025\/06\/Certificate-480x713.webp 480w\" sizes=\"(min-width: 0px) and (max-width: 480px) 480px, (min-width: 481px) 750px, 100vw\" \/><\/p>\n<h2>Sobre n\u00f3s<\/h2>\n<p>Crie embalagens de marca que se destaquem! Fornecemos embalagens\u00a0<a href=\"http:\/\/www.ywccpackage.com\/pt\/\"><strong>sacos de pl\u00e1stico personalizados com log\u00f3tipo<\/strong><\/a>\u00a0- incluindo dur\u00e1vel\u00a0<strong>saco com fecho de correr<\/strong> op\u00e7\u00f5es. Escolha vers\u00e1til <strong>saco transparente com fecho de correr<\/strong>,\u00a0<strong>saco de pl\u00e1stico com fecho<\/strong>e\u00a0<strong>saco com fecho de correr em pvc<\/strong> solu\u00e7\u00f5es. As nossas <strong>small zip lock bags<\/strong>\u00a0apresentam o conte\u00fado e protegem os produtos. Ideal para venda a retalho, ofertas e promo\u00e7\u00f5es. \u00c0 prova de \u00e1gua, reutiliz\u00e1vel e pronta para venda a retalho. Aumente a visibilidade da sua marca com bolsas com fecho de correr personalizadas e profissionais. <a href=\"https:\/\/www.ywccpackage.com\/pt\/contact-us\/\"><strong>Encomendar amostras hoje<\/strong><\/a>!<\/p>","protected":false},"excerpt":{"rendered":"<p>These bags feature full-page printing for brand display, matte material with a premium, scratch-resistant feel and privacy protection, plus zipper seals for easy, reusable sealing. Customizable in design, color, size; with ample stock and large production capacity. Certified, ideal for enhancing brand value.<\/p>","protected":false},"featured_media":12653,"template":"","meta":{"_et_pb_use_builder":"","_et_pb_old_content":"","_et_gb_content_width":""},"product_cat":[193],"product_tag":[209,210,208],"yoast_head":"<!-- This site is optimized with the Yoast SEO plugin v22.7 - https:\/\/yoast.com\/wordpress\/plugins\/seo\/ -->\n<title>Small Zip Lock Bags - Full-Print, Matte &amp; Reusable<\/title>\n<meta name=\"description\" content=\"Small zip lock bags with full-page printing, matte texture &amp; zipper seal. Boost brand appeal, protect contents. Customizable sizes\/colors. Ideal for retail &amp; gifts.\" \/>\n<meta name=\"robots\" content=\"index, follow, max-snippet:-1, max-image-preview:large, max-video-preview:-1\" \/>\n<link rel=\"canonical\" href=\"https:\/\/www.ywccpackage.com\/pt\/produto\/brand-your-products-now-custom-printed-small-zip-lock-bags-for-e-commerce-full-color-printed\/\" \/>\n<meta property=\"og:locale\" content=\"pt_PT\" \/>\n<meta property=\"og:type\" content=\"article\" \/>\n<meta property=\"og:title\" content=\"Small Zip Lock Bags - Full-Print, Matte &amp; Reusable\" \/>\n<meta property=\"og:description\" content=\"Small zip lock bags with full-page printing, matte texture &amp; zipper seal. Boost brand appeal, protect contents. Customizable sizes\/colors. Ideal for retail &amp; gifts.\" \/>\n<meta property=\"og:url\" content=\"https:\/\/www.ywccpackage.com\/pt\/produto\/brand-your-products-now-custom-printed-small-zip-lock-bags-for-e-commerce-full-color-printed\/\" \/>\n<meta property=\"og:site_name\" content=\"YWCC Package\" \/>\n<meta property=\"article:modified_time\" content=\"2025-08-20T08:31:01+00:00\" \/>\n<meta property=\"og:image\" content=\"https:\/\/www.ywccpackage.com\/wp-content\/uploads\/2025\/07\/frosted-zipper-bag-1.webp\" \/>\n\t<meta property=\"og:image:width\" content=\"1200\" \/>\n\t<meta property=\"og:image:height\" content=\"1200\" \/>\n\t<meta property=\"og:image:type\" content=\"image\/webp\" \/>\n<meta name=\"twitter:card\" content=\"summary_large_image\" \/>\n<meta name=\"twitter:label1\" content=\"Tempo estimado de leitura\" \/>\n\t<meta name=\"twitter:data1\" content=\"4 minutos\" \/>\n<script type=\"application\/ld+json\" class=\"yoast-schema-graph\">{\"@context\":\"https:\/\/schema.org\",\"@graph\":[{\"@type\":\"WebPage\",\"@id\":\"https:\/\/www.ywccpackage.com\/product\/brand-your-products-now-custom-printed-small-zip-lock-bags-for-e-commerce-full-color-printed\/\",\"url\":\"https:\/\/www.ywccpackage.com\/product\/brand-your-products-now-custom-printed-small-zip-lock-bags-for-e-commerce-full-color-printed\/\",\"name\":\"Small Zip Lock Bags - Full-Print, Matte & Reusable\",\"isPartOf\":{\"@id\":\"https:\/\/www.ywccpackage.com\/#website\"},\"primaryImageOfPage\":{\"@id\":\"https:\/\/www.ywccpackage.com\/product\/brand-your-products-now-custom-printed-small-zip-lock-bags-for-e-commerce-full-color-printed\/#primaryimage\"},\"image\":{\"@id\":\"https:\/\/www.ywccpackage.com\/product\/brand-your-products-now-custom-printed-small-zip-lock-bags-for-e-commerce-full-color-printed\/#primaryimage\"},\"thumbnailUrl\":\"https:\/\/www.ywccpackage.com\/wp-content\/uploads\/2025\/07\/frosted-zipper-bag-1.webp\",\"datePublished\":\"2025-07-02T10:01:16+00:00\",\"dateModified\":\"2025-08-20T08:31:01+00:00\",\"description\":\"Small zip lock bags with full-page printing, matte texture & zipper seal. Boost brand appeal, protect contents. Customizable sizes\/colors. Ideal for retail & gifts.\",\"breadcrumb\":{\"@id\":\"https:\/\/www.ywccpackage.com\/product\/brand-your-products-now-custom-printed-small-zip-lock-bags-for-e-commerce-full-color-printed\/#breadcrumb\"},\"inLanguage\":\"pt-PT\",\"potentialAction\":[{\"@type\":\"ReadAction\",\"target\":[\"https:\/\/www.ywccpackage.com\/product\/brand-your-products-now-custom-printed-small-zip-lock-bags-for-e-commerce-full-color-printed\/\"]}]},{\"@type\":\"ImageObject\",\"inLanguage\":\"pt-PT\",\"@id\":\"https:\/\/www.ywccpackage.com\/product\/brand-your-products-now-custom-printed-small-zip-lock-bags-for-e-commerce-full-color-printed\/#primaryimage\",\"url\":\"https:\/\/www.ywccpackage.com\/wp-content\/uploads\/2025\/07\/frosted-zipper-bag-1.webp\",\"contentUrl\":\"https:\/\/www.ywccpackage.com\/wp-content\/uploads\/2025\/07\/frosted-zipper-bag-1.webp\",\"width\":1200,\"height\":1200,\"caption\":\"frosted zipper bag\"},{\"@type\":\"BreadcrumbList\",\"@id\":\"https:\/\/www.ywccpackage.com\/product\/brand-your-products-now-custom-printed-small-zip-lock-bags-for-e-commerce-full-color-printed\/#breadcrumb\",\"itemListElement\":[{\"@type\":\"ListItem\",\"position\":1,\"name\":\"Home\",\"item\":\"https:\/\/www.ywccpackage.com\/\"},{\"@type\":\"ListItem\",\"position\":2,\"name\":\"Products\",\"item\":\"https:\/\/www.ywccpackage.com\/shop\/\"},{\"@type\":\"ListItem\",\"position\":3,\"name\":\"Brand Your Products Now &#8211; Custom Printed Small Zip Lock Bags for E-commerce &#8211; Full Color Printed\"}]},{\"@type\":\"WebSite\",\"@id\":\"https:\/\/www.ywccpackage.com\/#website\",\"url\":\"https:\/\/www.ywccpackage.com\/\",\"name\":\"YWCC Package\",\"description\":\"YWCC Package\",\"potentialAction\":[{\"@type\":\"SearchAction\",\"target\":{\"@type\":\"EntryPoint\",\"urlTemplate\":\"https:\/\/www.ywccpackage.com\/?s={search_term_string}\"},\"query-input\":\"required name=search_term_string\"}],\"inLanguage\":\"pt-PT\"}]}<\/script>\n<!-- \/ Yoast SEO plugin. -->","yoast_head_json":{"title":"Small Zip Lock Bags - Full-Print, Matte & Reusable","description":"Small zip lock bags with full-page printing, matte texture & zipper seal. Boost brand appeal, protect contents. Customizable sizes\/colors. Ideal for retail & gifts.","robots":{"index":"index","follow":"follow","max-snippet":"max-snippet:-1","max-image-preview":"max-image-preview:large","max-video-preview":"max-video-preview:-1"},"canonical":"https:\/\/www.ywccpackage.com\/pt\/produto\/brand-your-products-now-custom-printed-small-zip-lock-bags-for-e-commerce-full-color-printed\/","og_locale":"pt_PT","og_type":"article","og_title":"Small Zip Lock Bags - Full-Print, Matte & Reusable","og_description":"Small zip lock bags with full-page printing, matte texture & zipper seal. Boost brand appeal, protect contents. Customizable sizes\/colors. Ideal for retail & gifts.","og_url":"https:\/\/www.ywccpackage.com\/pt\/produto\/brand-your-products-now-custom-printed-small-zip-lock-bags-for-e-commerce-full-color-printed\/","og_site_name":"YWCC Package","article_modified_time":"2025-08-20T08:31:01+00:00","og_image":[{"width":1200,"height":1200,"url":"https:\/\/www.ywccpackage.com\/wp-content\/uploads\/2025\/07\/frosted-zipper-bag-1.webp","type":"image\/webp"}],"twitter_card":"summary_large_image","twitter_misc":{"Tempo estimado de leitura":"4 minutos"},"schema":{"@context":"https:\/\/schema.org","@graph":[{"@type":"WebPage","@id":"https:\/\/www.ywccpackage.com\/product\/brand-your-products-now-custom-printed-small-zip-lock-bags-for-e-commerce-full-color-printed\/","url":"https:\/\/www.ywccpackage.com\/product\/brand-your-products-now-custom-printed-small-zip-lock-bags-for-e-commerce-full-color-printed\/","name":"Small Zip Lock Bags - Full-Print, Matte & Reusable","isPartOf":{"@id":"https:\/\/www.ywccpackage.com\/#website"},"primaryImageOfPage":{"@id":"https:\/\/www.ywccpackage.com\/product\/brand-your-products-now-custom-printed-small-zip-lock-bags-for-e-commerce-full-color-printed\/#primaryimage"},"image":{"@id":"https:\/\/www.ywccpackage.com\/product\/brand-your-products-now-custom-printed-small-zip-lock-bags-for-e-commerce-full-color-printed\/#primaryimage"},"thumbnailUrl":"https:\/\/www.ywccpackage.com\/wp-content\/uploads\/2025\/07\/frosted-zipper-bag-1.webp","datePublished":"2025-07-02T10:01:16+00:00","dateModified":"2025-08-20T08:31:01+00:00","description":"Small zip lock bags with full-page printing, matte texture & zipper seal. Boost brand appeal, protect contents. Customizable sizes\/colors. Ideal for retail & gifts.","breadcrumb":{"@id":"https:\/\/www.ywccpackage.com\/product\/brand-your-products-now-custom-printed-small-zip-lock-bags-for-e-commerce-full-color-printed\/#breadcrumb"},"inLanguage":"pt-PT","potentialAction":[{"@type":"ReadAction","target":["https:\/\/www.ywccpackage.com\/product\/brand-your-products-now-custom-printed-small-zip-lock-bags-for-e-commerce-full-color-printed\/"]}]},{"@type":"ImageObject","inLanguage":"pt-PT","@id":"https:\/\/www.ywccpackage.com\/product\/brand-your-products-now-custom-printed-small-zip-lock-bags-for-e-commerce-full-color-printed\/#primaryimage","url":"https:\/\/www.ywccpackage.com\/wp-content\/uploads\/2025\/07\/frosted-zipper-bag-1.webp","contentUrl":"https:\/\/www.ywccpackage.com\/wp-content\/uploads\/2025\/07\/frosted-zipper-bag-1.webp","width":1200,"height":1200,"caption":"frosted zipper bag"},{"@type":"BreadcrumbList","@id":"https:\/\/www.ywccpackage.com\/product\/brand-your-products-now-custom-printed-small-zip-lock-bags-for-e-commerce-full-color-printed\/#breadcrumb","itemListElement":[{"@type":"ListItem","position":1,"name":"Home","item":"https:\/\/www.ywccpackage.com\/"},{"@type":"ListItem","position":2,"name":"Products","item":"https:\/\/www.ywccpackage.com\/shop\/"},{"@type":"ListItem","position":3,"name":"Brand Your Products Now &#8211; Custom Printed Small Zip Lock Bags for E-commerce &#8211; Full Color Printed"}]},{"@type":"WebSite","@id":"https:\/\/www.ywccpackage.com\/#website","url":"https:\/\/www.ywccpackage.com\/","name":"YWCC Package","description":"YWCC Package","potentialAction":[{"@type":"SearchAction","target":{"@type":"EntryPoint","urlTemplate":"https:\/\/www.ywccpackage.com\/?s={search_term_string}"},"query-input":"required name=search_term_string"}],"inLanguage":"pt-PT"}]}},"_links":{"self":[{"href":"https:\/\/www.ywccpackage.com\/pt\/wp-json\/wp\/v2\/product\/12651"}],"collection":[{"href":"https:\/\/www.ywccpackage.com\/pt\/wp-json\/wp\/v2\/product"}],"about":[{"href":"https:\/\/www.ywccpackage.com\/pt\/wp-json\/wp\/v2\/types\/product"}],"wp:featuredmedia":[{"embeddable":true,"href":"https:\/\/www.ywccpackage.com\/pt\/wp-json\/wp\/v2\/media\/12653"}],"wp:attachment":[{"href":"https:\/\/www.ywccpackage.com\/pt\/wp-json\/wp\/v2\/media?parent=12651"}],"wp:term":[{"taxonomy":"product_cat","embeddable":true,"href":"https:\/\/www.ywccpackage.com\/pt\/wp-json\/wp\/v2\/product_cat?post=12651"},{"taxonomy":"product_tag","embeddable":true,"href":"https:\/\/www.ywccpackage.com\/pt\/wp-json\/wp\/v2\/product_tag?post=12651"}],"curies":[{"name":"wp","href":"https:\/\/api.w.org\/{rel}","templated":true}]}}