{"id":12678,"date":"2025-07-13T10:21:29","date_gmt":"2025-07-13T10:21:29","guid":{"rendered":"https:\/\/www.ywccpackage.com\/?post_type=product&#038;p=12678"},"modified":"2025-08-20T08:23:59","modified_gmt":"2025-08-20T08:23:59","slug":"eco-custom-small-zipper-bag-frosted-black-clear-pe-with-2-color-logo-perfect-for-branded-gift-packaging","status":"publish","type":"product","link":"https:\/\/www.ywccpackage.com\/pt\/produto\/eco-custom-small-zipper-bag-frosted-black-clear-pe-with-2-color-logo-perfect-for-branded-gift-packaging\/","title":{"rendered":"Saco pequeno com fecho de correr personalizado ecol\u00f3gico: PE fosco preto e transparente com log\u00f3tipo a 2 cores | perfeito para embalagens de oferta de marca"},"content":{"rendered":"<h2>Small Zipper Bag Description<\/h2>\n<p>1. Transparent and Visible: The items inside the <a href=\"https:\/\/www.ywccpackage.com\/pt\/produto\/eco-custom-small-zipper-bag-frosted-black-clear-pe-with-2-color-logo-perfect-for-branded-gift-packaging\/\"><strong>Small Zipper Bag<\/strong><\/a> are clearly visible, eliminating the need to rummage through, saving time.<br \/>\n2. Precise Opening and Closing: The high &#8211; contrast black zipper can be opened and closed instantly with a finger slide (especially in low &#8211; light environments). The black zipper exudes a sense of sophistication, stability, and professionalism, significantly enhancing the overall texture of the packaging bag.<br \/>\n3. Brand Imprint: Two &#8211; color printed LOGO\/selling points. When displayed on the shelf, it has a high &#8211; end feel, increasing the brand&#8217;s recognition by 300%.<br \/>\n4. Excellent Sealing and Fresh &#8211; keeping Performance: High &#8211; quality PE material + reliable zipper. The PE material itself has good moisture &#8211; proof and dust &#8211; proof properties. Coupled with a well &#8211; designed zipper, the brand needs to ensure that the product remains in the best condition during transportation, storage, and use. It can help solve this problem.<br \/>\n5. Durable and Resistant: 1.2 &#8211; times thickened material + anti &#8211; derailment zipper, reusable.<br \/>\n6. A Re &#8211; purchase Booster: Customers will actively keep the bag after use (due to its high &#8211; appearance value + super practicality), indirectly driving brand exposure.<br \/>\n7. Product Customization: 2 &#8211; color printing, using the brand&#8217;s standard colors, designing more complex Logos, and adding key information (such as product name, selling points, warning messages), with stronger visual expressiveness.<\/p>\n<p><strong>It&#8217;s not just packaging, but also a moving brand advertising space!<\/strong><\/p>\n<h2>Application of small zipper bag<\/h2>\n<p>E-commerce Cross-border Scratch-resistant Transportation of Small Commodities | Transparent Management of Multiple SKUs | Customized LOGO to Reduce the Rate of Counterfeits Reduce After-sales Disputes and Strengthen Brand Awareness<br class=\"container-utlnW2 wrapper-d0Cc1k undefined\" \/>Beauty and Personal Care Travel-sized Packaging of Masks\/Ampoules | Cosmetic Sample Bags | Anti-oxidation Storage for Jewelry | Management of DIY Nail Art Accessories Transparent and Visible for Quick Item Finding, Prevent Liquid Leakage<br class=\"container-utlnW2 wrapper-d0Cc1k undefined\" \/>Electronic Accessories Storage of Data Cables\/Headphones | Dust-proof Bags for Mobile Phone Films | Anti-static Storage of Precision Parts | Insulated Packaging for Batteries Scratch-resistant, Anti-static, Avoid Loss of Accessories<br class=\"container-utlnW2 wrapper-d0Cc1k undefined\" \/>Cultural and Creative Trends Display Bags for Blind Box Accessories | Protection of Limited-edition Cards | Packaging of Handmade Materials | Packaging for Event Souvenirs Transparent Display of Collections, Enhance the Unboxing Ceremony<br class=\"container-utlnW2 wrapper-d0Cc1k undefined\" \/>Maternal and Infant Products Frozen Bags for Baby Food | Milk Powder Packaging | Diaper Portable Bags | Anti-loss for Toy Parts Food-grade Safety, One-handed Opening and Closing Design, Stain-resistant and Durable<br class=\"container-utlnW2 wrapper-d0Cc1k undefined\" \/>Food Retail Lock in Freshness for Coffee Beans\/Nuts\/Snacks | Packaging of Baking Ingredients | Moisture-proof for Tea and Dried Goods | Portable Bags for Pet Food Moisture-proof and Crisp-keeping, Avoid Flavor Transfer, Extend Shelf Life<\/p>\n<h2>Creative ideas<\/h2>\n<ol class=\"auto-hide-last-sibling-br\">\n<li><strong>Sustainable Marketing<\/strong><br class=\"container-utlnW2 wrapper-d0Cc1k undefined\" \/>\u2192 &#8220;Reuse Program&#8221;: Collect 10 empty bags to exchange for new products (with a recycling logo and a counting area printed on the bag).<\/li>\n<li><strong>Festival Exclusive<\/strong><br class=\"container-utlnW2 wrapper-d0Cc1k undefined\" \/>\u2192 Christmas Theme: Red and gold two &#8211; color printing + black zipper, used to hold mini decorations (which can be hung on the Christmas tree).<\/li>\n<li><strong>Co &#8211; branding Tool<\/strong><br class=\"container-utlnW2 wrapper-d0Cc1k undefined\" \/>\u2192 Anime IP two &#8211; color printed characters + UV special effects, packaging for fans&#8217; collection.<\/li>\n<\/ol>\n<p><strong>Accept diversified customized services from customers.<\/strong><br class=\"container-utlnW2 wrapper-d0Cc1k undefined\" \/><strong>Se tiver algum desenho ou ideia, n\u00e3o hesite em contactar-nos.<\/strong><\/p>\n<h2>F\u00e1brica<\/h2>\n<p>O <a href=\"https:\/\/www.ywccpackage.com\/pt\/about-us\/\"><strong>f\u00e1brica de sacos de embalagem<\/strong><\/a> designa as especifica\u00e7\u00f5es, dimens\u00f5es e espessura, com stock suficiente (n\u00e3o impresso) para uma expedi\u00e7\u00e3o r\u00e1pida.<\/p>\n<p>4 f\u00e1bricas de sucursais<br \/>\nCapacidade de produ\u00e7\u00e3o di\u00e1ria de 200 toneladas<br \/>\nCapacidade de produ\u00e7\u00e3o di\u00e1ria de 6 milh\u00f5es de sacos<br \/>\nEdif\u00edcios fabris com uma \u00e1rea de 34.000 metros quadrados<br \/>\nEm conformidade com as certifica\u00e7\u00f5es internacionais, tais como ISO 9001, SGS, BSCI, FSC, REACH, etc.<\/p>\n<p><img loading=\"lazy\" decoding=\"async\" class=\"size-full wp-image-12579 aligncenter\" data-src=\"https:\/\/www.ywccpackage.com\/wp-content\/uploads\/2025\/06\/factory.webp\" alt=\"F\u00e1brica\" width=\"750\" height=\"2000\" srcset=\"https:\/\/www.ywccpackage.com\/wp-content\/uploads\/2025\/06\/factory.webp 750w, https:\/\/www.ywccpackage.com\/wp-content\/uploads\/2025\/06\/factory-480x1280.webp 480w\" sizes=\"(min-width: 0px) and (max-width: 480px) 480px, (min-width: 481px) 750px, 100vw\" \/> <img loading=\"lazy\" decoding=\"async\" class=\"aligncenter wp-image-12580\" data-src=\"https:\/\/www.ywccpackage.com\/wp-content\/uploads\/2025\/06\/Factory-1.webp\" alt=\"F\u00e1brica\" width=\"750\" height=\"656\" \/> <img loading=\"lazy\" decoding=\"async\" class=\"wp-image-12578 aligncenter\" data-src=\"https:\/\/www.ywccpackage.com\/wp-content\/uploads\/2025\/06\/Factory-2.webp\" alt=\"F\u00e1brica\" width=\"750\" height=\"750\" \/><\/p>\n<h2>Certifica\u00e7\u00f5es: Apresentar log\u00f3tipos\/certificados<\/h2>\n<p><img loading=\"lazy\" decoding=\"async\" class=\"aligncenter wp-image-12581\" data-src=\"https:\/\/www.ywccpackage.com\/wp-content\/uploads\/2025\/06\/Certificate.webp\" alt=\"Certificado\" width=\"750\" height=\"1113\" srcset=\"https:\/\/www.ywccpackage.com\/wp-content\/uploads\/2025\/06\/Certificate.webp 750w, https:\/\/www.ywccpackage.com\/wp-content\/uploads\/2025\/06\/Certificate-480x713.webp 480w\" sizes=\"(min-width: 0px) and (max-width: 480px) 480px, (min-width: 481px) 750px, 100vw\" \/><\/p>\n<h2>Sobre n\u00f3s<\/h2>\n<p>Crie embalagens de marca que se destaquem! Fornecemos embalagens\u00a0<a href=\"http:\/\/www.ywccpackage.com\/pt\/\"><strong>sacos de pl\u00e1stico personalizados com log\u00f3tipo<\/strong><\/a> - incluindo dur\u00e1vel <a href=\"https:\/\/www.ywccpackage.com\/pt\/category\/zipper-bag\/\"><strong>sacos de pl\u00e1stico com fecho de correr<\/strong><\/a>\u00a0op\u00e7\u00f5es. Escolha vers\u00e1til <strong>saco transparente com fecho de correr<\/strong>,\u00a0<strong>saco de pl\u00e1stico com fecho<\/strong>e\u00a0<strong>saco com fecho de correr em pvc<\/strong> solu\u00e7\u00f5es. As nossas <strong>small zipper bag<\/strong>\u00a0apresentam o conte\u00fado e protegem os produtos. Ideal para venda a retalho, ofertas e promo\u00e7\u00f5es. \u00c0 prova de \u00e1gua, reutiliz\u00e1vel e pronta para venda a retalho. Aumente a visibilidade da sua marca com bolsas com fecho de correr personalizadas e profissionais. <a href=\"https:\/\/www.ywccpackage.com\/pt\/contact-us\/\"><strong>Encomendar amostras hoje<\/strong><\/a>!<\/p>","protected":false},"excerpt":{"rendered":"<p>These transparent zipper bags with black zippers offer visibility, easy access, and good sealing. Customizable with 2-color logos, they\u2019re durable, reusable, boosting brand recognition. Applied in e-commerce, beauty, electronics, etc., they serve as mobile ads, with creative uses like reuse programs and co-branding.<\/p>","protected":false},"featured_media":12680,"template":"","meta":{"_et_pb_use_builder":"","_et_pb_old_content":"","_et_gb_content_width":""},"product_cat":[193],"product_tag":[208,209,210],"yoast_head":"<!-- This site is optimized with the Yoast SEO plugin v22.7 - https:\/\/yoast.com\/wordpress\/plugins\/seo\/ -->\n<title>Small Zipper Bag\u2014Transparent, Custom Print &amp; Durable<\/title>\n<meta name=\"description\" content=\"Small Zipper Bag with transparent design, black zipper &amp; 2-color print. Secure seal, reusable, boosts brand exposure. Ideal for e-commerce, beauty &amp; food.\" \/>\n<meta name=\"robots\" content=\"index, follow, max-snippet:-1, max-image-preview:large, max-video-preview:-1\" \/>\n<link rel=\"canonical\" href=\"https:\/\/www.ywccpackage.com\/pt\/produto\/eco-custom-small-zipper-bag-frosted-black-clear-pe-with-2-color-logo-perfect-for-branded-gift-packaging\/\" \/>\n<meta property=\"og:locale\" content=\"pt_PT\" \/>\n<meta property=\"og:type\" content=\"article\" \/>\n<meta property=\"og:title\" content=\"Small Zipper Bag\u2014Transparent, Custom Print &amp; Durable\" \/>\n<meta property=\"og:description\" content=\"Small Zipper Bag with transparent design, black zipper &amp; 2-color print. Secure seal, reusable, boosts brand exposure. Ideal for e-commerce, beauty &amp; food.\" \/>\n<meta property=\"og:url\" content=\"https:\/\/www.ywccpackage.com\/pt\/produto\/eco-custom-small-zipper-bag-frosted-black-clear-pe-with-2-color-logo-perfect-for-branded-gift-packaging\/\" \/>\n<meta property=\"og:site_name\" content=\"YWCC Package\" \/>\n<meta property=\"article:modified_time\" content=\"2025-08-20T08:23:59+00:00\" \/>\n<meta property=\"og:image\" content=\"https:\/\/www.ywccpackage.com\/wp-content\/uploads\/2025\/07\/Eco-Custom-Zipper-Pouch-Frosted-Black-Clear-PE-with-2-Color-Logo-Perfect-for-Branded-Gift-Packaging1.webp\" \/>\n\t<meta property=\"og:image:width\" content=\"800\" \/>\n\t<meta property=\"og:image:height\" content=\"800\" \/>\n\t<meta property=\"og:image:type\" content=\"image\/webp\" \/>\n<meta name=\"twitter:card\" content=\"summary_large_image\" \/>\n<meta name=\"twitter:label1\" content=\"Tempo estimado de leitura\" \/>\n\t<meta name=\"twitter:data1\" content=\"4 minutos\" \/>\n<script type=\"application\/ld+json\" class=\"yoast-schema-graph\">{\"@context\":\"https:\/\/schema.org\",\"@graph\":[{\"@type\":\"WebPage\",\"@id\":\"https:\/\/www.ywccpackage.com\/product\/eco-custom-small-zipper-bag-frosted-black-clear-pe-with-2-color-logo-perfect-for-branded-gift-packaging\/\",\"url\":\"https:\/\/www.ywccpackage.com\/product\/eco-custom-small-zipper-bag-frosted-black-clear-pe-with-2-color-logo-perfect-for-branded-gift-packaging\/\",\"name\":\"Small Zipper Bag\u2014Transparent, Custom Print & Durable\",\"isPartOf\":{\"@id\":\"https:\/\/www.ywccpackage.com\/#website\"},\"primaryImageOfPage\":{\"@id\":\"https:\/\/www.ywccpackage.com\/product\/eco-custom-small-zipper-bag-frosted-black-clear-pe-with-2-color-logo-perfect-for-branded-gift-packaging\/#primaryimage\"},\"image\":{\"@id\":\"https:\/\/www.ywccpackage.com\/product\/eco-custom-small-zipper-bag-frosted-black-clear-pe-with-2-color-logo-perfect-for-branded-gift-packaging\/#primaryimage\"},\"thumbnailUrl\":\"https:\/\/www.ywccpackage.com\/wp-content\/uploads\/2025\/07\/Eco-Custom-Zipper-Pouch-Frosted-Black-Clear-PE-with-2-Color-Logo-Perfect-for-Branded-Gift-Packaging1.webp\",\"datePublished\":\"2025-07-13T10:21:29+00:00\",\"dateModified\":\"2025-08-20T08:23:59+00:00\",\"description\":\"Small Zipper Bag with transparent design, black zipper & 2-color print. Secure seal, reusable, boosts brand exposure. Ideal for e-commerce, beauty & food.\",\"breadcrumb\":{\"@id\":\"https:\/\/www.ywccpackage.com\/product\/eco-custom-small-zipper-bag-frosted-black-clear-pe-with-2-color-logo-perfect-for-branded-gift-packaging\/#breadcrumb\"},\"inLanguage\":\"pt-PT\",\"potentialAction\":[{\"@type\":\"ReadAction\",\"target\":[\"https:\/\/www.ywccpackage.com\/product\/eco-custom-small-zipper-bag-frosted-black-clear-pe-with-2-color-logo-perfect-for-branded-gift-packaging\/\"]}]},{\"@type\":\"ImageObject\",\"inLanguage\":\"pt-PT\",\"@id\":\"https:\/\/www.ywccpackage.com\/product\/eco-custom-small-zipper-bag-frosted-black-clear-pe-with-2-color-logo-perfect-for-branded-gift-packaging\/#primaryimage\",\"url\":\"https:\/\/www.ywccpackage.com\/wp-content\/uploads\/2025\/07\/Eco-Custom-Zipper-Pouch-Frosted-Black-Clear-PE-with-2-Color-Logo-Perfect-for-Branded-Gift-Packaging1.webp\",\"contentUrl\":\"https:\/\/www.ywccpackage.com\/wp-content\/uploads\/2025\/07\/Eco-Custom-Zipper-Pouch-Frosted-Black-Clear-PE-with-2-Color-Logo-Perfect-for-Branded-Gift-Packaging1.webp\",\"width\":800,\"height\":800,\"caption\":\"Eco Custom Zipper Pouch: Frosted Black & Clear PE with 2-Color Logo | Perfect for Branded Gift Packaging\"},{\"@type\":\"BreadcrumbList\",\"@id\":\"https:\/\/www.ywccpackage.com\/product\/eco-custom-small-zipper-bag-frosted-black-clear-pe-with-2-color-logo-perfect-for-branded-gift-packaging\/#breadcrumb\",\"itemListElement\":[{\"@type\":\"ListItem\",\"position\":1,\"name\":\"Home\",\"item\":\"https:\/\/www.ywccpackage.com\/\"},{\"@type\":\"ListItem\",\"position\":2,\"name\":\"Products\",\"item\":\"https:\/\/www.ywccpackage.com\/shop\/\"},{\"@type\":\"ListItem\",\"position\":3,\"name\":\"Eco Custom Small Zipper Bag: Frosted Black &#038; Clear PE with 2-Color Logo | Perfect for Branded Gift Packaging\"}]},{\"@type\":\"WebSite\",\"@id\":\"https:\/\/www.ywccpackage.com\/#website\",\"url\":\"https:\/\/www.ywccpackage.com\/\",\"name\":\"YWCC Package\",\"description\":\"YWCC Package\",\"potentialAction\":[{\"@type\":\"SearchAction\",\"target\":{\"@type\":\"EntryPoint\",\"urlTemplate\":\"https:\/\/www.ywccpackage.com\/?s={search_term_string}\"},\"query-input\":\"required name=search_term_string\"}],\"inLanguage\":\"pt-PT\"}]}<\/script>\n<!-- \/ Yoast SEO plugin. -->","yoast_head_json":{"title":"Small Zipper Bag\u2014Transparent, Custom Print & Durable","description":"Small Zipper Bag with transparent design, black zipper & 2-color print. Secure seal, reusable, boosts brand exposure. Ideal for e-commerce, beauty & food.","robots":{"index":"index","follow":"follow","max-snippet":"max-snippet:-1","max-image-preview":"max-image-preview:large","max-video-preview":"max-video-preview:-1"},"canonical":"https:\/\/www.ywccpackage.com\/pt\/produto\/eco-custom-small-zipper-bag-frosted-black-clear-pe-with-2-color-logo-perfect-for-branded-gift-packaging\/","og_locale":"pt_PT","og_type":"article","og_title":"Small Zipper Bag\u2014Transparent, Custom Print & Durable","og_description":"Small Zipper Bag with transparent design, black zipper & 2-color print. Secure seal, reusable, boosts brand exposure. Ideal for e-commerce, beauty & food.","og_url":"https:\/\/www.ywccpackage.com\/pt\/produto\/eco-custom-small-zipper-bag-frosted-black-clear-pe-with-2-color-logo-perfect-for-branded-gift-packaging\/","og_site_name":"YWCC Package","article_modified_time":"2025-08-20T08:23:59+00:00","og_image":[{"width":800,"height":800,"url":"https:\/\/www.ywccpackage.com\/wp-content\/uploads\/2025\/07\/Eco-Custom-Zipper-Pouch-Frosted-Black-Clear-PE-with-2-Color-Logo-Perfect-for-Branded-Gift-Packaging1.webp","type":"image\/webp"}],"twitter_card":"summary_large_image","twitter_misc":{"Tempo estimado de leitura":"4 minutos"},"schema":{"@context":"https:\/\/schema.org","@graph":[{"@type":"WebPage","@id":"https:\/\/www.ywccpackage.com\/product\/eco-custom-small-zipper-bag-frosted-black-clear-pe-with-2-color-logo-perfect-for-branded-gift-packaging\/","url":"https:\/\/www.ywccpackage.com\/product\/eco-custom-small-zipper-bag-frosted-black-clear-pe-with-2-color-logo-perfect-for-branded-gift-packaging\/","name":"Small Zipper Bag\u2014Transparent, Custom Print & Durable","isPartOf":{"@id":"https:\/\/www.ywccpackage.com\/#website"},"primaryImageOfPage":{"@id":"https:\/\/www.ywccpackage.com\/product\/eco-custom-small-zipper-bag-frosted-black-clear-pe-with-2-color-logo-perfect-for-branded-gift-packaging\/#primaryimage"},"image":{"@id":"https:\/\/www.ywccpackage.com\/product\/eco-custom-small-zipper-bag-frosted-black-clear-pe-with-2-color-logo-perfect-for-branded-gift-packaging\/#primaryimage"},"thumbnailUrl":"https:\/\/www.ywccpackage.com\/wp-content\/uploads\/2025\/07\/Eco-Custom-Zipper-Pouch-Frosted-Black-Clear-PE-with-2-Color-Logo-Perfect-for-Branded-Gift-Packaging1.webp","datePublished":"2025-07-13T10:21:29+00:00","dateModified":"2025-08-20T08:23:59+00:00","description":"Small Zipper Bag with transparent design, black zipper & 2-color print. Secure seal, reusable, boosts brand exposure. Ideal for e-commerce, beauty & food.","breadcrumb":{"@id":"https:\/\/www.ywccpackage.com\/product\/eco-custom-small-zipper-bag-frosted-black-clear-pe-with-2-color-logo-perfect-for-branded-gift-packaging\/#breadcrumb"},"inLanguage":"pt-PT","potentialAction":[{"@type":"ReadAction","target":["https:\/\/www.ywccpackage.com\/product\/eco-custom-small-zipper-bag-frosted-black-clear-pe-with-2-color-logo-perfect-for-branded-gift-packaging\/"]}]},{"@type":"ImageObject","inLanguage":"pt-PT","@id":"https:\/\/www.ywccpackage.com\/product\/eco-custom-small-zipper-bag-frosted-black-clear-pe-with-2-color-logo-perfect-for-branded-gift-packaging\/#primaryimage","url":"https:\/\/www.ywccpackage.com\/wp-content\/uploads\/2025\/07\/Eco-Custom-Zipper-Pouch-Frosted-Black-Clear-PE-with-2-Color-Logo-Perfect-for-Branded-Gift-Packaging1.webp","contentUrl":"https:\/\/www.ywccpackage.com\/wp-content\/uploads\/2025\/07\/Eco-Custom-Zipper-Pouch-Frosted-Black-Clear-PE-with-2-Color-Logo-Perfect-for-Branded-Gift-Packaging1.webp","width":800,"height":800,"caption":"Eco Custom Zipper Pouch: Frosted Black & Clear PE with 2-Color Logo | Perfect for Branded Gift Packaging"},{"@type":"BreadcrumbList","@id":"https:\/\/www.ywccpackage.com\/product\/eco-custom-small-zipper-bag-frosted-black-clear-pe-with-2-color-logo-perfect-for-branded-gift-packaging\/#breadcrumb","itemListElement":[{"@type":"ListItem","position":1,"name":"Home","item":"https:\/\/www.ywccpackage.com\/"},{"@type":"ListItem","position":2,"name":"Products","item":"https:\/\/www.ywccpackage.com\/shop\/"},{"@type":"ListItem","position":3,"name":"Eco Custom Small Zipper Bag: Frosted Black &#038; Clear PE with 2-Color Logo | Perfect for Branded Gift Packaging"}]},{"@type":"WebSite","@id":"https:\/\/www.ywccpackage.com\/#website","url":"https:\/\/www.ywccpackage.com\/","name":"YWCC Package","description":"YWCC Package","potentialAction":[{"@type":"SearchAction","target":{"@type":"EntryPoint","urlTemplate":"https:\/\/www.ywccpackage.com\/?s={search_term_string}"},"query-input":"required name=search_term_string"}],"inLanguage":"pt-PT"}]}},"_links":{"self":[{"href":"https:\/\/www.ywccpackage.com\/pt\/wp-json\/wp\/v2\/product\/12678"}],"collection":[{"href":"https:\/\/www.ywccpackage.com\/pt\/wp-json\/wp\/v2\/product"}],"about":[{"href":"https:\/\/www.ywccpackage.com\/pt\/wp-json\/wp\/v2\/types\/product"}],"wp:featuredmedia":[{"embeddable":true,"href":"https:\/\/www.ywccpackage.com\/pt\/wp-json\/wp\/v2\/media\/12680"}],"wp:attachment":[{"href":"https:\/\/www.ywccpackage.com\/pt\/wp-json\/wp\/v2\/media?parent=12678"}],"wp:term":[{"taxonomy":"product_cat","embeddable":true,"href":"https:\/\/www.ywccpackage.com\/pt\/wp-json\/wp\/v2\/product_cat?post=12678"},{"taxonomy":"product_tag","embeddable":true,"href":"https:\/\/www.ywccpackage.com\/pt\/wp-json\/wp\/v2\/product_tag?post=12678"}],"curies":[{"name":"wp","href":"https:\/\/api.w.org\/{rel}","templated":true}]}}