{"id":12765,"date":"2025-08-01T03:49:43","date_gmt":"2025-08-01T03:49:43","guid":{"rendered":"https:\/\/www.ywccpackage.com\/?post_type=product&#038;p=12765"},"modified":"2025-11-03T08:40:34","modified_gmt":"2025-11-03T08:40:34","slug":"eco-friendly-green-custom-printed-large-mailing-bags-handle-single-color-logo-bulk-shipping","status":"publish","type":"product","link":"https:\/\/www.ywccpackage.com\/pt\/produto\/eco-friendly-green-custom-printed-large-mailing-bags-handle-single-color-logo-bulk-shipping\/","title":{"rendered":"Sacos de correio grandes, verdes, ecol\u00f3gicos, impressos \u00e0 medida, com pega | log\u00f3tipo de uma s\u00f3 cor | envio a granel"},"content":{"rendered":"<h2>Descri\u00e7\u00e3o dos sacos de correio grandes<\/h2>\n<ol class=\"auto-hide-last-sibling-br\">\n<li>Simples e eficiente, com um custo \u00f3timo de <a href=\"https:\/\/www.ywccpackage.com\/pt\/produto\/eco-friendly-green-custom-printed-large-mailing-bags-handle-single-color-logo-bulk-shipping\/\"><strong>Sacos de correio grandes<\/strong><\/a>:<br class=\"container-utlnW2 wrapper-d0Cc1k undefined\" \/>O processo de impress\u00e3o a uma s\u00f3 cor \u00e9 simples, com baixos custos de produ\u00e7\u00e3o de chapas, velocidade de impress\u00e3o r\u00e1pida e custos de produ\u00e7\u00e3o altamente competitivos para grandes quantidades.<\/li>\n<li>Verde apelativo, identifica\u00e7\u00e3o b\u00e1sica da marca:<br class=\"container-utlnW2 wrapper-d0Cc1k undefined\" \/>O verde \u00e9 atrativo por si s\u00f3 e f\u00e1cil de identificar entre numerosas embalagens. A impress\u00e3o a uma s\u00f3 cor pode apresentar claramente informa\u00e7\u00f5es essenciais, como o log\u00f3tipo da empresa, o nome e o endere\u00e7o do s\u00edtio Web, sem necessidade de custos de design complexos.<\/li>\n<li>Robusto e dur\u00e1vel, com uma prote\u00e7\u00e3o fi\u00e1vel<br class=\"container-utlnW2 wrapper-d0Cc1k undefined\" \/>Material espesso: Assinalar claramente a espessura do material (por exemplo, \u22650,06 mm de PE) e o peso por unidade de \u00e1rea, dando \u00eanfase \u00e0 resist\u00eancia ao rasgamento e \u00e0 perfura\u00e7\u00e3o.<br class=\"container-utlnW2 wrapper-d0Cc1k undefined\" \/>Selagem firme: Tiras auto-adesivas de alta qualidade com forte ader\u00eancia, n\u00e3o s\u00e3o f\u00e1ceis de rebentar e podem ser coladas de novo.<br class=\"container-utlnW2 wrapper-d0Cc1k undefined\" \/>Pega de suporte de carga: Design de orif\u00edcio de pega mais espesso ou al\u00e7a de pega refor\u00e7ada, com forte capacidade de carga, conveniente para manuseamento e n\u00e3o \u00e9 f\u00e1cil de partir.<\/li>\n<li>Leve e f\u00e1cil de utilizar, melhora a efici\u00eancia com a nossa <a href=\"https:\/\/www.ywccpackage.com\/pt\/category\/mailer\/\"><strong>sacos de embalagem para correio<\/strong><\/a>!<br class=\"container-utlnW2 wrapper-d0Cc1k undefined\" \/>Fita auto-adesiva: Pode ser rasgada e selada imediatamente, com uma opera\u00e7\u00e3o extremamente simples e r\u00e1pida, eliminando a necessidade de fita adesiva adicional.<br class=\"container-utlnW2 wrapper-d0Cc1k undefined\" \/>Design da pega: Facilita o manuseamento, empilhamento e transporte, melhorando a efici\u00eancia nos processos de armaz\u00e9m e log\u00edstica.<br class=\"container-utlnW2 wrapper-d0Cc1k undefined\" \/>Leve: Com a premissa de garantir a resist\u00eancia, \u00e9 t\u00e3o leve quanto poss\u00edvel para poupar nos custos de transporte (especialmente para os clientes sens\u00edveis ao transporte a\u00e9reo).<\/li>\n<li>Escolha amiga do ambiente<br class=\"container-utlnW2 wrapper-d0Cc1k undefined\" \/>Cen\u00e1rios aplic\u00e1veis:<br class=\"container-utlnW2 wrapper-d0Cc1k undefined\" \/>Materiais recicl\u00e1veis: Os principais materiais (como o PE) podem ser reciclados.<br class=\"container-utlnW2 wrapper-d0Cc1k undefined\" \/>Cont\u00e9m materiais reciclados: O produto cont\u00e9m uma determinada propor\u00e7\u00e3o de pl\u00e1sticos reciclados, reduzindo o consumo de recursos.<br class=\"container-utlnW2 wrapper-d0Cc1k undefined\" \/>A impress\u00e3o a uma s\u00f3 cor \u00e9 amiga do ambiente: Em compara\u00e7\u00e3o com a impress\u00e3o a v\u00e1rias cores, utiliza menos tinta e causa menos polui\u00e7\u00e3o.<\/li>\n<li>Aplica\u00e7\u00f5es vers\u00e1teis, amplamente aplic\u00e1veis:<br class=\"container-utlnW2 wrapper-d0Cc1k undefined\" \/>Adequado para v\u00e1rios cen\u00e1rios, tais como envio de com\u00e9rcio eletr\u00f3nico, envio de documentos, entrega de amostras, transfer\u00eancia interna de armaz\u00e9m e armazenamento de pequenos artigos.<\/li>\n<\/ol>\n<p><strong>Aceitamos servi\u00e7os personalizados diversificados dos clientes.<\/strong><br class=\"container-utlnW2 wrapper-d0Cc1k undefined\" \/><strong>Se tiver algum desenho ou ideia, n\u00e3o hesite em contactar-nos.<\/strong><\/p>\n<h2>F\u00e1brica<\/h2>\n<p>A f\u00e1brica designa as especifica\u00e7\u00f5es, as dimens\u00f5es e a espessura, com um stock suficiente (n\u00e3o impresso) para uma expedi\u00e7\u00e3o r\u00e1pida.<\/p>\n<p>4 f\u00e1bricas de sucursais<br \/>\nCapacidade de produ\u00e7\u00e3o di\u00e1ria de 200 toneladas<br \/>\nCapacidade de produ\u00e7\u00e3o di\u00e1ria de 6 milh\u00f5es de sacos<br \/>\nEdif\u00edcios fabris com uma \u00e1rea de 34.000 metros quadrados<br \/>\nEm conformidade com as certifica\u00e7\u00f5es internacionais, tais como ISO 9001, SGS, BSCI, FSC, REACH, etc.<\/p>\n<p><img loading=\"lazy\" decoding=\"async\" class=\"size-full wp-image-12579 aligncenter\" data-src=\"https:\/\/www.ywccpackage.com\/wp-content\/uploads\/2025\/06\/factory.webp\" alt=\"F\u00e1brica\" width=\"750\" height=\"2000\" srcset=\"https:\/\/www.ywccpackage.com\/wp-content\/uploads\/2025\/06\/factory.webp 750w, https:\/\/www.ywccpackage.com\/wp-content\/uploads\/2025\/06\/factory-480x1280.webp 480w\" sizes=\"(min-width: 0px) and (max-width: 480px) 480px, (min-width: 481px) 750px, 100vw\" \/> <img loading=\"lazy\" decoding=\"async\" class=\"aligncenter wp-image-12580\" data-src=\"https:\/\/www.ywccpackage.com\/wp-content\/uploads\/2025\/06\/Factory-1.webp\" alt=\"F\u00e1brica\" width=\"750\" height=\"656\" \/> <img loading=\"lazy\" decoding=\"async\" class=\"size-full wp-image-13110 aligncenter\" data-src=\"https:\/\/www.ywccpackage.com\/wp-content\/uploads\/2025\/07\/photobank.webp\" alt=\"Sacos de transporte de vestu\u00e1rio \u00e0 prova de \u00e1gua\" width=\"800\" height=\"800\" srcset=\"https:\/\/www.ywccpackage.com\/wp-content\/uploads\/2025\/07\/photobank.webp 800w, https:\/\/www.ywccpackage.com\/wp-content\/uploads\/2025\/07\/photobank-480x480.webp 480w\" sizes=\"(min-width: 0px) and (max-width: 480px) 480px, (min-width: 481px) 800px, 100vw\" \/><\/p>\n<h2>Sacos de correio grandes \/ Certificados: Exibir log\u00f3tipos\/certificados<\/h2>\n<p><img loading=\"lazy\" decoding=\"async\" class=\"aligncenter wp-image-12581\" data-src=\"https:\/\/www.ywccpackage.com\/wp-content\/uploads\/2025\/06\/Certificate.webp\" alt=\"Certificado\" width=\"750\" height=\"1113\" srcset=\"https:\/\/www.ywccpackage.com\/wp-content\/uploads\/2025\/06\/Certificate.webp 750w, https:\/\/www.ywccpackage.com\/wp-content\/uploads\/2025\/06\/Certificate-480x713.webp 480w\" sizes=\"(min-width: 0px) and (max-width: 480px) 480px, (min-width: 481px) 750px, 100vw\" \/><\/p>\n<h2>Sobre n\u00f3s<\/h2>\n<p>Pr\u00e9mio <strong><a href=\"http:\/\/www.ywccpackage.com\/pt\/\">sacos de polietileno personalizados<\/a>\u00a0<\/strong>e solu\u00e7\u00f5es de transporte sustent\u00e1veis. Como seu parceiro de embalagem de confian\u00e7a, fornecemos\u00a0<strong>saco de correio<\/strong>\u00a0op\u00e7\u00f5es, incluindo seguro\u00a0<strong>saco expresso<\/strong>,\u00a0<strong>sacos postais<\/strong>e de prote\u00e7\u00e3o <strong>Sacos de correio grandes<\/strong>. Elevar o unboxing com\u00a0<a href=\"https:\/\/www.ywccpackage.com\/pt\/about-us\/\"><strong>sacos de correio de marca<\/strong><\/a>\u00a0com log\u00f3tipos. Escolha um produto amigo do ambiente\u00a0<strong>sacos de correio biodegrad\u00e1veis<\/strong>\u00a0e\u00a0<strong>sacos de correio compost\u00e1veis<\/strong>\u00a0para reduzir os res\u00edduos. A nossa versatilidade\u00a0<strong>embalagem de envelopes<\/strong>\u00a0protege os produtos e aumenta a visibilidade da marca. Prote\u00e7\u00e3o de n\u00edvel profissional para com\u00e9rcio eletr\u00f3nico, retalho e publicidade endere\u00e7ada. <a href=\"https:\/\/www.ywccpackage.com\/pt\/contact-us\/\"><strong>Pedir amostras<\/strong><\/a> dos nossos mailers personalizados e ecol\u00f3gicos hoje mesmo!<\/p>","protected":false},"excerpt":{"rendered":"<p>Continua preocupado com o elevado custo dos sacos de embalagem impressos a cores? Precisa de uma solu\u00e7\u00e3o de transporte que possa apresentar claramente a informa\u00e7\u00e3o b\u00e1sica da marca, que seja econ\u00f3mica, fi\u00e1vel e conveniente? Os nossos sacos de transporte expresso de m\u00e3o verdes impressos a uma s\u00f3 cor s\u00e3o a escolha de alto custo-desempenho feita \u00e0 medida para si!<\/p>","protected":false},"featured_media":12767,"template":"","meta":{"_et_pb_use_builder":"","_et_pb_old_content":"","_et_gb_content_width":""},"product_cat":[191],"product_tag":[204,205,206,207,203],"yoast_head":"<!-- This site is optimized with the Yoast SEO plugin v22.7 - https:\/\/yoast.com\/wordpress\/plugins\/seo\/ -->\n<title>Large Mailing Bags Supplier - Durable &amp; Cost-Effective<\/title>\n<meta name=\"description\" content=\"Green large mailing bags with single-color printing. Sturdy, self-adhesive, recyclable. Ideal for e-commerce, shipping &amp; storage. Customizable, cost-efficient.\" \/>\n<meta name=\"robots\" content=\"index, follow, max-snippet:-1, max-image-preview:large, max-video-preview:-1\" \/>\n<link rel=\"canonical\" href=\"https:\/\/www.ywccpackage.com\/pt\/produto\/eco-friendly-green-custom-printed-large-mailing-bags-handle-single-color-logo-bulk-shipping\/\" \/>\n<meta property=\"og:locale\" content=\"pt_PT\" \/>\n<meta property=\"og:type\" content=\"article\" \/>\n<meta property=\"og:title\" content=\"Large Mailing Bags Supplier - Durable &amp; Cost-Effective\" \/>\n<meta property=\"og:description\" content=\"Green large mailing bags with single-color printing. Sturdy, self-adhesive, recyclable. Ideal for e-commerce, shipping &amp; storage. Customizable, cost-efficient.\" \/>\n<meta property=\"og:url\" content=\"https:\/\/www.ywccpackage.com\/pt\/produto\/eco-friendly-green-custom-printed-large-mailing-bags-handle-single-color-logo-bulk-shipping\/\" \/>\n<meta property=\"og:site_name\" content=\"YWCC Package\" \/>\n<meta property=\"article:modified_time\" content=\"2025-11-03T08:40:34+00:00\" \/>\n<meta property=\"og:image\" content=\"https:\/\/www.ywccpackage.com\/wp-content\/uploads\/2025\/08\/Eco-Friendly-Green-Custom-Printed-Large-Mailing-Bags-Handle-Single-Color-Logo-Bulk-Shipping1.webp\" \/>\n\t<meta property=\"og:image:width\" content=\"1100\" \/>\n\t<meta property=\"og:image:height\" content=\"1100\" \/>\n\t<meta property=\"og:image:type\" content=\"image\/webp\" \/>\n<meta name=\"twitter:card\" content=\"summary_large_image\" \/>\n<meta name=\"twitter:label1\" content=\"Tempo estimado de leitura\" \/>\n\t<meta name=\"twitter:data1\" content=\"3 minutos\" \/>\n<script type=\"application\/ld+json\" class=\"yoast-schema-graph\">{\"@context\":\"https:\/\/schema.org\",\"@graph\":[{\"@type\":\"WebPage\",\"@id\":\"https:\/\/www.ywccpackage.com\/product\/eco-friendly-green-custom-printed-large-mailing-bags-handle-single-color-logo-bulk-shipping\/\",\"url\":\"https:\/\/www.ywccpackage.com\/product\/eco-friendly-green-custom-printed-large-mailing-bags-handle-single-color-logo-bulk-shipping\/\",\"name\":\"Large Mailing Bags Supplier - Durable & Cost-Effective\",\"isPartOf\":{\"@id\":\"https:\/\/www.ywccpackage.com\/#website\"},\"primaryImageOfPage\":{\"@id\":\"https:\/\/www.ywccpackage.com\/product\/eco-friendly-green-custom-printed-large-mailing-bags-handle-single-color-logo-bulk-shipping\/#primaryimage\"},\"image\":{\"@id\":\"https:\/\/www.ywccpackage.com\/product\/eco-friendly-green-custom-printed-large-mailing-bags-handle-single-color-logo-bulk-shipping\/#primaryimage\"},\"thumbnailUrl\":\"https:\/\/www.ywccpackage.com\/wp-content\/uploads\/2025\/08\/Eco-Friendly-Green-Custom-Printed-Large-Mailing-Bags-Handle-Single-Color-Logo-Bulk-Shipping.webp\",\"datePublished\":\"2025-08-01T03:49:43+00:00\",\"dateModified\":\"2025-11-03T08:40:34+00:00\",\"description\":\"Green large mailing bags with single-color printing. Sturdy, self-adhesive, recyclable. Ideal for e-commerce, shipping & storage. Customizable, cost-efficient.\",\"breadcrumb\":{\"@id\":\"https:\/\/www.ywccpackage.com\/product\/eco-friendly-green-custom-printed-large-mailing-bags-handle-single-color-logo-bulk-shipping\/#breadcrumb\"},\"inLanguage\":\"pt-PT\",\"potentialAction\":[{\"@type\":\"ReadAction\",\"target\":[\"https:\/\/www.ywccpackage.com\/product\/eco-friendly-green-custom-printed-large-mailing-bags-handle-single-color-logo-bulk-shipping\/\"]}]},{\"@type\":\"ImageObject\",\"inLanguage\":\"pt-PT\",\"@id\":\"https:\/\/www.ywccpackage.com\/product\/eco-friendly-green-custom-printed-large-mailing-bags-handle-single-color-logo-bulk-shipping\/#primaryimage\",\"url\":\"https:\/\/www.ywccpackage.com\/wp-content\/uploads\/2025\/08\/Eco-Friendly-Green-Custom-Printed-Large-Mailing-Bags-Handle-Single-Color-Logo-Bulk-Shipping.webp\",\"contentUrl\":\"https:\/\/www.ywccpackage.com\/wp-content\/uploads\/2025\/08\/Eco-Friendly-Green-Custom-Printed-Large-Mailing-Bags-Handle-Single-Color-Logo-Bulk-Shipping.webp\",\"width\":1100,\"height\":1100,\"caption\":\"Large Mailing Bags\"},{\"@type\":\"BreadcrumbList\",\"@id\":\"https:\/\/www.ywccpackage.com\/product\/eco-friendly-green-custom-printed-large-mailing-bags-handle-single-color-logo-bulk-shipping\/#breadcrumb\",\"itemListElement\":[{\"@type\":\"ListItem\",\"position\":1,\"name\":\"Home\",\"item\":\"https:\/\/www.ywccpackage.com\/\"},{\"@type\":\"ListItem\",\"position\":2,\"name\":\"Products\",\"item\":\"https:\/\/www.ywccpackage.com\/shop\/\"},{\"@type\":\"ListItem\",\"position\":3,\"name\":\"Eco-Friendly Green Custom Printed Large Mailing Bags Handle | Single Color Logo | Bulk Shipping\"}]},{\"@type\":\"WebSite\",\"@id\":\"https:\/\/www.ywccpackage.com\/#website\",\"url\":\"https:\/\/www.ywccpackage.com\/\",\"name\":\"YWCC Package\",\"description\":\"YWCC Package\",\"potentialAction\":[{\"@type\":\"SearchAction\",\"target\":{\"@type\":\"EntryPoint\",\"urlTemplate\":\"https:\/\/www.ywccpackage.com\/?s={search_term_string}\"},\"query-input\":\"required name=search_term_string\"}],\"inLanguage\":\"pt-PT\"}]}<\/script>\n<!-- \/ Yoast SEO plugin. -->","yoast_head_json":{"title":"Large Mailing Bags Supplier - Durable & Cost-Effective","description":"Green large mailing bags with single-color printing. Sturdy, self-adhesive, recyclable. Ideal for e-commerce, shipping & storage. Customizable, cost-efficient.","robots":{"index":"index","follow":"follow","max-snippet":"max-snippet:-1","max-image-preview":"max-image-preview:large","max-video-preview":"max-video-preview:-1"},"canonical":"https:\/\/www.ywccpackage.com\/pt\/produto\/eco-friendly-green-custom-printed-large-mailing-bags-handle-single-color-logo-bulk-shipping\/","og_locale":"pt_PT","og_type":"article","og_title":"Large Mailing Bags Supplier - Durable & Cost-Effective","og_description":"Green large mailing bags with single-color printing. Sturdy, self-adhesive, recyclable. Ideal for e-commerce, shipping & storage. Customizable, cost-efficient.","og_url":"https:\/\/www.ywccpackage.com\/pt\/produto\/eco-friendly-green-custom-printed-large-mailing-bags-handle-single-color-logo-bulk-shipping\/","og_site_name":"YWCC Package","article_modified_time":"2025-11-03T08:40:34+00:00","og_image":[{"width":1100,"height":1100,"url":"https:\/\/www.ywccpackage.com\/wp-content\/uploads\/2025\/08\/Eco-Friendly-Green-Custom-Printed-Large-Mailing-Bags-Handle-Single-Color-Logo-Bulk-Shipping1.webp","type":"image\/webp"}],"twitter_card":"summary_large_image","twitter_misc":{"Tempo estimado de leitura":"3 minutos"},"schema":{"@context":"https:\/\/schema.org","@graph":[{"@type":"WebPage","@id":"https:\/\/www.ywccpackage.com\/product\/eco-friendly-green-custom-printed-large-mailing-bags-handle-single-color-logo-bulk-shipping\/","url":"https:\/\/www.ywccpackage.com\/product\/eco-friendly-green-custom-printed-large-mailing-bags-handle-single-color-logo-bulk-shipping\/","name":"Large Mailing Bags Supplier - Durable & Cost-Effective","isPartOf":{"@id":"https:\/\/www.ywccpackage.com\/#website"},"primaryImageOfPage":{"@id":"https:\/\/www.ywccpackage.com\/product\/eco-friendly-green-custom-printed-large-mailing-bags-handle-single-color-logo-bulk-shipping\/#primaryimage"},"image":{"@id":"https:\/\/www.ywccpackage.com\/product\/eco-friendly-green-custom-printed-large-mailing-bags-handle-single-color-logo-bulk-shipping\/#primaryimage"},"thumbnailUrl":"https:\/\/www.ywccpackage.com\/wp-content\/uploads\/2025\/08\/Eco-Friendly-Green-Custom-Printed-Large-Mailing-Bags-Handle-Single-Color-Logo-Bulk-Shipping.webp","datePublished":"2025-08-01T03:49:43+00:00","dateModified":"2025-11-03T08:40:34+00:00","description":"Green large mailing bags with single-color printing. Sturdy, self-adhesive, recyclable. Ideal for e-commerce, shipping & storage. Customizable, cost-efficient.","breadcrumb":{"@id":"https:\/\/www.ywccpackage.com\/product\/eco-friendly-green-custom-printed-large-mailing-bags-handle-single-color-logo-bulk-shipping\/#breadcrumb"},"inLanguage":"pt-PT","potentialAction":[{"@type":"ReadAction","target":["https:\/\/www.ywccpackage.com\/product\/eco-friendly-green-custom-printed-large-mailing-bags-handle-single-color-logo-bulk-shipping\/"]}]},{"@type":"ImageObject","inLanguage":"pt-PT","@id":"https:\/\/www.ywccpackage.com\/product\/eco-friendly-green-custom-printed-large-mailing-bags-handle-single-color-logo-bulk-shipping\/#primaryimage","url":"https:\/\/www.ywccpackage.com\/wp-content\/uploads\/2025\/08\/Eco-Friendly-Green-Custom-Printed-Large-Mailing-Bags-Handle-Single-Color-Logo-Bulk-Shipping.webp","contentUrl":"https:\/\/www.ywccpackage.com\/wp-content\/uploads\/2025\/08\/Eco-Friendly-Green-Custom-Printed-Large-Mailing-Bags-Handle-Single-Color-Logo-Bulk-Shipping.webp","width":1100,"height":1100,"caption":"Large Mailing Bags"},{"@type":"BreadcrumbList","@id":"https:\/\/www.ywccpackage.com\/product\/eco-friendly-green-custom-printed-large-mailing-bags-handle-single-color-logo-bulk-shipping\/#breadcrumb","itemListElement":[{"@type":"ListItem","position":1,"name":"Home","item":"https:\/\/www.ywccpackage.com\/"},{"@type":"ListItem","position":2,"name":"Products","item":"https:\/\/www.ywccpackage.com\/shop\/"},{"@type":"ListItem","position":3,"name":"Eco-Friendly Green Custom Printed Large Mailing Bags Handle | Single Color Logo | Bulk Shipping"}]},{"@type":"WebSite","@id":"https:\/\/www.ywccpackage.com\/#website","url":"https:\/\/www.ywccpackage.com\/","name":"YWCC Package","description":"YWCC Package","potentialAction":[{"@type":"SearchAction","target":{"@type":"EntryPoint","urlTemplate":"https:\/\/www.ywccpackage.com\/?s={search_term_string}"},"query-input":"required name=search_term_string"}],"inLanguage":"pt-PT"}]}},"_links":{"self":[{"href":"https:\/\/www.ywccpackage.com\/pt\/wp-json\/wp\/v2\/product\/12765"}],"collection":[{"href":"https:\/\/www.ywccpackage.com\/pt\/wp-json\/wp\/v2\/product"}],"about":[{"href":"https:\/\/www.ywccpackage.com\/pt\/wp-json\/wp\/v2\/types\/product"}],"wp:featuredmedia":[{"embeddable":true,"href":"https:\/\/www.ywccpackage.com\/pt\/wp-json\/wp\/v2\/media\/12767"}],"wp:attachment":[{"href":"https:\/\/www.ywccpackage.com\/pt\/wp-json\/wp\/v2\/media?parent=12765"}],"wp:term":[{"taxonomy":"product_cat","embeddable":true,"href":"https:\/\/www.ywccpackage.com\/pt\/wp-json\/wp\/v2\/product_cat?post=12765"},{"taxonomy":"product_tag","embeddable":true,"href":"https:\/\/www.ywccpackage.com\/pt\/wp-json\/wp\/v2\/product_tag?post=12765"}],"curies":[{"name":"wp","href":"https:\/\/api.w.org\/{rel}","templated":true}]}}