{"id":12798,"date":"2025-08-01T07:02:08","date_gmt":"2025-08-01T07:02:08","guid":{"rendered":"https:\/\/www.ywccpackage.com\/?post_type=product&#038;p=12798"},"modified":"2025-08-20T07:47:10","modified_gmt":"2025-08-20T07:47:10","slug":"full-print-zip-pouches-custom-packaging-for-clothing-brand-for-cosmetics-travel","status":"publish","type":"product","link":"https:\/\/www.ywccpackage.com\/pt\/produto\/full-print-zip-pouches-custom-packaging-for-clothing-brand-for-cosmetics-travel\/","title":{"rendered":"Bolsas com fecho de correr totalmente impressas | Embalagens personalizadas para marcas de vestu\u00e1rio para cosm\u00e9ticos e viagens"},"content":{"rendered":"<h2>Why are brands abandoning Custom Packaging for Clothing Brand?<\/h2>\n<p>The shelf of <a href=\"https:\/\/www.ywccpackage.com\/pt\/produto\/full-print-zip-pouches-custom-packaging-for-clothing-brand-for-cosmetics-travel\/\"><strong>Embalagem personalizada para marca de roupa<\/strong><\/a> recognition rate is increased by 300%, creating a visual symbol for the category.<br class=\"container-utlnW2 wrapper-d0Cc1k undefined\" \/>One &#8211; click loading of QR codes\/promotion codes\/ingredient lists saves advertising costs.<br class=\"container-utlnW2 wrapper-d0Cc1k undefined\" \/>The average customer order value increases by 15 &#8211; 30%, and the high &#8211; end feel is visible to the naked eye.<br class=\"container-utlnW2 wrapper-d0Cc1k undefined\" \/>Suitable for the food\/beauty\/electronics industries across the board, one bag determines success.<br class=\"container-utlnW2 wrapper-d0Cc1k undefined\" \/>Prevent counterfeiting and protect brand assets.<\/p>\n<h2>How does full-page printing rewrite the market rules?<\/h2>\n<p>A new and promising nut brand &#8220;After changing to full-page illustration packaging, the terminal sales turnover rate increased by 37%, and the natural dissemination videos on Douyin increased by 220%&#8221; A daily chemical OEM factory transforms into an independent brand &#8220;Full-page printing + anti-counterfeiting zipper design, zero fake product complaints, and the quantity of goods taken by distributors doubled&#8221;<\/p>\n<ol class=\"auto-hide-last-sibling-br\">\n<li>Shelf Experiment: The 0.5 &#8211; second attention &#8211; getting rate of full &#8211; page printed packaging is 7.2 times that of the blank bag (Nielsen eye &#8211; tracking data).<\/li>\n<li>E &#8211; commerce Actual Measurement: Using scene pictures on the detailed page increases the conversion rate by 22% (A\/B test results).<\/li>\n<li>Industry Coverage: Serving customers in 23 sub &#8211; fields, and a 90% repurchase rate verifies the scene adaptability.<\/li>\n<\/ol>\n<h2>Aplica\u00e7\u00e3o<\/h2>\n<p>Food &#8211; Customized Snack Packaging <a href=\"https:\/\/www.ywccpackage.com\/pt\/category\/zipper-bag\/\"><strong>Zipper Plastic Bag<\/strong><\/a><br class=\"container-utlnW2 wrapper-d0Cc1k undefined\" \/>Beauty &amp; Personal Care &#8211; Manufacturer of Mask Aluminum-Plastic Bags<br class=\"container-utlnW2 wrapper-d0Cc1k undefined\" \/>Beauty Samples, Mask Categories, High-End Essences<br class=\"container-utlnW2 wrapper-d0Cc1k undefined\" \/>Electronics &amp; Digital &#8211; Anti-Static Packaging Bags<br class=\"container-utlnW2 wrapper-d0Cc1k undefined\" \/>Data Cables\/Headphones, Mobile Phone Accessories, Precision Parts<br class=\"container-utlnW2 wrapper-d0Cc1k undefined\" \/>Trendy Toys &#8211; Customized Blind Box Packaging Bags<br class=\"container-utlnW2 wrapper-d0Cc1k undefined\" \/>Trendy Toy Figures, Pet Food, Cultural and Creative Gifts<\/p>\n<p><strong>Aceitamos diversos servi\u00e7os personalizados dos clientes. Se tiver algum projeto ou ideia, n\u00e3o hesite em contactar-nos <a href=\"https:\/\/www.ywccpackage.com\/pt\/contact-us\/\">contactar-nos<\/a>.<\/strong><\/p>\n<h2>F\u00e1brica<\/h2>\n<p>O <a href=\"https:\/\/www.ywccpackage.com\/pt\/about-us\/\"><strong>f\u00e1brica de sacos de embalagem<\/strong><\/a> designa as especifica\u00e7\u00f5es, dimens\u00f5es e espessura, com stock suficiente (n\u00e3o impresso) para uma expedi\u00e7\u00e3o r\u00e1pida.<\/p>\n<p>4 f\u00e1bricas de sucursais de <a href=\"https:\/\/www.ywccpackage.com\/pt\/products\/\"><strong>sacos ziplock impressos personalizados<\/strong><\/a><br \/>\nCapacidade de produ\u00e7\u00e3o di\u00e1ria de 200 toneladas<br \/>\nCapacidade de produ\u00e7\u00e3o di\u00e1ria de 6 milh\u00f5es de sacos<br \/>\nEdif\u00edcios fabris com uma \u00e1rea de 34.000 metros quadrados<br \/>\nEm conformidade com as certifica\u00e7\u00f5es internacionais, tais como ISO 9001, SGS, BSCI, FSC, REACH, etc.<\/p>\n<p><img loading=\"lazy\" decoding=\"async\" class=\"size-full wp-image-12579 aligncenter\" data-src=\"https:\/\/www.ywccpackage.com\/wp-content\/uploads\/2025\/06\/factory.webp\" alt=\"F\u00e1brica\" width=\"750\" height=\"2000\" srcset=\"https:\/\/www.ywccpackage.com\/wp-content\/uploads\/2025\/06\/factory.webp 750w, https:\/\/www.ywccpackage.com\/wp-content\/uploads\/2025\/06\/factory-480x1280.webp 480w\" sizes=\"(min-width: 0px) and (max-width: 480px) 480px, (min-width: 481px) 750px, 100vw\" \/> <img loading=\"lazy\" decoding=\"async\" class=\"aligncenter wp-image-12580\" data-src=\"https:\/\/www.ywccpackage.com\/wp-content\/uploads\/2025\/06\/Factory-1.webp\" alt=\"F\u00e1brica\" width=\"750\" height=\"656\" \/> <img loading=\"lazy\" decoding=\"async\" class=\"wp-image-12578 aligncenter\" data-src=\"https:\/\/www.ywccpackage.com\/wp-content\/uploads\/2025\/06\/Factory-2.webp\" alt=\"F\u00e1brica\" width=\"750\" height=\"750\" \/><\/p>\n<h2>Certifica\u00e7\u00f5es: Apresenta\u00e7\u00e3o de log\u00f3tipos\/certificados Embalagens personalizadas para marcas de vestu\u00e1rio<\/h2>\n<p><img loading=\"lazy\" decoding=\"async\" class=\"aligncenter wp-image-12581\" data-src=\"https:\/\/www.ywccpackage.com\/wp-content\/uploads\/2025\/06\/Certificate.webp\" alt=\"Certificado\" width=\"750\" height=\"1113\" srcset=\"https:\/\/www.ywccpackage.com\/wp-content\/uploads\/2025\/06\/Certificate.webp 750w, https:\/\/www.ywccpackage.com\/wp-content\/uploads\/2025\/06\/Certificate-480x713.webp 480w\" sizes=\"(min-width: 0px) and (max-width: 480px) 480px, (min-width: 481px) 750px, 100vw\" \/><\/p>\n<h2>Sobre n\u00f3s<\/h2>\n<p>Crie embalagens de marca que se destaquem! Fornecemos embalagens\u00a0<a href=\"http:\/\/www.ywccpackage.com\/pt\/\"><strong>sacos de pl\u00e1stico personalizados com log\u00f3tipo<\/strong><\/a>\u00a0- incluindo dur\u00e1vel\u00a0<strong>saco com fecho de correr<\/strong> op\u00e7\u00f5es. Escolha vers\u00e1til <strong>saco transparente com fecho de correr<\/strong>,\u00a0<strong>saco de pl\u00e1stico com fecho<\/strong>e\u00a0<strong>saco com fecho de correr em pvc<\/strong> solu\u00e7\u00f5es. As nossas <strong>Embalagem personalizada para marca de roupa<\/strong>\u00a0apresentam o conte\u00fado e protegem os produtos. Ideal para venda a retalho, ofertas e promo\u00e7\u00f5es. \u00c0 prova de \u00e1gua, reutiliz\u00e1vel e pronta para venda a retalho. Aumente a visibilidade da sua marca com bolsas com fecho de correr personalizadas e profissionais. <a href=\"https:\/\/www.ywccpackage.com\/pt\/contact-us\/\"><strong>Encomendar amostras hoje<\/strong><\/a>!<\/p>","protected":false},"excerpt":{"rendered":"<p>360\u00b0 Brand Canvas, Let the Product Speak for Itself!<br class=\"container-utlnW2 wrapper-d0Cc1k undefined\" \/>&#8220;When consumers make the first &#8211; glance purchase decision \u2014\u2014<br class=\"container-utlnW2 wrapper-d0Cc1k undefined\" \/>Full &#8211; page printed packaging bags create a panoramic visual impact, breaking through hesitation in 0.3 seconds!<br class=\"container-utlnW2 wrapper-d0Cc1k undefined\" \/>Bid farewell to mediocre white &#8211; background packaging, seize the mind with stunning colors,<br class=\"container-utlnW2 wrapper-d0Cc1k undefined\" \/>and make the packaging a &#8216;Silent Salesperson&#8217; that operates 24 hours a day.<\/p>","protected":false},"featured_media":12800,"template":"","meta":{"_et_pb_use_builder":"","_et_pb_old_content":"","_et_gb_content_width":""},"product_cat":[193],"product_tag":[208,209,210],"yoast_head":"<!-- This site is optimized with the Yoast SEO plugin v22.7 - https:\/\/yoast.com\/wordpress\/plugins\/seo\/ -->\n<title>Custom Packaging for Clothing Brand - Boost Sales &amp; Recognition<\/title>\n<meta name=\"description\" content=\"Custom packaging for clothing brands enhances shelf appeal, boosts order value, and prevents counterfeiting. Full-page printing drives sales. Trusted by 23+ sub-fields.\" \/>\n<meta name=\"robots\" content=\"index, follow, max-snippet:-1, max-image-preview:large, max-video-preview:-1\" \/>\n<link rel=\"canonical\" href=\"https:\/\/www.ywccpackage.com\/pt\/produto\/full-print-zip-pouches-custom-packaging-for-clothing-brand-for-cosmetics-travel\/\" \/>\n<meta property=\"og:locale\" content=\"pt_PT\" \/>\n<meta property=\"og:type\" content=\"article\" \/>\n<meta property=\"og:title\" content=\"Custom Packaging for Clothing Brand - Boost Sales &amp; Recognition\" \/>\n<meta property=\"og:description\" content=\"Custom packaging for clothing brands enhances shelf appeal, boosts order value, and prevents counterfeiting. Full-page printing drives sales. Trusted by 23+ sub-fields.\" \/>\n<meta property=\"og:url\" content=\"https:\/\/www.ywccpackage.com\/pt\/produto\/full-print-zip-pouches-custom-packaging-for-clothing-brand-for-cosmetics-travel\/\" \/>\n<meta property=\"og:site_name\" content=\"YWCC Package\" \/>\n<meta property=\"article:modified_time\" content=\"2025-08-20T07:47:10+00:00\" \/>\n<meta property=\"og:image\" content=\"https:\/\/www.ywccpackage.com\/wp-content\/uploads\/2025\/08\/Custom-Packaging-for-Clothing-Brand1.webp\" \/>\n\t<meta property=\"og:image:width\" content=\"1100\" \/>\n\t<meta property=\"og:image:height\" content=\"1100\" \/>\n\t<meta property=\"og:image:type\" content=\"image\/webp\" \/>\n<meta name=\"twitter:card\" content=\"summary_large_image\" \/>\n<meta name=\"twitter:label1\" content=\"Tempo estimado de leitura\" \/>\n\t<meta name=\"twitter:data1\" content=\"3 minutos\" \/>\n<script type=\"application\/ld+json\" class=\"yoast-schema-graph\">{\"@context\":\"https:\/\/schema.org\",\"@graph\":[{\"@type\":\"WebPage\",\"@id\":\"https:\/\/www.ywccpackage.com\/product\/full-print-zip-pouches-custom-packaging-for-clothing-brand-for-cosmetics-travel\/\",\"url\":\"https:\/\/www.ywccpackage.com\/product\/full-print-zip-pouches-custom-packaging-for-clothing-brand-for-cosmetics-travel\/\",\"name\":\"Custom Packaging for Clothing Brand - Boost Sales & Recognition\",\"isPartOf\":{\"@id\":\"https:\/\/www.ywccpackage.com\/#website\"},\"primaryImageOfPage\":{\"@id\":\"https:\/\/www.ywccpackage.com\/product\/full-print-zip-pouches-custom-packaging-for-clothing-brand-for-cosmetics-travel\/#primaryimage\"},\"image\":{\"@id\":\"https:\/\/www.ywccpackage.com\/product\/full-print-zip-pouches-custom-packaging-for-clothing-brand-for-cosmetics-travel\/#primaryimage\"},\"thumbnailUrl\":\"https:\/\/www.ywccpackage.com\/wp-content\/uploads\/2025\/08\/Custom-Packaging-for-Clothing-Brand1.webp\",\"datePublished\":\"2025-08-01T07:02:08+00:00\",\"dateModified\":\"2025-08-20T07:47:10+00:00\",\"description\":\"Custom packaging for clothing brands enhances shelf appeal, boosts order value, and prevents counterfeiting. Full-page printing drives sales. Trusted by 23+ sub-fields.\",\"breadcrumb\":{\"@id\":\"https:\/\/www.ywccpackage.com\/product\/full-print-zip-pouches-custom-packaging-for-clothing-brand-for-cosmetics-travel\/#breadcrumb\"},\"inLanguage\":\"pt-PT\",\"potentialAction\":[{\"@type\":\"ReadAction\",\"target\":[\"https:\/\/www.ywccpackage.com\/product\/full-print-zip-pouches-custom-packaging-for-clothing-brand-for-cosmetics-travel\/\"]}]},{\"@type\":\"ImageObject\",\"inLanguage\":\"pt-PT\",\"@id\":\"https:\/\/www.ywccpackage.com\/product\/full-print-zip-pouches-custom-packaging-for-clothing-brand-for-cosmetics-travel\/#primaryimage\",\"url\":\"https:\/\/www.ywccpackage.com\/wp-content\/uploads\/2025\/08\/Custom-Packaging-for-Clothing-Brand1.webp\",\"contentUrl\":\"https:\/\/www.ywccpackage.com\/wp-content\/uploads\/2025\/08\/Custom-Packaging-for-Clothing-Brand1.webp\",\"width\":1100,\"height\":1100,\"caption\":\"Custom Packaging for Clothing Brand\"},{\"@type\":\"BreadcrumbList\",\"@id\":\"https:\/\/www.ywccpackage.com\/product\/full-print-zip-pouches-custom-packaging-for-clothing-brand-for-cosmetics-travel\/#breadcrumb\",\"itemListElement\":[{\"@type\":\"ListItem\",\"position\":1,\"name\":\"Home\",\"item\":\"https:\/\/www.ywccpackage.com\/\"},{\"@type\":\"ListItem\",\"position\":2,\"name\":\"Products\",\"item\":\"https:\/\/www.ywccpackage.com\/shop\/\"},{\"@type\":\"ListItem\",\"position\":3,\"name\":\"Full Print Zip Pouches | Custom Packaging for Clothing Brand for Cosmetics &#038; Travel\"}]},{\"@type\":\"WebSite\",\"@id\":\"https:\/\/www.ywccpackage.com\/#website\",\"url\":\"https:\/\/www.ywccpackage.com\/\",\"name\":\"YWCC Package\",\"description\":\"YWCC Package\",\"potentialAction\":[{\"@type\":\"SearchAction\",\"target\":{\"@type\":\"EntryPoint\",\"urlTemplate\":\"https:\/\/www.ywccpackage.com\/?s={search_term_string}\"},\"query-input\":\"required name=search_term_string\"}],\"inLanguage\":\"pt-PT\"}]}<\/script>\n<!-- \/ Yoast SEO plugin. -->","yoast_head_json":{"title":"Custom Packaging for Clothing Brand - Boost Sales & Recognition","description":"Custom packaging for clothing brands enhances shelf appeal, boosts order value, and prevents counterfeiting. Full-page printing drives sales. Trusted by 23+ sub-fields.","robots":{"index":"index","follow":"follow","max-snippet":"max-snippet:-1","max-image-preview":"max-image-preview:large","max-video-preview":"max-video-preview:-1"},"canonical":"https:\/\/www.ywccpackage.com\/pt\/produto\/full-print-zip-pouches-custom-packaging-for-clothing-brand-for-cosmetics-travel\/","og_locale":"pt_PT","og_type":"article","og_title":"Custom Packaging for Clothing Brand - Boost Sales & Recognition","og_description":"Custom packaging for clothing brands enhances shelf appeal, boosts order value, and prevents counterfeiting. Full-page printing drives sales. Trusted by 23+ sub-fields.","og_url":"https:\/\/www.ywccpackage.com\/pt\/produto\/full-print-zip-pouches-custom-packaging-for-clothing-brand-for-cosmetics-travel\/","og_site_name":"YWCC Package","article_modified_time":"2025-08-20T07:47:10+00:00","og_image":[{"width":1100,"height":1100,"url":"https:\/\/www.ywccpackage.com\/wp-content\/uploads\/2025\/08\/Custom-Packaging-for-Clothing-Brand1.webp","type":"image\/webp"}],"twitter_card":"summary_large_image","twitter_misc":{"Tempo estimado de leitura":"3 minutos"},"schema":{"@context":"https:\/\/schema.org","@graph":[{"@type":"WebPage","@id":"https:\/\/www.ywccpackage.com\/product\/full-print-zip-pouches-custom-packaging-for-clothing-brand-for-cosmetics-travel\/","url":"https:\/\/www.ywccpackage.com\/product\/full-print-zip-pouches-custom-packaging-for-clothing-brand-for-cosmetics-travel\/","name":"Custom Packaging for Clothing Brand - Boost Sales & Recognition","isPartOf":{"@id":"https:\/\/www.ywccpackage.com\/#website"},"primaryImageOfPage":{"@id":"https:\/\/www.ywccpackage.com\/product\/full-print-zip-pouches-custom-packaging-for-clothing-brand-for-cosmetics-travel\/#primaryimage"},"image":{"@id":"https:\/\/www.ywccpackage.com\/product\/full-print-zip-pouches-custom-packaging-for-clothing-brand-for-cosmetics-travel\/#primaryimage"},"thumbnailUrl":"https:\/\/www.ywccpackage.com\/wp-content\/uploads\/2025\/08\/Custom-Packaging-for-Clothing-Brand1.webp","datePublished":"2025-08-01T07:02:08+00:00","dateModified":"2025-08-20T07:47:10+00:00","description":"Custom packaging for clothing brands enhances shelf appeal, boosts order value, and prevents counterfeiting. Full-page printing drives sales. Trusted by 23+ sub-fields.","breadcrumb":{"@id":"https:\/\/www.ywccpackage.com\/product\/full-print-zip-pouches-custom-packaging-for-clothing-brand-for-cosmetics-travel\/#breadcrumb"},"inLanguage":"pt-PT","potentialAction":[{"@type":"ReadAction","target":["https:\/\/www.ywccpackage.com\/product\/full-print-zip-pouches-custom-packaging-for-clothing-brand-for-cosmetics-travel\/"]}]},{"@type":"ImageObject","inLanguage":"pt-PT","@id":"https:\/\/www.ywccpackage.com\/product\/full-print-zip-pouches-custom-packaging-for-clothing-brand-for-cosmetics-travel\/#primaryimage","url":"https:\/\/www.ywccpackage.com\/wp-content\/uploads\/2025\/08\/Custom-Packaging-for-Clothing-Brand1.webp","contentUrl":"https:\/\/www.ywccpackage.com\/wp-content\/uploads\/2025\/08\/Custom-Packaging-for-Clothing-Brand1.webp","width":1100,"height":1100,"caption":"Custom Packaging for Clothing Brand"},{"@type":"BreadcrumbList","@id":"https:\/\/www.ywccpackage.com\/product\/full-print-zip-pouches-custom-packaging-for-clothing-brand-for-cosmetics-travel\/#breadcrumb","itemListElement":[{"@type":"ListItem","position":1,"name":"Home","item":"https:\/\/www.ywccpackage.com\/"},{"@type":"ListItem","position":2,"name":"Products","item":"https:\/\/www.ywccpackage.com\/shop\/"},{"@type":"ListItem","position":3,"name":"Full Print Zip Pouches | Custom Packaging for Clothing Brand for Cosmetics &#038; Travel"}]},{"@type":"WebSite","@id":"https:\/\/www.ywccpackage.com\/#website","url":"https:\/\/www.ywccpackage.com\/","name":"YWCC Package","description":"YWCC Package","potentialAction":[{"@type":"SearchAction","target":{"@type":"EntryPoint","urlTemplate":"https:\/\/www.ywccpackage.com\/?s={search_term_string}"},"query-input":"required name=search_term_string"}],"inLanguage":"pt-PT"}]}},"_links":{"self":[{"href":"https:\/\/www.ywccpackage.com\/pt\/wp-json\/wp\/v2\/product\/12798"}],"collection":[{"href":"https:\/\/www.ywccpackage.com\/pt\/wp-json\/wp\/v2\/product"}],"about":[{"href":"https:\/\/www.ywccpackage.com\/pt\/wp-json\/wp\/v2\/types\/product"}],"wp:featuredmedia":[{"embeddable":true,"href":"https:\/\/www.ywccpackage.com\/pt\/wp-json\/wp\/v2\/media\/12800"}],"wp:attachment":[{"href":"https:\/\/www.ywccpackage.com\/pt\/wp-json\/wp\/v2\/media?parent=12798"}],"wp:term":[{"taxonomy":"product_cat","embeddable":true,"href":"https:\/\/www.ywccpackage.com\/pt\/wp-json\/wp\/v2\/product_cat?post=12798"},{"taxonomy":"product_tag","embeddable":true,"href":"https:\/\/www.ywccpackage.com\/pt\/wp-json\/wp\/v2\/product_tag?post=12798"}],"curies":[{"name":"wp","href":"https:\/\/api.w.org\/{rel}","templated":true}]}}