{"id":12821,"date":"2025-08-01T08:55:13","date_gmt":"2025-08-01T08:55:13","guid":{"rendered":"https:\/\/www.ywccpackage.com\/?post_type=product&#038;p=12821"},"modified":"2025-11-03T08:35:23","modified_gmt":"2025-11-03T08:35:23","slug":"recyclable-waterproof-tear-resistant-eco-mailer-small-shipping-bags-lightweight-shipping-envelopes-for-ecommerce-waterproof-reusable","status":"publish","type":"product","link":"https:\/\/www.ywccpackage.com\/pt\/produto\/recyclable-waterproof-tear-resistant-eco-mailer-small-shipping-bags-lightweight-shipping-envelopes-for-ecommerce-waterproof-reusable\/","title":{"rendered":"Sacos de transporte pequenos recicl\u00e1veis, imperme\u00e1veis e resistentes a rasg\u00f5es - Envelopes de transporte leves para com\u00e9rcio eletr\u00f3nico, imperme\u00e1veis e reutiliz\u00e1veis"},"content":{"rendered":"<h2>Descri\u00e7\u00e3o dos sacos de transporte pequenos Eco Mailer resistentes<\/h2>\n<ol class=\"auto-hide-last-sibling-br\">\n<li><a href=\"https:\/\/www.ywccpackage.com\/pt\/produto\/recyclable-waterproof-tear-resistant-eco-mailer-small-shipping-bags-lightweight-shipping-envelopes-for-ecommerce-waterproof-reusable\/\"><strong>Sacos de transporte pequenos<\/strong><\/a> ter a m\u00e1xima prote\u00e7\u00e3o, dizer adeus \u00e0 quebra! Proteja os seus produtos para que cheguem em seguran\u00e7a, reduza significativamente a taxa de perda de transporte e os lit\u00edgios com os clientes.<\/li>\n<li>N\u00e3o receie o vento e a chuva, entregue em seco! Bloqueie eficazmente a \u00e1gua da chuva e a humidade, garanta que os artigos interiores est\u00e3o secos e intactos e melhore a satisfa\u00e7\u00e3o do cliente.<\/li>\n<li>Reduzem significativamente o peso da embalagem, poupam nos custos de transporte e, ao mesmo tempo, proporcionam uma prote\u00e7\u00e3o muito mais forte do que os sacos normais.<\/li>\n<li>Choose new environmentally friendly materials, reduce plastic pollution, enhance the brand&#8217;s environmental image, meet regulatory requirements, and win the favor of eco-conscious consumers.<\/li>\n<li>Um an\u00fancio de marca em movimento! Exibe claramente o log\u00f3tipo e o design da sua marca, melhora a imagem profissional e transmite continuamente o valor da marca durante o transporte.<\/li>\n<li>Rasgar e colar, com um selo seguro! Simplifique o processo de embalagem, melhore a efici\u00eancia e garanta que o selo n\u00e3o se abre acidentalmente durante o transporte.<\/li>\n<li>Resist\u00eancia ultra-elevada ao rasgamento: Resiste \u00e0 tra\u00e7\u00e3o, \u00e0 fric\u00e7\u00e3o e \u00e0 extrus\u00e3o durante o transporte.<br class=\"container-utlnW2 wrapper-d0Cc1k undefined\" \/>Excelente resist\u00eancia \u00e0 perfura\u00e7\u00e3o: Evita que objectos afiados perfurem e danifiquem os artigos interiores.<br class=\"container-utlnW2 wrapper-d0Cc1k undefined\" \/>Excelente resist\u00eancia \u00e0 abras\u00e3o: Reduz o desgaste da superf\u00edcie e mant\u00e9m a apar\u00eancia.<\/li>\n<li>High &#8211; efficiency waterproof\/moisture &#8211; proof: Block liquid water and environmental moisture.<br class=\"container-utlnW2 wrapper-d0Cc1k undefined\" \/>(Optional) Anti &#8211; static: Protect sensitive electronic components.<br class=\"container-utlnW2 wrapper-d0Cc1k undefined\" \/>(Optional) Dust &#8211; proof: Keep the inner items clean.<\/li>\n<li>Bom processamento e facilidade de utiliza\u00e7\u00e3o:<br class=\"container-utlnW2 wrapper-d0Cc1k undefined\" \/>Boa planicidade: F\u00e1cil de utilizar com equipamento de embalagem autom\u00e1tica.<br class=\"container-utlnW2 wrapper-d0Cc1k undefined\" \/>Easy to seal: The self &#8211; adhesive strip has strong adhesion and is easy to tear.<br class=\"container-utlnW2 wrapper-d0Cc1k undefined\" \/>Bom efeito de impress\u00e3o: Cores vivas e padr\u00f5es n\u00edtidos.<\/li>\n<\/ol>\n<h2>Aplica\u00e7\u00f5es dos sacos de transporte pequenos<\/h2>\n<p>O nosso <a href=\"https:\/\/www.ywccpackage.com\/pt\/category\/zipper-bag\/\"><strong>saco com fecho de correr<\/strong><\/a> pode ser utilizado por:<\/p>\n<p>Com\u00e9rcio eletr\u00f3nico a retalho, expedi\u00e7\u00e3o de artigos de pequena e m\u00e9dia dimens\u00e3o, tais como vestu\u00e1rio, acess\u00f3rios, livros, pequenos electrodom\u00e9sticos e produtos de beleza<br class=\"container-utlnW2 wrapper-d0Cc1k undefined\" \/>Log\u00edstica transfronteiri\u00e7a, pequenas encomendas internacionais, transporte transfronteiri\u00e7o de objectos leves e pequenos<br class=\"container-utlnW2 wrapper-d0Cc1k undefined\" \/>Entrega de documentos e facturas, entrega de documentos e facturas<br class=\"container-utlnW2 wrapper-d0Cc1k undefined\" \/>Embalagens leves frescas de cadeia de frio, alimentos refrigerados, produtos de sa\u00fade, medicamentos a baixa temperatura<br class=\"container-utlnW2 wrapper-d0Cc1k undefined\" \/>Artigos de elevado valor e fr\u00e1geis, produtos electr\u00f3nicos, instrumentos de precis\u00e3o, produtos de vidro<br class=\"container-utlnW2 wrapper-d0Cc1k undefined\" \/>Atualiza\u00e7\u00e3o da imagem da marca, marcas de gama alta, com\u00e9rcio eletr\u00f3nico DTC, fornecedores de brindes<\/p>\n<p><strong>Aceitamos diversos servi\u00e7os personalizados dos clientes. Se tiver algum projeto ou ideia, n\u00e3o hesite em contactar-nos <a href=\"https:\/\/www.ywccpackage.com\/pt\/contact-us\/\">contactar-nos<\/a>.<\/strong><\/p>\n<h2>F\u00e1brica<\/h2>\n<p>O <a href=\"https:\/\/www.ywccpackage.com\/pt\/about-us\/\"><strong>f\u00e1brica de sacos de embalagem<\/strong><\/a> designa as especifica\u00e7\u00f5es, dimens\u00f5es e espessura, com stock suficiente (n\u00e3o impresso) para uma expedi\u00e7\u00e3o r\u00e1pida.<\/p>\n<p>4 f\u00e1bricas de sucursais<br \/>\nCapacidade de produ\u00e7\u00e3o di\u00e1ria de 200 toneladas<br \/>\nCapacidade de produ\u00e7\u00e3o di\u00e1ria de 6 milh\u00f5es de sacos<br \/>\nEdif\u00edcios fabris com uma \u00e1rea de 34.000 metros quadrados<br \/>\nEm conformidade com as certifica\u00e7\u00f5es internacionais, tais como ISO 9001, SGS, BSCI, FSC, REACH, etc.<\/p>\n<p><img loading=\"lazy\" decoding=\"async\" class=\"size-full wp-image-12579 aligncenter\" data-src=\"https:\/\/www.ywccpackage.com\/wp-content\/uploads\/2025\/06\/factory.webp\" alt=\"F\u00e1brica\" width=\"750\" height=\"2000\" srcset=\"https:\/\/www.ywccpackage.com\/wp-content\/uploads\/2025\/06\/factory.webp 750w, https:\/\/www.ywccpackage.com\/wp-content\/uploads\/2025\/06\/factory-480x1280.webp 480w\" sizes=\"(min-width: 0px) and (max-width: 480px) 480px, (min-width: 481px) 750px, 100vw\" \/> <img loading=\"lazy\" decoding=\"async\" class=\"aligncenter wp-image-12580\" data-src=\"https:\/\/www.ywccpackage.com\/wp-content\/uploads\/2025\/06\/Factory-1.webp\" alt=\"F\u00e1brica\" width=\"750\" height=\"656\" \/> <img loading=\"lazy\" decoding=\"async\" class=\"wp-image-13110 aligncenter\" data-src=\"https:\/\/www.ywccpackage.com\/wp-content\/uploads\/2025\/07\/photobank.webp\" alt=\"Sacos de transporte de vestu\u00e1rio \u00e0 prova de \u00e1gua\" width=\"759\" height=\"759\" srcset=\"https:\/\/www.ywccpackage.com\/wp-content\/uploads\/2025\/07\/photobank.webp 759w, https:\/\/www.ywccpackage.com\/wp-content\/uploads\/2025\/07\/photobank-480x480.webp 480w\" sizes=\"(min-width: 0px) and (max-width: 480px) 480px, (min-width: 481px) 759px, 100vw\" \/><\/p>\n<h2>Certifica\u00e7\u00f5es: Apresenta\u00e7\u00e3o de log\u00f3tipos\/certificados Embalagens personalizadas para marcas de vestu\u00e1rio<\/h2>\n<p><img loading=\"lazy\" decoding=\"async\" class=\"aligncenter wp-image-12581\" data-src=\"https:\/\/www.ywccpackage.com\/wp-content\/uploads\/2025\/06\/Certificate.webp\" alt=\"Certificado\" width=\"750\" height=\"1113\" srcset=\"https:\/\/www.ywccpackage.com\/wp-content\/uploads\/2025\/06\/Certificate.webp 750w, https:\/\/www.ywccpackage.com\/wp-content\/uploads\/2025\/06\/Certificate-480x713.webp 480w\" sizes=\"(min-width: 0px) and (max-width: 480px) 480px, (min-width: 481px) 750px, 100vw\" \/><\/p>\n<h2>Sobre n\u00f3s<\/h2>\n<p>Crie embalagens de marca que se destaquem! Fornecemos embalagens\u00a0<a href=\"http:\/\/www.ywccpackage.com\/pt\/\"><strong>sacos de pl\u00e1stico personalizados com log\u00f3tipo<\/strong><\/a>\u00a0- incluindo dur\u00e1vel\u00a0<strong>saco com fecho de correr<\/strong> op\u00e7\u00f5es. Escolha vers\u00e1til <strong>saco transparente com fecho de correr<\/strong>,\u00a0<strong>saco de pl\u00e1stico com fecho<\/strong>e\u00a0<strong>saco com fecho de correr em pvc<\/strong> solu\u00e7\u00f5es. As nossas <strong>pequenos sacos de transporte<\/strong>\u00a0apresentam o conte\u00fado e protegem os produtos. Ideal para venda a retalho, ofertas e promo\u00e7\u00f5es. \u00c0 prova de \u00e1gua, reutiliz\u00e1vel e pronta para venda a retalho. Aumente a visibilidade da sua marca com bolsas com fecho de correr personalizadas e profissionais. <a href=\"https:\/\/www.ywccpackage.com\/pt\/contact-us\/\"><strong>Encomendar amostras hoje<\/strong><\/a>!<\/p>","protected":false},"excerpt":{"rendered":"<p>Os sacos de transporte pequenos Eco Mailer Resistant oferecem a m\u00e1xima prote\u00e7\u00e3o, bloqueando a \u00e1gua\/humidade. Leves, amigos do ambiente, com selos fortes. Personaliz\u00e1veis, resistem a rasg\u00f5es\/perfura\u00e7\u00f5es. Para com\u00e9rcio eletr\u00f3nico, log\u00edstica, documentos. Contacto para desenhos.<\/p>","protected":false},"featured_media":12823,"template":"","meta":{"_et_pb_use_builder":"","_et_pb_old_content":"","_et_gb_content_width":""},"product_cat":[191],"product_tag":[203,204,205,206,207],"yoast_head":"<!-- This site is optimized with the Yoast SEO plugin v22.7 - https:\/\/yoast.com\/wordpress\/plugins\/seo\/ -->\n<title>Resistant Eco Mailer Small Shipping Bags - Secure &amp; Green<\/title>\n<meta name=\"description\" content=\"Eco-friendly small shipping bags with ultimate protection. Waterproof, tear-resistant &amp; customizable. Ideal for e-commerce, cross-border logistics. Enhance brand image.\" \/>\n<meta name=\"robots\" content=\"index, follow, max-snippet:-1, max-image-preview:large, max-video-preview:-1\" \/>\n<link rel=\"canonical\" href=\"https:\/\/www.ywccpackage.com\/pt\/produto\/recyclable-waterproof-tear-resistant-eco-mailer-small-shipping-bags-lightweight-shipping-envelopes-for-ecommerce-waterproof-reusable\/\" \/>\n<meta property=\"og:locale\" content=\"pt_PT\" \/>\n<meta property=\"og:type\" content=\"article\" \/>\n<meta property=\"og:title\" content=\"Resistant Eco Mailer Small Shipping Bags - Secure &amp; Green\" \/>\n<meta property=\"og:description\" content=\"Eco-friendly small shipping bags with ultimate protection. Waterproof, tear-resistant &amp; customizable. Ideal for e-commerce, cross-border logistics. Enhance brand image.\" \/>\n<meta property=\"og:url\" content=\"https:\/\/www.ywccpackage.com\/pt\/produto\/recyclable-waterproof-tear-resistant-eco-mailer-small-shipping-bags-lightweight-shipping-envelopes-for-ecommerce-waterproof-reusable\/\" \/>\n<meta property=\"og:site_name\" content=\"YWCC Package\" \/>\n<meta property=\"article:modified_time\" content=\"2025-11-03T08:35:23+00:00\" \/>\n<meta property=\"og:image\" content=\"https:\/\/www.ywccpackage.com\/wp-content\/uploads\/2025\/08\/Small-Shipping-Bags1.webp\" \/>\n\t<meta property=\"og:image:width\" content=\"1100\" \/>\n\t<meta property=\"og:image:height\" content=\"1100\" \/>\n\t<meta property=\"og:image:type\" content=\"image\/webp\" \/>\n<meta name=\"twitter:card\" content=\"summary_large_image\" \/>\n<meta name=\"twitter:label1\" content=\"Tempo estimado de leitura\" \/>\n\t<meta name=\"twitter:data1\" content=\"4 minutos\" \/>\n<script type=\"application\/ld+json\" class=\"yoast-schema-graph\">{\"@context\":\"https:\/\/schema.org\",\"@graph\":[{\"@type\":\"WebPage\",\"@id\":\"https:\/\/www.ywccpackage.com\/product\/recyclable-waterproof-tear-resistant-eco-mailer-small-shipping-bags-lightweight-shipping-envelopes-for-ecommerce-waterproof-reusable\/\",\"url\":\"https:\/\/www.ywccpackage.com\/product\/recyclable-waterproof-tear-resistant-eco-mailer-small-shipping-bags-lightweight-shipping-envelopes-for-ecommerce-waterproof-reusable\/\",\"name\":\"Resistant Eco Mailer Small Shipping Bags - Secure & Green\",\"isPartOf\":{\"@id\":\"https:\/\/www.ywccpackage.com\/#website\"},\"primaryImageOfPage\":{\"@id\":\"https:\/\/www.ywccpackage.com\/product\/recyclable-waterproof-tear-resistant-eco-mailer-small-shipping-bags-lightweight-shipping-envelopes-for-ecommerce-waterproof-reusable\/#primaryimage\"},\"image\":{\"@id\":\"https:\/\/www.ywccpackage.com\/product\/recyclable-waterproof-tear-resistant-eco-mailer-small-shipping-bags-lightweight-shipping-envelopes-for-ecommerce-waterproof-reusable\/#primaryimage\"},\"thumbnailUrl\":\"https:\/\/www.ywccpackage.com\/wp-content\/uploads\/2025\/08\/Small-Shipping-Bags1.webp\",\"datePublished\":\"2025-08-01T08:55:13+00:00\",\"dateModified\":\"2025-11-03T08:35:23+00:00\",\"description\":\"Eco-friendly small shipping bags with ultimate protection. Waterproof, tear-resistant & customizable. Ideal for e-commerce, cross-border logistics. Enhance brand image.\",\"breadcrumb\":{\"@id\":\"https:\/\/www.ywccpackage.com\/product\/recyclable-waterproof-tear-resistant-eco-mailer-small-shipping-bags-lightweight-shipping-envelopes-for-ecommerce-waterproof-reusable\/#breadcrumb\"},\"inLanguage\":\"pt-PT\",\"potentialAction\":[{\"@type\":\"ReadAction\",\"target\":[\"https:\/\/www.ywccpackage.com\/product\/recyclable-waterproof-tear-resistant-eco-mailer-small-shipping-bags-lightweight-shipping-envelopes-for-ecommerce-waterproof-reusable\/\"]}]},{\"@type\":\"ImageObject\",\"inLanguage\":\"pt-PT\",\"@id\":\"https:\/\/www.ywccpackage.com\/product\/recyclable-waterproof-tear-resistant-eco-mailer-small-shipping-bags-lightweight-shipping-envelopes-for-ecommerce-waterproof-reusable\/#primaryimage\",\"url\":\"https:\/\/www.ywccpackage.com\/wp-content\/uploads\/2025\/08\/Small-Shipping-Bags1.webp\",\"contentUrl\":\"https:\/\/www.ywccpackage.com\/wp-content\/uploads\/2025\/08\/Small-Shipping-Bags1.webp\",\"width\":1100,\"height\":1100,\"caption\":\"Small Shipping Bags\"},{\"@type\":\"BreadcrumbList\",\"@id\":\"https:\/\/www.ywccpackage.com\/product\/recyclable-waterproof-tear-resistant-eco-mailer-small-shipping-bags-lightweight-shipping-envelopes-for-ecommerce-waterproof-reusable\/#breadcrumb\",\"itemListElement\":[{\"@type\":\"ListItem\",\"position\":1,\"name\":\"Home\",\"item\":\"https:\/\/www.ywccpackage.com\/\"},{\"@type\":\"ListItem\",\"position\":2,\"name\":\"Products\",\"item\":\"https:\/\/www.ywccpackage.com\/shop\/\"},{\"@type\":\"ListItem\",\"position\":3,\"name\":\"Recyclable Waterproof Tear-Resistant Eco Mailer Small Shipping Bags &#8211; Lightweight Shipping Envelopes for Ecommerce, Waterproof &#038; Reusable\"}]},{\"@type\":\"WebSite\",\"@id\":\"https:\/\/www.ywccpackage.com\/#website\",\"url\":\"https:\/\/www.ywccpackage.com\/\",\"name\":\"YWCC Package\",\"description\":\"YWCC Package\",\"potentialAction\":[{\"@type\":\"SearchAction\",\"target\":{\"@type\":\"EntryPoint\",\"urlTemplate\":\"https:\/\/www.ywccpackage.com\/?s={search_term_string}\"},\"query-input\":\"required name=search_term_string\"}],\"inLanguage\":\"pt-PT\"}]}<\/script>\n<!-- \/ Yoast SEO plugin. -->","yoast_head_json":{"title":"Resistant Eco Mailer Small Shipping Bags - Secure & Green","description":"Eco-friendly small shipping bags with ultimate protection. Waterproof, tear-resistant & customizable. Ideal for e-commerce, cross-border logistics. Enhance brand image.","robots":{"index":"index","follow":"follow","max-snippet":"max-snippet:-1","max-image-preview":"max-image-preview:large","max-video-preview":"max-video-preview:-1"},"canonical":"https:\/\/www.ywccpackage.com\/pt\/produto\/recyclable-waterproof-tear-resistant-eco-mailer-small-shipping-bags-lightweight-shipping-envelopes-for-ecommerce-waterproof-reusable\/","og_locale":"pt_PT","og_type":"article","og_title":"Resistant Eco Mailer Small Shipping Bags - Secure & Green","og_description":"Eco-friendly small shipping bags with ultimate protection. Waterproof, tear-resistant & customizable. Ideal for e-commerce, cross-border logistics. Enhance brand image.","og_url":"https:\/\/www.ywccpackage.com\/pt\/produto\/recyclable-waterproof-tear-resistant-eco-mailer-small-shipping-bags-lightweight-shipping-envelopes-for-ecommerce-waterproof-reusable\/","og_site_name":"YWCC Package","article_modified_time":"2025-11-03T08:35:23+00:00","og_image":[{"width":1100,"height":1100,"url":"https:\/\/www.ywccpackage.com\/wp-content\/uploads\/2025\/08\/Small-Shipping-Bags1.webp","type":"image\/webp"}],"twitter_card":"summary_large_image","twitter_misc":{"Tempo estimado de leitura":"4 minutos"},"schema":{"@context":"https:\/\/schema.org","@graph":[{"@type":"WebPage","@id":"https:\/\/www.ywccpackage.com\/product\/recyclable-waterproof-tear-resistant-eco-mailer-small-shipping-bags-lightweight-shipping-envelopes-for-ecommerce-waterproof-reusable\/","url":"https:\/\/www.ywccpackage.com\/product\/recyclable-waterproof-tear-resistant-eco-mailer-small-shipping-bags-lightweight-shipping-envelopes-for-ecommerce-waterproof-reusable\/","name":"Resistant Eco Mailer Small Shipping Bags - Secure & Green","isPartOf":{"@id":"https:\/\/www.ywccpackage.com\/#website"},"primaryImageOfPage":{"@id":"https:\/\/www.ywccpackage.com\/product\/recyclable-waterproof-tear-resistant-eco-mailer-small-shipping-bags-lightweight-shipping-envelopes-for-ecommerce-waterproof-reusable\/#primaryimage"},"image":{"@id":"https:\/\/www.ywccpackage.com\/product\/recyclable-waterproof-tear-resistant-eco-mailer-small-shipping-bags-lightweight-shipping-envelopes-for-ecommerce-waterproof-reusable\/#primaryimage"},"thumbnailUrl":"https:\/\/www.ywccpackage.com\/wp-content\/uploads\/2025\/08\/Small-Shipping-Bags1.webp","datePublished":"2025-08-01T08:55:13+00:00","dateModified":"2025-11-03T08:35:23+00:00","description":"Eco-friendly small shipping bags with ultimate protection. Waterproof, tear-resistant & customizable. Ideal for e-commerce, cross-border logistics. Enhance brand image.","breadcrumb":{"@id":"https:\/\/www.ywccpackage.com\/product\/recyclable-waterproof-tear-resistant-eco-mailer-small-shipping-bags-lightweight-shipping-envelopes-for-ecommerce-waterproof-reusable\/#breadcrumb"},"inLanguage":"pt-PT","potentialAction":[{"@type":"ReadAction","target":["https:\/\/www.ywccpackage.com\/product\/recyclable-waterproof-tear-resistant-eco-mailer-small-shipping-bags-lightweight-shipping-envelopes-for-ecommerce-waterproof-reusable\/"]}]},{"@type":"ImageObject","inLanguage":"pt-PT","@id":"https:\/\/www.ywccpackage.com\/product\/recyclable-waterproof-tear-resistant-eco-mailer-small-shipping-bags-lightweight-shipping-envelopes-for-ecommerce-waterproof-reusable\/#primaryimage","url":"https:\/\/www.ywccpackage.com\/wp-content\/uploads\/2025\/08\/Small-Shipping-Bags1.webp","contentUrl":"https:\/\/www.ywccpackage.com\/wp-content\/uploads\/2025\/08\/Small-Shipping-Bags1.webp","width":1100,"height":1100,"caption":"Small Shipping Bags"},{"@type":"BreadcrumbList","@id":"https:\/\/www.ywccpackage.com\/product\/recyclable-waterproof-tear-resistant-eco-mailer-small-shipping-bags-lightweight-shipping-envelopes-for-ecommerce-waterproof-reusable\/#breadcrumb","itemListElement":[{"@type":"ListItem","position":1,"name":"Home","item":"https:\/\/www.ywccpackage.com\/"},{"@type":"ListItem","position":2,"name":"Products","item":"https:\/\/www.ywccpackage.com\/shop\/"},{"@type":"ListItem","position":3,"name":"Recyclable Waterproof Tear-Resistant Eco Mailer Small Shipping Bags &#8211; Lightweight Shipping Envelopes for Ecommerce, Waterproof &#038; Reusable"}]},{"@type":"WebSite","@id":"https:\/\/www.ywccpackage.com\/#website","url":"https:\/\/www.ywccpackage.com\/","name":"YWCC Package","description":"YWCC Package","potentialAction":[{"@type":"SearchAction","target":{"@type":"EntryPoint","urlTemplate":"https:\/\/www.ywccpackage.com\/?s={search_term_string}"},"query-input":"required name=search_term_string"}],"inLanguage":"pt-PT"}]}},"_links":{"self":[{"href":"https:\/\/www.ywccpackage.com\/pt\/wp-json\/wp\/v2\/product\/12821"}],"collection":[{"href":"https:\/\/www.ywccpackage.com\/pt\/wp-json\/wp\/v2\/product"}],"about":[{"href":"https:\/\/www.ywccpackage.com\/pt\/wp-json\/wp\/v2\/types\/product"}],"wp:featuredmedia":[{"embeddable":true,"href":"https:\/\/www.ywccpackage.com\/pt\/wp-json\/wp\/v2\/media\/12823"}],"wp:attachment":[{"href":"https:\/\/www.ywccpackage.com\/pt\/wp-json\/wp\/v2\/media?parent=12821"}],"wp:term":[{"taxonomy":"product_cat","embeddable":true,"href":"https:\/\/www.ywccpackage.com\/pt\/wp-json\/wp\/v2\/product_cat?post=12821"},{"taxonomy":"product_tag","embeddable":true,"href":"https:\/\/www.ywccpackage.com\/pt\/wp-json\/wp\/v2\/product_tag?post=12821"}],"curies":[{"name":"wp","href":"https:\/\/api.w.org\/{rel}","templated":true}]}}